{"id":11079,"date":"2025-05-26T16:01:28","date_gmt":"2025-05-26T13:01:28","guid":{"rendered":"https:\/\/davas.site\/rukasafaris\/?page_id=11079"},"modified":"2025-07-16T12:58:44","modified_gmt":"2025-07-16T09:58:44","slug":"porotokan-aamuruokinta","status":"publish","type":"page","link":"https:\/\/davas.site\/rukasafaris\/aktiviteetit\/talven-aktiviteetit\/pohjoiset-elaimet\/porotokan-aamuruokinta\/","title":{"rendered":"Porotokan aamuruokinta"},"content":{"rendered":"<div>Talvi 2025-2026<\/div>\n<h1>\n<p class=\"sc-dmqHEX cHCsyw\" style=\"text-align: left;\"><span>Satojen porojen aamuruokinta<\/span><\/p>\n<\/h1>\n<div>\n<h2 class=\"p1\">Astu mukaan hiljaiseen aamuun ja ruoki porolaumaa<\/h2>\n<\/div>\n<h1>\n<h1 class=\"sc-dmqHEX cHCsyw\">Porotokan aamuruokinta<\/h1>\n<\/h1>\n<div>\n<p>Aloita p\u00e4iv\u00e4si ruokkimalla ja tapaamalla poroja paikallisella porotilalla. Kulje ymp\u00e4ri kaunista vanhaa ja perinteist\u00e4 porotilaa ja tarjoile poroille niiden suosikkiaamiaista, j\u00e4k\u00e4l\u00e4\u00e4.<\/p>\n<p>T\u00e4m\u00e4n kokemuksen aikana olet porolauman keskell\u00e4, mik\u00e4 on ihanteellinen hetki valokuvien ottamiseen. Sen j\u00e4lkeen siirryt\u00e4\u00e4n nuotiohetkelle kodalle, jossa tarjoillaan makkaraa, kahvia\/teet\u00e4 ja makea leivonnainen.<\/p>\n<p>Aktiviteetit ovat avoimia l\u00e4ht\u00f6j\u00e4 ja ohjelma toteutetaan, jos v\u00e4hint\u00e4\u00e4n 4 henkil\u00f6\u00e4 on mukana. Ilmoitamme viimeist\u00e4\u00e4n edellisen\u00e4 p\u00e4iv\u00e4n\u00e4 klo 15.00 menness\u00e4, jos ohjelma peruuntuu.<\/p>\n<\/p>\n<\/div>\n<div>\n<h3>L\u00e4hd\u00f6t<\/h3>\n<p>Klo 09.00 Tiistaisin ja torstaisin<\/p>\n<h3>Mit\u00e4 sis\u00e4ltyy hintaan<\/h3>\n<p class=\"p1\"><span>Ohjelmat ovat opastettuja ja sis\u00e4lt\u00e4v\u00e4t tarvittavat varusteet. Jos tarvitset talvivaatteet, saavuthan Safaritalollemme 40 min ennen aktiviteetin alkua.<\/span><\/p>\n<h3>Kuljetus ja tapaamispaikka<\/h3>\n<p class=\"p3\">Tarjoamme aktiviteetteihimme noudon Iisakki Villagesta, Oivangin Lomakartanosta sek\u00e4 Rukan kyl\u00e4st\u00e4 kuljetuspisteilt\u00e4mme.<\/p>\n<h3>Varaus- ja peruutusehdot<\/h3>\n<ul>\n<li>\n<p class=\"p1\">Viikko-ohjelmat ovat avoimia l\u00e4ht\u00f6j\u00e4 ja ne toteutetaan, kun v\u00e4hint\u00e4\u00e4n nelj\u00e4 henkil\u00f6\u00e4 on ilmoittautunut<\/p>\n<\/li>\n<li>\n<p class=\"p1\">Ilmoitamme viimeist\u00e4\u00e4n edellisen\u00e4 p\u00e4iv\u00e4n\u00e4 kello 15 menness\u00e4 mik\u00e4li ohjelma peruutetaan<\/p>\n<\/li>\n<li>Kaikista peruutuksista pid\u00e4tet\u00e4\u00e4n 50 \u20ac toimistomaksu\n<\/li>\n<li>Jos peruutat ohjelman 13 p\u00e4iv\u00e4\u00e4 tai v\u00e4hemm\u00e4n ennen ohjelman alkua, veloitamme 100 % tilauksen arvosta\n<\/li>\n<li>Peruutuksissa 20-14 p\u00e4iv\u00e4\u00e4 ennen safarin alkua pid\u00e4mme oikeuden peri\u00e4 50 % varauksen arvosta\n<\/li>\n<li>Voit peruuttaa viikko-ohjelmavarauksen veloituksetta 21 p\u00e4iv\u00e4\u00e4 ennen ohjelmap\u00e4iv\u00e4\u00e4 (lukuun ottamatta toimistomaksua)<\/li>\n<\/ul>\n<h3>Kuljetus<\/h3>\n<div class=\"text pickup-places-message\">\n<div class=\"sc-bBqzUu iARmae selected\" role=\"tabpanel\" id=\"react-tabs-5\" aria-labelledby=\"react-tabs-4\">\n<div class=\"space-y-2 text-font-p text-sm\">\n<div class=\"flex flex-row flex-wrap gap-2 leading-normal\">\n<div class=\"text pickup-places-message\">T\u00e4t\u00e4 el\u00e4myst\u00e4 varten tarjoamme kuljetuksen seuraavista paikoista:<\/div>\n<\/div>\n<\/div>\n<\/div>\n<\/div>\n<ul class=\"mt-0 space-y-1\">\n<li>Rukan Salonki pick up point klo 07.55<\/li>\n<li>Ruka Village SkiBus stop klo 8.15<\/li>\n<li>Ruka Valley SkiBus stop klo 08.25<\/li>\n<li>Mastonaitio SkiBus stop klo 08.30<\/li>\n<li>Oivangin Lomakartano pick up point klo 8.45<\/li>\n<\/ul>\n<\/div>\n<div>\n<h3>Tapaamispaikka<\/h3>\n<p><span>Saavuthan Ruka Safariksen Safaritalolle 25\u00a0 minuuttia ennen aktiviteetin aloitusaikaa. Osoite: Onkerniementie 12, 93830 Rukatunturi<\/span><\/p>\n<p><iframe width=\"600\" height=\"450\" style=\"border: 0;\" src=\"https:\/\/www.google.com\/maps\/embed?pb=!1m18!1m12!1m3!1d4904.4296737715!2d29.24466782976363!3d66.1283230278502!2m3!1f0!2f0!3f0!3m2!1i1024!2i768!4f13.1!3m3!1m2!1s0x442953a3d0db4f21%3A0x288bd3ed1c5c2bc6!2sRuka%20Safaris%20Safarihouse!5e0!3m2!1sfi!2sfi!4v1747665982911!5m2!1sfi!2sfi\" allowfullscreen=\"allowfullscreen\" loading=\"lazy\" referrerpolicy=\"no-referrer-when-downgrade\"><\/iframe><\/p>\n<\/div>\n<p><!--more--><br \/>\n<!-- {\"children\":[{\"name\":\"Hero\",\"type\":\"section\",\"props\":{\"height\":\"viewport\",\"height_offset_top\":true,\"image\":\"wp-content\\\/uploads\\\/2025\\\/05\\\/porotokka-scaled.jpg\",\"image_effect\":\"parallax\",\"image_height\":\"1300\",\"image_loading\":true,\"image_parallax_bgy\":\"-200,0\",\"image_parallax_breakpoint\":\"m\",\"image_parallax_easing\":\"1\",\"image_position\":\"top-center\",\"image_size\":\"cover\",\"image_width\":\"2560\",\"overlap\":false,\"padding\":\"large\",\"style\":\"default\",\"text_color\":\"light\",\"title_breakpoint\":\"xl\",\"title_position\":\"top-left\",\"title_rotation\":\"left\",\"vertical_align\":\"middle\",\"width\":\"xlarge\"},\"children\":[{\"type\":\"row\",\"children\":[{\"type\":\"column\",\"props\":{\"image_position\":\"center-center\",\"position_sticky_breakpoint\":\"m\",\"width_medium\":\"1-1\"},\"children\":[{\"type\":\"headline\",\"props\":{\"content\":\"Talvi 2025-2026\",\"title_element\":\"div\",\"title_style\":\"h3\"}},{\"type\":\"headline\",\"props\":{\"content\":\"\n\n<p class=\\\"sc-dmqHEX cHCsyw\\\" style=\\\"text-align: left;\\\"><span>Satojen porojen aamuruokinta<\\\/span><\\\/p>\",\"margin_remove_top\":true,\"maxwidth\":\"2xlarge\",\"title_element\":\"h1\",\"title_style\":\"heading-xlarge\"}},{\"type\":\"text\",\"props\":{\"column_breakpoint\":\"m\",\"content\":\"\n\n<h2 class=\\\"p1\\\">Astu mukaan hiljaiseen aamuun ja ruoki porolaumaa<\\\/h2>\",\"margin\":\"default\"}}]}]}]},{\"type\":\"section\",\"props\":{\"image_position\":\"center-center\",\"style\":\"muted\",\"title_breakpoint\":\"xl\",\"title_position\":\"top-left\",\"title_rotation\":\"left\",\"vertical_align\":\"\",\"width\":\"default\"},\"children\":[{\"type\":\"row\",\"children\":[{\"type\":\"column\",\"props\":{\"image_position\":\"center-center\",\"position_sticky_breakpoint\":\"m\"},\"children\":[{\"type\":\"headline\",\"props\":{\"content\":\"\n\n<h1 class=\\\"sc-dmqHEX cHCsyw\\\">Porotokan aamuruokinta<\\\/h1>\",\"title_element\":\"h1\"}},{\"type\":\"text\",\"props\":{\"column\":\"1-2\",\"column_breakpoint\":\"m\",\"content\":\"\n\n<p>Aloita p\\u00e4iv\\u00e4si ruokkimalla ja tapaamalla poroja paikallisella porotilalla. Kulje ymp\\u00e4ri kaunista vanhaa ja perinteist\\u00e4 porotilaa ja tarjoile poroille niiden suosikkiaamiaista, j\\u00e4k\\u00e4l\\u00e4\\u00e4.<\\\/p>\\n\n\n<p>T\\u00e4m\\u00e4n kokemuksen aikana olet porolauman keskell\\u00e4, mik\\u00e4 on ihanteellinen hetki valokuvien ottamiseen. Sen j\\u00e4lkeen siirryt\\u00e4\\u00e4n nuotiohetkelle kodalle, jossa tarjoillaan makkaraa, kahvia\\\/teet\\u00e4 ja makea leivonnainen.<\\\/p>\\n\n\n<p>Aktiviteetit ovat avoimia l\\u00e4ht\\u00f6j\\u00e4 ja ohjelma toteutetaan, jos v\\u00e4hint\\u00e4\\u00e4n 4 henkil\\u00f6\\u00e4 on mukana. Ilmoitamme viimeist\\u00e4\\u00e4n edellisen\\u00e4 p\\u00e4iv\\u00e4n\\u00e4 klo 15.00 menness\\u00e4, jos ohjelma peruuntuu.<\\\/p>\\n\n\n<p><\\\/p>\",\"margin\":\"default\"}}]}]}]},{\"type\":\"section\",\"props\":{\"id\":\"revontuli\",\"image_position\":\"center-center\",\"style\":\"default\",\"title_breakpoint\":\"xl\",\"title_position\":\"top-left\",\"title_rotation\":\"left\",\"vertical_align\":\"\",\"width\":\"default\"},\"children\":[{\"type\":\"row\",\"children\":[{\"type\":\"column\",\"props\":{\"image_position\":\"center-center\",\"position_sticky_breakpoint\":\"m\",\"width_medium\":\"1-1\"},\"children\":[{\"type\":\"text\",\"props\":{\"blend\":false,\"column\":\"1-2\",\"column_breakpoint\":\"m\",\"column_divider\":true,\"content\":\"\n\n<h3>L\\u00e4hd\\u00f6t<\\\/h3>\\n\n\n<p>Klo 09.00 Tiistaisin ja torstaisin<\\\/p>\\n\n\n<h3>Mit\\u00e4 sis\\u00e4ltyy hintaan<\\\/h3>\\n\n\n<p class=\\\"p1\\\"><span>Ohjelmat ovat opastettuja ja sis\\u00e4lt\\u00e4v\\u00e4t tarvittavat varusteet. Jos tarvitset talvivaatteet, saavuthan Safaritalollemme 40 min ennen aktiviteetin alkua.<\\\/span><\\\/p>\\n\n\n<h3>Kuljetus ja tapaamispaikka<\\\/h3>\\n\n\n<p class=\\\"p3\\\">Tarjoamme aktiviteetteihimme noudon Iisakki Villagesta, Oivangin Lomakartanosta sek\\u00e4 Rukan kyl\\u00e4st\\u00e4 kuljetuspisteilt\\u00e4mme.<\\\/p>\\n\n\n<h3>Varaus- ja peruutusehdot<\\\/h3>\\n\n\n<ul>\\n\n\n<li>\\n\n\n<p class=\\\"p1\\\">Viikko-ohjelmat ovat avoimia l\\u00e4ht\\u00f6j\\u00e4 ja ne toteutetaan, kun v\\u00e4hint\\u00e4\\u00e4n nelj\\u00e4 henkil\\u00f6\\u00e4 on ilmoittautunut<\\\/p>\\n<\\\/li>\\n\n\n<li>\\n\n\n<p class=\\\"p1\\\">Ilmoitamme viimeist\\u00e4\\u00e4n edellisen\\u00e4 p\\u00e4iv\\u00e4n\\u00e4 kello 15 menness\\u00e4 mik\\u00e4li ohjelma peruutetaan<\\\/p>\\n<\\\/li>\\n\n\n<li>Kaikista peruutuksista pid\\u00e4tet\\u00e4\\u00e4n 50 \\u20ac toimistomaksu<br \\\/><br \\\/><\\\/li>\\n\n\n<li>Jos peruutat ohjelman 13 p\\u00e4iv\\u00e4\\u00e4 tai v\\u00e4hemm\\u00e4n ennen ohjelman alkua, veloitamme 100 % tilauksen arvosta<br \\\/><br \\\/><\\\/li>\\n\n\n<li>Peruutuksissa 20-14 p\\u00e4iv\\u00e4\\u00e4 ennen safarin alkua pid\\u00e4mme oikeuden peri\\u00e4 50 % varauksen arvosta<br \\\/><br \\\/><\\\/li>\\n\n\n<li>Voit peruuttaa viikko-ohjelmavarauksen veloituksetta 21 p\\u00e4iv\\u00e4\\u00e4 ennen ohjelmap\\u00e4iv\\u00e4\\u00e4 (lukuun ottamatta toimistomaksua)<\\\/li>\\n<\\\/ul>\\n\n\n<h3>Kuljetus<\\\/h3>\\n\n\n<div class=\\\"text pickup-places-message\\\">\\n\n\n<div class=\\\"sc-bBqzUu iARmae selected\\\" role=\\\"tabpanel\\\" id=\\\"react-tabs-5\\\" aria-labelledby=\\\"react-tabs-4\\\">\\n\n\n<div class=\\\"space-y-2 text-font-p text-sm\\\">\\n\n\n<div class=\\\"flex flex-row flex-wrap gap-2 leading-normal\\\">\\n\n\n<div class=\\\"text pickup-places-message\\\">T\\u00e4t\\u00e4 el\\u00e4myst\\u00e4 varten tarjoamme kuljetuksen seuraavista paikoista:<\\\/div>\\n<\\\/div>\\n<\\\/div>\\n<\\\/div>\\n<\\\/div>\\n\n\n<p><\\\/p>\\n\n\n<ul class=\\\"mt-0 space-y-1\\\">\\n\n\n<li>Rukan Salonki pick up point klo 07.55<\\\/li>\\n\n\n<li>Ruka Village SkiBus stop klo 8.15<\\\/li>\\n\n\n<li>Ruka Valley SkiBus stop klo 08.25<\\\/li>\\n\n\n<li>Mastonaitio SkiBus stop klo 08.30<\\\/li>\\n\n\n<li>Oivangin Lomakartano pick up point klo 8.45<\\\/li>\\n<\\\/ul>\",\"dropcap\":false,\"margin\":\"default\",\"margin_remove_top\":false}}]}]}],\"name\":\"What\\u00b4s Included\"},{\"type\":\"section\",\"props\":{\"image_position\":\"center-center\",\"style\":\"muted\",\"title_breakpoint\":\"xl\",\"title_position\":\"top-left\",\"title_rotation\":\"left\",\"vertical_align\":\"\",\"width\":\"default\"},\"children\":[{\"type\":\"row\",\"children\":[{\"type\":\"column\",\"props\":{\"image_position\":\"center-center\",\"position_sticky_breakpoint\":\"m\"},\"children\":[{\"type\":\"text\",\"props\":{\"column\":\"1-2\",\"column_breakpoint\":\"m\",\"content\":\"\n\n<h3>Tapaamispaikka<\\\/h3>\\n\n\n<p><span>Saavuthan Ruka Safariksen Safaritalolle 25\\u00a0 minuuttia ennen aktiviteetin aloitusaikaa. Osoite: Onkerniementie 12, 93830 Rukatunturi<\\\/span><\\\/p>\\n\n\n<p><iframe width=\\\"600\\\" height=\\\"450\\\" style=\\\"border: 0;\\\" src=\\\"https:\\\/\\\/www.google.com\\\/maps\\\/embed?pb=!1m18!1m12!1m3!1d4904.4296737715!2d29.24466782976363!3d66.1283230278502!2m3!1f0!2f0!3f0!3m2!1i1024!2i768!4f13.1!3m3!1m2!1s0x442953a3d0db4f21%3A0x288bd3ed1c5c2bc6!2sRuka%20Safaris%20Safarihouse!5e0!3m2!1sfi!2sfi!4v1747665982911!5m2!1sfi!2sfi\\\" allowfullscreen=\\\"allowfullscreen\\\" loading=\\\"lazy\\\" referrerpolicy=\\\"no-referrer-when-downgrade\\\"><\\\/iframe><\\\/p>\",\"margin\":\"default\"}}]}]}]}],\"type\":\"layout\",\"version\":\"4.5.16\"} --><\/p>\n","protected":false},"excerpt":{"rendered":"<p>Talvi 2025-2026 Satojen porojen aamuruokinta Astu mukaan hiljaiseen aamuun ja ruoki porolaumaa Porotokan aamuruokinta Aloita p\u00e4iv\u00e4si ruokkimalla ja tapaamalla poroja paikallisella porotilalla. Kulje ymp\u00e4ri kaunista vanhaa ja perinteist\u00e4 porotilaa ja tarjoile poroille niiden suosikkiaamiaista, j\u00e4k\u00e4l\u00e4\u00e4. T\u00e4m\u00e4n kokemuksen aikana olet porolauman keskell\u00e4, mik\u00e4 on ihanteellinen hetki valokuvien ottamiseen. Sen j\u00e4lkeen siirryt\u00e4\u00e4n nuotiohetkelle kodalle, jossa tarjoillaan makkaraa, [&hellip;]<\/p>\n","protected":false},"author":6,"featured_media":11109,"parent":10980,"menu_order":1,"comment_status":"closed","ping_status":"closed","template":"","meta":{"cybocfi_hide_featured_image":"","footnotes":""},"class_list":["post-11079","page","type-page","status-publish","has-post-thumbnail","hentry"],"yoast_head":"<!-- This site is optimized with the Yoast SEO Premium plugin v25.1 (Yoast SEO v25.3) - https:\/\/yoast.com\/wordpress\/plugins\/seo\/ -->\n<title>Porotokan aamuruokinta - Ruka Safaris, Kuusamo, Finland<\/title>\n<meta name=\"description\" content=\"Lets go and visit a reindeer farm, drive to the Russian border with snowmobiles and search for northern lights with snowshoes!\" \/>\n<meta name=\"robots\" content=\"index, follow, max-snippet:-1, max-image-preview:large, max-video-preview:-1\" \/>\n<link rel=\"canonical\" href=\"https:\/\/davas.site\/rukasafaris\/aktiviteetit\/talven-aktiviteetit\/pohjoiset-elaimet\/porotokan-aamuruokinta\/\" \/>\n<meta property=\"og:locale\" content=\"fi_FI\" \/>\n<meta property=\"og:type\" content=\"article\" \/>\n<meta property=\"og:title\" content=\"Porotokan aamuruokinta\" \/>\n<meta property=\"og:description\" content=\"Lets go and visit a reindeer farm, drive to the Russian border with snowmobiles and search for northern lights with snowshoes!\" \/>\n<meta property=\"og:url\" content=\"https:\/\/davas.site\/rukasafaris\/aktiviteetit\/talven-aktiviteetit\/pohjoiset-elaimet\/porotokan-aamuruokinta\/\" \/>\n<meta property=\"og:site_name\" content=\"Ruka Safaris, Kuusamo, Finland\" \/>\n<meta property=\"article:publisher\" content=\"https:\/\/www.facebook.com\/rukasafaris\" \/>\n<meta property=\"article:modified_time\" content=\"2025-07-16T09:58:44+00:00\" \/>\n<meta property=\"og:image\" content=\"https:\/\/davas.site\/rukasafaris\/wp-content\/uploads\/2025\/05\/porotokka-scaled.jpg\" \/>\n\t<meta property=\"og:image:width\" content=\"2560\" \/>\n\t<meta property=\"og:image:height\" content=\"1616\" \/>\n\t<meta property=\"og:image:type\" content=\"image\/jpeg\" \/>\n<meta name=\"twitter:card\" content=\"summary_large_image\" \/>\n<meta name=\"twitter:label1\" content=\"Arvioitu lukuaika\" \/>\n\t<meta name=\"twitter:data1\" content=\"2 minuuttia\" \/>\n<script type=\"application\/ld+json\" class=\"yoast-schema-graph\">{\"@context\":\"https:\/\/schema.org\",\"@graph\":[{\"@type\":\"WebPage\",\"@id\":\"https:\/\/davas.site\/rukasafaris\/aktiviteetit\/talven-aktiviteetit\/pohjoiset-elaimet\/porotokan-aamuruokinta\/\",\"url\":\"https:\/\/davas.site\/rukasafaris\/aktiviteetit\/talven-aktiviteetit\/pohjoiset-elaimet\/porotokan-aamuruokinta\/\",\"name\":\"Porotokan aamuruokinta - Ruka Safaris, Kuusamo, Finland\",\"isPartOf\":{\"@id\":\"https:\/\/davas.site\/rukasafaris\/#website\"},\"primaryImageOfPage\":{\"@id\":\"https:\/\/davas.site\/rukasafaris\/aktiviteetit\/talven-aktiviteetit\/pohjoiset-elaimet\/porotokan-aamuruokinta\/#primaryimage\"},\"image\":{\"@id\":\"https:\/\/davas.site\/rukasafaris\/aktiviteetit\/talven-aktiviteetit\/pohjoiset-elaimet\/porotokan-aamuruokinta\/#primaryimage\"},\"thumbnailUrl\":\"https:\/\/davas.site\/rukasafaris\/wp-content\/uploads\/2025\/05\/porotokka-scaled.jpg\",\"datePublished\":\"2025-05-26T13:01:28+00:00\",\"dateModified\":\"2025-07-16T09:58:44+00:00\",\"description\":\"Lets go and visit a reindeer farm, drive to the Russian border with snowmobiles and search for northern lights with snowshoes!\",\"breadcrumb\":{\"@id\":\"https:\/\/davas.site\/rukasafaris\/aktiviteetit\/talven-aktiviteetit\/pohjoiset-elaimet\/porotokan-aamuruokinta\/#breadcrumb\"},\"inLanguage\":\"fi\",\"potentialAction\":[{\"@type\":\"ReadAction\",\"target\":[\"https:\/\/davas.site\/rukasafaris\/aktiviteetit\/talven-aktiviteetit\/pohjoiset-elaimet\/porotokan-aamuruokinta\/\"]}]},{\"@type\":\"ImageObject\",\"inLanguage\":\"fi\",\"@id\":\"https:\/\/davas.site\/rukasafaris\/aktiviteetit\/talven-aktiviteetit\/pohjoiset-elaimet\/porotokan-aamuruokinta\/#primaryimage\",\"url\":\"https:\/\/davas.site\/rukasafaris\/wp-content\/uploads\/2025\/05\/porotokka-scaled.jpg\",\"contentUrl\":\"https:\/\/davas.site\/rukasafaris\/wp-content\/uploads\/2025\/05\/porotokka-scaled.jpg\",\"width\":2560,\"height\":1616,\"caption\":\"Reindeer activities in Ruka, Lapland\"},{\"@type\":\"BreadcrumbList\",\"@id\":\"https:\/\/davas.site\/rukasafaris\/aktiviteetit\/talven-aktiviteetit\/pohjoiset-elaimet\/porotokan-aamuruokinta\/#breadcrumb\",\"itemListElement\":[{\"@type\":\"ListItem\",\"position\":1,\"name\":\"Home\",\"item\":\"https:\/\/davas.site\/rukasafaris\/\"},{\"@type\":\"ListItem\",\"position\":2,\"name\":\"Aktiviteetit\",\"item\":\"https:\/\/davas.site\/rukasafaris\/aktiviteetit\/\"},{\"@type\":\"ListItem\",\"position\":3,\"name\":\"Talven aktiviteetit\",\"item\":\"https:\/\/davas.site\/rukasafaris\/aktiviteetit\/talven-aktiviteetit\/\"},{\"@type\":\"ListItem\",\"position\":4,\"name\":\"Pohjoiset el\u00e4imet\",\"item\":\"https:\/\/davas.site\/rukasafaris\/aktiviteetit\/talven-aktiviteetit\/pohjoiset-elaimet\/\"},{\"@type\":\"ListItem\",\"position\":5,\"name\":\"Porotokan aamuruokinta\"}]},{\"@type\":\"WebSite\",\"@id\":\"https:\/\/davas.site\/rukasafaris\/#website\",\"url\":\"https:\/\/davas.site\/rukasafaris\/\",\"name\":\"Ruka Safaris, Kuusamo\",\"description\":\"Adventure Travel Since 1988\",\"publisher\":{\"@id\":\"https:\/\/davas.site\/rukasafaris\/#organization\"},\"potentialAction\":[{\"@type\":\"SearchAction\",\"target\":{\"@type\":\"EntryPoint\",\"urlTemplate\":\"https:\/\/davas.site\/rukasafaris\/?s={search_term_string}\"},\"query-input\":{\"@type\":\"PropertyValueSpecification\",\"valueRequired\":true,\"valueName\":\"search_term_string\"}}],\"inLanguage\":\"fi\"},{\"@type\":\"Organization\",\"@id\":\"https:\/\/davas.site\/rukasafaris\/#organization\",\"name\":\"Ruka Safaris\",\"url\":\"https:\/\/davas.site\/rukasafaris\/\",\"logo\":{\"@type\":\"ImageObject\",\"inLanguage\":\"fi\",\"@id\":\"https:\/\/davas.site\/rukasafaris\/#\/schema\/logo\/image\/\",\"url\":\"https:\/\/davas.site\/rukasafaris\/wp-content\/uploads\/2022\/03\/ruka-safaris-logo.png\",\"contentUrl\":\"https:\/\/davas.site\/rukasafaris\/wp-content\/uploads\/2022\/03\/ruka-safaris-logo.png\",\"width\":500,\"height\":500,\"caption\":\"Ruka Safaris\"},\"image\":{\"@id\":\"https:\/\/davas.site\/rukasafaris\/#\/schema\/logo\/image\/\"},\"sameAs\":[\"https:\/\/www.facebook.com\/rukasafaris\",\"https:\/\/www.instagram.com\/rukasafaris\",\"https:\/\/www.youtube.com\/user\/rukasafaris\"]}]}<\/script>\n<!-- \/ Yoast SEO Premium plugin. -->","yoast_head_json":{"title":"Porotokan aamuruokinta - Ruka Safaris, Kuusamo, Finland","description":"Lets go and visit a reindeer farm, drive to the Russian border with snowmobiles and search for northern lights with snowshoes!","robots":{"index":"index","follow":"follow","max-snippet":"max-snippet:-1","max-image-preview":"max-image-preview:large","max-video-preview":"max-video-preview:-1"},"canonical":"https:\/\/davas.site\/rukasafaris\/aktiviteetit\/talven-aktiviteetit\/pohjoiset-elaimet\/porotokan-aamuruokinta\/","og_locale":"fi_FI","og_type":"article","og_title":"Porotokan aamuruokinta","og_description":"Lets go and visit a reindeer farm, drive to the Russian border with snowmobiles and search for northern lights with snowshoes!","og_url":"https:\/\/davas.site\/rukasafaris\/aktiviteetit\/talven-aktiviteetit\/pohjoiset-elaimet\/porotokan-aamuruokinta\/","og_site_name":"Ruka Safaris, Kuusamo, Finland","article_publisher":"https:\/\/www.facebook.com\/rukasafaris","article_modified_time":"2025-07-16T09:58:44+00:00","og_image":[{"width":2560,"height":1616,"url":"https:\/\/davas.site\/rukasafaris\/wp-content\/uploads\/2025\/05\/porotokka-scaled.jpg","type":"image\/jpeg"}],"twitter_card":"summary_large_image","twitter_misc":{"Arvioitu lukuaika":"2 minuuttia"},"schema":{"@context":"https:\/\/schema.org","@graph":[{"@type":"WebPage","@id":"https:\/\/davas.site\/rukasafaris\/aktiviteetit\/talven-aktiviteetit\/pohjoiset-elaimet\/porotokan-aamuruokinta\/","url":"https:\/\/davas.site\/rukasafaris\/aktiviteetit\/talven-aktiviteetit\/pohjoiset-elaimet\/porotokan-aamuruokinta\/","name":"Porotokan aamuruokinta - Ruka Safaris, Kuusamo, Finland","isPartOf":{"@id":"https:\/\/davas.site\/rukasafaris\/#website"},"primaryImageOfPage":{"@id":"https:\/\/davas.site\/rukasafaris\/aktiviteetit\/talven-aktiviteetit\/pohjoiset-elaimet\/porotokan-aamuruokinta\/#primaryimage"},"image":{"@id":"https:\/\/davas.site\/rukasafaris\/aktiviteetit\/talven-aktiviteetit\/pohjoiset-elaimet\/porotokan-aamuruokinta\/#primaryimage"},"thumbnailUrl":"https:\/\/davas.site\/rukasafaris\/wp-content\/uploads\/2025\/05\/porotokka-scaled.jpg","datePublished":"2025-05-26T13:01:28+00:00","dateModified":"2025-07-16T09:58:44+00:00","description":"Lets go and visit a reindeer farm, drive to the Russian border with snowmobiles and search for northern lights with snowshoes!","breadcrumb":{"@id":"https:\/\/davas.site\/rukasafaris\/aktiviteetit\/talven-aktiviteetit\/pohjoiset-elaimet\/porotokan-aamuruokinta\/#breadcrumb"},"inLanguage":"fi","potentialAction":[{"@type":"ReadAction","target":["https:\/\/davas.site\/rukasafaris\/aktiviteetit\/talven-aktiviteetit\/pohjoiset-elaimet\/porotokan-aamuruokinta\/"]}]},{"@type":"ImageObject","inLanguage":"fi","@id":"https:\/\/davas.site\/rukasafaris\/aktiviteetit\/talven-aktiviteetit\/pohjoiset-elaimet\/porotokan-aamuruokinta\/#primaryimage","url":"https:\/\/davas.site\/rukasafaris\/wp-content\/uploads\/2025\/05\/porotokka-scaled.jpg","contentUrl":"https:\/\/davas.site\/rukasafaris\/wp-content\/uploads\/2025\/05\/porotokka-scaled.jpg","width":2560,"height":1616,"caption":"Reindeer activities in Ruka, Lapland"},{"@type":"BreadcrumbList","@id":"https:\/\/davas.site\/rukasafaris\/aktiviteetit\/talven-aktiviteetit\/pohjoiset-elaimet\/porotokan-aamuruokinta\/#breadcrumb","itemListElement":[{"@type":"ListItem","position":1,"name":"Home","item":"https:\/\/davas.site\/rukasafaris\/"},{"@type":"ListItem","position":2,"name":"Aktiviteetit","item":"https:\/\/davas.site\/rukasafaris\/aktiviteetit\/"},{"@type":"ListItem","position":3,"name":"Talven aktiviteetit","item":"https:\/\/davas.site\/rukasafaris\/aktiviteetit\/talven-aktiviteetit\/"},{"@type":"ListItem","position":4,"name":"Pohjoiset el\u00e4imet","item":"https:\/\/davas.site\/rukasafaris\/aktiviteetit\/talven-aktiviteetit\/pohjoiset-elaimet\/"},{"@type":"ListItem","position":5,"name":"Porotokan aamuruokinta"}]},{"@type":"WebSite","@id":"https:\/\/davas.site\/rukasafaris\/#website","url":"https:\/\/davas.site\/rukasafaris\/","name":"Ruka Safaris, Kuusamo","description":"Adventure Travel Since 1988","publisher":{"@id":"https:\/\/davas.site\/rukasafaris\/#organization"},"potentialAction":[{"@type":"SearchAction","target":{"@type":"EntryPoint","urlTemplate":"https:\/\/davas.site\/rukasafaris\/?s={search_term_string}"},"query-input":{"@type":"PropertyValueSpecification","valueRequired":true,"valueName":"search_term_string"}}],"inLanguage":"fi"},{"@type":"Organization","@id":"https:\/\/davas.site\/rukasafaris\/#organization","name":"Ruka Safaris","url":"https:\/\/davas.site\/rukasafaris\/","logo":{"@type":"ImageObject","inLanguage":"fi","@id":"https:\/\/davas.site\/rukasafaris\/#\/schema\/logo\/image\/","url":"https:\/\/davas.site\/rukasafaris\/wp-content\/uploads\/2022\/03\/ruka-safaris-logo.png","contentUrl":"https:\/\/davas.site\/rukasafaris\/wp-content\/uploads\/2022\/03\/ruka-safaris-logo.png","width":500,"height":500,"caption":"Ruka Safaris"},"image":{"@id":"https:\/\/davas.site\/rukasafaris\/#\/schema\/logo\/image\/"},"sameAs":["https:\/\/www.facebook.com\/rukasafaris","https:\/\/www.instagram.com\/rukasafaris","https:\/\/www.youtube.com\/user\/rukasafaris"]}]}},"_links":{"self":[{"href":"https:\/\/davas.site\/rukasafaris\/wp-json\/wp\/v2\/pages\/11079","targetHints":{"allow":["GET"]}}],"collection":[{"href":"https:\/\/davas.site\/rukasafaris\/wp-json\/wp\/v2\/pages"}],"about":[{"href":"https:\/\/davas.site\/rukasafaris\/wp-json\/wp\/v2\/types\/page"}],"author":[{"embeddable":true,"href":"https:\/\/davas.site\/rukasafaris\/wp-json\/wp\/v2\/users\/6"}],"replies":[{"embeddable":true,"href":"https:\/\/davas.site\/rukasafaris\/wp-json\/wp\/v2\/comments?post=11079"}],"version-history":[{"count":11,"href":"https:\/\/davas.site\/rukasafaris\/wp-json\/wp\/v2\/pages\/11079\/revisions"}],"predecessor-version":[{"id":12530,"href":"https:\/\/davas.site\/rukasafaris\/wp-json\/wp\/v2\/pages\/11079\/revisions\/12530"}],"up":[{"embeddable":true,"href":"https:\/\/davas.site\/rukasafaris\/wp-json\/wp\/v2\/pages\/10980"}],"wp:featuredmedia":[{"embeddable":true,"href":"https:\/\/davas.site\/rukasafaris\/wp-json\/wp\/v2\/media\/11109"}],"wp:attachment":[{"href":"https:\/\/davas.site\/rukasafaris\/wp-json\/wp\/v2\/media?parent=11079"}],"curies":[{"name":"wp","href":"https:\/\/api.w.org\/{rel}","templated":true}]}}