{"id":1111,"date":"2022-03-28T13:46:26","date_gmt":"2022-03-28T10:46:26","guid":{"rendered":"https:\/\/davas.site\/rukasafaris\/?page_id=1111"},"modified":"2025-09-11T15:13:22","modified_gmt":"2025-09-11T12:13:22","slug":"saunat","status":"publish","type":"page","link":"https:\/\/davas.site\/rukasafaris\/saunat\/","title":{"rendered":"Saunat"},"content":{"rendered":"<div>Iisakki Village<\/div>\n<h1>Saunat<\/h1>\n<p><p>\n        <a href=\"#sauna\">Varaa saunael\u00e4myksesi<\/a>\n    <\/p>\n<\/p>\n<p><img decoding=\"async\" src=\"\/rukasafaris\/wp-content\/uploads\/2023\/02\/P7140992-scaled.jpg\" alt=\"vastojat\"><\/p>\n<div>\n<p>        <img decoding=\"async\" src=\"https:\/\/davas.site\/rukasafaris\/wp-content\/uploads\/2022\/03\/Sauna_green_netti_muokattu.jpeg\" alt=\"Authentic Finnish Sauna experience\"><\/p>\n<h2>Tervetuloa nauttimaan Rukan parhaista l\u00f6ylyist\u00e4!<\/h2>\n<div>\n<p>Suosittelemme<strong><span>\u00a0<\/span>Iisakin perinteist\u00e4 rantasaunaa<\/strong><span>\u00a0<\/span>alle 24 hengen ryhmille ja\u00a0<a href=\"https:\/\/davas.site\/rukasafaris\/aivoriihisauna\/\"><strong>Aivoriihen<\/strong><\/a>\u00a0 sauna sopii noin 20 hengen illanviettoon. Saunojen yhteydess\u00e4 on tilat oleskelulle ja ruokailulle.<\/p>\n<p>Kummankin saunan vuokraan kuuluu ulkona oleva l\u00e4mminvesiporeallas, joka on k\u00e4yt\u00f6ss\u00e4 talvella ja kes\u00e4ll\u00e4. Voit my\u00f6s varata illan tarjoilut kauttamme.<\/p>\n<p>Saunoillemme on my\u00f6nnetty kansainv\u00e4linen Authentic Finnish Sauna Experience -laatusertifikaatti.<\/p>\n<p>Saunat sijaitsevat noin 6 km p\u00e4\u00e4ss\u00e4 Rukalta.\u00a0<\/p>\n<p><span data-contrast=\"auto\">Varaa Iisakki Villagen vastaanotosta:<br \/><a href=\"mailto:iisakkivillage@rukasafaris.fi\">iisakkivillage@rukasafaris.fi<\/a> tai puh. <a href=\"tel:+358 40 5016041\">+358 40 501 6041<\/a><\/span><\/p>\n<\/div>\n<\/div>\n<h1>Varaa saunael\u00e4myksesi<\/h1>\n<ul>\n<li>\n<p>        <img decoding=\"async\" src=\"\/rukasafaris\/wp-content\/uploads\/2025\/05\/Aivoriihi-sauna.jpg\" alt=\"Aivoriihi sauna in Iisakki Village Ruka Safaris\"><\/p>\n<h4>Aivoriihi Sauna<\/h4>\n<p><a href=\"\/rukasafaris\/saunat\/aivoriihi-sauna\/\"><\/a><\/p>\n<\/li>\n<li>\n<p>        <img decoding=\"async\" src=\"\/rukasafaris\/wp-content\/uploads\/2022\/03\/hikikammari-sauna-talvi.jpg\" alt=\"\"><\/p>\n<h4>Hikikamari Sauna<\/h4>\n<p><a href=\"\/rukasafaris\/saunat\/hikikammari-sauna\/\"><\/a><\/p>\n<\/li>\n<li>\n<p>        <img decoding=\"async\" src=\"\/rukasafaris\/wp-content\/uploads\/2022\/07\/iisakin-sauna-kyltti-iso.jpg\" alt=\"\"><\/p>\n<h4>Iisakki Sauna<\/h4>\n<p><a href=\"\/rukasafaris\/saunat\/iisakki-sauna\/\"><\/a><\/p>\n<\/li>\n<\/ul>\n<p><!--more--><br \/>\n<!-- {\"children\":[{\"name\":\"Hero\",\"type\":\"section\",\"props\":{\"height\":\"viewport\",\"height_offset_top\":true,\"image\":\"wp-content\\\/uploads\\\/2022\\\/04\\\/Aivoriihi-outside-iso.jpg\",\"image_effect\":\"parallax\",\"image_height\":\"1200\",\"image_loading\":true,\"image_parallax_bgy\":\"-200,0\",\"image_parallax_breakpoint\":\"m\",\"image_parallax_easing\":\"1\",\"image_position\":\"top-center\",\"image_size\":\"cover\",\"image_width\":\"2560\",\"media_overlay\":\"rgba(0, 0, 0, 0.1)\",\"overlap\":false,\"padding\":\"large\",\"style\":\"default\",\"text_color\":\"light\",\"title_breakpoint\":\"xl\",\"title_position\":\"top-left\",\"title_rotation\":\"left\",\"vertical_align\":\"middle\",\"width\":\"large\"},\"children\":[{\"type\":\"row\",\"children\":[{\"type\":\"column\",\"props\":{\"image_position\":\"center-center\",\"position_sticky_breakpoint\":\"m\",\"width_medium\":\"1-1\"},\"children\":[{\"type\":\"headline\",\"props\":{\"content\":\"Iisakki Village\",\"title_element\":\"div\",\"title_style\":\"h3\"}},{\"type\":\"headline\",\"props\":{\"content\":\"Saunat\",\"margin_remove_top\":true,\"maxwidth\":\"2xlarge\",\"title_element\":\"h1\",\"title_style\":\"heading-xlarge\"}},{\"type\":\"button\",\"props\":{\"grid_column_gap\":\"small\",\"grid_row_gap\":\"small\",\"margin\":\"default\"},\"children\":[{\"type\":\"button_item\",\"props\":{\"button_style\":\"default\",\"content\":\"Varaa saunael\\u00e4myksesi\",\"dialog_layout\":\"modal\",\"dialog_offcanvas_flip\":true,\"icon_align\":\"left\",\"link\":\"#sauna\"}}]}]}]}]},{\"name\":\"About\",\"type\":\"section\",\"props\":{\"image_position\":\"center-center\",\"overlap\":false,\"padding\":\"none\",\"padding_remove_bottom\":false,\"padding_remove_top\":false,\"style\":\"default\",\"title_breakpoint\":\"xl\",\"title_position\":\"center-right\",\"title_rotation\":\"left\",\"vertical_align\":\"\",\"width\":\"xlarge\"},\"children\":[{\"type\":\"row\",\"props\":{\"column_gap\":\"collapse\",\"layout\":\"1-2,1-2\",\"row_gap\":\"collapse\"},\"children\":[{\"type\":\"column\",\"props\":{\"image_position\":\"center-center\",\"position_sticky_breakpoint\":\"m\",\"vertical_align\":\"middle\",\"width_medium\":\"1-2\"},\"children\":[{\"type\":\"image\",\"props\":{\"animation\":\"parallax\",\"block_align\":\"right\",\"image\":\"wp-content\\\/uploads\\\/2023\\\/02\\\/P7140992-scaled.jpg\",\"image_alt\":\"vastojat\",\"image_box_decoration\":\"default\",\"image_height\":\"420\",\"image_svg_color\":\"emphasis\",\"image_width\":\"600\",\"margin\":\"default\",\"maxwidth\":\"xlarge\",\"parallax_breakpoint\":\"m\",\"parallax_easing\":\"1\",\"parallax_y\":\"-100,-240\",\"text_align\":\"right\",\"visibility\":\"m\"}}]},{\"type\":\"column\",\"props\":{\"image_position\":\"center-center\",\"position_sticky_breakpoint\":\"m\",\"width_medium\":\"1-2\"},\"children\":[{\"type\":\"panel\",\"props\":{\"animation\":\"parallax\",\"content\":\"\n\n<p>Suosittelemme<strong><span>\\u00a0<\\\/span>Iisakin perinteist\\u00e4 rantasaunaa<\\\/strong><span>\\u00a0<\\\/span>alle 24 hengen ryhmille ja\\u00a0<a href=\\\"https:\\\/\\\/davas.site\\\/rukasafaris\\\/aivoriihisauna\\\/\\\"><strong>Aivoriihen<\\\/strong><\\\/a>\\u00a0 sauna sopii noin 20 hengen illanviettoon. Saunojen yhteydess\\u00e4 on tilat oleskelulle ja ruokailulle.<\\\/p>\\n\n\n<p>Kummankin saunan vuokraan kuuluu ulkona oleva l\\u00e4mminvesiporeallas, joka on k\\u00e4yt\\u00f6ss\\u00e4 talvella ja kes\\u00e4ll\\u00e4. Voit my\\u00f6s varata illan tarjoilut kauttamme.<\\\/p>\\n\n\n<p>Saunoillemme on my\\u00f6nnetty kansainv\\u00e4linen Authentic Finnish Sauna Experience -laatusertifikaatti.<\\\/p>\\n\n\n<p>Saunat sijaitsevat noin 6 km p\\u00e4\\u00e4ss\\u00e4 Rukalta.\\u00a0<\\\/p>\\n\n\n<p><span data-contrast=\\\"auto\\\">Varaa Iisakki Villagen vastaanotosta:<br \\\/><a href=\\\"mailto:iisakkivillage@rukasafaris.fi\\\">iisakkivillage@rukasafaris.fi<\\\/a> tai puh. <a href=\\\"tel:+358 40 5016041\\\">+358 40 501 6041<\\\/a><\\\/span><\\\/p>\",\"content_column_breakpoint\":\"m\",\"css\":\"@media (max-width: 959px) {\\n    .el-element { position: static !important; }\\n}\",\"icon_width\":80,\"image\":\"https:\\\/\\\/davas.site\\\/rukasafaris\\\/wp-content\\\/uploads\\\/2022\\\/03\\\/Sauna_green_netti_muokattu.jpeg\",\"image_align\":\"top\",\"image_alt\":\"Authentic Finnish Sauna experience\",\"image_grid_breakpoint\":\"m\",\"image_grid_width\":\"1-2\",\"image_height\":\"90\",\"image_loading\":true,\"image_svg_color\":\"emphasis\",\"image_width\":\"150\",\"link_style\":\"text\",\"link_target\":true,\"link_text\":\"Saunasertifikaatti\",\"margin\":\"\",\"maxwidth\":\"xlarge\",\"maxwidth_breakpoint\":\"l\",\"meta_align\":\"below-title\",\"meta_element\":\"div\",\"meta_style\":\"text-meta\",\"panel_padding\":\"large\",\"panel_style\":\"card-default\",\"parallax_breakpoint\":\"m\",\"parallax_easing\":\"1\",\"parallax_y\":\"-200,0\",\"position\":\"relative\",\"position_left\":\"-50\",\"text_align\":\"left\",\"title\":\"Tervetuloa nauttimaan Rukan parhaista l\\u00f6ylyist\\u00e4!\",\"title_align\":\"top\",\"title_element\":\"h2\",\"title_grid_breakpoint\":\"m\",\"title_grid_width\":\"1-2\",\"title_hover_style\":\"reset\",\"title_style\":\"h2\"}}]}]}]},{\"type\":\"section\",\"props\":{\"id\":\"sauna\",\"image_position\":\"center-center\",\"preserve_color\":true,\"style\":\"default\",\"title_breakpoint\":\"xl\",\"title_position\":\"top-left\",\"title_rotation\":\"left\",\"vertical_align\":\"\",\"width\":\"default\"},\"children\":[{\"type\":\"row\",\"children\":[{\"type\":\"column\",\"props\":{\"image_position\":\"center-center\",\"position_sticky_breakpoint\":\"m\",\"width_medium\":\"1-1\"},\"children\":[{\"type\":\"headline\",\"props\":{\"content\":\"Varaa saunael\\u00e4myksesi\",\"title_element\":\"h1\"}},{\"type\":\"grid\",\"props\":{\"content_column_breakpoint\":\"m\",\"filter_align\":\"left\",\"filter_all\":true,\"filter_grid_breakpoint\":\"m\",\"filter_grid_width\":\"auto\",\"filter_position\":\"top\",\"filter_style\":\"tab\",\"grid_column_gap\":\"small\",\"grid_default\":\"1\",\"grid_medium\":\"\",\"grid_small\":\"3\",\"icon_width\":80,\"image_align\":\"top\",\"image_grid_breakpoint\":\"m\",\"image_grid_width\":\"1-2\",\"image_height\":\"533\",\"image_svg_color\":\"emphasis\",\"image_width\":\"800\",\"item_animation\":true,\"lightbox_bg_close\":true,\"link_size\":\"small\",\"link_style\":\"primary\",\"link_text\":\"\",\"margin\":\"default\",\"meta_align\":\"below-title\",\"meta_element\":\"div\",\"meta_margin\":\"small\",\"meta_style\":\"h6\",\"panel_image_no_padding\":true,\"panel_link\":true,\"panel_link_hover\":\"true\",\"panel_padding\":\"small\",\"panel_style\":\"card-default\",\"parallax_easing\":\"1\",\"show_content\":true,\"show_hover_image\":true,\"show_hover_video\":true,\"show_image\":true,\"show_link\":true,\"show_meta\":true,\"show_title\":true,\"show_video\":true,\"text_align\":\"center\",\"title_align\":\"top\",\"title_element\":\"h4\",\"title_grid_breakpoint\":\"m\",\"title_grid_width\":\"1-2\",\"title_hover_style\":\"reset\",\"title_style\":\"h4\"},\"children\":[{\"type\":\"grid_item\",\"props\":{\"image\":\"wp-content\\\/uploads\\\/2025\\\/05\\\/Aivoriihi-sauna.jpg\",\"image_alt\":\"Aivoriihi sauna in Iisakki Village Ruka Safaris\",\"link\":\"saunat\\\/aivoriihi-sauna\\\/\",\"title\":\"Aivoriihi Sauna\"}},{\"type\":\"grid_item\",\"props\":{\"image\":\"wp-content\\\/uploads\\\/2022\\\/03\\\/hikikammari-sauna-talvi.jpg\",\"link\":\"saunat\\\/hikikammari-sauna\\\/\",\"title\":\"Hikikamari Sauna\"}},{\"type\":\"grid_item\",\"props\":{\"image\":\"wp-content\\\/uploads\\\/2022\\\/07\\\/iisakin-sauna-kyltti-iso.jpg\",\"link\":\"saunat\\\/iisakki-sauna\\\/\",\"title\":\"Iisakki Sauna\"}}],\"name\":\"saunas\"}]}]}],\"name\":\"Saunas EN\"}],\"type\":\"layout\",\"version\":\"4.5.16\"} --><\/p>\n","protected":false},"excerpt":{"rendered":"<p>Iisakki Village Saunat Varaa saunael\u00e4myksesi Tervetuloa nauttimaan Rukan parhaista l\u00f6ylyist\u00e4! Suosittelemme\u00a0Iisakin perinteist\u00e4 rantasaunaa\u00a0alle 24 hengen ryhmille ja\u00a0Aivoriihen\u00a0 sauna sopii noin 20 hengen illanviettoon. Saunojen yhteydess\u00e4 on tilat oleskelulle ja ruokailulle. Kummankin saunan vuokraan kuuluu ulkona oleva l\u00e4mminvesiporeallas, joka on k\u00e4yt\u00f6ss\u00e4 talvella ja kes\u00e4ll\u00e4. Voit my\u00f6s varata illan tarjoilut kauttamme. Saunoillemme on my\u00f6nnetty kansainv\u00e4linen Authentic Finnish [&hellip;]<\/p>\n","protected":false},"author":1,"featured_media":4032,"parent":0,"menu_order":0,"comment_status":"closed","ping_status":"closed","template":"","meta":{"cybocfi_hide_featured_image":"","footnotes":""},"class_list":["post-1111","page","type-page","status-publish","has-post-thumbnail","hentry"],"yoast_head":"<!-- This site is optimized with the Yoast SEO Premium plugin v25.1 (Yoast SEO v25.3) - https:\/\/yoast.com\/wordpress\/plugins\/seo\/ -->\n<title>Saunat - Ruka Safaris, Kuusamo, Finland<\/title>\n<meta name=\"description\" content=\"Iisakin rantasauna sopii 24 hengen ja Aivoriihen sauna n. 30 hengen illanviettoon. Saunoilla on l\u00e4mminvesiporeallas sek\u00e4 tilat oleskelulle ja ruokailulle.\" \/>\n<meta name=\"robots\" content=\"index, follow, max-snippet:-1, max-image-preview:large, max-video-preview:-1\" \/>\n<link rel=\"canonical\" href=\"https:\/\/davas.site\/rukasafaris\/saunat\/\" \/>\n<meta property=\"og:locale\" content=\"fi_FI\" \/>\n<meta property=\"og:type\" content=\"article\" \/>\n<meta property=\"og:title\" content=\"Saunat\" \/>\n<meta property=\"og:description\" content=\"Iisakin rantasauna sopii 24 hengen ja Aivoriihen sauna n. 30 hengen illanviettoon. Saunoilla on l\u00e4mminvesiporeallas sek\u00e4 tilat oleskelulle ja ruokailulle.\" \/>\n<meta property=\"og:url\" content=\"https:\/\/davas.site\/rukasafaris\/saunat\/\" \/>\n<meta property=\"og:site_name\" content=\"Ruka Safaris, Kuusamo, Finland\" \/>\n<meta property=\"article:publisher\" content=\"https:\/\/www.facebook.com\/rukasafaris\" \/>\n<meta property=\"article:modified_time\" content=\"2025-09-11T12:13:22+00:00\" \/>\n<meta property=\"og:image\" content=\"https:\/\/davas.site\/rukasafaris\/wp-content\/uploads\/2023\/02\/P7140992-scaled.jpg\" \/>\n\t<meta property=\"og:image:width\" content=\"2560\" \/>\n\t<meta property=\"og:image:height\" content=\"1707\" \/>\n\t<meta property=\"og:image:type\" content=\"image\/jpeg\" \/>\n<meta name=\"twitter:card\" content=\"summary_large_image\" \/>\n<meta name=\"twitter:label1\" content=\"Arvioitu lukuaika\" \/>\n\t<meta name=\"twitter:data1\" content=\"2 minuuttia\" \/>\n<script type=\"application\/ld+json\" class=\"yoast-schema-graph\">{\"@context\":\"https:\/\/schema.org\",\"@graph\":[{\"@type\":\"WebPage\",\"@id\":\"https:\/\/davas.site\/rukasafaris\/saunat\/\",\"url\":\"https:\/\/davas.site\/rukasafaris\/saunat\/\",\"name\":\"Saunat - Ruka Safaris, Kuusamo, Finland\",\"isPartOf\":{\"@id\":\"https:\/\/davas.site\/rukasafaris\/#website\"},\"primaryImageOfPage\":{\"@id\":\"https:\/\/davas.site\/rukasafaris\/saunat\/#primaryimage\"},\"image\":{\"@id\":\"https:\/\/davas.site\/rukasafaris\/saunat\/#primaryimage\"},\"thumbnailUrl\":\"https:\/\/davas.site\/rukasafaris\/wp-content\/uploads\/2023\/02\/P7140992-scaled.jpg\",\"datePublished\":\"2022-03-28T10:46:26+00:00\",\"dateModified\":\"2025-09-11T12:13:22+00:00\",\"description\":\"Iisakin rantasauna sopii 24 hengen ja Aivoriihen sauna n. 30 hengen illanviettoon. Saunoilla on l\u00e4mminvesiporeallas sek\u00e4 tilat oleskelulle ja ruokailulle.\",\"breadcrumb\":{\"@id\":\"https:\/\/davas.site\/rukasafaris\/saunat\/#breadcrumb\"},\"inLanguage\":\"fi\",\"potentialAction\":[{\"@type\":\"ReadAction\",\"target\":[\"https:\/\/davas.site\/rukasafaris\/saunat\/\"]}]},{\"@type\":\"ImageObject\",\"inLanguage\":\"fi\",\"@id\":\"https:\/\/davas.site\/rukasafaris\/saunat\/#primaryimage\",\"url\":\"https:\/\/davas.site\/rukasafaris\/wp-content\/uploads\/2023\/02\/P7140992-scaled.jpg\",\"contentUrl\":\"https:\/\/davas.site\/rukasafaris\/wp-content\/uploads\/2023\/02\/P7140992-scaled.jpg\",\"width\":2560,\"height\":1707,\"caption\":\"OLYMPUS DIGITAL CAMERA\"},{\"@type\":\"BreadcrumbList\",\"@id\":\"https:\/\/davas.site\/rukasafaris\/saunat\/#breadcrumb\",\"itemListElement\":[{\"@type\":\"ListItem\",\"position\":1,\"name\":\"Home\",\"item\":\"https:\/\/davas.site\/rukasafaris\/\"},{\"@type\":\"ListItem\",\"position\":2,\"name\":\"Saunat\"}]},{\"@type\":\"WebSite\",\"@id\":\"https:\/\/davas.site\/rukasafaris\/#website\",\"url\":\"https:\/\/davas.site\/rukasafaris\/\",\"name\":\"Ruka Safaris, Kuusamo\",\"description\":\"Adventure Travel Since 1988\",\"publisher\":{\"@id\":\"https:\/\/davas.site\/rukasafaris\/#organization\"},\"potentialAction\":[{\"@type\":\"SearchAction\",\"target\":{\"@type\":\"EntryPoint\",\"urlTemplate\":\"https:\/\/davas.site\/rukasafaris\/?s={search_term_string}\"},\"query-input\":{\"@type\":\"PropertyValueSpecification\",\"valueRequired\":true,\"valueName\":\"search_term_string\"}}],\"inLanguage\":\"fi\"},{\"@type\":\"Organization\",\"@id\":\"https:\/\/davas.site\/rukasafaris\/#organization\",\"name\":\"Ruka Safaris\",\"url\":\"https:\/\/davas.site\/rukasafaris\/\",\"logo\":{\"@type\":\"ImageObject\",\"inLanguage\":\"fi\",\"@id\":\"https:\/\/davas.site\/rukasafaris\/#\/schema\/logo\/image\/\",\"url\":\"https:\/\/davas.site\/rukasafaris\/wp-content\/uploads\/2022\/03\/ruka-safaris-logo.png\",\"contentUrl\":\"https:\/\/davas.site\/rukasafaris\/wp-content\/uploads\/2022\/03\/ruka-safaris-logo.png\",\"width\":500,\"height\":500,\"caption\":\"Ruka Safaris\"},\"image\":{\"@id\":\"https:\/\/davas.site\/rukasafaris\/#\/schema\/logo\/image\/\"},\"sameAs\":[\"https:\/\/www.facebook.com\/rukasafaris\",\"https:\/\/www.instagram.com\/rukasafaris\",\"https:\/\/www.youtube.com\/user\/rukasafaris\"]}]}<\/script>\n<!-- \/ Yoast SEO Premium plugin. -->","yoast_head_json":{"title":"Saunat - Ruka Safaris, Kuusamo, Finland","description":"Iisakin rantasauna sopii 24 hengen ja Aivoriihen sauna n. 30 hengen illanviettoon. Saunoilla on l\u00e4mminvesiporeallas sek\u00e4 tilat oleskelulle ja ruokailulle.","robots":{"index":"index","follow":"follow","max-snippet":"max-snippet:-1","max-image-preview":"max-image-preview:large","max-video-preview":"max-video-preview:-1"},"canonical":"https:\/\/davas.site\/rukasafaris\/saunat\/","og_locale":"fi_FI","og_type":"article","og_title":"Saunat","og_description":"Iisakin rantasauna sopii 24 hengen ja Aivoriihen sauna n. 30 hengen illanviettoon. Saunoilla on l\u00e4mminvesiporeallas sek\u00e4 tilat oleskelulle ja ruokailulle.","og_url":"https:\/\/davas.site\/rukasafaris\/saunat\/","og_site_name":"Ruka Safaris, Kuusamo, Finland","article_publisher":"https:\/\/www.facebook.com\/rukasafaris","article_modified_time":"2025-09-11T12:13:22+00:00","og_image":[{"width":2560,"height":1707,"url":"https:\/\/davas.site\/rukasafaris\/wp-content\/uploads\/2023\/02\/P7140992-scaled.jpg","type":"image\/jpeg"}],"twitter_card":"summary_large_image","twitter_misc":{"Arvioitu lukuaika":"2 minuuttia"},"schema":{"@context":"https:\/\/schema.org","@graph":[{"@type":"WebPage","@id":"https:\/\/davas.site\/rukasafaris\/saunat\/","url":"https:\/\/davas.site\/rukasafaris\/saunat\/","name":"Saunat - Ruka Safaris, Kuusamo, Finland","isPartOf":{"@id":"https:\/\/davas.site\/rukasafaris\/#website"},"primaryImageOfPage":{"@id":"https:\/\/davas.site\/rukasafaris\/saunat\/#primaryimage"},"image":{"@id":"https:\/\/davas.site\/rukasafaris\/saunat\/#primaryimage"},"thumbnailUrl":"https:\/\/davas.site\/rukasafaris\/wp-content\/uploads\/2023\/02\/P7140992-scaled.jpg","datePublished":"2022-03-28T10:46:26+00:00","dateModified":"2025-09-11T12:13:22+00:00","description":"Iisakin rantasauna sopii 24 hengen ja Aivoriihen sauna n. 30 hengen illanviettoon. Saunoilla on l\u00e4mminvesiporeallas sek\u00e4 tilat oleskelulle ja ruokailulle.","breadcrumb":{"@id":"https:\/\/davas.site\/rukasafaris\/saunat\/#breadcrumb"},"inLanguage":"fi","potentialAction":[{"@type":"ReadAction","target":["https:\/\/davas.site\/rukasafaris\/saunat\/"]}]},{"@type":"ImageObject","inLanguage":"fi","@id":"https:\/\/davas.site\/rukasafaris\/saunat\/#primaryimage","url":"https:\/\/davas.site\/rukasafaris\/wp-content\/uploads\/2023\/02\/P7140992-scaled.jpg","contentUrl":"https:\/\/davas.site\/rukasafaris\/wp-content\/uploads\/2023\/02\/P7140992-scaled.jpg","width":2560,"height":1707,"caption":"OLYMPUS DIGITAL CAMERA"},{"@type":"BreadcrumbList","@id":"https:\/\/davas.site\/rukasafaris\/saunat\/#breadcrumb","itemListElement":[{"@type":"ListItem","position":1,"name":"Home","item":"https:\/\/davas.site\/rukasafaris\/"},{"@type":"ListItem","position":2,"name":"Saunat"}]},{"@type":"WebSite","@id":"https:\/\/davas.site\/rukasafaris\/#website","url":"https:\/\/davas.site\/rukasafaris\/","name":"Ruka Safaris, Kuusamo","description":"Adventure Travel Since 1988","publisher":{"@id":"https:\/\/davas.site\/rukasafaris\/#organization"},"potentialAction":[{"@type":"SearchAction","target":{"@type":"EntryPoint","urlTemplate":"https:\/\/davas.site\/rukasafaris\/?s={search_term_string}"},"query-input":{"@type":"PropertyValueSpecification","valueRequired":true,"valueName":"search_term_string"}}],"inLanguage":"fi"},{"@type":"Organization","@id":"https:\/\/davas.site\/rukasafaris\/#organization","name":"Ruka Safaris","url":"https:\/\/davas.site\/rukasafaris\/","logo":{"@type":"ImageObject","inLanguage":"fi","@id":"https:\/\/davas.site\/rukasafaris\/#\/schema\/logo\/image\/","url":"https:\/\/davas.site\/rukasafaris\/wp-content\/uploads\/2022\/03\/ruka-safaris-logo.png","contentUrl":"https:\/\/davas.site\/rukasafaris\/wp-content\/uploads\/2022\/03\/ruka-safaris-logo.png","width":500,"height":500,"caption":"Ruka Safaris"},"image":{"@id":"https:\/\/davas.site\/rukasafaris\/#\/schema\/logo\/image\/"},"sameAs":["https:\/\/www.facebook.com\/rukasafaris","https:\/\/www.instagram.com\/rukasafaris","https:\/\/www.youtube.com\/user\/rukasafaris"]}]}},"_links":{"self":[{"href":"https:\/\/davas.site\/rukasafaris\/wp-json\/wp\/v2\/pages\/1111","targetHints":{"allow":["GET"]}}],"collection":[{"href":"https:\/\/davas.site\/rukasafaris\/wp-json\/wp\/v2\/pages"}],"about":[{"href":"https:\/\/davas.site\/rukasafaris\/wp-json\/wp\/v2\/types\/page"}],"author":[{"embeddable":true,"href":"https:\/\/davas.site\/rukasafaris\/wp-json\/wp\/v2\/users\/1"}],"replies":[{"embeddable":true,"href":"https:\/\/davas.site\/rukasafaris\/wp-json\/wp\/v2\/comments?post=1111"}],"version-history":[{"count":64,"href":"https:\/\/davas.site\/rukasafaris\/wp-json\/wp\/v2\/pages\/1111\/revisions"}],"predecessor-version":[{"id":12788,"href":"https:\/\/davas.site\/rukasafaris\/wp-json\/wp\/v2\/pages\/1111\/revisions\/12788"}],"wp:featuredmedia":[{"embeddable":true,"href":"https:\/\/davas.site\/rukasafaris\/wp-json\/wp\/v2\/media\/4032"}],"wp:attachment":[{"href":"https:\/\/davas.site\/rukasafaris\/wp-json\/wp\/v2\/media?parent=1111"}],"curies":[{"name":"wp","href":"https:\/\/api.w.org\/{rel}","templated":true}]}}