{"id":11524,"date":"2025-06-02T12:17:43","date_gmt":"2025-06-02T09:17:43","guid":{"rendered":"https:\/\/davas.site\/rukasafaris\/?page_id=11524"},"modified":"2025-09-11T15:14:49","modified_gmt":"2025-09-11T12:14:49","slug":"aivoriihi-sauna","status":"publish","type":"page","link":"https:\/\/davas.site\/rukasafaris\/saunat\/aivoriihi-sauna\/","title":{"rendered":"Aivoriihi Sauna"},"content":{"rendered":"<div><span>Aito puusauna<\/span><\/div>\n<h1>\n<p class=\"djc_title\">Aivoriihi<\/p>\n<\/h1>\n<div>\n<p>Aivoriihi-saunassa kiteytyy saunomisen syvin olemus: hyv\u00e4ss\u00e4 seurassa, upeissa l\u00f6ylyiss\u00e4, syntyv\u00e4t ne parhaimmat ideat. Nimens\u00e4 veroisesti tervetuloa pit\u00e4m\u00e4\u00e4n meille Aivoriihi ja tekem\u00e4\u00e4n hyvi\u00e4 ja t\u00e4rkeit\u00e4 p\u00e4\u00e4t\u00f6ksi\u00e4!<\/p>\n<p>Aivoriihi-saunan syd\u00e4men\u00e4 seisoo jyhke\u00e4 Aito-kiuas. Kiuasta l\u00e4mmitell\u00e4\u00e4n nelisen tuntia ennen saunaan p\u00e4\u00e4sy\u00e4. Lauteille mahtuu jopa\u00a030 henkil\u00f6\u00e4 kerrallaan. Saunan vieress\u00e4 sijaitsevalla takkahuoneella voi osa ryhm\u00e4st\u00e4 odotella saunavuoroaan nauttien samalla pikkupurtavaa. Pihalta l\u00f6ytyv\u00e4ss\u00e4 ulkoporealtaassa my\u00f6s mieli rentoutuu saunavuoroa odotellessa!\u00a0<\/p>\n<p>Sauna sijaitsee vain 10 minuutin ajomatkan p\u00e4\u00e4ss\u00e4 Rukalta ja talvella moottorikelkoilla matkaa kertyy n. 20 kilometri\u00e4.\u00a0<\/p>\n<p><strong>Kes\u00e4hinta 1.5.-30.10.<span>\u00a0<\/span><\/strong><strong>420 \u20ac \/ ryhm\u00e4 (max 20 hl\u00f6\u00e4)<\/strong><\/p>\n<p><strong>Talvihinta 1.11. \u2013 30.4.\u00a0<\/strong><strong>550 \u20ac \/ ryhm\u00e4 (max 20 hl\u00f6\u00e4)<\/strong><\/p>\n<p><span data-contrast=\"auto\">Varaa saunavuorosi Iisakki Villagen vastaanotosta:<br \/><a href=\"mailto:iisakkivillage@rukasafaris.fi\">iisakkivillage@rukasafaris.fi<\/a>\u00a0tai puh.\u00a0<a href=\"tel:+358 40 5016041\">+358 40 501 6041<\/a><\/span><\/p>\n<\/div>\n<p><img decoding=\"async\" src=\"\/rukasafaris\/wp-content\/uploads\/2022\/03\/Sauna_green_netti_muokattu.jpeg\" alt=\"\"><\/p>\n<p><p>\n        <a href=\"\/rukasafaris\/wp-content\/uploads\/2022\/03\/Sauna-sertifikaatti.pdf\">Saunasertifikaatti<\/a>\n    <\/p>\n<\/p>\n<ul>\n<li>\n<p>        <img decoding=\"async\" src=\"\/rukasafaris\/wp-content\/uploads\/2022\/03\/Aivoriihi-outside2.jpg\" alt=\"\"><\/p>\n<h3>Aivoriihi-outside2<\/h3>\n<\/li>\n<li>\n<p>        <img decoding=\"async\" src=\"\/rukasafaris\/wp-content\/uploads\/2022\/03\/aivoriihi-sauna-pukuhuone.jpg\" alt=\"\"><\/p>\n<h3>aivoriihi-sauna-pukuhuone<\/h3>\n<\/li>\n<li>\n<p>        <img decoding=\"async\" src=\"\/rukasafaris\/wp-content\/uploads\/2022\/03\/Aivoriihi-outside.jpg\" alt=\"\"><\/p>\n<h3>Aivoriihi-outside<\/h3>\n<\/li>\n<li>\n<p>        <img decoding=\"async\" src=\"\/rukasafaris\/wp-content\/uploads\/2022\/03\/Aivoriihi-sauna.jpg\" alt=\"\"><\/p>\n<h3>Aivoriihi-sauna<\/h3>\n<\/li>\n<li>\n<p>        <img decoding=\"async\" src=\"\/rukasafaris\/wp-content\/uploads\/2022\/03\/aivoriihi-sauna-mutanaamat.jpg\" alt=\"\"><\/p>\n<h3>aivoriihi-sauna-mutanaamat<\/h3>\n<\/li>\n<\/ul>\n<p><!--more--><br \/>\n<!-- {\"children\":[{\"name\":\"Hero\",\"type\":\"section\",\"props\":{\"height\":\"viewport\",\"height_offset_top\":true,\"image\":\"wp-content\\\/uploads\\\/2025\\\/05\\\/Aivoriihi-sauna.jpg\",\"image_effect\":\"parallax\",\"image_height\":\"1300\",\"image_loading\":true,\"image_parallax_bgy\":\"-200,0\",\"image_parallax_breakpoint\":\"m\",\"image_parallax_easing\":\"1\",\"image_position\":\"top-center\",\"image_size\":\"cover\",\"image_width\":\"2560\",\"media_overlay\":\"rgba(0, 0, 0, 0.08)\",\"overlap\":false,\"padding\":\"large\",\"style\":\"default\",\"text_color\":\"light\",\"title_breakpoint\":\"xl\",\"title_position\":\"top-left\",\"title_rotation\":\"left\",\"vertical_align\":\"middle\",\"width\":\"large\"},\"children\":[{\"type\":\"row\",\"children\":[{\"type\":\"column\",\"props\":{\"image_position\":\"center-center\",\"position_sticky_breakpoint\":\"m\",\"width_medium\":\"1-1\"},\"children\":[{\"type\":\"headline\",\"props\":{\"content\":\"<span>Aito puusauna<\\\/span>\",\"margin\":\"small\",\"text_align\":\"center\",\"title_decoration\":\"line\",\"title_element\":\"div\",\"title_font_family\":\"tertiary\",\"title_style\":\"h3\"}},{\"type\":\"headline\",\"props\":{\"content\":\"\n\n<p class=\\\"djc_title\\\">Aivoriihi<\\\/p>\",\"margin_remove_top\":true,\"text_align\":\"center\",\"title_element\":\"h1\",\"title_style\":\"heading-large\"}}]}]}]},{\"type\":\"section\",\"props\":{\"image_position\":\"center-center\",\"padding_remove_top\":false,\"style\":\"default\",\"title_breakpoint\":\"xl\",\"title_position\":\"center-left\",\"title_rotation\":\"left\",\"vertical_align\":\"\",\"width\":\"small\"},\"children\":[{\"type\":\"row\",\"children\":[{\"type\":\"column\",\"props\":{\"image_position\":\"center-center\",\"position_sticky_breakpoint\":\"m\",\"width_medium\":\"2-3\",\"width_small\":\"2-3\"},\"children\":[{\"type\":\"text\",\"props\":{\"column_breakpoint\":\"m\",\"content\":\"\n\n<p>Aivoriihi-saunassa kiteytyy saunomisen syvin olemus: hyv\\u00e4ss\\u00e4 seurassa, upeissa l\\u00f6ylyiss\\u00e4, syntyv\\u00e4t ne parhaimmat ideat. Nimens\\u00e4 veroisesti tervetuloa pit\\u00e4m\\u00e4\\u00e4n meille Aivoriihi ja tekem\\u00e4\\u00e4n hyvi\\u00e4 ja t\\u00e4rkeit\\u00e4 p\\u00e4\\u00e4t\\u00f6ksi\\u00e4!<\\\/p>\\n\n\n<p>Aivoriihi-saunan syd\\u00e4men\\u00e4 seisoo jyhke\\u00e4 Aito-kiuas. Kiuasta l\\u00e4mmitell\\u00e4\\u00e4n nelisen tuntia ennen saunaan p\\u00e4\\u00e4sy\\u00e4. Lauteille mahtuu jopa\\u00a030 henkil\\u00f6\\u00e4 kerrallaan. Saunan vieress\\u00e4 sijaitsevalla takkahuoneella voi osa ryhm\\u00e4st\\u00e4 odotella saunavuoroaan nauttien samalla pikkupurtavaa. Pihalta l\\u00f6ytyv\\u00e4ss\\u00e4 ulkoporealtaassa my\\u00f6s mieli rentoutuu saunavuoroa odotellessa!\\u00a0<\\\/p>\\n\n\n<p>Sauna sijaitsee vain 10 minuutin ajomatkan p\\u00e4\\u00e4ss\\u00e4 Rukalta ja talvella moottorikelkoilla matkaa kertyy n. 20 kilometri\\u00e4.\\u00a0<\\\/p>\\n\n\n<p><strong>Kes\\u00e4hinta 1.5.-30.10.<span>\\u00a0<\\\/span><\\\/strong><strong>420 \\u20ac \\\/ ryhm\\u00e4 (max 20 hl\\u00f6\\u00e4)<\\\/strong><br \\\/><br \\\/><strong>Talvihinta 1.11. \\u2013 30.4.\\u00a0<\\\/strong><strong>550 \\u20ac \\\/ ryhm\\u00e4 (max 20 hl\\u00f6\\u00e4)<\\\/strong><\\\/p>\\n\n\n<p><span data-contrast=\\\"auto\\\">Varaa saunavuorosi Iisakki Villagen vastaanotosta:<br \\\/><a href=\\\"mailto:iisakkivillage@rukasafaris.fi\\\">iisakkivillage@rukasafaris.fi<\\\/a>\\u00a0tai puh.\\u00a0<a href=\\\"tel:+358 40 5016041\\\">+358 40 501 6041<\\\/a><\\\/span><\\\/p>\",\"margin\":\"medium\"}}]},{\"type\":\"column\",\"props\":{\"image_position\":\"center-center\",\"position_sticky_breakpoint\":\"m\",\"width_medium\":\"1-3\",\"width_small\":\"1-3\"},\"children\":[{\"type\":\"image\",\"props\":{\"image\":\"wp-content\\\/uploads\\\/2022\\\/03\\\/Sauna_green_netti_muokattu.jpeg\",\"image_svg_color\":\"emphasis\",\"margin\":\"default\"}},{\"type\":\"button\",\"props\":{\"grid_column_gap\":\"small\",\"grid_row_gap\":\"small\",\"margin\":\"default\"},\"children\":[{\"type\":\"button_item\",\"props\":{\"button_style\":\"text\",\"content\":\"Saunasertifikaatti\",\"dialog_layout\":\"modal\",\"dialog_offcanvas_flip\":true,\"icon\":\"file-pdf\",\"icon_align\":\"left\",\"link\":\"wp-content\\\/uploads\\\/2022\\\/03\\\/Sauna-sertifikaatti.pdf\",\"link_target\":\"blank\"}}]}]}],\"props\":{\"layout\":\"2-3,1-3\"}},{\"type\":\"row\",\"children\":[{\"type\":\"column\",\"props\":{\"image_position\":\"center-center\",\"position_sticky_breakpoint\":\"m\",\"width_medium\":\"1-1\"},\"children\":[{\"type\":\"overlay-slider\",\"props\":{\"container_padding_remove\":true,\"image_height\":\"400\",\"image_width\":\"600\",\"link_style\":\"default\",\"link_text\":\"\",\"margin\":\"default\",\"meta_align\":\"below-title\",\"meta_element\":\"div\",\"meta_style\":\"text-meta\",\"nav\":\"\",\"nav_align\":\"left\",\"nav_below\":true,\"nav_breakpoint\":\"s\",\"nav_position\":\"bottom-center\",\"nav_position_margin\":\"medium\",\"overlay_link\":true,\"overlay_mode\":\"cover\",\"overlay_position\":\"center\",\"overlay_transition\":\"fade\",\"show_content\":true,\"show_hover_image\":true,\"show_hover_video\":true,\"show_link\":true,\"show_meta\":true,\"show_title\":false,\"slidenav\":\"default\",\"slidenav_breakpoint\":\"s\",\"slidenav_large\":true,\"slidenav_margin\":\"small\",\"slidenav_outside_breakpoint\":\"xl\",\"slider_autoplay\":true,\"slider_autoplay_pause\":true,\"slider_center\":false,\"slider_finite\":false,\"slider_gap\":\"small\",\"slider_width\":\"\",\"slider_width_default\":\"1-1\",\"slider_width_medium\":\"1-3\",\"text_align\":\"center\",\"title_element\":\"h3\",\"title_hover_style\":\"reset\"},\"children\":[{\"type\":\"overlay-slider_item\",\"props\":{\"image\":\"wp-content\\\/uploads\\\/2022\\\/03\\\/Aivoriihi-outside2.jpg\",\"title\":\"Aivoriihi-outside2\"}},{\"type\":\"overlay-slider_item\",\"props\":{\"image\":\"wp-content\\\/uploads\\\/2022\\\/03\\\/aivoriihi-sauna-pukuhuone.jpg\",\"title\":\"aivoriihi-sauna-pukuhuone\"}},{\"type\":\"overlay-slider_item\",\"props\":{\"image\":\"wp-content\\\/uploads\\\/2022\\\/03\\\/Aivoriihi-outside.jpg\",\"title\":\"Aivoriihi-outside\"}},{\"type\":\"overlay-slider_item\",\"props\":{\"image\":\"wp-content\\\/uploads\\\/2022\\\/03\\\/Aivoriihi-sauna.jpg\",\"title\":\"Aivoriihi-sauna\"}},{\"type\":\"overlay-slider_item\",\"props\":{\"image\":\"wp-content\\\/uploads\\\/2022\\\/03\\\/aivoriihi-sauna-mutanaamat.jpg\",\"title\":\"aivoriihi-sauna-mutanaamat\"}}]}]}]}],\"name\":\"Aivoriihisauna FI\"}],\"type\":\"layout\",\"version\":\"4.5.16\"} --><\/p>\n","protected":false},"excerpt":{"rendered":"<p>Aito puusauna Aivoriihi Aivoriihi-saunassa kiteytyy saunomisen syvin olemus: hyv\u00e4ss\u00e4 seurassa, upeissa l\u00f6ylyiss\u00e4, syntyv\u00e4t ne parhaimmat ideat. Nimens\u00e4 veroisesti tervetuloa pit\u00e4m\u00e4\u00e4n meille Aivoriihi ja tekem\u00e4\u00e4n hyvi\u00e4 ja t\u00e4rkeit\u00e4 p\u00e4\u00e4t\u00f6ksi\u00e4! Aivoriihi-saunan syd\u00e4men\u00e4 seisoo jyhke\u00e4 Aito-kiuas. Kiuasta l\u00e4mmitell\u00e4\u00e4n nelisen tuntia ennen saunaan p\u00e4\u00e4sy\u00e4. Lauteille mahtuu jopa\u00a030 henkil\u00f6\u00e4 kerrallaan. Saunan vieress\u00e4 sijaitsevalla takkahuoneella voi osa ryhm\u00e4st\u00e4 odotella saunavuoroaan nauttien [&hellip;]<\/p>\n","protected":false},"author":6,"featured_media":4032,"parent":1111,"menu_order":1,"comment_status":"closed","ping_status":"closed","template":"","meta":{"cybocfi_hide_featured_image":"","footnotes":""},"class_list":["post-11524","page","type-page","status-publish","has-post-thumbnail","hentry"],"yoast_head":"<!-- This site is optimized with the Yoast SEO Premium plugin v25.1 (Yoast SEO v25.3) - https:\/\/yoast.com\/wordpress\/plugins\/seo\/ -->\n<title>Aivoriihi Sauna - Ruka Safaris, Kuusamo, Finland<\/title>\n<meta name=\"description\" content=\"Ruka Safaris has several saunas and get-together places for groups of all sizes to spend an evening.\" \/>\n<meta name=\"robots\" content=\"index, follow, max-snippet:-1, max-image-preview:large, max-video-preview:-1\" \/>\n<link rel=\"canonical\" href=\"https:\/\/davas.site\/rukasafaris\/saunat\/aivoriihi-sauna\/\" \/>\n<meta property=\"og:locale\" content=\"fi_FI\" \/>\n<meta property=\"og:type\" content=\"article\" \/>\n<meta property=\"og:title\" content=\"Aivoriihi Sauna\" \/>\n<meta property=\"og:description\" content=\"Ruka Safaris has several saunas and get-together places for groups of all sizes to spend an evening.\" \/>\n<meta property=\"og:url\" content=\"https:\/\/davas.site\/rukasafaris\/saunat\/aivoriihi-sauna\/\" \/>\n<meta property=\"og:site_name\" content=\"Ruka Safaris, Kuusamo, Finland\" \/>\n<meta property=\"article:publisher\" content=\"https:\/\/www.facebook.com\/rukasafaris\" \/>\n<meta property=\"article:modified_time\" content=\"2025-09-11T12:14:49+00:00\" \/>\n<meta property=\"og:image\" content=\"https:\/\/davas.site\/rukasafaris\/wp-content\/uploads\/2023\/02\/P7140992-scaled.jpg\" \/>\n\t<meta property=\"og:image:width\" content=\"2560\" \/>\n\t<meta property=\"og:image:height\" content=\"1707\" \/>\n\t<meta property=\"og:image:type\" content=\"image\/jpeg\" \/>\n<meta name=\"twitter:card\" content=\"summary_large_image\" \/>\n<meta name=\"twitter:label1\" content=\"Arvioitu lukuaika\" \/>\n\t<meta name=\"twitter:data1\" content=\"2 minuuttia\" \/>\n<script type=\"application\/ld+json\" class=\"yoast-schema-graph\">{\"@context\":\"https:\/\/schema.org\",\"@graph\":[{\"@type\":\"WebPage\",\"@id\":\"https:\/\/davas.site\/rukasafaris\/saunat\/aivoriihi-sauna\/\",\"url\":\"https:\/\/davas.site\/rukasafaris\/saunat\/aivoriihi-sauna\/\",\"name\":\"Aivoriihi Sauna - Ruka Safaris, Kuusamo, Finland\",\"isPartOf\":{\"@id\":\"https:\/\/davas.site\/rukasafaris\/#website\"},\"primaryImageOfPage\":{\"@id\":\"https:\/\/davas.site\/rukasafaris\/saunat\/aivoriihi-sauna\/#primaryimage\"},\"image\":{\"@id\":\"https:\/\/davas.site\/rukasafaris\/saunat\/aivoriihi-sauna\/#primaryimage\"},\"thumbnailUrl\":\"https:\/\/davas.site\/rukasafaris\/wp-content\/uploads\/2023\/02\/P7140992-scaled.jpg\",\"datePublished\":\"2025-06-02T09:17:43+00:00\",\"dateModified\":\"2025-09-11T12:14:49+00:00\",\"description\":\"Ruka Safaris has several saunas and get-together places for groups of all sizes to spend an evening.\",\"breadcrumb\":{\"@id\":\"https:\/\/davas.site\/rukasafaris\/saunat\/aivoriihi-sauna\/#breadcrumb\"},\"inLanguage\":\"fi\",\"potentialAction\":[{\"@type\":\"ReadAction\",\"target\":[\"https:\/\/davas.site\/rukasafaris\/saunat\/aivoriihi-sauna\/\"]}]},{\"@type\":\"ImageObject\",\"inLanguage\":\"fi\",\"@id\":\"https:\/\/davas.site\/rukasafaris\/saunat\/aivoriihi-sauna\/#primaryimage\",\"url\":\"https:\/\/davas.site\/rukasafaris\/wp-content\/uploads\/2023\/02\/P7140992-scaled.jpg\",\"contentUrl\":\"https:\/\/davas.site\/rukasafaris\/wp-content\/uploads\/2023\/02\/P7140992-scaled.jpg\",\"width\":2560,\"height\":1707,\"caption\":\"OLYMPUS DIGITAL CAMERA\"},{\"@type\":\"BreadcrumbList\",\"@id\":\"https:\/\/davas.site\/rukasafaris\/saunat\/aivoriihi-sauna\/#breadcrumb\",\"itemListElement\":[{\"@type\":\"ListItem\",\"position\":1,\"name\":\"Home\",\"item\":\"https:\/\/davas.site\/rukasafaris\/\"},{\"@type\":\"ListItem\",\"position\":2,\"name\":\"Saunat\",\"item\":\"https:\/\/davas.site\/rukasafaris\/saunat\/\"},{\"@type\":\"ListItem\",\"position\":3,\"name\":\"Aivoriihi Sauna\"}]},{\"@type\":\"WebSite\",\"@id\":\"https:\/\/davas.site\/rukasafaris\/#website\",\"url\":\"https:\/\/davas.site\/rukasafaris\/\",\"name\":\"Ruka Safaris, Kuusamo\",\"description\":\"Adventure Travel Since 1988\",\"publisher\":{\"@id\":\"https:\/\/davas.site\/rukasafaris\/#organization\"},\"potentialAction\":[{\"@type\":\"SearchAction\",\"target\":{\"@type\":\"EntryPoint\",\"urlTemplate\":\"https:\/\/davas.site\/rukasafaris\/?s={search_term_string}\"},\"query-input\":{\"@type\":\"PropertyValueSpecification\",\"valueRequired\":true,\"valueName\":\"search_term_string\"}}],\"inLanguage\":\"fi\"},{\"@type\":\"Organization\",\"@id\":\"https:\/\/davas.site\/rukasafaris\/#organization\",\"name\":\"Ruka Safaris\",\"url\":\"https:\/\/davas.site\/rukasafaris\/\",\"logo\":{\"@type\":\"ImageObject\",\"inLanguage\":\"fi\",\"@id\":\"https:\/\/davas.site\/rukasafaris\/#\/schema\/logo\/image\/\",\"url\":\"https:\/\/davas.site\/rukasafaris\/wp-content\/uploads\/2022\/03\/ruka-safaris-logo.png\",\"contentUrl\":\"https:\/\/davas.site\/rukasafaris\/wp-content\/uploads\/2022\/03\/ruka-safaris-logo.png\",\"width\":500,\"height\":500,\"caption\":\"Ruka Safaris\"},\"image\":{\"@id\":\"https:\/\/davas.site\/rukasafaris\/#\/schema\/logo\/image\/\"},\"sameAs\":[\"https:\/\/www.facebook.com\/rukasafaris\",\"https:\/\/www.instagram.com\/rukasafaris\",\"https:\/\/www.youtube.com\/user\/rukasafaris\"]}]}<\/script>\n<!-- \/ Yoast SEO Premium plugin. -->","yoast_head_json":{"title":"Aivoriihi Sauna - Ruka Safaris, Kuusamo, Finland","description":"Ruka Safaris has several saunas and get-together places for groups of all sizes to spend an evening.","robots":{"index":"index","follow":"follow","max-snippet":"max-snippet:-1","max-image-preview":"max-image-preview:large","max-video-preview":"max-video-preview:-1"},"canonical":"https:\/\/davas.site\/rukasafaris\/saunat\/aivoriihi-sauna\/","og_locale":"fi_FI","og_type":"article","og_title":"Aivoriihi Sauna","og_description":"Ruka Safaris has several saunas and get-together places for groups of all sizes to spend an evening.","og_url":"https:\/\/davas.site\/rukasafaris\/saunat\/aivoriihi-sauna\/","og_site_name":"Ruka Safaris, Kuusamo, Finland","article_publisher":"https:\/\/www.facebook.com\/rukasafaris","article_modified_time":"2025-09-11T12:14:49+00:00","og_image":[{"width":2560,"height":1707,"url":"https:\/\/davas.site\/rukasafaris\/wp-content\/uploads\/2023\/02\/P7140992-scaled.jpg","type":"image\/jpeg"}],"twitter_card":"summary_large_image","twitter_misc":{"Arvioitu lukuaika":"2 minuuttia"},"schema":{"@context":"https:\/\/schema.org","@graph":[{"@type":"WebPage","@id":"https:\/\/davas.site\/rukasafaris\/saunat\/aivoriihi-sauna\/","url":"https:\/\/davas.site\/rukasafaris\/saunat\/aivoriihi-sauna\/","name":"Aivoriihi Sauna - Ruka Safaris, Kuusamo, Finland","isPartOf":{"@id":"https:\/\/davas.site\/rukasafaris\/#website"},"primaryImageOfPage":{"@id":"https:\/\/davas.site\/rukasafaris\/saunat\/aivoriihi-sauna\/#primaryimage"},"image":{"@id":"https:\/\/davas.site\/rukasafaris\/saunat\/aivoriihi-sauna\/#primaryimage"},"thumbnailUrl":"https:\/\/davas.site\/rukasafaris\/wp-content\/uploads\/2023\/02\/P7140992-scaled.jpg","datePublished":"2025-06-02T09:17:43+00:00","dateModified":"2025-09-11T12:14:49+00:00","description":"Ruka Safaris has several saunas and get-together places for groups of all sizes to spend an evening.","breadcrumb":{"@id":"https:\/\/davas.site\/rukasafaris\/saunat\/aivoriihi-sauna\/#breadcrumb"},"inLanguage":"fi","potentialAction":[{"@type":"ReadAction","target":["https:\/\/davas.site\/rukasafaris\/saunat\/aivoriihi-sauna\/"]}]},{"@type":"ImageObject","inLanguage":"fi","@id":"https:\/\/davas.site\/rukasafaris\/saunat\/aivoriihi-sauna\/#primaryimage","url":"https:\/\/davas.site\/rukasafaris\/wp-content\/uploads\/2023\/02\/P7140992-scaled.jpg","contentUrl":"https:\/\/davas.site\/rukasafaris\/wp-content\/uploads\/2023\/02\/P7140992-scaled.jpg","width":2560,"height":1707,"caption":"OLYMPUS DIGITAL CAMERA"},{"@type":"BreadcrumbList","@id":"https:\/\/davas.site\/rukasafaris\/saunat\/aivoriihi-sauna\/#breadcrumb","itemListElement":[{"@type":"ListItem","position":1,"name":"Home","item":"https:\/\/davas.site\/rukasafaris\/"},{"@type":"ListItem","position":2,"name":"Saunat","item":"https:\/\/davas.site\/rukasafaris\/saunat\/"},{"@type":"ListItem","position":3,"name":"Aivoriihi Sauna"}]},{"@type":"WebSite","@id":"https:\/\/davas.site\/rukasafaris\/#website","url":"https:\/\/davas.site\/rukasafaris\/","name":"Ruka Safaris, Kuusamo","description":"Adventure Travel Since 1988","publisher":{"@id":"https:\/\/davas.site\/rukasafaris\/#organization"},"potentialAction":[{"@type":"SearchAction","target":{"@type":"EntryPoint","urlTemplate":"https:\/\/davas.site\/rukasafaris\/?s={search_term_string}"},"query-input":{"@type":"PropertyValueSpecification","valueRequired":true,"valueName":"search_term_string"}}],"inLanguage":"fi"},{"@type":"Organization","@id":"https:\/\/davas.site\/rukasafaris\/#organization","name":"Ruka Safaris","url":"https:\/\/davas.site\/rukasafaris\/","logo":{"@type":"ImageObject","inLanguage":"fi","@id":"https:\/\/davas.site\/rukasafaris\/#\/schema\/logo\/image\/","url":"https:\/\/davas.site\/rukasafaris\/wp-content\/uploads\/2022\/03\/ruka-safaris-logo.png","contentUrl":"https:\/\/davas.site\/rukasafaris\/wp-content\/uploads\/2022\/03\/ruka-safaris-logo.png","width":500,"height":500,"caption":"Ruka Safaris"},"image":{"@id":"https:\/\/davas.site\/rukasafaris\/#\/schema\/logo\/image\/"},"sameAs":["https:\/\/www.facebook.com\/rukasafaris","https:\/\/www.instagram.com\/rukasafaris","https:\/\/www.youtube.com\/user\/rukasafaris"]}]}},"_links":{"self":[{"href":"https:\/\/davas.site\/rukasafaris\/wp-json\/wp\/v2\/pages\/11524","targetHints":{"allow":["GET"]}}],"collection":[{"href":"https:\/\/davas.site\/rukasafaris\/wp-json\/wp\/v2\/pages"}],"about":[{"href":"https:\/\/davas.site\/rukasafaris\/wp-json\/wp\/v2\/types\/page"}],"author":[{"embeddable":true,"href":"https:\/\/davas.site\/rukasafaris\/wp-json\/wp\/v2\/users\/6"}],"replies":[{"embeddable":true,"href":"https:\/\/davas.site\/rukasafaris\/wp-json\/wp\/v2\/comments?post=11524"}],"version-history":[{"count":6,"href":"https:\/\/davas.site\/rukasafaris\/wp-json\/wp\/v2\/pages\/11524\/revisions"}],"predecessor-version":[{"id":12789,"href":"https:\/\/davas.site\/rukasafaris\/wp-json\/wp\/v2\/pages\/11524\/revisions\/12789"}],"up":[{"embeddable":true,"href":"https:\/\/davas.site\/rukasafaris\/wp-json\/wp\/v2\/pages\/1111"}],"wp:featuredmedia":[{"embeddable":true,"href":"https:\/\/davas.site\/rukasafaris\/wp-json\/wp\/v2\/media\/4032"}],"wp:attachment":[{"href":"https:\/\/davas.site\/rukasafaris\/wp-json\/wp\/v2\/media?parent=11524"}],"curies":[{"name":"wp","href":"https:\/\/api.w.org\/{rel}","templated":true}]}}