{"id":11529,"date":"2025-06-02T12:33:09","date_gmt":"2025-06-02T09:33:09","guid":{"rendered":"https:\/\/davas.site\/rukasafaris\/?page_id=11529"},"modified":"2025-06-26T08:34:16","modified_gmt":"2025-06-26T05:34:16","slug":"iisakki-sauna","status":"publish","type":"page","link":"https:\/\/davas.site\/rukasafaris\/saunat\/iisakki-sauna\/","title":{"rendered":"Iisakki Sauna"},"content":{"rendered":"<div>L\u00e4mp\u00f6isi\u00e4 el\u00e4myksi\u00e4<\/div>\n<h1>\n<h1 class=\"uk-heading-large uk-margin-remove-top uk-text-center\" style=\"text-align: left;\">Iisakin Sauna<\/h1>\n<\/h1>\n<div>\n<p>Iisakin sauna l\u00e4mpenee kes\u00e4isin p\u00e4ivitt\u00e4in Iisakki Villagessa majoittuville asiakkaille. Sauna sijaitsee aivan Rukaj\u00e4rven rannassa ja p\u00e4\u00e4setkin l\u00f6ylyist\u00e4 suoraan laiturilta uimaan. L\u00f6ylyhuone ja puku- ja pesutilat sijaitsevat eri rakennuksissa. Voit my\u00f6s vuokrata saunan, pesu- ja pukutilat sek\u00e4 viereisen ulkoporealtaan omalle seurueellesi.<br \/><span data-contrast=\"auto\">Varaa saunavuorosi Iisakki Villagen vastaanotosta:<br \/><a href=\"mailto:iisakkivillage@rukasafaris.fi\">iisakkivillage@rukasafaris.fi<\/a>\u00a0tai puh.\u00a0<a href=\"tel:+358 40 5016041\">+358 40 501 6041<\/a><\/span><\/p>\n<p>T\u00e4m\u00e4kin sauna on ansainnut Sauna from Finland laatusertifikaatin, joten upea saunakokemus on taattu!<\/p>\n<\/div>\n<p><img decoding=\"async\" src=\"\/rukasafaris\/wp-content\/uploads\/2022\/03\/Sauna_green_netti_muokattu.jpeg\" alt=\"\"><\/p>\n<p><p>\n        <a href=\"\/rukasafaris\/wp-content\/uploads\/2022\/03\/Sauna-sertifikaatti.pdf\">Saunasertifikaatti<\/a>\n    <\/p>\n<\/p>\n<ul>\n<li>\n<p>        <img decoding=\"async\" src=\"\/rukasafaris\/wp-content\/uploads\/2022\/07\/iisakinsaunarakennus.jpg\" alt=\"\"><\/p>\n<h3>iisakinsaunarakennus<\/h3>\n<\/li>\n<li>\n<p>        <img decoding=\"async\" src=\"\/rukasafaris\/wp-content\/uploads\/2022\/07\/saunavasta.jpg\" alt=\"\"><\/p>\n<h3>saunavasta<\/h3>\n<\/li>\n<li>\n<p>        <img decoding=\"async\" src=\"\/rukasafaris\/wp-content\/uploads\/2022\/07\/iisakin-sauna-kesa.jpg\" alt=\"\"><\/p>\n<h3>iisakin-sauna-kesa<\/h3>\n<\/li>\n<li>\n<p>        <img decoding=\"async\" src=\"\/rukasafaris\/wp-content\/uploads\/2022\/07\/Iisakki-sauna-ice-swim.jpg\" alt=\"\"><\/p>\n<h3>Iisakki-sauna-ice-swim<\/h3>\n<\/li>\n<\/ul>\n<p><!--more--><br \/>\n<!-- {\"children\":[{\"name\":\"Hero\",\"type\":\"section\",\"props\":{\"height\":\"viewport\",\"height_offset_top\":true,\"image\":\"wp-content\\\/uploads\\\/2025\\\/05\\\/Sauna-Tour-Iisakki-Sauna-6.jpg\",\"image_effect\":\"parallax\",\"image_height\":\"1300\",\"image_loading\":true,\"image_parallax_bgy\":\"-200,0\",\"image_parallax_breakpoint\":\"m\",\"image_parallax_easing\":\"1\",\"image_position\":\"top-center\",\"image_size\":\"cover\",\"image_width\":\"2560\",\"media_overlay\":\"rgba(0, 0, 0, 0.08)\",\"overlap\":false,\"padding\":\"large\",\"style\":\"default\",\"text_color\":\"light\",\"title_breakpoint\":\"xl\",\"title_position\":\"top-left\",\"title_rotation\":\"left\",\"vertical_align\":\"middle\",\"width\":\"large\"},\"children\":[{\"type\":\"row\",\"children\":[{\"type\":\"column\",\"props\":{\"image_position\":\"center-center\",\"position_sticky_breakpoint\":\"m\",\"width_medium\":\"1-1\"},\"children\":[{\"type\":\"headline\",\"props\":{\"content\":\"L\\u00e4mp\\u00f6isi\\u00e4 el\\u00e4myksi\\u00e4\",\"margin\":\"small\",\"text_align\":\"center\",\"title_decoration\":\"line\",\"title_element\":\"div\",\"title_font_family\":\"tertiary\",\"title_style\":\"h3\"}},{\"type\":\"headline\",\"props\":{\"content\":\"\n\n<h1 class=\\\"uk-heading-large uk-margin-remove-top uk-text-center\\\" style=\\\"text-align: left;\\\">Iisakin Sauna<\\\/h1>\",\"margin_remove_top\":true,\"text_align\":\"center\",\"title_element\":\"h1\",\"title_style\":\"heading-large\"}}]}]}]},{\"type\":\"section\",\"props\":{\"image_position\":\"center-center\",\"padding_remove_top\":false,\"style\":\"default\",\"title_breakpoint\":\"xl\",\"title_position\":\"center-left\",\"title_rotation\":\"left\",\"vertical_align\":\"\",\"width\":\"small\"},\"children\":[{\"type\":\"row\",\"children\":[{\"type\":\"column\",\"props\":{\"image_position\":\"center-center\",\"position_sticky_breakpoint\":\"m\",\"width_medium\":\"2-3\",\"width_small\":\"2-3\"},\"children\":[{\"type\":\"text\",\"props\":{\"column_breakpoint\":\"m\",\"content\":\"\n\n<p>Iisakin sauna l\\u00e4mpenee kes\\u00e4isin p\\u00e4ivitt\\u00e4in Iisakki Villagessa majoittuville asiakkaille. Sauna sijaitsee aivan Rukaj\\u00e4rven rannassa ja p\\u00e4\\u00e4setkin l\\u00f6ylyist\\u00e4 suoraan laiturilta uimaan. L\\u00f6ylyhuone ja puku- ja pesutilat sijaitsevat eri rakennuksissa. Voit my\\u00f6s vuokrata saunan, pesu- ja pukutilat sek\\u00e4 viereisen ulkoporealtaan omalle seurueellesi.<br \\\/><span data-contrast=\\\"auto\\\">Varaa saunavuorosi Iisakki Villagen vastaanotosta:<br \\\/><a href=\\\"mailto:iisakkivillage@rukasafaris.fi\\\">iisakkivillage@rukasafaris.fi<\\\/a>\\u00a0tai puh.\\u00a0<a href=\\\"tel:+358 40 5016041\\\">+358 40 501 6041<\\\/a><\\\/span><\\\/p>\\n\n\n<p>T\\u00e4m\\u00e4kin sauna on ansainnut Sauna from Finland laatusertifikaatin, joten upea saunakokemus on taattu!<\\\/p>\",\"margin\":\"medium\"}}]},{\"type\":\"column\",\"props\":{\"image_position\":\"center-center\",\"position_sticky_breakpoint\":\"m\",\"width_medium\":\"1-3\",\"width_small\":\"1-3\"},\"children\":[{\"type\":\"image\",\"props\":{\"image\":\"wp-content\\\/uploads\\\/2022\\\/03\\\/Sauna_green_netti_muokattu.jpeg\",\"image_svg_color\":\"emphasis\",\"margin\":\"default\"}},{\"type\":\"button\",\"props\":{\"grid_column_gap\":\"small\",\"grid_row_gap\":\"small\",\"margin\":\"default\"},\"children\":[{\"type\":\"button_item\",\"props\":{\"button_style\":\"text\",\"content\":\"Saunasertifikaatti\",\"dialog_layout\":\"modal\",\"dialog_offcanvas_flip\":true,\"icon\":\"file-pdf\",\"icon_align\":\"left\",\"link\":\"wp-content\\\/uploads\\\/2022\\\/03\\\/Sauna-sertifikaatti.pdf\",\"link_target\":\"blank\"}}]}]}],\"props\":{\"layout\":\"2-3,1-3\"}},{\"type\":\"row\",\"children\":[{\"type\":\"column\",\"props\":{\"image_position\":\"center-center\",\"position_sticky_breakpoint\":\"m\",\"width_medium\":\"1-1\"},\"children\":[{\"type\":\"overlay-slider\",\"props\":{\"container_padding_remove\":true,\"image_height\":\"400\",\"image_width\":\"600\",\"link_style\":\"default\",\"link_text\":\"\",\"margin\":\"default\",\"meta_align\":\"below-title\",\"meta_element\":\"div\",\"meta_style\":\"text-meta\",\"nav\":\"\",\"nav_align\":\"left\",\"nav_below\":true,\"nav_breakpoint\":\"s\",\"nav_position\":\"bottom-center\",\"nav_position_margin\":\"medium\",\"overlay_link\":true,\"overlay_mode\":\"cover\",\"overlay_position\":\"center\",\"overlay_transition\":\"fade\",\"show_content\":true,\"show_hover_image\":true,\"show_hover_video\":true,\"show_link\":true,\"show_meta\":true,\"show_title\":false,\"slidenav\":\"default\",\"slidenav_breakpoint\":\"s\",\"slidenav_large\":true,\"slidenav_margin\":\"small\",\"slidenav_outside_breakpoint\":\"xl\",\"slider_autoplay\":true,\"slider_autoplay_pause\":true,\"slider_center\":false,\"slider_finite\":false,\"slider_gap\":\"small\",\"slider_width\":\"\",\"slider_width_default\":\"1-1\",\"slider_width_medium\":\"1-3\",\"text_align\":\"center\",\"title_element\":\"h3\",\"title_hover_style\":\"reset\"},\"children\":[{\"type\":\"overlay-slider_item\",\"props\":{\"image\":\"wp-content\\\/uploads\\\/2022\\\/07\\\/iisakinsaunarakennus.jpg\",\"title\":\"iisakinsaunarakennus\"}},{\"type\":\"overlay-slider_item\",\"props\":{\"image\":\"wp-content\\\/uploads\\\/2022\\\/07\\\/saunavasta.jpg\",\"title\":\"saunavasta\"}},{\"type\":\"overlay-slider_item\",\"props\":{\"image\":\"wp-content\\\/uploads\\\/2022\\\/07\\\/iisakin-sauna-kesa.jpg\",\"title\":\"iisakin-sauna-kesa\"}},{\"type\":\"overlay-slider_item\",\"props\":{\"image\":\"wp-content\\\/uploads\\\/2022\\\/07\\\/Iisakki-sauna-ice-swim.jpg\",\"title\":\"Iisakki-sauna-ice-swim\"}}]}]}]}],\"name\":\"Iisakki Sauna EN\"}],\"type\":\"layout\",\"version\":\"4.5.16\"} --><\/p>\n","protected":false},"excerpt":{"rendered":"<p>L\u00e4mp\u00f6isi\u00e4 el\u00e4myksi\u00e4 Iisakin Sauna Iisakin sauna l\u00e4mpenee kes\u00e4isin p\u00e4ivitt\u00e4in Iisakki Villagessa majoittuville asiakkaille. Sauna sijaitsee aivan Rukaj\u00e4rven rannassa ja p\u00e4\u00e4setkin l\u00f6ylyist\u00e4 suoraan laiturilta uimaan. L\u00f6ylyhuone ja puku- ja pesutilat sijaitsevat eri rakennuksissa. Voit my\u00f6s vuokrata saunan, pesu- ja pukutilat sek\u00e4 viereisen ulkoporealtaan omalle seurueellesi.Varaa saunavuorosi Iisakki Villagen vastaanotosta:iisakkivillage@rukasafaris.fi\u00a0tai puh.\u00a0+358 40 501 6041 T\u00e4m\u00e4kin sauna on [&hellip;]<\/p>\n","protected":false},"author":6,"featured_media":4032,"parent":1111,"menu_order":3,"comment_status":"closed","ping_status":"closed","template":"","meta":{"cybocfi_hide_featured_image":"","footnotes":""},"class_list":["post-11529","page","type-page","status-publish","has-post-thumbnail","hentry"],"yoast_head":"<!-- This site is optimized with the Yoast SEO Premium plugin v25.1 (Yoast SEO v25.3) - https:\/\/yoast.com\/wordpress\/plugins\/seo\/ -->\n<title>Iisakki Sauna - Ruka Safaris, Kuusamo, Finland<\/title>\n<meta name=\"description\" content=\"Ruka Safaris has several saunas and get-together places for groups of all sizes to spend an evening.\" \/>\n<meta name=\"robots\" content=\"index, follow, max-snippet:-1, max-image-preview:large, max-video-preview:-1\" \/>\n<link rel=\"canonical\" href=\"https:\/\/davas.site\/rukasafaris\/saunat\/iisakki-sauna\/\" \/>\n<meta property=\"og:locale\" content=\"fi_FI\" \/>\n<meta property=\"og:type\" content=\"article\" \/>\n<meta property=\"og:title\" content=\"Iisakki Sauna\" \/>\n<meta property=\"og:description\" content=\"Ruka Safaris has several saunas and get-together places for groups of all sizes to spend an evening.\" \/>\n<meta property=\"og:url\" content=\"https:\/\/davas.site\/rukasafaris\/saunat\/iisakki-sauna\/\" \/>\n<meta property=\"og:site_name\" content=\"Ruka Safaris, Kuusamo, Finland\" \/>\n<meta property=\"article:publisher\" content=\"https:\/\/www.facebook.com\/rukasafaris\" \/>\n<meta property=\"article:modified_time\" content=\"2025-06-26T05:34:16+00:00\" \/>\n<meta property=\"og:image\" content=\"https:\/\/davas.site\/rukasafaris\/wp-content\/uploads\/2023\/02\/P7140992-scaled.jpg\" \/>\n\t<meta property=\"og:image:width\" content=\"2560\" \/>\n\t<meta property=\"og:image:height\" content=\"1707\" \/>\n\t<meta property=\"og:image:type\" content=\"image\/jpeg\" \/>\n<meta name=\"twitter:card\" content=\"summary_large_image\" \/>\n<meta name=\"twitter:label1\" content=\"Arvioitu lukuaika\" \/>\n\t<meta name=\"twitter:data1\" content=\"2 minuuttia\" \/>\n<script type=\"application\/ld+json\" class=\"yoast-schema-graph\">{\"@context\":\"https:\/\/schema.org\",\"@graph\":[{\"@type\":\"WebPage\",\"@id\":\"https:\/\/davas.site\/rukasafaris\/saunat\/iisakki-sauna\/\",\"url\":\"https:\/\/davas.site\/rukasafaris\/saunat\/iisakki-sauna\/\",\"name\":\"Iisakki Sauna - Ruka Safaris, Kuusamo, Finland\",\"isPartOf\":{\"@id\":\"https:\/\/davas.site\/rukasafaris\/#website\"},\"primaryImageOfPage\":{\"@id\":\"https:\/\/davas.site\/rukasafaris\/saunat\/iisakki-sauna\/#primaryimage\"},\"image\":{\"@id\":\"https:\/\/davas.site\/rukasafaris\/saunat\/iisakki-sauna\/#primaryimage\"},\"thumbnailUrl\":\"https:\/\/davas.site\/rukasafaris\/wp-content\/uploads\/2023\/02\/P7140992-scaled.jpg\",\"datePublished\":\"2025-06-02T09:33:09+00:00\",\"dateModified\":\"2025-06-26T05:34:16+00:00\",\"description\":\"Ruka Safaris has several saunas and get-together places for groups of all sizes to spend an evening.\",\"breadcrumb\":{\"@id\":\"https:\/\/davas.site\/rukasafaris\/saunat\/iisakki-sauna\/#breadcrumb\"},\"inLanguage\":\"fi\",\"potentialAction\":[{\"@type\":\"ReadAction\",\"target\":[\"https:\/\/davas.site\/rukasafaris\/saunat\/iisakki-sauna\/\"]}]},{\"@type\":\"ImageObject\",\"inLanguage\":\"fi\",\"@id\":\"https:\/\/davas.site\/rukasafaris\/saunat\/iisakki-sauna\/#primaryimage\",\"url\":\"https:\/\/davas.site\/rukasafaris\/wp-content\/uploads\/2023\/02\/P7140992-scaled.jpg\",\"contentUrl\":\"https:\/\/davas.site\/rukasafaris\/wp-content\/uploads\/2023\/02\/P7140992-scaled.jpg\",\"width\":2560,\"height\":1707,\"caption\":\"OLYMPUS DIGITAL CAMERA\"},{\"@type\":\"BreadcrumbList\",\"@id\":\"https:\/\/davas.site\/rukasafaris\/saunat\/iisakki-sauna\/#breadcrumb\",\"itemListElement\":[{\"@type\":\"ListItem\",\"position\":1,\"name\":\"Home\",\"item\":\"https:\/\/davas.site\/rukasafaris\/\"},{\"@type\":\"ListItem\",\"position\":2,\"name\":\"Saunat\",\"item\":\"https:\/\/davas.site\/rukasafaris\/saunat\/\"},{\"@type\":\"ListItem\",\"position\":3,\"name\":\"Iisakki Sauna\"}]},{\"@type\":\"WebSite\",\"@id\":\"https:\/\/davas.site\/rukasafaris\/#website\",\"url\":\"https:\/\/davas.site\/rukasafaris\/\",\"name\":\"Ruka Safaris, Kuusamo\",\"description\":\"Adventure Travel Since 1988\",\"publisher\":{\"@id\":\"https:\/\/davas.site\/rukasafaris\/#organization\"},\"potentialAction\":[{\"@type\":\"SearchAction\",\"target\":{\"@type\":\"EntryPoint\",\"urlTemplate\":\"https:\/\/davas.site\/rukasafaris\/?s={search_term_string}\"},\"query-input\":{\"@type\":\"PropertyValueSpecification\",\"valueRequired\":true,\"valueName\":\"search_term_string\"}}],\"inLanguage\":\"fi\"},{\"@type\":\"Organization\",\"@id\":\"https:\/\/davas.site\/rukasafaris\/#organization\",\"name\":\"Ruka Safaris\",\"url\":\"https:\/\/davas.site\/rukasafaris\/\",\"logo\":{\"@type\":\"ImageObject\",\"inLanguage\":\"fi\",\"@id\":\"https:\/\/davas.site\/rukasafaris\/#\/schema\/logo\/image\/\",\"url\":\"https:\/\/davas.site\/rukasafaris\/wp-content\/uploads\/2022\/03\/ruka-safaris-logo.png\",\"contentUrl\":\"https:\/\/davas.site\/rukasafaris\/wp-content\/uploads\/2022\/03\/ruka-safaris-logo.png\",\"width\":500,\"height\":500,\"caption\":\"Ruka Safaris\"},\"image\":{\"@id\":\"https:\/\/davas.site\/rukasafaris\/#\/schema\/logo\/image\/\"},\"sameAs\":[\"https:\/\/www.facebook.com\/rukasafaris\",\"https:\/\/www.instagram.com\/rukasafaris\",\"https:\/\/www.youtube.com\/user\/rukasafaris\"]}]}<\/script>\n<!-- \/ Yoast SEO Premium plugin. -->","yoast_head_json":{"title":"Iisakki Sauna - Ruka Safaris, Kuusamo, Finland","description":"Ruka Safaris has several saunas and get-together places for groups of all sizes to spend an evening.","robots":{"index":"index","follow":"follow","max-snippet":"max-snippet:-1","max-image-preview":"max-image-preview:large","max-video-preview":"max-video-preview:-1"},"canonical":"https:\/\/davas.site\/rukasafaris\/saunat\/iisakki-sauna\/","og_locale":"fi_FI","og_type":"article","og_title":"Iisakki Sauna","og_description":"Ruka Safaris has several saunas and get-together places for groups of all sizes to spend an evening.","og_url":"https:\/\/davas.site\/rukasafaris\/saunat\/iisakki-sauna\/","og_site_name":"Ruka Safaris, Kuusamo, Finland","article_publisher":"https:\/\/www.facebook.com\/rukasafaris","article_modified_time":"2025-06-26T05:34:16+00:00","og_image":[{"width":2560,"height":1707,"url":"https:\/\/davas.site\/rukasafaris\/wp-content\/uploads\/2023\/02\/P7140992-scaled.jpg","type":"image\/jpeg"}],"twitter_card":"summary_large_image","twitter_misc":{"Arvioitu lukuaika":"2 minuuttia"},"schema":{"@context":"https:\/\/schema.org","@graph":[{"@type":"WebPage","@id":"https:\/\/davas.site\/rukasafaris\/saunat\/iisakki-sauna\/","url":"https:\/\/davas.site\/rukasafaris\/saunat\/iisakki-sauna\/","name":"Iisakki Sauna - Ruka Safaris, Kuusamo, Finland","isPartOf":{"@id":"https:\/\/davas.site\/rukasafaris\/#website"},"primaryImageOfPage":{"@id":"https:\/\/davas.site\/rukasafaris\/saunat\/iisakki-sauna\/#primaryimage"},"image":{"@id":"https:\/\/davas.site\/rukasafaris\/saunat\/iisakki-sauna\/#primaryimage"},"thumbnailUrl":"https:\/\/davas.site\/rukasafaris\/wp-content\/uploads\/2023\/02\/P7140992-scaled.jpg","datePublished":"2025-06-02T09:33:09+00:00","dateModified":"2025-06-26T05:34:16+00:00","description":"Ruka Safaris has several saunas and get-together places for groups of all sizes to spend an evening.","breadcrumb":{"@id":"https:\/\/davas.site\/rukasafaris\/saunat\/iisakki-sauna\/#breadcrumb"},"inLanguage":"fi","potentialAction":[{"@type":"ReadAction","target":["https:\/\/davas.site\/rukasafaris\/saunat\/iisakki-sauna\/"]}]},{"@type":"ImageObject","inLanguage":"fi","@id":"https:\/\/davas.site\/rukasafaris\/saunat\/iisakki-sauna\/#primaryimage","url":"https:\/\/davas.site\/rukasafaris\/wp-content\/uploads\/2023\/02\/P7140992-scaled.jpg","contentUrl":"https:\/\/davas.site\/rukasafaris\/wp-content\/uploads\/2023\/02\/P7140992-scaled.jpg","width":2560,"height":1707,"caption":"OLYMPUS DIGITAL CAMERA"},{"@type":"BreadcrumbList","@id":"https:\/\/davas.site\/rukasafaris\/saunat\/iisakki-sauna\/#breadcrumb","itemListElement":[{"@type":"ListItem","position":1,"name":"Home","item":"https:\/\/davas.site\/rukasafaris\/"},{"@type":"ListItem","position":2,"name":"Saunat","item":"https:\/\/davas.site\/rukasafaris\/saunat\/"},{"@type":"ListItem","position":3,"name":"Iisakki Sauna"}]},{"@type":"WebSite","@id":"https:\/\/davas.site\/rukasafaris\/#website","url":"https:\/\/davas.site\/rukasafaris\/","name":"Ruka Safaris, Kuusamo","description":"Adventure Travel Since 1988","publisher":{"@id":"https:\/\/davas.site\/rukasafaris\/#organization"},"potentialAction":[{"@type":"SearchAction","target":{"@type":"EntryPoint","urlTemplate":"https:\/\/davas.site\/rukasafaris\/?s={search_term_string}"},"query-input":{"@type":"PropertyValueSpecification","valueRequired":true,"valueName":"search_term_string"}}],"inLanguage":"fi"},{"@type":"Organization","@id":"https:\/\/davas.site\/rukasafaris\/#organization","name":"Ruka Safaris","url":"https:\/\/davas.site\/rukasafaris\/","logo":{"@type":"ImageObject","inLanguage":"fi","@id":"https:\/\/davas.site\/rukasafaris\/#\/schema\/logo\/image\/","url":"https:\/\/davas.site\/rukasafaris\/wp-content\/uploads\/2022\/03\/ruka-safaris-logo.png","contentUrl":"https:\/\/davas.site\/rukasafaris\/wp-content\/uploads\/2022\/03\/ruka-safaris-logo.png","width":500,"height":500,"caption":"Ruka Safaris"},"image":{"@id":"https:\/\/davas.site\/rukasafaris\/#\/schema\/logo\/image\/"},"sameAs":["https:\/\/www.facebook.com\/rukasafaris","https:\/\/www.instagram.com\/rukasafaris","https:\/\/www.youtube.com\/user\/rukasafaris"]}]}},"_links":{"self":[{"href":"https:\/\/davas.site\/rukasafaris\/wp-json\/wp\/v2\/pages\/11529","targetHints":{"allow":["GET"]}}],"collection":[{"href":"https:\/\/davas.site\/rukasafaris\/wp-json\/wp\/v2\/pages"}],"about":[{"href":"https:\/\/davas.site\/rukasafaris\/wp-json\/wp\/v2\/types\/page"}],"author":[{"embeddable":true,"href":"https:\/\/davas.site\/rukasafaris\/wp-json\/wp\/v2\/users\/6"}],"replies":[{"embeddable":true,"href":"https:\/\/davas.site\/rukasafaris\/wp-json\/wp\/v2\/comments?post=11529"}],"version-history":[{"count":6,"href":"https:\/\/davas.site\/rukasafaris\/wp-json\/wp\/v2\/pages\/11529\/revisions"}],"predecessor-version":[{"id":12221,"href":"https:\/\/davas.site\/rukasafaris\/wp-json\/wp\/v2\/pages\/11529\/revisions\/12221"}],"up":[{"embeddable":true,"href":"https:\/\/davas.site\/rukasafaris\/wp-json\/wp\/v2\/pages\/1111"}],"wp:featuredmedia":[{"embeddable":true,"href":"https:\/\/davas.site\/rukasafaris\/wp-json\/wp\/v2\/media\/4032"}],"wp:attachment":[{"href":"https:\/\/davas.site\/rukasafaris\/wp-json\/wp\/v2\/media?parent=11529"}],"curies":[{"name":"wp","href":"https:\/\/api.w.org\/{rel}","templated":true}]}}