{"id":1156,"date":"2022-03-28T14:38:45","date_gmt":"2022-03-28T11:38:45","guid":{"rendered":"https:\/\/davas.site\/rukasafaris\/?page_id=1156"},"modified":"2025-04-08T10:04:47","modified_gmt":"2025-04-08T07:04:47","slug":"myyntitoimisto","status":"publish","type":"page","link":"https:\/\/davas.site\/rukasafaris\/myyntitoimisto\/","title":{"rendered":"Myyntitoimisto"},"content":{"rendered":"<h1>Ota yhteytt\u00e4<span class=\"uk-text-primary\">.<\/span><\/h1>\n<div>\n<h2>Ruka Safaris<\/h2>\n<div>\n<div class=\"el-content uk-panel uk-margin-medium-top\">\n<p><strong>MYYNTITOIMISTO JA IISAKKI VILLAGE<\/strong><br \/><a href=\"https:\/\/goo.gl\/maps\/Wjp3Ez7CCjzi6xE88\" target=\"_blank\" rel=\"noopener\">Myllylahdentie 4 <br \/>93830 Rukatunturi<\/a><\/p>\n<p><strong>Myyntitoimisto<\/strong><\/p>\n<p><strong>Avoinna ma-pe klo 9-16.30<br \/><\/strong><a href=\"tel:+35888521610\">+358 8 852 1610<\/a><br \/><a href=\"mailto:sales@rukasafaris.fi\">sales@rukasafaris.fi<\/a><\/p>\n<p><strong>Iisakki Village Vastaanotto<\/strong><\/p>\n<p><b>Aukioloajat sivun alalaidassa<br \/><\/b><a href=\"tel:+358 40 5016041\">+358 40 501 6041<\/a><br \/><a href=\"mailto:iisakkivillage@rukasafaris.fi\">iisakkivillage@rukasafaris.fi<\/a><\/p>\n<p><strong>Ravintola Iisakin Talo<\/strong><br \/><a href=\"mailto:restaurant@rukasafaris.fi\">restaurant@rukasafaris.fi<\/a><\/p>\n<p><strong>RUKA SAFARIS SAFARITALO JA RAVINTOLA KONTIOLUOLA<br \/><\/strong><a href=\"https:\/\/goo.gl\/maps\/X3CLv2JGtk7eKZYJ8\" target=\"_blank\" rel=\"noopener\">Onkerniementie 12 <br \/>93830 Rukatunturi<\/a><\/p>\n<p><a href=\"mailto:sales@rukasafaris.fi\"><\/a><strong>Ruka Safaris Front Desk<br \/><\/strong><a href=\"tel:+358 44 0477010\">+358 44 047 7010<\/a><br \/><a href=\"mailto:rukasafaris@rukasafaris.fi\">rukasafaris@rukasafaris.fi<\/a><\/p>\n<p><strong>Ravintola Kontioluola<\/strong><br \/><a href=\"mailto:restaurant@rukasafaris.fi\">restaurant@rukasafaris.fi<\/a><\/p>\n<\/div>\n<\/div>\n<\/div>\n<div>\n<p>Henkil\u00f6kohtaiset s\u00e4hk\u00f6postit<span>\u00a0<\/span><span id=\"cloakfab18eaa607a54d937bf784982b5e7ae\">etunimi.sukunimi@rukasafaris.fi<\/span><\/p>\n<p>Kilpailu- ja kuluttajavirasto on rekister\u00f6inyt Ruka Experiences Oy:n matkanj\u00e4rjest\u00e4j\u00e4ksi\u00a0 vakuudenasettamisvelvollisista pidett\u00e4v\u00e4\u00e4n rekisteriin, rekister\u00f6intitunnus 1227\/21\/Mj.<\/p>\n<\/div>\n<ul>\n<li>\n<p>        <img decoding=\"async\" src=\"\/wp-content\/uploads\/2023\/11\/HannaTauriainen.png\" alt=\"\"><\/p>\n<div>Hanna Tauriainen<\/div>\n<p>Toimitusjohtaja<\/p>\n<div>\n<p><a href=\"tel:+358 40 6233 847\">+358 40 6233 847<\/a><\/p>\n<\/div>\n<\/li>\n<li>\n<p>        <img decoding=\"async\" src=\"\/wp-content\/uploads\/2022\/04\/ville-maijanen.jpg\" alt=\"Ville Maijanen\"><\/p>\n<div>Ville Maijanen<\/div>\n<p>Procurement &#038; Compliance Manager<\/p>\n<div>\n<p><a href=\"tel:+358 40 511 1681\">+358 40 511 1681<\/a><\/p>\n<\/div>\n<\/li>\n<li>\n<p>        <img decoding=\"async\" src=\"\/wp-content\/uploads\/2025\/02\/Personel_RS_Jochem_WEB_300x300px.jpg\" alt=\"Ville Maijanen\"><\/p>\n<div>Jochem Van Den Bosch<\/div>\n<p>Operatiivinen p\u00e4\u00e4llikk\u00f6<\/p>\n<div>\n<p><a href=\"tel:+358 40 764 5516\">+358 40 764 5516<\/a><\/p>\n<\/div>\n<\/li>\n<li>\n<p>        <img decoding=\"async\" src=\"\/wp-content\/uploads\/2025\/02\/RS_Personnel_Niina_WEB_300x300px-1.jpg\" alt=\"\"><\/p>\n<div>Niina Lavikainen<\/div>\n<p>Vastaanottop\u00e4\u00e4llikk\u00f6<\/p>\n<div>\n<p><a href=\"tel:+358 44 7964 751\">+358 44 7964 751<\/a><\/p>\n<\/div>\n<\/li>\n<\/ul>\n<div>\n<h5>Myyntitoimisto<\/h5>\n<p><a href=\"mailto:sales@rukasafaris.fi\">sales@rukasafaris.fi<\/a><br \/><a href=\"tel:+358 8 852 1610\">+358 8 852 1610<\/a><\/p>\n<h5>Vastaanotto ja siivous<\/h5>\n<p><a href=\"mailto:iisakkivillage@rukasafaris.fi\">iisakkivillage@rukasafaris.fi<\/a><br \/><a href=\"tel:+358 40 5016041\">+358 40 5016041<\/a><\/p>\n<h5>Oppaat<\/h5>\n<p><a href=\"mailto:rukasafaris@rukasafaris.fi\">rukasafaris@rukasafaris.fi<\/a><br \/><a href=\"tel:+358 44 0477010\">+358 44 0477010<\/a><\/p>\n<\/div>\n<div>\n<\/div>\n<div>\n<h5>VERKKOLASKUOSOITE<\/h5>\n<p>Operaattori &#8211; Apix Messaging Oy (003723327487)\u00a0<\/p>\n<p>Verkkolaskuosoite &#8211; 300372389823<\/p>\n<p>OVT-tunnus &#8211; 003732389823<\/p>\n<h5>Pankkiyhteys<\/h5>\n<p>Pankkitili: FI31 8189 9710 0753 56<\/p>\n<p>BIC: DABAFIHH<\/p>\n<h5>S\u00c4HK\u00d6POSTI SKANNAUS<strong><\/strong><\/h5>\n<p><a href=\"mailto:003732389823@procountor.apix.fi\">003732389823@procountor.apix.fi<\/a><\/p>\n<h5>PAPERILASKUJEN SKANNAUS<\/h5>\n<p>Ruka Experiences Oy (Apix skannauspalvelu)<br \/>PL 16112<br \/>00021 LASKUTUS<\/p>\n<p>\u00a0 \u00a0 \u00a0 \u00a0 \u00a0 \u00a0 \u00a0 \u00a0 \u00a0 \u00a0 \u00a0 \u00a0 \u00a0 \u00a0 \u00a0 \u00a0 \u00a0 \u00a0 \u00a0 \u00a0 \u00a0 \u00a0 \u00a0 \u00a0 \u00a0 \u00a0 \u00a0 \u00a0 \u00a0 \u00a0 \u00a0 \u00a0 \u00a0 \u00a0 \u00a0 \u00a0 \u00a0 \u00a0\u00a0<\/p>\n<\/p>\n<\/div>\n<p><!--more--><br \/>\n<!-- {\"type\":\"layout\",\"children\":[{\"type\":\"section\",\"props\":{\"animation\":\"slide-left-small\",\"header_transparent\":false,\"header_transparent_text_color\":\"light\",\"image_position\":\"top-center\",\"padding_remove_bottom\":false,\"style\":\"secondary\",\"title_breakpoint\":\"xl\",\"title_position\":\"top-left\",\"title_rotation\":\"left\",\"vertical_align\":\"\",\"width\":\"default\"},\"children\":[{\"type\":\"row\",\"children\":[{\"type\":\"column\",\"props\":{\"image_position\":\"center-center\",\"position_sticky_breakpoint\":\"m\",\"width_medium\":\"1-1\"},\"children\":[{\"type\":\"headline\",\"props\":{\"content\":\"Ota yhteytt\\u00e4<span class=\\\"uk-text-primary\\\">.<\\\/span>\",\"title_element\":\"h1\",\"title_style\":\"heading-medium\"}}]}]}],\"name\":\"Hero\"},{\"type\":\"section\",\"props\":{\"image\":\"wp-content\\\/uploads\\\/2022\\\/03\\\/Iisakki-Village-camping-ilmakuva.jpg\",\"image_effect\":\"fixed\",\"image_height\":\"1200\",\"image_loading\":true,\"image_position\":\"center-center\",\"image_size\":\"cover\",\"image_width\":\"2560\",\"padding\":\"large\",\"style\":\"secondary\",\"title_breakpoint\":\"xl\",\"title_position\":\"top-left\",\"title_rotation\":\"left\",\"vertical_align\":\"\",\"width\":\"default\"},\"children\":[{\"type\":\"row\",\"props\":{\"layout\":\"1-2,1-2\"},\"children\":[{\"type\":\"column\",\"props\":{\"image_position\":\"center-center\",\"position_sticky_breakpoint\":\"m\",\"width_medium\":\"1-2\"}},{\"type\":\"column\",\"props\":{\"image_position\":\"center-center\",\"position_sticky_breakpoint\":\"m\",\"width_medium\":\"1-2\"},\"children\":[{\"type\":\"panel\",\"props\":{\"block_align\":\"right\",\"content\":\"\n\n<div class=\\\"el-content uk-panel uk-margin-medium-top\\\">\\n\n\n<p><strong>MYYNTITOIMISTO JA IISAKKI VILLAGE<\\\/strong><br \\\/><a href=\\\"https:\\\/\\\/goo.gl\\\/maps\\\/Wjp3Ez7CCjzi6xE88\\\" target=\\\"_blank\\\" rel=\\\"noopener\\\">Myllylahdentie 4 <br \\\/>93830 Rukatunturi<\\\/a><\\\/p>\\n\n\n<p><strong>Myyntitoimisto<\\\/strong><\\\/p>\\n\n\n<p><strong>Avoinna ma-pe klo 9-16.30<br \\\/><\\\/strong><a href=\\\"tel:+35888521610\\\">+358 8 852 1610<\\\/a><br \\\/><a href=\\\"mailto:sales@rukasafaris.fi\\\">sales@rukasafaris.fi<\\\/a><br \\\/><br \\\/><strong>Iisakki Village Vastaanotto<\\\/strong><\\\/p>\\n\n\n<p><b>Aukioloajat sivun alalaidassa<br \\\/><\\\/b><a href=\\\"tel:+358 40 5016041\\\">+358 40 501 6041<\\\/a><br \\\/><a href=\\\"mailto:iisakkivillage@rukasafaris.fi\\\">iisakkivillage@rukasafaris.fi<\\\/a><\\\/p>\\n\n\n<p><strong>Ravintola Iisakin Talo<\\\/strong><br \\\/><a href=\\\"mailto:restaurant@rukasafaris.fi\\\">restaurant@rukasafaris.fi<\\\/a><\\\/p>\\n\n\n<p><strong>RUKA SAFARIS SAFARITALO JA RAVINTOLA KONTIOLUOLA<br \\\/><\\\/strong><a href=\\\"https:\\\/\\\/goo.gl\\\/maps\\\/X3CLv2JGtk7eKZYJ8\\\" target=\\\"_blank\\\" rel=\\\"noopener\\\">Onkerniementie 12 <br \\\/>93830 Rukatunturi<\\\/a><br \\\/><br \\\/><a href=\\\"mailto:sales@rukasafaris.fi\\\"><\\\/a><strong>Ruka Safaris Front Desk<br \\\/><\\\/strong><a href=\\\"tel:+358 44 0477010\\\">+358 44 047 7010<\\\/a><br \\\/><a href=\\\"mailto:rukasafaris@rukasafaris.fi\\\">rukasafaris@rukasafaris.fi<\\\/a><br \\\/><br \\\/><strong>Ravintola Kontioluola<\\\/strong><br \\\/><a href=\\\"mailto:restaurant@rukasafaris.fi\\\">restaurant@rukasafaris.fi<\\\/a><\\\/p>\\n<\\\/div>\",\"content_column_breakpoint\":\"m\",\"content_margin\":\"medium\",\"icon_width\":80,\"image_align\":\"top\",\"image_grid_breakpoint\":\"m\",\"image_grid_width\":\"1-2\",\"image_svg_color\":\"emphasis\",\"link_margin\":\"large\",\"link_style\":\"default\",\"link_target\":true,\"link_text\":\"Open in Map\",\"margin\":\"default\",\"maxwidth\":\"large\",\"meta_align\":\"below-title\",\"meta_element\":\"div\",\"meta_style\":\"text-meta\",\"panel_padding\":\"default\",\"panel_style\":\"card-secondary\",\"title\":\"Ruka Safaris\",\"title_align\":\"top\",\"title_element\":\"h2\",\"title_grid_breakpoint\":\"m\",\"title_grid_width\":\"1-2\",\"title_hover_style\":\"reset\",\"title_margin\":\"remove\",\"title_style\":\"h2\"}}]}]}],\"name\":\"Contact\"},{\"type\":\"section\",\"props\":{\"image_position\":\"center-center\",\"style\":\"default\",\"title_breakpoint\":\"xl\",\"title_position\":\"top-left\",\"title_rotation\":\"left\",\"vertical_align\":\"\",\"width\":\"default\"},\"children\":[{\"type\":\"row\",\"children\":[{\"type\":\"column\",\"props\":{\"image_position\":\"center-center\",\"position_sticky_breakpoint\":\"m\"},\"children\":[{\"type\":\"text\",\"props\":{\"column_breakpoint\":\"m\",\"content\":\"\n\n<p>Henkil\\u00f6kohtaiset s\\u00e4hk\\u00f6postit<span>\\u00a0<\\\/span><span id=\\\"cloakfab18eaa607a54d937bf784982b5e7ae\\\">etunimi.sukunimi@rukasafaris.fi<\\\/span><\\\/p>\\n\n\n<p>Kilpailu- ja kuluttajavirasto on rekister\\u00f6inyt Ruka Experiences Oy:n matkanj\\u00e4rjest\\u00e4j\\u00e4ksi\\u00a0 vakuudenasettamisvelvollisista pidett\\u00e4v\\u00e4\\u00e4n rekisteriin, rekister\\u00f6intitunnus 1227\\\/21\\\/Mj.<\\\/p>\",\"margin\":\"default\"}},{\"name\":\"Grid Center Columns\",\"type\":\"grid\",\"children\":[{\"type\":\"grid_item\",\"props\":{\"content\":\"\n\n<p><a href=\\\"tel:+358 40 6233 847\\\">+358 40 6233 847<\\\/a><\\\/p>\",\"image\":\"wp-content\\\/uploads\\\/2023\\\/11\\\/HannaTauriainen.png\",\"meta\":\"Toimitusjohtaja\",\"title\":\"Hanna Tauriainen\"}},{\"type\":\"grid_item\",\"props\":{\"content\":\"\n\n<p><a href=\\\"tel:+358 40 511 1681\\\">+358 40 511 1681<\\\/a><\\\/p>\",\"image\":\"wp-content\\\/uploads\\\/2022\\\/04\\\/ville-maijanen.jpg\",\"image_alt\":\"Ville Maijanen\",\"meta\":\"Procurement & Compliance Manager\",\"title\":\"Ville Maijanen\"}},{\"type\":\"grid_item\",\"props\":{\"content\":\"\n\n<p><a href=\\\"tel:+358 40 764 5516\\\">+358 40 764 5516<\\\/a><\\\/p>\",\"image\":\"wp-content\\\/uploads\\\/2025\\\/02\\\/Personel_RS_Jochem_WEB_300x300px.jpg\",\"image_alt\":\"Ville Maijanen\",\"meta\":\"Operatiivinen p\\u00e4\\u00e4llikk\\u00f6\",\"title\":\"Jochem Van Den Bosch\"}},{\"type\":\"grid_item\",\"props\":{\"content\":\"\n\n<p><a href=\\\"tel:+358 44 7964 751\\\">+358 44 7964 751<\\\/a><\\\/p>\",\"image\":\"wp-content\\\/uploads\\\/2025\\\/02\\\/RS_Personnel_Niina_WEB_300x300px-1.jpg\",\"meta\":\"Vastaanottop\\u00e4\\u00e4llikk\\u00f6\",\"title\":\"Niina Lavikainen\"}}],\"props\":{\"block_align\":\"center\",\"content_column_breakpoint\":\"m\",\"content_margin\":\"remove\",\"filter_align\":\"left\",\"filter_all\":true,\"filter_grid_breakpoint\":\"m\",\"filter_grid_width\":\"auto\",\"filter_position\":\"top\",\"filter_style\":\"tab\",\"grid_column_align\":true,\"grid_default\":\"1\",\"grid_medium\":\"4\",\"grid_small\":\"3\",\"icon_width\":80,\"id\":\"grid-center-columns\",\"image_align\":\"top\",\"image_border\":\"circle\",\"image_grid_breakpoint\":\"m\",\"image_grid_width\":\"1-2\",\"image_height\":\"350\",\"image_loading\":true,\"image_svg_color\":\"emphasis\",\"image_width\":\"350\",\"item_animation\":true,\"lightbox_bg_close\":true,\"link_style\":\"default\",\"link_text\":\"Read more\",\"margin\":\"\",\"meta_align\":\"below-title\",\"meta_color\":\"muted\",\"meta_element\":\"div\",\"meta_margin\":\"remove\",\"meta_style\":\"\",\"panel_padding\":\"small\",\"parallax_easing\":\"1\",\"show_content\":true,\"show_hover_image\":true,\"show_hover_video\":true,\"show_image\":true,\"show_link\":true,\"show_meta\":true,\"show_title\":true,\"show_video\":true,\"text_align\":\"center\",\"title_align\":\"top\",\"title_element\":\"div\",\"title_grid_breakpoint\":\"m\",\"title_grid_width\":\"1-2\",\"title_hover_style\":\"reset\",\"title_style\":\"h5\"}},{\"type\":\"text\",\"props\":{\"column_breakpoint\":\"m\",\"content\":\"\n\n<h5>Myyntitoimisto<\\\/h5>\\n\n\n<p><a href=\\\"mailto:sales@rukasafaris.fi\\\">sales@rukasafaris.fi<\\\/a><br \\\/><a href=\\\"tel:+358 8 852 1610\\\">+358 8 852 1610<\\\/a><\\\/p>\\n\n\n<h5>Vastaanotto ja siivous<\\\/h5>\\n\n\n<p><a href=\\\"mailto:iisakkivillage@rukasafaris.fi\\\">iisakkivillage@rukasafaris.fi<\\\/a><br \\\/><a href=\\\"tel:+358 40 5016041\\\">+358 40 5016041<\\\/a><\\\/p>\\n\n\n<h5>Oppaat<\\\/h5>\\n\n\n<p><a href=\\\"mailto:rukasafaris@rukasafaris.fi\\\">rukasafaris@rukasafaris.fi<\\\/a><br \\\/><a href=\\\"tel:+358 44 0477010\\\">+358 44 0477010<\\\/a><br \\\/><br \\\/><\\\/p>\",\"margin\":\"default\"}},{\"type\":\"grid\",\"props\":{\"content_column_breakpoint\":\"m\",\"filter_align\":\"left\",\"filter_all\":true,\"filter_grid_breakpoint\":\"m\",\"filter_grid_width\":\"auto\",\"filter_position\":\"top\",\"filter_style\":\"tab\",\"grid_default\":\"1\",\"grid_medium\":\"3\",\"icon_width\":80,\"image_align\":\"top\",\"image_grid_breakpoint\":\"m\",\"image_grid_width\":\"1-2\",\"image_svg_color\":\"emphasis\",\"item_animation\":true,\"lightbox_bg_close\":true,\"link_style\":\"default\",\"link_text\":\"Read more\",\"margin\":\"default\",\"meta_align\":\"below-title\",\"meta_element\":\"div\",\"meta_style\":\"text-meta\",\"parallax_easing\":\"1\",\"show_content\":true,\"show_hover_image\":true,\"show_hover_video\":true,\"show_image\":true,\"show_link\":true,\"show_meta\":true,\"show_title\":true,\"show_video\":true,\"title_align\":\"top\",\"title_element\":\"h3\",\"title_grid_breakpoint\":\"m\",\"title_grid_width\":\"1-2\",\"title_hover_style\":\"reset\"},\"children\":[{\"type\":\"grid_item\",\"props\":{\"title\":\"\"}}]}]}]},{\"type\":\"row\",\"children\":[{\"type\":\"column\",\"props\":{\"image_position\":\"center-center\",\"position_sticky_breakpoint\":\"m\"},\"children\":[{\"type\":\"text\",\"props\":{\"column_breakpoint\":\"m\",\"content\":\"\n\n<h5>VERKKOLASKUOSOITE<\\\/h5>\\n\n\n<p>Operaattori - Apix Messaging Oy (003723327487)\\u00a0<\\\/p>\\n\n\n<p>Verkkolaskuosoite - 300372389823<\\\/p>\\n\n\n<p>OVT-tunnus - 003732389823<\\\/p>\\n\n\n<h5>Pankkiyhteys<\\\/h5>\\n\n\n<p>Pankkitili: FI31 8189 9710 0753 56<\\\/p>\\n\n\n<p>BIC: DABAFIHH<\\\/p>\\n\n\n<h5>S\\u00c4HK\\u00d6POSTI SKANNAUS<strong><\\\/strong><\\\/h5>\\n\n\n<p><a href=\\\"mailto:003732389823@procountor.apix.fi\\\">003732389823@procountor.apix.fi<\\\/a><\\\/p>\\n\n\n<h5>PAPERILASKUJEN SKANNAUS<\\\/h5>\\n\n\n<p>Ruka Experiences Oy (Apix skannauspalvelu)<br \\\/>PL 16112<br \\\/>00021 LASKUTUS<\\\/p>\\n\n\n<p>\\u00a0 \\u00a0 \\u00a0 \\u00a0 \\u00a0 \\u00a0 \\u00a0 \\u00a0 \\u00a0 \\u00a0 \\u00a0 \\u00a0 \\u00a0 \\u00a0 \\u00a0 \\u00a0 \\u00a0 \\u00a0 \\u00a0 \\u00a0 \\u00a0 \\u00a0 \\u00a0 \\u00a0 \\u00a0 \\u00a0 \\u00a0 \\u00a0 \\u00a0 \\u00a0 \\u00a0 \\u00a0 \\u00a0 \\u00a0 \\u00a0 \\u00a0 \\u00a0 \\u00a0\\u00a0<\\\/p>\\n\n\n<p><\\\/p>\",\"margin\":\"default\"}}]}]}]}],\"version\":\"4.5.6\"} --><\/p>\n","protected":false},"excerpt":{"rendered":"<p>Ota yhteytt\u00e4. Ruka Safaris MYYNTITOIMISTO JA IISAKKI VILLAGEMyllylahdentie 4 93830 Rukatunturi Myyntitoimisto Avoinna ma-pe klo 9-16.30+358 8 852 1610sales@rukasafaris.fi Iisakki Village Vastaanotto Aukioloajat sivun alalaidassa+358 40 501 6041iisakkivillage@rukasafaris.fi Ravintola Iisakin Talorestaurant@rukasafaris.fi RUKA SAFARIS SAFARITALO JA RAVINTOLA KONTIOLUOLAOnkerniementie 12 93830 Rukatunturi Ruka Safaris Front Desk+358 44 047 7010rukasafaris@rukasafaris.fi Ravintola Kontioluolarestaurant@rukasafaris.fi Henkil\u00f6kohtaiset s\u00e4hk\u00f6postit\u00a0etunimi.sukunimi@rukasafaris.fi Kilpailu- ja kuluttajavirasto on [&hellip;]<\/p>\n","protected":false},"author":1,"featured_media":1036,"parent":0,"menu_order":0,"comment_status":"closed","ping_status":"closed","template":"","meta":{"cybocfi_hide_featured_image":"","footnotes":""},"class_list":["post-1156","page","type-page","status-publish","has-post-thumbnail","hentry"],"yoast_head":"<!-- This site is optimized with the Yoast SEO Premium plugin v25.1 (Yoast SEO v25.3) - https:\/\/yoast.com\/wordpress\/plugins\/seo\/ -->\n<title>Myyntitoimisto - Ruka Safaris, Kuusamo, Finland<\/title>\n<meta name=\"description\" content=\"Ota yhteytt\u00e4 myyntitoimistoomme, autamme matkanne onnistumisessa. Tiedustele majoituksesta, ohjelmapalveluista tai ravintoloista Rukalla.\" \/>\n<meta name=\"robots\" content=\"index, follow, max-snippet:-1, max-image-preview:large, max-video-preview:-1\" \/>\n<link rel=\"canonical\" href=\"https:\/\/davas.site\/rukasafaris\/myyntitoimisto\/\" \/>\n<meta property=\"og:locale\" content=\"fi_FI\" \/>\n<meta property=\"og:type\" content=\"article\" \/>\n<meta property=\"og:title\" content=\"Myyntitoimisto\" \/>\n<meta property=\"og:description\" content=\"Ota yhteytt\u00e4 myyntitoimistoomme, autamme matkanne onnistumisessa. Tiedustele majoituksesta, ohjelmapalveluista tai ravintoloista Rukalla.\" \/>\n<meta property=\"og:url\" content=\"https:\/\/davas.site\/rukasafaris\/myyntitoimisto\/\" \/>\n<meta property=\"og:site_name\" content=\"Ruka Safaris, Kuusamo, Finland\" \/>\n<meta property=\"article:publisher\" content=\"https:\/\/www.facebook.com\/rukasafaris\" \/>\n<meta property=\"article:modified_time\" content=\"2025-04-08T07:04:47+00:00\" \/>\n<meta property=\"og:image\" content=\"https:\/\/davas.site\/rukasafaris\/wp-content\/uploads\/2022\/03\/Iisakki-village-ilmakuva3.jpg\" \/>\n\t<meta property=\"og:image:width\" content=\"1080\" \/>\n\t<meta property=\"og:image:height\" content=\"768\" \/>\n\t<meta property=\"og:image:type\" content=\"image\/jpeg\" \/>\n<meta name=\"twitter:card\" content=\"summary_large_image\" \/>\n<meta name=\"twitter:label1\" content=\"Arvioitu lukuaika\" \/>\n\t<meta name=\"twitter:data1\" content=\"1 minuutti\" \/>\n<script type=\"application\/ld+json\" class=\"yoast-schema-graph\">{\"@context\":\"https:\/\/schema.org\",\"@graph\":[{\"@type\":\"WebPage\",\"@id\":\"https:\/\/davas.site\/rukasafaris\/myyntitoimisto\/\",\"url\":\"https:\/\/davas.site\/rukasafaris\/myyntitoimisto\/\",\"name\":\"Myyntitoimisto - Ruka Safaris, Kuusamo, Finland\",\"isPartOf\":{\"@id\":\"https:\/\/davas.site\/rukasafaris\/#website\"},\"primaryImageOfPage\":{\"@id\":\"https:\/\/davas.site\/rukasafaris\/myyntitoimisto\/#primaryimage\"},\"image\":{\"@id\":\"https:\/\/davas.site\/rukasafaris\/myyntitoimisto\/#primaryimage\"},\"thumbnailUrl\":\"https:\/\/davas.site\/rukasafaris\/wp-content\/uploads\/2022\/03\/Iisakki-village-ilmakuva3.jpg\",\"datePublished\":\"2022-03-28T11:38:45+00:00\",\"dateModified\":\"2025-04-08T07:04:47+00:00\",\"description\":\"Ota yhteytt\u00e4 myyntitoimistoomme, autamme matkanne onnistumisessa. Tiedustele majoituksesta, ohjelmapalveluista tai ravintoloista Rukalla.\",\"breadcrumb\":{\"@id\":\"https:\/\/davas.site\/rukasafaris\/myyntitoimisto\/#breadcrumb\"},\"inLanguage\":\"fi\",\"potentialAction\":[{\"@type\":\"ReadAction\",\"target\":[\"https:\/\/davas.site\/rukasafaris\/myyntitoimisto\/\"]}]},{\"@type\":\"ImageObject\",\"inLanguage\":\"fi\",\"@id\":\"https:\/\/davas.site\/rukasafaris\/myyntitoimisto\/#primaryimage\",\"url\":\"https:\/\/davas.site\/rukasafaris\/wp-content\/uploads\/2022\/03\/Iisakki-village-ilmakuva3.jpg\",\"contentUrl\":\"https:\/\/davas.site\/rukasafaris\/wp-content\/uploads\/2022\/03\/Iisakki-village-ilmakuva3.jpg\",\"width\":1080,\"height\":768},{\"@type\":\"BreadcrumbList\",\"@id\":\"https:\/\/davas.site\/rukasafaris\/myyntitoimisto\/#breadcrumb\",\"itemListElement\":[{\"@type\":\"ListItem\",\"position\":1,\"name\":\"Home\",\"item\":\"https:\/\/davas.site\/rukasafaris\/\"},{\"@type\":\"ListItem\",\"position\":2,\"name\":\"Myyntitoimisto\"}]},{\"@type\":\"WebSite\",\"@id\":\"https:\/\/davas.site\/rukasafaris\/#website\",\"url\":\"https:\/\/davas.site\/rukasafaris\/\",\"name\":\"Ruka Safaris, Kuusamo\",\"description\":\"Adventure Travel Since 1988\",\"publisher\":{\"@id\":\"https:\/\/davas.site\/rukasafaris\/#organization\"},\"potentialAction\":[{\"@type\":\"SearchAction\",\"target\":{\"@type\":\"EntryPoint\",\"urlTemplate\":\"https:\/\/davas.site\/rukasafaris\/?s={search_term_string}\"},\"query-input\":{\"@type\":\"PropertyValueSpecification\",\"valueRequired\":true,\"valueName\":\"search_term_string\"}}],\"inLanguage\":\"fi\"},{\"@type\":\"Organization\",\"@id\":\"https:\/\/davas.site\/rukasafaris\/#organization\",\"name\":\"Ruka Safaris\",\"url\":\"https:\/\/davas.site\/rukasafaris\/\",\"logo\":{\"@type\":\"ImageObject\",\"inLanguage\":\"fi\",\"@id\":\"https:\/\/davas.site\/rukasafaris\/#\/schema\/logo\/image\/\",\"url\":\"https:\/\/davas.site\/rukasafaris\/wp-content\/uploads\/2022\/03\/ruka-safaris-logo.png\",\"contentUrl\":\"https:\/\/davas.site\/rukasafaris\/wp-content\/uploads\/2022\/03\/ruka-safaris-logo.png\",\"width\":500,\"height\":500,\"caption\":\"Ruka Safaris\"},\"image\":{\"@id\":\"https:\/\/davas.site\/rukasafaris\/#\/schema\/logo\/image\/\"},\"sameAs\":[\"https:\/\/www.facebook.com\/rukasafaris\",\"https:\/\/www.instagram.com\/rukasafaris\",\"https:\/\/www.youtube.com\/user\/rukasafaris\"]}]}<\/script>\n<!-- \/ Yoast SEO Premium plugin. -->","yoast_head_json":{"title":"Myyntitoimisto - Ruka Safaris, Kuusamo, Finland","description":"Ota yhteytt\u00e4 myyntitoimistoomme, autamme matkanne onnistumisessa. Tiedustele majoituksesta, ohjelmapalveluista tai ravintoloista Rukalla.","robots":{"index":"index","follow":"follow","max-snippet":"max-snippet:-1","max-image-preview":"max-image-preview:large","max-video-preview":"max-video-preview:-1"},"canonical":"https:\/\/davas.site\/rukasafaris\/myyntitoimisto\/","og_locale":"fi_FI","og_type":"article","og_title":"Myyntitoimisto","og_description":"Ota yhteytt\u00e4 myyntitoimistoomme, autamme matkanne onnistumisessa. Tiedustele majoituksesta, ohjelmapalveluista tai ravintoloista Rukalla.","og_url":"https:\/\/davas.site\/rukasafaris\/myyntitoimisto\/","og_site_name":"Ruka Safaris, Kuusamo, Finland","article_publisher":"https:\/\/www.facebook.com\/rukasafaris","article_modified_time":"2025-04-08T07:04:47+00:00","og_image":[{"width":1080,"height":768,"url":"https:\/\/davas.site\/rukasafaris\/wp-content\/uploads\/2022\/03\/Iisakki-village-ilmakuva3.jpg","type":"image\/jpeg"}],"twitter_card":"summary_large_image","twitter_misc":{"Arvioitu lukuaika":"1 minuutti"},"schema":{"@context":"https:\/\/schema.org","@graph":[{"@type":"WebPage","@id":"https:\/\/davas.site\/rukasafaris\/myyntitoimisto\/","url":"https:\/\/davas.site\/rukasafaris\/myyntitoimisto\/","name":"Myyntitoimisto - Ruka Safaris, Kuusamo, Finland","isPartOf":{"@id":"https:\/\/davas.site\/rukasafaris\/#website"},"primaryImageOfPage":{"@id":"https:\/\/davas.site\/rukasafaris\/myyntitoimisto\/#primaryimage"},"image":{"@id":"https:\/\/davas.site\/rukasafaris\/myyntitoimisto\/#primaryimage"},"thumbnailUrl":"https:\/\/davas.site\/rukasafaris\/wp-content\/uploads\/2022\/03\/Iisakki-village-ilmakuva3.jpg","datePublished":"2022-03-28T11:38:45+00:00","dateModified":"2025-04-08T07:04:47+00:00","description":"Ota yhteytt\u00e4 myyntitoimistoomme, autamme matkanne onnistumisessa. Tiedustele majoituksesta, ohjelmapalveluista tai ravintoloista Rukalla.","breadcrumb":{"@id":"https:\/\/davas.site\/rukasafaris\/myyntitoimisto\/#breadcrumb"},"inLanguage":"fi","potentialAction":[{"@type":"ReadAction","target":["https:\/\/davas.site\/rukasafaris\/myyntitoimisto\/"]}]},{"@type":"ImageObject","inLanguage":"fi","@id":"https:\/\/davas.site\/rukasafaris\/myyntitoimisto\/#primaryimage","url":"https:\/\/davas.site\/rukasafaris\/wp-content\/uploads\/2022\/03\/Iisakki-village-ilmakuva3.jpg","contentUrl":"https:\/\/davas.site\/rukasafaris\/wp-content\/uploads\/2022\/03\/Iisakki-village-ilmakuva3.jpg","width":1080,"height":768},{"@type":"BreadcrumbList","@id":"https:\/\/davas.site\/rukasafaris\/myyntitoimisto\/#breadcrumb","itemListElement":[{"@type":"ListItem","position":1,"name":"Home","item":"https:\/\/davas.site\/rukasafaris\/"},{"@type":"ListItem","position":2,"name":"Myyntitoimisto"}]},{"@type":"WebSite","@id":"https:\/\/davas.site\/rukasafaris\/#website","url":"https:\/\/davas.site\/rukasafaris\/","name":"Ruka Safaris, Kuusamo","description":"Adventure Travel Since 1988","publisher":{"@id":"https:\/\/davas.site\/rukasafaris\/#organization"},"potentialAction":[{"@type":"SearchAction","target":{"@type":"EntryPoint","urlTemplate":"https:\/\/davas.site\/rukasafaris\/?s={search_term_string}"},"query-input":{"@type":"PropertyValueSpecification","valueRequired":true,"valueName":"search_term_string"}}],"inLanguage":"fi"},{"@type":"Organization","@id":"https:\/\/davas.site\/rukasafaris\/#organization","name":"Ruka Safaris","url":"https:\/\/davas.site\/rukasafaris\/","logo":{"@type":"ImageObject","inLanguage":"fi","@id":"https:\/\/davas.site\/rukasafaris\/#\/schema\/logo\/image\/","url":"https:\/\/davas.site\/rukasafaris\/wp-content\/uploads\/2022\/03\/ruka-safaris-logo.png","contentUrl":"https:\/\/davas.site\/rukasafaris\/wp-content\/uploads\/2022\/03\/ruka-safaris-logo.png","width":500,"height":500,"caption":"Ruka Safaris"},"image":{"@id":"https:\/\/davas.site\/rukasafaris\/#\/schema\/logo\/image\/"},"sameAs":["https:\/\/www.facebook.com\/rukasafaris","https:\/\/www.instagram.com\/rukasafaris","https:\/\/www.youtube.com\/user\/rukasafaris"]}]}},"_links":{"self":[{"href":"https:\/\/davas.site\/rukasafaris\/wp-json\/wp\/v2\/pages\/1156","targetHints":{"allow":["GET"]}}],"collection":[{"href":"https:\/\/davas.site\/rukasafaris\/wp-json\/wp\/v2\/pages"}],"about":[{"href":"https:\/\/davas.site\/rukasafaris\/wp-json\/wp\/v2\/types\/page"}],"author":[{"embeddable":true,"href":"https:\/\/davas.site\/rukasafaris\/wp-json\/wp\/v2\/users\/1"}],"replies":[{"embeddable":true,"href":"https:\/\/davas.site\/rukasafaris\/wp-json\/wp\/v2\/comments?post=1156"}],"version-history":[{"count":118,"href":"https:\/\/davas.site\/rukasafaris\/wp-json\/wp\/v2\/pages\/1156\/revisions"}],"predecessor-version":[{"id":10484,"href":"https:\/\/davas.site\/rukasafaris\/wp-json\/wp\/v2\/pages\/1156\/revisions\/10484"}],"wp:featuredmedia":[{"embeddable":true,"href":"https:\/\/davas.site\/rukasafaris\/wp-json\/wp\/v2\/media\/1036"}],"wp:attachment":[{"href":"https:\/\/davas.site\/rukasafaris\/wp-json\/wp\/v2\/media?parent=1156"}],"curies":[{"name":"wp","href":"https:\/\/api.w.org\/{rel}","templated":true}]}}