{"id":1182,"date":"2022-03-28T15:04:31","date_gmt":"2022-03-28T12:04:31","guid":{"rendered":"https:\/\/davas.site\/rukasafaris\/?page_id=1182"},"modified":"2025-06-02T15:18:49","modified_gmt":"2025-06-02T12:18:49","slug":"ravintolat","status":"publish","type":"page","link":"https:\/\/davas.site\/rukasafaris\/ravintolat\/","title":{"rendered":"Ravintolat"},"content":{"rendered":"<div>Ruka Safaris<\/div>\n<h1>Ravintolat<\/h1>\n<p><img decoding=\"async\" src=\"\/rukasafaris\/wp-content\/uploads\/2022\/08\/P7141132.jpg\" alt=\"ravintola-annos\"><\/p>\n<div>\n<h2>Ravintolat<\/h2>\n<div>\n<p>Ruka Safariksen ravintolat tarjoavat kauniit ja unohtumattomat puitteet erilaisille tilaisuuksille. Ravintolat sijaitsevat kahdessa eri kohteessa, Iisakki Villagessa &amp; Oivangin lomakartanossa.<\/p>\n<p>Kontioluola, Iisakin Talo ja Honkakota sijaitsevat Iisakki Villagessa ja tarjoavat l\u00e4mpim\u00e4t ja persoonalliset tilat kaikenlaisiin juhlatilaisuuksiin. Iisakki Village ja sen ravintolat sijaitsevat 6km\/10 minuutin ajomatkan p\u00e4\u00e4ss\u00e4 Rukan keskustasta. Talviaikaan Iisakki Villagen ravintolat palvelevat Iisakki Villagen vieraita ja yksityistilaisuuksia. Kaksi kertaa viikossa kaikilla on mahdollisuus nauttia Kontioluolan tunnelmasta ja paikallisista herkuista lappilaisella villiruokaillallisella. Kes\u00e4aikaan Iisakin Talo on avoinna a&#8217;la carte ravintolana.<\/p>\n<p>Oivangin lomakartano ja sen vieh\u00e4tt\u00e4v\u00e4 ravintola Ukonkivi sijaitsevat 25 minuutin ajomatkan p\u00e4\u00e4ss\u00e4 Rukan keskustasta ja 15 minuutin ajomatkan p\u00e4\u00e4ss\u00e4 Kuusamon keskustasta\/lentokent\u00e4lt\u00e4. Ukonkivi on yksityinen ravintola, joka palvelee Oivangin lomakartanon asiakkaita sek\u00e4 tilauksesta my\u00f6s muita ryhmi\u00e4. Haluatko nauttia illallisestasi tai juhlistasi t\u00e4ss\u00e4 ainutlaatuisessa lappilaisessa ymp\u00e4rist\u00f6ss\u00e4? Ota yhteytt\u00e4 myyntitiimiimme ja suunnitellaan yhdess\u00e4 t\u00e4ydellinen tapahtumasi.<\/p>\n<p>Kokkimme valmistavat sinulle ja ryhm\u00e4llesi herkullisia aterioita puhtaista, paikallisista raaka-aineista.\u00a0<\/p>\n<p>\u00a0Kaikki kohteemme soveltuvat my\u00f6s kokouksiin.\u00a0<\/p>\n<h6><\/h6>\n<\/div>\n<\/div>\n<p><img decoding=\"async\" src=\"\/rukasafaris\/wp-content\/uploads\/2024\/09\/RUKASAFARIS_kartat_iisakkivillage-FIN.jpg\" alt=\"\"><\/p>\n<h5>Tutustu ravintoloihimme<\/h5>\n<ul>\n<li>\n<\/li>\n<li>\n<\/li>\n<li>\n<\/li>\n<li>\n<\/li>\n<\/ul>\n<p><img decoding=\"async\" src=\"\/rukasafaris\/wp-content\/uploads\/2022\/03\/oiva-logo.svg\" alt=\"Oiva\"><\/p>\n<hr>\n<h5>Avoimet illalliset talvikaudella<\/h5>\n<div>\n<\/div>\n<p><!--more--><br \/>\n<!-- {\"children\":[{\"name\":\"Hero\",\"type\":\"section\",\"props\":{\"height\":\"viewport\",\"height_offset_top\":true,\"image\":\"wp-content\\\/uploads\\\/2023\\\/12\\\/kontioluola_18-scaled.jpg\",\"image_effect\":\"parallax\",\"image_height\":\"1200\",\"image_loading\":true,\"image_parallax_bgy\":\"-200,0\",\"image_parallax_breakpoint\":\"m\",\"image_parallax_easing\":\"1\",\"image_position\":\"top-center\",\"image_size\":\"cover\",\"image_width\":\"2560\",\"overlap\":false,\"padding\":\"large\",\"style\":\"default\",\"text_color\":\"light\",\"title_breakpoint\":\"xl\",\"title_position\":\"top-left\",\"title_rotation\":\"left\",\"vertical_align\":\"middle\",\"width\":\"large\"},\"children\":[{\"type\":\"row\",\"children\":[{\"type\":\"column\",\"props\":{\"image_position\":\"center-center\",\"position_sticky_breakpoint\":\"m\",\"width_medium\":\"1-1\"},\"children\":[{\"type\":\"headline\",\"props\":{\"content\":\"Ruka Safaris\",\"title_element\":\"div\",\"title_style\":\"h3\"}},{\"type\":\"headline\",\"props\":{\"content\":\"Ravintolat\",\"margin_remove_top\":true,\"maxwidth\":\"2xlarge\",\"title_element\":\"h1\",\"title_style\":\"heading-xlarge\"}},{\"type\":\"button\",\"props\":{\"grid_column_gap\":\"small\",\"grid_row_gap\":\"small\",\"margin\":\"default\",\"status\":\"disabled\"},\"children\":[{\"type\":\"button_item\",\"props\":{\"button_style\":\"primary\",\"content\":\"Hinnasto\",\"dialog_layout\":\"modal\",\"dialog_offcanvas_flip\":true,\"icon_align\":\"left\",\"link\":\"#hinnat\"}},{\"type\":\"button_item\",\"props\":{\"button_style\":\"primary\",\"content\":\"Palvelut\",\"dialog_layout\":\"modal\",\"dialog_offcanvas_flip\":true,\"icon_align\":\"left\",\"link\":\"#palvelut\"}},{\"type\":\"button_item\",\"props\":{\"button_style\":\"primary\",\"content\":\"M\\u00f6kit ja huoneistot\",\"dialog_layout\":\"modal\",\"dialog_offcanvas_flip\":true,\"icon_align\":\"left\",\"link\":\"#mokit\"}}]}]}]}]},{\"name\":\"About\",\"type\":\"section\",\"props\":{\"image_position\":\"center-center\",\"overlap\":false,\"padding\":\"none\",\"padding_remove_bottom\":false,\"padding_remove_top\":false,\"style\":\"default\",\"title_breakpoint\":\"xl\",\"title_position\":\"center-right\",\"title_rotation\":\"left\",\"vertical_align\":\"\",\"width\":\"xlarge\"},\"children\":[{\"type\":\"row\",\"props\":{\"column_gap\":\"collapse\",\"layout\":\"1-2,1-2\",\"row_gap\":\"collapse\"},\"children\":[{\"type\":\"column\",\"props\":{\"image_position\":\"center-center\",\"position_sticky_breakpoint\":\"m\",\"vertical_align\":\"middle\",\"width_medium\":\"1-2\"},\"children\":[{\"type\":\"image\",\"props\":{\"animation\":\"parallax\",\"block_align\":\"right\",\"image\":\"wp-content\\\/uploads\\\/2022\\\/08\\\/P7141132.jpg\",\"image_alt\":\"ravintola-annos\",\"image_box_decoration\":\"default\",\"image_height\":\"768\",\"image_svg_color\":\"emphasis\",\"image_width\":\"1080\",\"margin\":\"default\",\"maxwidth\":\"xlarge\",\"parallax_breakpoint\":\"m\",\"parallax_easing\":\"1\",\"parallax_y\":\"-100,-240\",\"text_align\":\"right\",\"visibility\":\"m\"}}]},{\"type\":\"column\",\"props\":{\"image_position\":\"center-center\",\"position_sticky_breakpoint\":\"m\",\"width_medium\":\"1-2\"},\"children\":[{\"type\":\"panel\",\"props\":{\"animation\":\"parallax\",\"content\":\"\n\n<p>Ruka Safariksen ravintolat tarjoavat kauniit ja unohtumattomat puitteet erilaisille tilaisuuksille. Ravintolat sijaitsevat kahdessa eri kohteessa, Iisakki Villagessa &amp; Oivangin lomakartanossa.<\\\/p>\\n\n\n<p>Kontioluola, Iisakin Talo ja Honkakota sijaitsevat Iisakki Villagessa ja tarjoavat l\\u00e4mpim\\u00e4t ja persoonalliset tilat kaikenlaisiin juhlatilaisuuksiin. Iisakki Village ja sen ravintolat sijaitsevat 6km\\\/10 minuutin ajomatkan p\\u00e4\\u00e4ss\\u00e4 Rukan keskustasta. Talviaikaan Iisakki Villagen ravintolat palvelevat Iisakki Villagen vieraita ja yksityistilaisuuksia. Kaksi kertaa viikossa kaikilla on mahdollisuus nauttia Kontioluolan tunnelmasta ja paikallisista herkuista lappilaisella villiruokaillallisella. Kes\\u00e4aikaan Iisakin Talo on avoinna a'la carte ravintolana.<\\\/p>\\n\n\n<p>Oivangin lomakartano ja sen vieh\\u00e4tt\\u00e4v\\u00e4 ravintola Ukonkivi sijaitsevat 25 minuutin ajomatkan p\\u00e4\\u00e4ss\\u00e4 Rukan keskustasta ja 15 minuutin ajomatkan p\\u00e4\\u00e4ss\\u00e4 Kuusamon keskustasta\\\/lentokent\\u00e4lt\\u00e4. Ukonkivi on yksityinen ravintola, joka palvelee Oivangin lomakartanon asiakkaita sek\\u00e4 tilauksesta my\\u00f6s muita ryhmi\\u00e4. Haluatko nauttia illallisestasi tai juhlistasi t\\u00e4ss\\u00e4 ainutlaatuisessa lappilaisessa ymp\\u00e4rist\\u00f6ss\\u00e4? Ota yhteytt\\u00e4 myyntitiimiimme ja suunnitellaan yhdess\\u00e4 t\\u00e4ydellinen tapahtumasi.<\\\/p>\\n\n\n<p>Kokkimme valmistavat sinulle ja ryhm\\u00e4llesi herkullisia aterioita puhtaista, paikallisista raaka-aineista.\\u00a0<\\\/p>\\n\n\n<p>\\u00a0Kaikki kohteemme soveltuvat my\\u00f6s kokouksiin.\\u00a0<\\\/p>\\n\n\n<h6><\\\/h6>\",\"content_column_breakpoint\":\"m\",\"css\":\"@media (max-width: 959px) {\\n    .el-element { position: static !important; }\\n}\",\"icon_width\":80,\"image_align\":\"top\",\"image_grid_breakpoint\":\"m\",\"image_grid_width\":\"1-2\",\"image_svg_color\":\"emphasis\",\"link_style\":\"text\",\"link_target\":true,\"link_text\":\"Aluekartta\",\"margin\":\"\",\"maxwidth\":\"xlarge\",\"maxwidth_breakpoint\":\"l\",\"meta_align\":\"below-title\",\"meta_element\":\"div\",\"meta_style\":\"text-meta\",\"panel_padding\":\"large\",\"panel_style\":\"card-default\",\"parallax_breakpoint\":\"m\",\"parallax_easing\":\"1\",\"parallax_y\":\"-200,0\",\"position\":\"relative\",\"position_left\":\"-50\",\"text_align\":\"left\",\"title\":\"Ravintolat\",\"title_align\":\"top\",\"title_element\":\"h2\",\"title_grid_breakpoint\":\"m\",\"title_grid_width\":\"1-2\",\"title_hover_style\":\"reset\",\"title_style\":\"h2\"}}]}]}]},{\"type\":\"section\",\"props\":{\"image_position\":\"center-center\",\"style\":\"default\",\"title_breakpoint\":\"xl\",\"title_position\":\"top-left\",\"title_rotation\":\"left\",\"vertical_align\":\"middle\",\"width\":\"default\"},\"children\":[{\"type\":\"row\",\"children\":[{\"type\":\"column\",\"props\":{\"image_position\":\"center-center\",\"position_sticky_breakpoint\":\"m\"},\"children\":[{\"type\":\"image\",\"props\":{\"image\":\"wp-content\\\/uploads\\\/2024\\\/09\\\/RUKASAFARIS_kartat_iisakkivillage-FIN.jpg\",\"image_svg_color\":\"emphasis\",\"margin\":\"default\"}}]}]}]},{\"type\":\"section\",\"props\":{\"image_position\":\"center-center\",\"preserve_color\":true,\"style\":\"secondary\",\"title_breakpoint\":\"xl\",\"title_position\":\"top-left\",\"title_rotation\":\"left\",\"vertical_align\":\"\",\"width\":\"default\"},\"children\":[{\"type\":\"row\",\"children\":[{\"type\":\"column\",\"props\":{\"image_position\":\"center-center\",\"position_sticky_breakpoint\":\"m\"},\"children\":[{\"type\":\"headline\",\"props\":{\"content\":\"Tutustu ravintoloihimme\",\"text_align\":\"center\",\"title_color\":\"muted\",\"title_element\":\"h5\",\"title_style\":\"heading-small\"}},{\"type\":\"grid\",\"props\":{\"content_column_breakpoint\":\"m\",\"filter_align\":\"left\",\"filter_all\":true,\"filter_grid_breakpoint\":\"m\",\"filter_grid_width\":\"auto\",\"filter_position\":\"top\",\"filter_style\":\"tab\",\"grid_default\":\"1\",\"grid_medium\":\"4\",\"grid_small\":\"2\",\"icon_width\":80,\"image_align\":\"top\",\"image_grid_breakpoint\":\"m\",\"image_grid_width\":\"1-2\",\"image_height\":\"533\",\"image_loading\":true,\"image_svg_color\":\"emphasis\",\"image_width\":\"800\",\"item_animation\":true,\"lightbox_bg_close\":true,\"link_style\":\"primary\",\"link_text\":\"\",\"margin\":\"default\",\"meta_align\":\"below-title\",\"meta_element\":\"div\",\"meta_margin\":\"small\",\"meta_style\":\"h6\",\"panel_image_no_padding\":true,\"panel_link\":true,\"panel_link_hover\":\"true\",\"panel_padding\":\"small\",\"panel_style\":\"card-default\",\"parallax_easing\":\"1\",\"show_content\":true,\"show_hover_image\":true,\"show_hover_video\":true,\"show_image\":true,\"show_link\":true,\"show_meta\":true,\"show_title\":true,\"show_video\":true,\"text_align\":\"center\",\"title_align\":\"top\",\"title_element\":\"h4\",\"title_grid_breakpoint\":\"m\",\"title_grid_width\":\"1-2\",\"title_hover_style\":\"reset\",\"title_style\":\"h4\"},\"children\":[{\"type\":\"grid_item\",\"source\":{\"query\":{\"name\":\"pages.customPage\",\"arguments\":{\"users\":[],\"users_operator\":\"IN\",\"offset\":0,\"order\":\"date\",\"order_direction\":\"DESC\",\"id\":1467}},\"props\":{\"title\":{\"name\":\"title\"},\"image\":{\"name\":\"featuredImage.url\"},\"image_alt\":{\"name\":\"featuredImage.alt\"},\"link\":{\"name\":\"link\"},\"link_aria_label\":{\"name\":\"title\"}}}},{\"type\":\"grid_item\",\"source\":{\"query\":{\"name\":\"pages.customPage\",\"arguments\":{\"users\":[],\"users_operator\":\"IN\",\"offset\":0,\"order\":\"date\",\"order_direction\":\"DESC\",\"id\":1386}},\"props\":{\"title\":{\"name\":\"title\"},\"image\":{\"name\":\"featuredImage.url\"},\"image_alt\":{\"name\":\"featuredImage.alt\"},\"link\":{\"name\":\"link\"},\"link_aria_label\":{\"name\":\"title\"}}}},{\"type\":\"grid_item\",\"source\":{\"query\":{\"name\":\"pages.customPage\",\"arguments\":{\"users\":[],\"users_operator\":\"IN\",\"offset\":0,\"order\":\"date\",\"order_direction\":\"DESC\",\"id\":7730}},\"props\":{\"title\":{\"name\":\"title\"},\"image\":{\"name\":\"featuredImage.url\"},\"image_alt\":{\"name\":\"featuredImage.alt\"},\"link\":{\"name\":\"link\"},\"link_aria_label\":{\"name\":\"title\"}}}},{\"type\":\"grid_item\",\"source\":{\"query\":{\"name\":\"pages.customPage\",\"arguments\":{\"users\":[],\"users_operator\":\"IN\",\"offset\":0,\"order\":\"date\",\"order_direction\":\"DESC\",\"id\":1480}},\"props\":{\"title\":{\"name\":\"title\"},\"image\":{\"name\":\"featuredImage.url\"},\"image_alt\":{\"name\":\"featuredImage.alt\"},\"link\":{\"name\":\"link\"},\"link_aria_label\":{\"name\":\"title\"}}}}],\"name\":\"ravintolat grid dyn\"},{\"type\":\"image\",\"props\":{\"image\":\"wp-content\\\/uploads\\\/2022\\\/03\\\/oiva-logo.svg\",\"image_alt\":\"Oiva\",\"image_height\":\"50\",\"image_svg_color\":\"emphasis\",\"image_width\":\"80\",\"margin\":\"default\",\"text_align\":\"center\"}},{\"type\":\"divider\",\"props\":{\"divider_element\":\"hr\"}},{\"type\":\"headline\",\"props\":{\"content\":\"Avoimet illalliset talvikaudella\",\"text_align\":\"center\",\"title_color\":\"background\",\"title_element\":\"h5\",\"title_style\":\"heading-small\"}},{\"type\":\"grid\",\"props\":{\"content_column_breakpoint\":\"m\",\"filter_align\":\"left\",\"filter_all\":true,\"filter_grid_breakpoint\":\"m\",\"filter_grid_width\":\"auto\",\"filter_position\":\"top\",\"filter_style\":\"tab\",\"grid_default\":\"1\",\"grid_medium\":\"3\",\"grid_small\":\"3\",\"icon_width\":80,\"image_align\":\"top\",\"image_grid_breakpoint\":\"m\",\"image_grid_width\":\"1-2\",\"image_height\":\"533\",\"image_svg_color\":\"emphasis\",\"image_width\":\"800\",\"item_animation\":true,\"lightbox_bg_close\":true,\"link_style\":\"primary\",\"link_text\":\"\",\"margin\":\"default\",\"meta_align\":\"below-title\",\"meta_element\":\"div\",\"meta_margin\":\"small\",\"meta_style\":\"h6\",\"panel_image_no_padding\":true,\"panel_link\":true,\"panel_link_hover\":\"true\",\"panel_padding\":\"small\",\"panel_style\":\"card-default\",\"parallax_easing\":\"1\",\"show_content\":true,\"show_hover_image\":true,\"show_hover_video\":true,\"show_image\":true,\"show_link\":true,\"show_meta\":true,\"show_title\":true,\"show_video\":true,\"text_align\":\"center\",\"title_align\":\"top\",\"title_element\":\"h4\",\"title_grid_breakpoint\":\"m\",\"title_grid_width\":\"1-2\",\"title_hover_style\":\"reset\",\"title_style\":\"h4\"},\"children\":[{\"type\":\"grid_item\",\"source\":{\"query\":{\"name\":\"posts.customPosts\",\"arguments\":{\"terms\":[10,90],\"category_operator\":\"IN\",\"post_tag_operator\":\"IN\",\"users\":[],\"users_operator\":\"IN\",\"offset\":0,\"limit\":10,\"order\":\"title\",\"order_direction\":\"ASC\"}},\"props\":{\"title\":{\"filters\":{\"search\":\"\"},\"name\":\"title\"},\"image\":{\"filters\":{\"search\":\"\"},\"name\":\"featuredImage.url\"},\"image_alt\":{\"filters\":{\"search\":\"\"},\"name\":\"featuredImage.alt\"},\"link\":{\"filters\":{\"search\":\"\"},\"name\":\"link\"}}}}],\"name\":\"online varaukset\"}]}]}]},{\"type\":\"section\",\"props\":{\"id\":\"isotmokit\",\"image_position\":\"center-center\",\"preserve_color\":true,\"style\":\"default\",\"title_breakpoint\":\"xl\",\"title_position\":\"top-left\",\"title_rotation\":\"left\",\"vertical_align\":\"\",\"width\":\"large\"},\"children\":[{\"type\":\"row\",\"children\":[{\"type\":\"column\",\"props\":{\"image_position\":\"center-center\",\"position_sticky_breakpoint\":\"m\",\"width_medium\":\"1-1\"}}]}]}],\"type\":\"layout\",\"version\":\"4.5.16\"} --><\/p>\n","protected":false},"excerpt":{"rendered":"<p>Ruka Safaris Ravintolat Ravintolat Ruka Safariksen ravintolat tarjoavat kauniit ja unohtumattomat puitteet erilaisille tilaisuuksille. Ravintolat sijaitsevat kahdessa eri kohteessa, Iisakki Villagessa &amp; Oivangin lomakartanossa. Kontioluola, Iisakin Talo ja Honkakota sijaitsevat Iisakki Villagessa ja tarjoavat l\u00e4mpim\u00e4t ja persoonalliset tilat kaikenlaisiin juhlatilaisuuksiin. Iisakki Village ja sen ravintolat sijaitsevat 6km\/10 minuutin ajomatkan p\u00e4\u00e4ss\u00e4 Rukan keskustasta. Talviaikaan Iisakki Villagen [&hellip;]<\/p>\n","protected":false},"author":1,"featured_media":2959,"parent":0,"menu_order":0,"comment_status":"closed","ping_status":"closed","template":"","meta":{"cybocfi_hide_featured_image":"","footnotes":""},"class_list":["post-1182","page","type-page","status-publish","has-post-thumbnail","hentry"],"yoast_head":"<!-- This site is optimized with the Yoast SEO Premium plugin v25.1 (Yoast SEO v25.3) - https:\/\/yoast.com\/wordpress\/plugins\/seo\/ -->\n<title>Ravintolat - Ruka Safaris, Kuusamo, Finland<\/title>\n<meta name=\"description\" content=\"Ravintolat Kontioluola ja Iisakin Talo tarjoavat l\u00e4mminhenkiset tilat illanvietolle. Kaikista kohteista on vain 6 km Rukan keskustaan.\" \/>\n<meta name=\"robots\" content=\"index, follow, max-snippet:-1, max-image-preview:large, max-video-preview:-1\" \/>\n<link rel=\"canonical\" href=\"https:\/\/davas.site\/rukasafaris\/ravintolat\/\" \/>\n<meta property=\"og:locale\" content=\"fi_FI\" \/>\n<meta property=\"og:type\" content=\"article\" \/>\n<meta property=\"og:title\" content=\"Ravintolat\" \/>\n<meta property=\"og:description\" content=\"Ravintolat Kontioluola ja Iisakin Talo tarjoavat l\u00e4mminhenkiset tilat illanvietolle. Kaikista kohteista on vain 6 km Rukan keskustaan.\" \/>\n<meta property=\"og:url\" content=\"https:\/\/davas.site\/rukasafaris\/ravintolat\/\" \/>\n<meta property=\"og:site_name\" content=\"Ruka Safaris, Kuusamo, Finland\" \/>\n<meta property=\"article:publisher\" content=\"https:\/\/www.facebook.com\/rukasafaris\" \/>\n<meta property=\"article:modified_time\" content=\"2025-06-02T12:18:49+00:00\" \/>\n<meta property=\"og:image\" content=\"https:\/\/davas.site\/rukasafaris\/wp-content\/uploads\/2022\/06\/Iisakin-Talo-scaled.jpg\" \/>\n\t<meta property=\"og:image:width\" content=\"2560\" \/>\n\t<meta property=\"og:image:height\" content=\"1922\" \/>\n\t<meta property=\"og:image:type\" content=\"image\/jpeg\" \/>\n<meta name=\"twitter:card\" content=\"summary_large_image\" \/>\n<meta name=\"twitter:label1\" content=\"Arvioitu lukuaika\" \/>\n\t<meta name=\"twitter:data1\" content=\"1 minuutti\" \/>\n<script type=\"application\/ld+json\" class=\"yoast-schema-graph\">{\"@context\":\"https:\/\/schema.org\",\"@graph\":[{\"@type\":\"WebPage\",\"@id\":\"https:\/\/davas.site\/rukasafaris\/ravintolat\/\",\"url\":\"https:\/\/davas.site\/rukasafaris\/ravintolat\/\",\"name\":\"Ravintolat - Ruka Safaris, Kuusamo, Finland\",\"isPartOf\":{\"@id\":\"https:\/\/davas.site\/rukasafaris\/#website\"},\"primaryImageOfPage\":{\"@id\":\"https:\/\/davas.site\/rukasafaris\/ravintolat\/#primaryimage\"},\"image\":{\"@id\":\"https:\/\/davas.site\/rukasafaris\/ravintolat\/#primaryimage\"},\"thumbnailUrl\":\"https:\/\/davas.site\/rukasafaris\/wp-content\/uploads\/2022\/06\/Iisakin-Talo-scaled.jpg\",\"datePublished\":\"2022-03-28T12:04:31+00:00\",\"dateModified\":\"2025-06-02T12:18:49+00:00\",\"description\":\"Ravintolat Kontioluola ja Iisakin Talo tarjoavat l\u00e4mminhenkiset tilat illanvietolle. Kaikista kohteista on vain 6 km Rukan keskustaan.\",\"breadcrumb\":{\"@id\":\"https:\/\/davas.site\/rukasafaris\/ravintolat\/#breadcrumb\"},\"inLanguage\":\"fi\",\"potentialAction\":[{\"@type\":\"ReadAction\",\"target\":[\"https:\/\/davas.site\/rukasafaris\/ravintolat\/\"]}]},{\"@type\":\"ImageObject\",\"inLanguage\":\"fi\",\"@id\":\"https:\/\/davas.site\/rukasafaris\/ravintolat\/#primaryimage\",\"url\":\"https:\/\/davas.site\/rukasafaris\/wp-content\/uploads\/2022\/06\/Iisakin-Talo-scaled.jpg\",\"contentUrl\":\"https:\/\/davas.site\/rukasafaris\/wp-content\/uploads\/2022\/06\/Iisakin-Talo-scaled.jpg\",\"width\":2560,\"height\":1922},{\"@type\":\"BreadcrumbList\",\"@id\":\"https:\/\/davas.site\/rukasafaris\/ravintolat\/#breadcrumb\",\"itemListElement\":[{\"@type\":\"ListItem\",\"position\":1,\"name\":\"Home\",\"item\":\"https:\/\/davas.site\/rukasafaris\/\"},{\"@type\":\"ListItem\",\"position\":2,\"name\":\"Ravintolat\"}]},{\"@type\":\"WebSite\",\"@id\":\"https:\/\/davas.site\/rukasafaris\/#website\",\"url\":\"https:\/\/davas.site\/rukasafaris\/\",\"name\":\"Ruka Safaris, Kuusamo\",\"description\":\"Adventure Travel Since 1988\",\"publisher\":{\"@id\":\"https:\/\/davas.site\/rukasafaris\/#organization\"},\"potentialAction\":[{\"@type\":\"SearchAction\",\"target\":{\"@type\":\"EntryPoint\",\"urlTemplate\":\"https:\/\/davas.site\/rukasafaris\/?s={search_term_string}\"},\"query-input\":{\"@type\":\"PropertyValueSpecification\",\"valueRequired\":true,\"valueName\":\"search_term_string\"}}],\"inLanguage\":\"fi\"},{\"@type\":\"Organization\",\"@id\":\"https:\/\/davas.site\/rukasafaris\/#organization\",\"name\":\"Ruka Safaris\",\"url\":\"https:\/\/davas.site\/rukasafaris\/\",\"logo\":{\"@type\":\"ImageObject\",\"inLanguage\":\"fi\",\"@id\":\"https:\/\/davas.site\/rukasafaris\/#\/schema\/logo\/image\/\",\"url\":\"https:\/\/davas.site\/rukasafaris\/wp-content\/uploads\/2022\/03\/ruka-safaris-logo.png\",\"contentUrl\":\"https:\/\/davas.site\/rukasafaris\/wp-content\/uploads\/2022\/03\/ruka-safaris-logo.png\",\"width\":500,\"height\":500,\"caption\":\"Ruka Safaris\"},\"image\":{\"@id\":\"https:\/\/davas.site\/rukasafaris\/#\/schema\/logo\/image\/\"},\"sameAs\":[\"https:\/\/www.facebook.com\/rukasafaris\",\"https:\/\/www.instagram.com\/rukasafaris\",\"https:\/\/www.youtube.com\/user\/rukasafaris\"]}]}<\/script>\n<!-- \/ Yoast SEO Premium plugin. -->","yoast_head_json":{"title":"Ravintolat - Ruka Safaris, Kuusamo, Finland","description":"Ravintolat Kontioluola ja Iisakin Talo tarjoavat l\u00e4mminhenkiset tilat illanvietolle. Kaikista kohteista on vain 6 km Rukan keskustaan.","robots":{"index":"index","follow":"follow","max-snippet":"max-snippet:-1","max-image-preview":"max-image-preview:large","max-video-preview":"max-video-preview:-1"},"canonical":"https:\/\/davas.site\/rukasafaris\/ravintolat\/","og_locale":"fi_FI","og_type":"article","og_title":"Ravintolat","og_description":"Ravintolat Kontioluola ja Iisakin Talo tarjoavat l\u00e4mminhenkiset tilat illanvietolle. Kaikista kohteista on vain 6 km Rukan keskustaan.","og_url":"https:\/\/davas.site\/rukasafaris\/ravintolat\/","og_site_name":"Ruka Safaris, Kuusamo, Finland","article_publisher":"https:\/\/www.facebook.com\/rukasafaris","article_modified_time":"2025-06-02T12:18:49+00:00","og_image":[{"width":2560,"height":1922,"url":"https:\/\/davas.site\/rukasafaris\/wp-content\/uploads\/2022\/06\/Iisakin-Talo-scaled.jpg","type":"image\/jpeg"}],"twitter_card":"summary_large_image","twitter_misc":{"Arvioitu lukuaika":"1 minuutti"},"schema":{"@context":"https:\/\/schema.org","@graph":[{"@type":"WebPage","@id":"https:\/\/davas.site\/rukasafaris\/ravintolat\/","url":"https:\/\/davas.site\/rukasafaris\/ravintolat\/","name":"Ravintolat - Ruka Safaris, Kuusamo, Finland","isPartOf":{"@id":"https:\/\/davas.site\/rukasafaris\/#website"},"primaryImageOfPage":{"@id":"https:\/\/davas.site\/rukasafaris\/ravintolat\/#primaryimage"},"image":{"@id":"https:\/\/davas.site\/rukasafaris\/ravintolat\/#primaryimage"},"thumbnailUrl":"https:\/\/davas.site\/rukasafaris\/wp-content\/uploads\/2022\/06\/Iisakin-Talo-scaled.jpg","datePublished":"2022-03-28T12:04:31+00:00","dateModified":"2025-06-02T12:18:49+00:00","description":"Ravintolat Kontioluola ja Iisakin Talo tarjoavat l\u00e4mminhenkiset tilat illanvietolle. Kaikista kohteista on vain 6 km Rukan keskustaan.","breadcrumb":{"@id":"https:\/\/davas.site\/rukasafaris\/ravintolat\/#breadcrumb"},"inLanguage":"fi","potentialAction":[{"@type":"ReadAction","target":["https:\/\/davas.site\/rukasafaris\/ravintolat\/"]}]},{"@type":"ImageObject","inLanguage":"fi","@id":"https:\/\/davas.site\/rukasafaris\/ravintolat\/#primaryimage","url":"https:\/\/davas.site\/rukasafaris\/wp-content\/uploads\/2022\/06\/Iisakin-Talo-scaled.jpg","contentUrl":"https:\/\/davas.site\/rukasafaris\/wp-content\/uploads\/2022\/06\/Iisakin-Talo-scaled.jpg","width":2560,"height":1922},{"@type":"BreadcrumbList","@id":"https:\/\/davas.site\/rukasafaris\/ravintolat\/#breadcrumb","itemListElement":[{"@type":"ListItem","position":1,"name":"Home","item":"https:\/\/davas.site\/rukasafaris\/"},{"@type":"ListItem","position":2,"name":"Ravintolat"}]},{"@type":"WebSite","@id":"https:\/\/davas.site\/rukasafaris\/#website","url":"https:\/\/davas.site\/rukasafaris\/","name":"Ruka Safaris, Kuusamo","description":"Adventure Travel Since 1988","publisher":{"@id":"https:\/\/davas.site\/rukasafaris\/#organization"},"potentialAction":[{"@type":"SearchAction","target":{"@type":"EntryPoint","urlTemplate":"https:\/\/davas.site\/rukasafaris\/?s={search_term_string}"},"query-input":{"@type":"PropertyValueSpecification","valueRequired":true,"valueName":"search_term_string"}}],"inLanguage":"fi"},{"@type":"Organization","@id":"https:\/\/davas.site\/rukasafaris\/#organization","name":"Ruka Safaris","url":"https:\/\/davas.site\/rukasafaris\/","logo":{"@type":"ImageObject","inLanguage":"fi","@id":"https:\/\/davas.site\/rukasafaris\/#\/schema\/logo\/image\/","url":"https:\/\/davas.site\/rukasafaris\/wp-content\/uploads\/2022\/03\/ruka-safaris-logo.png","contentUrl":"https:\/\/davas.site\/rukasafaris\/wp-content\/uploads\/2022\/03\/ruka-safaris-logo.png","width":500,"height":500,"caption":"Ruka Safaris"},"image":{"@id":"https:\/\/davas.site\/rukasafaris\/#\/schema\/logo\/image\/"},"sameAs":["https:\/\/www.facebook.com\/rukasafaris","https:\/\/www.instagram.com\/rukasafaris","https:\/\/www.youtube.com\/user\/rukasafaris"]}]}},"_links":{"self":[{"href":"https:\/\/davas.site\/rukasafaris\/wp-json\/wp\/v2\/pages\/1182","targetHints":{"allow":["GET"]}}],"collection":[{"href":"https:\/\/davas.site\/rukasafaris\/wp-json\/wp\/v2\/pages"}],"about":[{"href":"https:\/\/davas.site\/rukasafaris\/wp-json\/wp\/v2\/types\/page"}],"author":[{"embeddable":true,"href":"https:\/\/davas.site\/rukasafaris\/wp-json\/wp\/v2\/users\/1"}],"replies":[{"embeddable":true,"href":"https:\/\/davas.site\/rukasafaris\/wp-json\/wp\/v2\/comments?post=1182"}],"version-history":[{"count":62,"href":"https:\/\/davas.site\/rukasafaris\/wp-json\/wp\/v2\/pages\/1182\/revisions"}],"predecessor-version":[{"id":11547,"href":"https:\/\/davas.site\/rukasafaris\/wp-json\/wp\/v2\/pages\/1182\/revisions\/11547"}],"wp:featuredmedia":[{"embeddable":true,"href":"https:\/\/davas.site\/rukasafaris\/wp-json\/wp\/v2\/media\/2959"}],"wp:attachment":[{"href":"https:\/\/davas.site\/rukasafaris\/wp-json\/wp\/v2\/media?parent=1182"}],"curies":[{"name":"wp","href":"https:\/\/api.w.org\/{rel}","templated":true}]}}