{"id":1386,"date":"2022-03-31T09:28:10","date_gmt":"2022-03-31T06:28:10","guid":{"rendered":"https:\/\/davas.site\/rukasafaris\/?p=1386"},"modified":"2025-06-02T15:06:25","modified_gmt":"2025-06-02T12:06:25","slug":"maanalainen-ravintola-kontioluola","status":"publish","type":"page","link":"https:\/\/davas.site\/rukasafaris\/ravintolat\/maanalainen-ravintola-kontioluola\/","title":{"rendered":"Ravintola Kontioluola"},"content":{"rendered":"<div>Ravintola<\/div>\n<h1>\n<p>Kontioluola<\/p>\n<\/h1>\n<div>\n<p align=\"left\"><strong>Pohjoinen tunnelma, ravintolasalin keskell\u00e4 sijaitseva takkatuli, kynttil\u00e4t ja hiljaa soiva h\u00e4myinen musiikki luovat kodikkaat ja samalla my\u00f6skin arvokkaat puitteet mukavalle illanvietolle, juhlalle tai yritystilaisuudelle.<\/strong><\/p>\n<p align=\"left\">Tilausravintola Kontioluola on kauniin vanhan kuusikon keskell\u00e4, seitsem\u00e4n kilometrin p\u00e4\u00e4ss\u00e4 Rukalta sijaitseva, maanalainen mets\u00e4ravintola, joka on auki tilauksesta ryhmille. Ravintola k\u00e4tkee sis\u00e4lleen upeat ja hulppeat tilat kokouksille, illanvietoille, juhlille, pikkujouluille tai vaikka h\u00e4\u00e4juhlille. Istumapaikkoja ravintolasta l\u00f6ytyy jopa 130 henkil\u00f6lle, mutta 50 henkil\u00f6n ryhm\u00e4tkin viihtyv\u00e4t oikein hyvin.<\/p>\n<p align=\"left\">Keitti\u00f6mme r\u00e4\u00e4t\u00e4l\u00f6i ja toteuttaa herkulliset menut ryhm\u00e4nne tarpeisiin. Sek\u00e4 p\u00f6ytiin tarjoillut ett\u00e4 buffet-menut ovat mahdollisia tarpeistanne riippuen.\u00a0<\/p>\n<p align=\"left\">Talossa on koneellinen ilmastointi ja sis\u00e4 wc:t sek\u00e4 kokoustekniikka (Internet yhteys, suuri valkokangas, dataprojektori, langattomat mikrofonit). Juhlatilaisuuksiin j\u00e4rjest\u00e4mme mielell\u00e4mme my\u00f6s el\u00e4v\u00e4\u00e4 musiikkia tai muita esiintyji\u00e4.\u00a0<\/p>\n<p align=\"left\">Minimiryhm\u00e4koko Kontioluolassa on 20 henkil\u00f6\u00e4, pienemmille ryhmille suosittelemme\u00a0Iisakin Taloa.<\/p>\n<\/div>\n<ul>\n<li>\n<p>        <img decoding=\"async\" src=\"\/wp-content\/uploads\/2023\/12\/kontioluola_13-scaled.jpg\" alt=\"\"><\/p>\n<h3>kontioluola<\/h3>\n<\/li>\n<li>\n<p>        <img decoding=\"async\" src=\"\/wp-content\/uploads\/2023\/12\/kontioluola_9-1-scaled.jpg\" alt=\"\"><\/p>\n<h3>ravintola-kontioluola-lappish-dinner<\/h3>\n<\/li>\n<li>\n<p>        <img decoding=\"async\" src=\"\/wp-content\/uploads\/2023\/12\/kontioluola_20-scaled.jpg\" alt=\"\"><\/p>\n<h3>kontioluola-family-dinner<\/h3>\n<\/li>\n<li>\n<p>        <img decoding=\"async\" src=\"\/wp-content\/uploads\/2023\/12\/kontioluola_10-scaled.jpg\" alt=\"\"><\/p>\n<\/li>\n<li>\n<p>        <img decoding=\"async\" src=\"\/wp-content\/uploads\/2023\/12\/kontioluola_1-copy-scaled.jpg\" alt=\"\"><\/p>\n<\/li>\n<li>\n<p>        <img decoding=\"async\" src=\"\/wp-content\/uploads\/2023\/12\/kontioluola_14-scaled.jpg\" alt=\"\"><\/p>\n<\/li>\n<li>\n<p>        <img decoding=\"async\" src=\"\/wp-content\/uploads\/2025\/02\/Kontioluola-1.jpg\" alt=\"\"><\/p>\n<h3>Kontioluola1<\/h3>\n<\/li>\n<li>\n<p>        <img decoding=\"async\" src=\"\/wp-content\/uploads\/2025\/02\/Kontioluola-2.jpg\" alt=\"\"><\/p>\n<h3>Kontioluola2<\/h3>\n<\/li>\n<li>\n<p>        <img decoding=\"async\" src=\"\/wp-content\/uploads\/2022\/03\/kontioluola-ulkoa-rakovalkea.jpg\" alt=\"\"><\/p>\n<h3>kontioluola-ulkoa-rakovalkea<\/h3>\n<\/li>\n<li>\n<p>        <img decoding=\"async\" src=\"\/wp-content\/uploads\/2025\/02\/Kontioluola-6.jpg\" alt=\"\"><\/p>\n<h3>Kontioluola_ulko1<\/h3>\n<\/li>\n<\/ul>\n<p><!--more--><br \/>\n<!-- {\"children\":[{\"type\":\"section\",\"props\":{\"header_transparent\":false,\"header_transparent_noplaceholder\":true,\"height\":\"viewport\",\"height_offset_top\":true,\"height_viewport\":80,\"image\":\"wp-content\\\/uploads\\\/2023\\\/12\\\/kontioluola_1-copy-scaled.jpg\",\"image_height\":\"1100\",\"image_loading\":true,\"image_position\":\"center-center\",\"image_size\":\"cover\",\"image_width\":\"2200\",\"media_overlay\":\"rgba(0, 0, 0, 0.25)\",\"style\":\"default\",\"text_color\":\"light\",\"title_breakpoint\":\"xl\",\"title_position\":\"top-left\",\"title_rotation\":\"left\",\"vertical_align\":\"middle\",\"video_width\":\"2560\",\"width\":\"xlarge\"},\"children\":[{\"type\":\"row\",\"props\":{\"margin\":\"remove-vertical\"},\"children\":[{\"type\":\"column\",\"props\":{\"image_position\":\"center-center\",\"position_sticky_breakpoint\":\"m\",\"width_medium\":\"1-1\"},\"children\":[{\"type\":\"headline\",\"props\":{\"block_align\":\"center\",\"content\":\"Ravintola\",\"margin\":\"small\",\"text_align\":\"center\",\"title_decoration\":\"line\",\"title_element\":\"div\",\"title_font_family\":\"tertiary\",\"title_style\":\"h3\"}},{\"type\":\"headline\",\"props\":{\"block_align\":\"center\",\"content\":\"\n\n<p>Kontioluola<\\\/p>\",\"margin_remove_top\":true,\"text_align\":\"center\",\"title_element\":\"h1\",\"title_style\":\"heading-large\"}}]}]}],\"name\":\"Hero\"},{\"type\":\"section\",\"props\":{\"image_position\":\"center-center\",\"padding_remove_top\":false,\"style\":\"default\",\"title_breakpoint\":\"xl\",\"title_position\":\"center-left\",\"title_rotation\":\"left\",\"vertical_align\":\"\",\"width\":\"small\"},\"children\":[{\"type\":\"row\",\"children\":[{\"type\":\"column\",\"props\":{\"image_position\":\"center-center\",\"position_sticky_breakpoint\":\"m\",\"width_medium\":\"1-1\"},\"children\":[{\"type\":\"text\",\"props\":{\"column_breakpoint\":\"m\",\"content\":\"\n\n<p align=\\\"left\\\"><strong>Pohjoinen tunnelma, ravintolasalin keskell\\u00e4 sijaitseva takkatuli, kynttil\\u00e4t ja hiljaa soiva h\\u00e4myinen musiikki luovat kodikkaat ja samalla my\\u00f6skin arvokkaat puitteet mukavalle illanvietolle, juhlalle tai yritystilaisuudelle.<\\\/strong><\\\/p>\\n\n\n<p align=\\\"left\\\">Tilausravintola Kontioluola on kauniin vanhan kuusikon keskell\\u00e4, seitsem\\u00e4n kilometrin p\\u00e4\\u00e4ss\\u00e4 Rukalta sijaitseva, maanalainen mets\\u00e4ravintola, joka on auki tilauksesta ryhmille. Ravintola k\\u00e4tkee sis\\u00e4lleen upeat ja hulppeat tilat kokouksille, illanvietoille, juhlille, pikkujouluille tai vaikka h\\u00e4\\u00e4juhlille. Istumapaikkoja ravintolasta l\\u00f6ytyy jopa 130 henkil\\u00f6lle, mutta 50 henkil\\u00f6n ryhm\\u00e4tkin viihtyv\\u00e4t oikein hyvin.<\\\/p>\\n\n\n<p align=\\\"left\\\">Keitti\\u00f6mme r\\u00e4\\u00e4t\\u00e4l\\u00f6i ja toteuttaa herkulliset menut ryhm\\u00e4nne tarpeisiin. Sek\\u00e4 p\\u00f6ytiin tarjoillut ett\\u00e4 buffet-menut ovat mahdollisia tarpeistanne riippuen.\\u00a0<\\\/p>\\n\n\n<p align=\\\"left\\\">Talossa on koneellinen ilmastointi ja sis\\u00e4 wc:t sek\\u00e4 kokoustekniikka (Internet yhteys, suuri valkokangas, dataprojektori, langattomat mikrofonit). Juhlatilaisuuksiin j\\u00e4rjest\\u00e4mme mielell\\u00e4mme my\\u00f6s el\\u00e4v\\u00e4\\u00e4 musiikkia tai muita esiintyji\\u00e4.\\u00a0<\\\/p>\\n\n\n<p align=\\\"left\\\">Minimiryhm\\u00e4koko Kontioluolassa on 20 henkil\\u00f6\\u00e4, pienemmille ryhmille suosittelemme\\u00a0Iisakin Taloa.<\\\/p>\",\"margin\":\"default\"}},{\"type\":\"overlay-slider\",\"props\":{\"container_padding_remove\":true,\"image_height\":\"400\",\"image_width\":\"600\",\"link_style\":\"default\",\"link_text\":\"\",\"margin\":\"default\",\"meta_align\":\"below-title\",\"meta_element\":\"div\",\"meta_style\":\"text-meta\",\"nav\":\"\",\"nav_align\":\"left\",\"nav_below\":true,\"nav_breakpoint\":\"s\",\"nav_position\":\"bottom-center\",\"nav_position_margin\":\"medium\",\"overlay_link\":true,\"overlay_mode\":\"cover\",\"overlay_position\":\"center\",\"overlay_transition\":\"fade\",\"show_content\":true,\"show_hover_image\":true,\"show_hover_video\":true,\"show_link\":true,\"show_meta\":true,\"show_title\":false,\"slidenav\":\"default\",\"slidenav_breakpoint\":\"s\",\"slidenav_large\":true,\"slidenav_margin\":\"small\",\"slidenav_outside_breakpoint\":\"xl\",\"slider_autoplay\":true,\"slider_autoplay_pause\":true,\"slider_center\":false,\"slider_finite\":false,\"slider_gap\":\"small\",\"slider_width\":\"\",\"slider_width_default\":\"1-1\",\"slider_width_medium\":\"1-3\",\"text_align\":\"center\",\"title_element\":\"h3\",\"title_hover_style\":\"reset\"},\"children\":[{\"type\":\"overlay-slider_item\",\"props\":{\"image\":\"wp-content\\\/uploads\\\/2023\\\/12\\\/kontioluola_13-scaled.jpg\",\"title\":\"kontioluola\"}},{\"type\":\"overlay-slider_item\",\"props\":{\"image\":\"wp-content\\\/uploads\\\/2023\\\/12\\\/kontioluola_9-1-scaled.jpg\",\"title\":\"ravintola-kontioluola-lappish-dinner\"}},{\"type\":\"overlay-slider_item\",\"props\":{\"image\":\"wp-content\\\/uploads\\\/2023\\\/12\\\/kontioluola_20-scaled.jpg\",\"title\":\"kontioluola-family-dinner\"}},{\"type\":\"overlay-slider_item\",\"props\":{\"image\":\"wp-content\\\/uploads\\\/2023\\\/12\\\/kontioluola_10-scaled.jpg\"}},{\"type\":\"overlay-slider_item\",\"props\":{\"image\":\"wp-content\\\/uploads\\\/2023\\\/12\\\/kontioluola_1-copy-scaled.jpg\"}},{\"type\":\"overlay-slider_item\",\"props\":{\"image\":\"wp-content\\\/uploads\\\/2023\\\/12\\\/kontioluola_14-scaled.jpg\"}},{\"type\":\"overlay-slider_item\",\"props\":{\"image\":\"wp-content\\\/uploads\\\/2025\\\/02\\\/Kontioluola-1.jpg\",\"title\":\"Kontioluola1\"}},{\"type\":\"overlay-slider_item\",\"props\":{\"image\":\"wp-content\\\/uploads\\\/2025\\\/02\\\/Kontioluola-2.jpg\",\"title\":\"Kontioluola2\"}},{\"type\":\"overlay-slider_item\",\"props\":{\"image\":\"wp-content\\\/uploads\\\/2022\\\/03\\\/kontioluola-ulkoa-rakovalkea.jpg\",\"title\":\"kontioluola-ulkoa-rakovalkea\"}},{\"type\":\"overlay-slider_item\",\"props\":{\"image\":\"wp-content\\\/uploads\\\/2025\\\/02\\\/Kontioluola-6.jpg\",\"title\":\"Kontioluola_ulko1\"}}]}]}]}],\"name\":\"Activities\"}],\"type\":\"layout\",\"version\":\"4.5.4\"} --><\/p>\n","protected":false},"excerpt":{"rendered":"<p>Ravintola Kontioluola Pohjoinen tunnelma, ravintolasalin keskell\u00e4 sijaitseva takkatuli, kynttil\u00e4t ja hiljaa soiva h\u00e4myinen musiikki luovat kodikkaat ja samalla my\u00f6skin arvokkaat puitteet mukavalle illanvietolle, juhlalle tai yritystilaisuudelle. Tilausravintola Kontioluola on kauniin vanhan kuusikon keskell\u00e4, seitsem\u00e4n kilometrin p\u00e4\u00e4ss\u00e4 Rukalta sijaitseva, maanalainen mets\u00e4ravintola, joka on auki tilauksesta ryhmille. Ravintola k\u00e4tkee sis\u00e4lleen upeat ja hulppeat tilat kokouksille, illanvietoille, juhlille, [&hellip;]<\/p>\n","protected":false},"author":1,"featured_media":5122,"parent":1182,"menu_order":0,"comment_status":"closed","ping_status":"closed","template":"","meta":{"cybocfi_hide_featured_image":"","footnotes":""},"class_list":["post-1386","page","type-page","status-publish","has-post-thumbnail","hentry"],"yoast_head":"<!-- This site is optimized with the Yoast SEO Premium plugin v25.1 (Yoast SEO v25.3) - https:\/\/yoast.com\/wordpress\/plugins\/seo\/ -->\n<title>Ravintola Kontioluola - Ruka Safaris, Kuusamo, Finland<\/title>\n<meta name=\"description\" content=\"Kontioluola on kauniin vanhan kuusikon keskell\u00e4, 7km Rukalta sijaitseva tilausravintola, jossa on asiakaspaikkoja 20-130.\" \/>\n<meta name=\"robots\" content=\"index, follow, max-snippet:-1, max-image-preview:large, max-video-preview:-1\" \/>\n<link rel=\"canonical\" href=\"https:\/\/davas.site\/rukasafaris\/ravintolat\/maanalainen-ravintola-kontioluola\/\" \/>\n<meta property=\"og:locale\" content=\"fi_FI\" \/>\n<meta property=\"og:type\" content=\"article\" \/>\n<meta property=\"og:title\" content=\"Ravintola Kontioluola\" \/>\n<meta property=\"og:description\" content=\"Kontioluola on kauniin vanhan kuusikon keskell\u00e4, 7km Rukalta sijaitseva tilausravintola, jossa on asiakaspaikkoja 20-130.\" \/>\n<meta property=\"og:url\" content=\"https:\/\/davas.site\/rukasafaris\/ravintolat\/maanalainen-ravintola-kontioluola\/\" \/>\n<meta property=\"og:site_name\" content=\"Ruka Safaris, Kuusamo, Finland\" \/>\n<meta property=\"article:publisher\" content=\"https:\/\/www.facebook.com\/rukasafaris\" \/>\n<meta property=\"article:modified_time\" content=\"2025-06-02T12:06:25+00:00\" \/>\n<meta property=\"og:image\" content=\"https:\/\/davas.site\/rukasafaris\/wp-content\/uploads\/2023\/12\/kontioluola_1-copy-scaled.jpg\" \/>\n\t<meta property=\"og:image:width\" content=\"2560\" \/>\n\t<meta property=\"og:image:height\" content=\"1707\" \/>\n\t<meta property=\"og:image:type\" content=\"image\/jpeg\" \/>\n<meta name=\"twitter:card\" content=\"summary_large_image\" \/>\n<meta name=\"twitter:label1\" content=\"Arvioitu lukuaika\" \/>\n\t<meta name=\"twitter:data1\" content=\"3 minuuttia\" \/>\n<script type=\"application\/ld+json\" class=\"yoast-schema-graph\">{\"@context\":\"https:\/\/schema.org\",\"@graph\":[{\"@type\":\"WebPage\",\"@id\":\"https:\/\/davas.site\/rukasafaris\/ravintolat\/maanalainen-ravintola-kontioluola\/\",\"url\":\"https:\/\/davas.site\/rukasafaris\/ravintolat\/maanalainen-ravintola-kontioluola\/\",\"name\":\"Ravintola Kontioluola - Ruka Safaris, Kuusamo, Finland\",\"isPartOf\":{\"@id\":\"https:\/\/davas.site\/rukasafaris\/#website\"},\"primaryImageOfPage\":{\"@id\":\"https:\/\/davas.site\/rukasafaris\/ravintolat\/maanalainen-ravintola-kontioluola\/#primaryimage\"},\"image\":{\"@id\":\"https:\/\/davas.site\/rukasafaris\/ravintolat\/maanalainen-ravintola-kontioluola\/#primaryimage\"},\"thumbnailUrl\":\"https:\/\/davas.site\/rukasafaris\/wp-content\/uploads\/2023\/12\/kontioluola_1-copy-scaled.jpg\",\"datePublished\":\"2022-03-31T06:28:10+00:00\",\"dateModified\":\"2025-06-02T12:06:25+00:00\",\"description\":\"Kontioluola on kauniin vanhan kuusikon keskell\u00e4, 7km Rukalta sijaitseva tilausravintola, jossa on asiakaspaikkoja 20-130.\",\"breadcrumb\":{\"@id\":\"https:\/\/davas.site\/rukasafaris\/ravintolat\/maanalainen-ravintola-kontioluola\/#breadcrumb\"},\"inLanguage\":\"fi\",\"potentialAction\":[{\"@type\":\"ReadAction\",\"target\":[\"https:\/\/davas.site\/rukasafaris\/ravintolat\/maanalainen-ravintola-kontioluola\/\"]}]},{\"@type\":\"ImageObject\",\"inLanguage\":\"fi\",\"@id\":\"https:\/\/davas.site\/rukasafaris\/ravintolat\/maanalainen-ravintola-kontioluola\/#primaryimage\",\"url\":\"https:\/\/davas.site\/rukasafaris\/wp-content\/uploads\/2023\/12\/kontioluola_1-copy-scaled.jpg\",\"contentUrl\":\"https:\/\/davas.site\/rukasafaris\/wp-content\/uploads\/2023\/12\/kontioluola_1-copy-scaled.jpg\",\"width\":2560,\"height\":1707},{\"@type\":\"BreadcrumbList\",\"@id\":\"https:\/\/davas.site\/rukasafaris\/ravintolat\/maanalainen-ravintola-kontioluola\/#breadcrumb\",\"itemListElement\":[{\"@type\":\"ListItem\",\"position\":1,\"name\":\"Home\",\"item\":\"https:\/\/davas.site\/rukasafaris\/\"},{\"@type\":\"ListItem\",\"position\":2,\"name\":\"Ravintolat\",\"item\":\"https:\/\/davas.site\/rukasafaris\/ravintolat\/\"},{\"@type\":\"ListItem\",\"position\":3,\"name\":\"Ravintola Kontioluola\"}]},{\"@type\":\"WebSite\",\"@id\":\"https:\/\/davas.site\/rukasafaris\/#website\",\"url\":\"https:\/\/davas.site\/rukasafaris\/\",\"name\":\"Ruka Safaris, Kuusamo\",\"description\":\"Adventure Travel Since 1988\",\"publisher\":{\"@id\":\"https:\/\/davas.site\/rukasafaris\/#organization\"},\"potentialAction\":[{\"@type\":\"SearchAction\",\"target\":{\"@type\":\"EntryPoint\",\"urlTemplate\":\"https:\/\/davas.site\/rukasafaris\/?s={search_term_string}\"},\"query-input\":{\"@type\":\"PropertyValueSpecification\",\"valueRequired\":true,\"valueName\":\"search_term_string\"}}],\"inLanguage\":\"fi\"},{\"@type\":\"Organization\",\"@id\":\"https:\/\/davas.site\/rukasafaris\/#organization\",\"name\":\"Ruka Safaris\",\"url\":\"https:\/\/davas.site\/rukasafaris\/\",\"logo\":{\"@type\":\"ImageObject\",\"inLanguage\":\"fi\",\"@id\":\"https:\/\/davas.site\/rukasafaris\/#\/schema\/logo\/image\/\",\"url\":\"https:\/\/davas.site\/rukasafaris\/wp-content\/uploads\/2022\/03\/ruka-safaris-logo.png\",\"contentUrl\":\"https:\/\/davas.site\/rukasafaris\/wp-content\/uploads\/2022\/03\/ruka-safaris-logo.png\",\"width\":500,\"height\":500,\"caption\":\"Ruka Safaris\"},\"image\":{\"@id\":\"https:\/\/davas.site\/rukasafaris\/#\/schema\/logo\/image\/\"},\"sameAs\":[\"https:\/\/www.facebook.com\/rukasafaris\",\"https:\/\/www.instagram.com\/rukasafaris\",\"https:\/\/www.youtube.com\/user\/rukasafaris\"]}]}<\/script>\n<!-- \/ Yoast SEO Premium plugin. -->","yoast_head_json":{"title":"Ravintola Kontioluola - Ruka Safaris, Kuusamo, Finland","description":"Kontioluola on kauniin vanhan kuusikon keskell\u00e4, 7km Rukalta sijaitseva tilausravintola, jossa on asiakaspaikkoja 20-130.","robots":{"index":"index","follow":"follow","max-snippet":"max-snippet:-1","max-image-preview":"max-image-preview:large","max-video-preview":"max-video-preview:-1"},"canonical":"https:\/\/davas.site\/rukasafaris\/ravintolat\/maanalainen-ravintola-kontioluola\/","og_locale":"fi_FI","og_type":"article","og_title":"Ravintola Kontioluola","og_description":"Kontioluola on kauniin vanhan kuusikon keskell\u00e4, 7km Rukalta sijaitseva tilausravintola, jossa on asiakaspaikkoja 20-130.","og_url":"https:\/\/davas.site\/rukasafaris\/ravintolat\/maanalainen-ravintola-kontioluola\/","og_site_name":"Ruka Safaris, Kuusamo, Finland","article_publisher":"https:\/\/www.facebook.com\/rukasafaris","article_modified_time":"2025-06-02T12:06:25+00:00","og_image":[{"width":2560,"height":1707,"url":"https:\/\/davas.site\/rukasafaris\/wp-content\/uploads\/2023\/12\/kontioluola_1-copy-scaled.jpg","type":"image\/jpeg"}],"twitter_card":"summary_large_image","twitter_misc":{"Arvioitu lukuaika":"3 minuuttia"},"schema":{"@context":"https:\/\/schema.org","@graph":[{"@type":"WebPage","@id":"https:\/\/davas.site\/rukasafaris\/ravintolat\/maanalainen-ravintola-kontioluola\/","url":"https:\/\/davas.site\/rukasafaris\/ravintolat\/maanalainen-ravintola-kontioluola\/","name":"Ravintola Kontioluola - Ruka Safaris, Kuusamo, Finland","isPartOf":{"@id":"https:\/\/davas.site\/rukasafaris\/#website"},"primaryImageOfPage":{"@id":"https:\/\/davas.site\/rukasafaris\/ravintolat\/maanalainen-ravintola-kontioluola\/#primaryimage"},"image":{"@id":"https:\/\/davas.site\/rukasafaris\/ravintolat\/maanalainen-ravintola-kontioluola\/#primaryimage"},"thumbnailUrl":"https:\/\/davas.site\/rukasafaris\/wp-content\/uploads\/2023\/12\/kontioluola_1-copy-scaled.jpg","datePublished":"2022-03-31T06:28:10+00:00","dateModified":"2025-06-02T12:06:25+00:00","description":"Kontioluola on kauniin vanhan kuusikon keskell\u00e4, 7km Rukalta sijaitseva tilausravintola, jossa on asiakaspaikkoja 20-130.","breadcrumb":{"@id":"https:\/\/davas.site\/rukasafaris\/ravintolat\/maanalainen-ravintola-kontioluola\/#breadcrumb"},"inLanguage":"fi","potentialAction":[{"@type":"ReadAction","target":["https:\/\/davas.site\/rukasafaris\/ravintolat\/maanalainen-ravintola-kontioluola\/"]}]},{"@type":"ImageObject","inLanguage":"fi","@id":"https:\/\/davas.site\/rukasafaris\/ravintolat\/maanalainen-ravintola-kontioluola\/#primaryimage","url":"https:\/\/davas.site\/rukasafaris\/wp-content\/uploads\/2023\/12\/kontioluola_1-copy-scaled.jpg","contentUrl":"https:\/\/davas.site\/rukasafaris\/wp-content\/uploads\/2023\/12\/kontioluola_1-copy-scaled.jpg","width":2560,"height":1707},{"@type":"BreadcrumbList","@id":"https:\/\/davas.site\/rukasafaris\/ravintolat\/maanalainen-ravintola-kontioluola\/#breadcrumb","itemListElement":[{"@type":"ListItem","position":1,"name":"Home","item":"https:\/\/davas.site\/rukasafaris\/"},{"@type":"ListItem","position":2,"name":"Ravintolat","item":"https:\/\/davas.site\/rukasafaris\/ravintolat\/"},{"@type":"ListItem","position":3,"name":"Ravintola Kontioluola"}]},{"@type":"WebSite","@id":"https:\/\/davas.site\/rukasafaris\/#website","url":"https:\/\/davas.site\/rukasafaris\/","name":"Ruka Safaris, Kuusamo","description":"Adventure Travel Since 1988","publisher":{"@id":"https:\/\/davas.site\/rukasafaris\/#organization"},"potentialAction":[{"@type":"SearchAction","target":{"@type":"EntryPoint","urlTemplate":"https:\/\/davas.site\/rukasafaris\/?s={search_term_string}"},"query-input":{"@type":"PropertyValueSpecification","valueRequired":true,"valueName":"search_term_string"}}],"inLanguage":"fi"},{"@type":"Organization","@id":"https:\/\/davas.site\/rukasafaris\/#organization","name":"Ruka Safaris","url":"https:\/\/davas.site\/rukasafaris\/","logo":{"@type":"ImageObject","inLanguage":"fi","@id":"https:\/\/davas.site\/rukasafaris\/#\/schema\/logo\/image\/","url":"https:\/\/davas.site\/rukasafaris\/wp-content\/uploads\/2022\/03\/ruka-safaris-logo.png","contentUrl":"https:\/\/davas.site\/rukasafaris\/wp-content\/uploads\/2022\/03\/ruka-safaris-logo.png","width":500,"height":500,"caption":"Ruka Safaris"},"image":{"@id":"https:\/\/davas.site\/rukasafaris\/#\/schema\/logo\/image\/"},"sameAs":["https:\/\/www.facebook.com\/rukasafaris","https:\/\/www.instagram.com\/rukasafaris","https:\/\/www.youtube.com\/user\/rukasafaris"]}]}},"_links":{"self":[{"href":"https:\/\/davas.site\/rukasafaris\/wp-json\/wp\/v2\/pages\/1386","targetHints":{"allow":["GET"]}}],"collection":[{"href":"https:\/\/davas.site\/rukasafaris\/wp-json\/wp\/v2\/pages"}],"about":[{"href":"https:\/\/davas.site\/rukasafaris\/wp-json\/wp\/v2\/types\/page"}],"author":[{"embeddable":true,"href":"https:\/\/davas.site\/rukasafaris\/wp-json\/wp\/v2\/users\/1"}],"replies":[{"embeddable":true,"href":"https:\/\/davas.site\/rukasafaris\/wp-json\/wp\/v2\/comments?post=1386"}],"version-history":[{"count":34,"href":"https:\/\/davas.site\/rukasafaris\/wp-json\/wp\/v2\/pages\/1386\/revisions"}],"predecessor-version":[{"id":10099,"href":"https:\/\/davas.site\/rukasafaris\/wp-json\/wp\/v2\/pages\/1386\/revisions\/10099"}],"up":[{"embeddable":true,"href":"https:\/\/davas.site\/rukasafaris\/wp-json\/wp\/v2\/pages\/1182"}],"wp:featuredmedia":[{"embeddable":true,"href":"https:\/\/davas.site\/rukasafaris\/wp-json\/wp\/v2\/media\/5122"}],"wp:attachment":[{"href":"https:\/\/davas.site\/rukasafaris\/wp-json\/wp\/v2\/media?parent=1386"}],"curies":[{"name":"wp","href":"https:\/\/api.w.org\/{rel}","templated":true}]}}