{"id":1467,"date":"2022-03-31T11:31:49","date_gmt":"2022-03-31T08:31:49","guid":{"rendered":"https:\/\/davas.site\/rukasafaris\/?p=1467"},"modified":"2025-07-16T15:22:59","modified_gmt":"2025-07-16T12:22:59","slug":"ravintola-iisakin-talo","status":"publish","type":"page","link":"https:\/\/davas.site\/rukasafaris\/ravintolat\/ravintola-iisakin-talo\/","title":{"rendered":"Ravintola Iisakin Talo"},"content":{"rendered":"<div>Ravintola<\/div>\n<h1>\n<p>Iisakin Talo<\/p>\n<\/h1>\n<div>\n<p>Iisakin Talo on Iisakki Villagen ehdoton syd\u00e4n. Alueelle ensimm\u00e4isen\u00e4 rakentunut Iisakin Talo tunnelmallisine pirtteineen ja piiseineen (uuneineen) luo el\u00e4myksellisen ymp\u00e4rist\u00f6n aamiaisille, lounaille ja illallisille. Pystyyp\u00e4 talossa pit\u00e4m\u00e4\u00e4n my\u00f6s kokousta ja juhlia.\u00a0<\/p>\n<p>Asiakaspaikkoja: 50\u00a0<\/p>\n<p>Kes\u00e4aikaan Iisakin Talo palvelee lomalaisia ja matkailijoita kes\u00e4isen ja paikallisen a&#8217;la carte listan muodossa maanantaista lauantaihin. P\u00e4ivit\u00e4mme parhaillaan kes\u00e4n 2025 menua, joka julkaistaan huhtikuun aikana.<br \/>Talvisaikaan Iisakin Talo on avoinna tilauksesta ryhmille.\u00a0<\/p>\n<p>Iisakin Talossa my\u00f6s maittavat aamiaiset majoittujille ja muille matkalaisille. Aamiaisen hinta 19 \u20ac \/ aikuinen ja 13 \u20ac \/ lapsi alle 12-vuotta. Varaathan aamiaisen ennakkoon vastaanotostamme.\u00a0<\/p>\n<p>Iisakin Talossa j\u00e4rjestyy maittavat lounas- tai illallistarjoilut my\u00f6s ryhmille. Kysy lis\u00e4tietoja ja tarjousta <a href=\"https:\/\/davas.site\/rukasafaris\/myyntitoimisto\/\">Ruka Safaris myyntitoimistolta.<\/a><\/p>\n<\/div>\n<div>\n<p><strong>Aukioloajat<\/strong><\/p>\n<p>Avoinna 24.6. &#8211; 28.9.<br \/>Ma &#8211; La klo 15 &#8211; 22 <br \/>(keitti\u00f6 klo 21 asti).\u00a0<\/p>\n<p><strong>Osoite<\/strong><br \/>Iisakki Village<br \/>Myllylahdentie 4<br \/>93830 Rukatunturi<br \/>p. <a href=\"tel:+358405016041\">040 501 6041<\/a><\/p>\n<\/div>\n<p><img decoding=\"async\" src=\"\/rukasafaris\/wp-content\/uploads\/2022\/03\/oiva-logo.svg\" alt=\"\"><\/p>\n<ul>\n<li>\n<p>        <img decoding=\"async\" src=\"\/rukasafaris\/wp-content\/uploads\/2024\/01\/iisakintalo-kesalla-ulkoa.jpg\" alt=\"\"><\/p>\n<h3>iisakin-talo-tilausravintola-kattaus<\/h3>\n<\/li>\n<li>\n<p>        <img decoding=\"async\" src=\"\/rukasafaris\/wp-content\/uploads\/2022\/03\/ravintolaiisakintalo-buffa.jpg\" alt=\"\"><\/p>\n<h3>ravintolaiisakintalo-buffa<\/h3>\n<\/li>\n<li>\n<p>        <img decoding=\"async\" src=\"\/rukasafaris\/wp-content\/uploads\/2022\/03\/ravintolaiisakintalo-pirtti.jpg\" alt=\"\"><\/p>\n<h3>ravintolaiisakintalo-pirtti<\/h3>\n<\/li>\n<li>\n<p>        <img decoding=\"async\" src=\"\/rukasafaris\/wp-content\/uploads\/2022\/03\/ravintolaiisakintalo-talvella.jpg\" alt=\"\"><\/p>\n<h3>ravintolaiisakintalo-talvella<\/h3>\n<\/li>\n<\/ul>\n<p><!--more--><br \/>\n<!-- {\"children\":[{\"type\":\"section\",\"props\":{\"header_transparent\":false,\"header_transparent_noplaceholder\":true,\"height\":\"viewport\",\"height_offset_top\":true,\"height_viewport\":80,\"image\":\"wp-content\\\/uploads\\\/2022\\\/03\\\/iisakin-talo-tilausravintola.jpg\",\"image_height\":\"1100\",\"image_loading\":true,\"image_position\":\"center-center\",\"image_size\":\"cover\",\"image_width\":\"2200\",\"media_overlay\":\"rgba(0, 0, 0, 0.25)\",\"style\":\"default\",\"text_color\":\"light\",\"title_breakpoint\":\"xl\",\"title_position\":\"top-left\",\"title_rotation\":\"left\",\"vertical_align\":\"middle\",\"video_width\":\"2560\",\"width\":\"xlarge\"},\"children\":[{\"type\":\"row\",\"props\":{\"margin\":\"remove-vertical\"},\"children\":[{\"type\":\"column\",\"props\":{\"image_position\":\"center-center\",\"position_sticky_breakpoint\":\"m\",\"width_medium\":\"1-1\"},\"children\":[{\"type\":\"headline\",\"props\":{\"block_align\":\"center\",\"content\":\"Ravintola\",\"margin\":\"small\",\"text_align\":\"center\",\"title_decoration\":\"line\",\"title_element\":\"div\",\"title_font_family\":\"tertiary\",\"title_style\":\"h3\"}},{\"type\":\"headline\",\"props\":{\"block_align\":\"center\",\"content\":\"\n\n<p>Iisakin Talo<\\\/p>\",\"margin_remove_top\":true,\"text_align\":\"center\",\"title_element\":\"h1\",\"title_style\":\"heading-large\"}}]}]}],\"name\":\"Hero\"},{\"type\":\"section\",\"props\":{\"image_position\":\"center-center\",\"padding_remove_top\":false,\"style\":\"default\",\"title_breakpoint\":\"xl\",\"title_position\":\"center-left\",\"title_rotation\":\"left\",\"vertical_align\":\"\",\"width\":\"small\"},\"children\":[{\"type\":\"row\",\"children\":[{\"type\":\"column\",\"props\":{\"image_position\":\"center-center\",\"position_sticky_breakpoint\":\"m\",\"width_medium\":\"2-3\",\"width_small\":\"2-3\"},\"children\":[{\"type\":\"text\",\"props\":{\"column_breakpoint\":\"m\",\"content\":\"\n\n<p>Iisakin Talo on Iisakki Villagen ehdoton syd\\u00e4n. Alueelle ensimm\\u00e4isen\\u00e4 rakentunut Iisakin Talo tunnelmallisine pirtteineen ja piiseineen (uuneineen) luo el\\u00e4myksellisen ymp\\u00e4rist\\u00f6n aamiaisille, lounaille ja illallisille. Pystyyp\\u00e4 talossa pit\\u00e4m\\u00e4\\u00e4n my\\u00f6s kokousta ja juhlia.\\u00a0<br \\\/><br \\\/>Asiakaspaikkoja: 50\\u00a0<\\\/p>\\n\n\n<p>Kes\\u00e4aikaan Iisakin Talo palvelee lomalaisia ja matkailijoita kes\\u00e4isen ja paikallisen a'la carte listan muodossa maanantaista lauantaihin. P\\u00e4ivit\\u00e4mme parhaillaan kes\\u00e4n 2025 menua, joka julkaistaan huhtikuun aikana.<br \\\/>Talvisaikaan Iisakin Talo on avoinna tilauksesta ryhmille.\\u00a0<\\\/p>\\n\n\n<p>Iisakin Talossa my\\u00f6s maittavat aamiaiset majoittujille ja muille matkalaisille. Aamiaisen hinta 19 \\u20ac \\\/ aikuinen ja 13 \\u20ac \\\/ lapsi alle 12-vuotta. Varaathan aamiaisen ennakkoon vastaanotostamme.\\u00a0<\\\/p>\\n\n\n<p>Iisakin Talossa j\\u00e4rjestyy maittavat lounas- tai illallistarjoilut my\\u00f6s ryhmille. Kysy lis\\u00e4tietoja ja tarjousta <a href=\\\"https:\\\/\\\/davas.site\\\/rukasafaris\\\/myyntitoimisto\\\/\\\">Ruka Safaris myyntitoimistolta.<\\\/a><\\\/p>\",\"margin\":\"medium\"}},{\"type\":\"button\",\"props\":{\"grid_column_gap\":\"small\",\"grid_row_gap\":\"small\",\"margin\":\"default\",\"status\":\"disabled\"}}]},{\"type\":\"column\",\"props\":{\"image_position\":\"center-center\",\"position_sticky_breakpoint\":\"m\",\"width_medium\":\"1-3\",\"width_small\":\"1-3\"},\"children\":[{\"type\":\"text\",\"props\":{\"column_breakpoint\":\"m\",\"content\":\"\n\n<p><strong>Aukioloajat<\\\/strong><br \\\/><br \\\/>Avoinna 24.6. - 28.9.<br \\\/>Ma - La klo 15 - 22 <br \\\/>(keitti\\u00f6 klo 21 asti).\\u00a0<br \\\/><br \\\/><\\\/p>\\n\n\n<p><strong>Osoite<\\\/strong><br \\\/>Iisakki Village<br \\\/>Myllylahdentie 4<br \\\/>93830 Rukatunturi<br \\\/>p. <a href=\\\"tel:+358405016041\\\">040 501 6041<\\\/a><\\\/p>\",\"margin\":\"default\"}},{\"type\":\"image\",\"props\":{\"image\":\"wp-content\\\/uploads\\\/2022\\\/03\\\/oiva-logo.svg\",\"image_height\":\"50\",\"image_svg_color\":\"emphasis\",\"image_width\":\"80\",\"margin\":\"default\",\"text_align\":\"center\"},\"name\":\"oiva\"}]}],\"props\":{\"layout\":\"2-3,1-3\"}},{\"type\":\"row\",\"children\":[{\"type\":\"column\",\"props\":{\"image_position\":\"center-center\",\"position_sticky_breakpoint\":\"m\",\"width_medium\":\"1-1\"},\"children\":[{\"type\":\"overlay-slider\",\"props\":{\"container_padding_remove\":true,\"image_height\":\"400\",\"image_width\":\"600\",\"link_style\":\"default\",\"link_text\":\"\",\"margin\":\"default\",\"meta_align\":\"below-title\",\"meta_element\":\"div\",\"meta_style\":\"text-meta\",\"nav\":\"\",\"nav_align\":\"left\",\"nav_below\":true,\"nav_breakpoint\":\"s\",\"nav_position\":\"bottom-center\",\"nav_position_margin\":\"medium\",\"overlay_link\":true,\"overlay_mode\":\"cover\",\"overlay_position\":\"center\",\"overlay_transition\":\"fade\",\"show_content\":true,\"show_hover_image\":true,\"show_hover_video\":true,\"show_link\":true,\"show_meta\":true,\"show_title\":false,\"slidenav\":\"default\",\"slidenav_breakpoint\":\"s\",\"slidenav_large\":true,\"slidenav_margin\":\"small\",\"slidenav_outside_breakpoint\":\"xl\",\"slider_autoplay\":true,\"slider_autoplay_pause\":true,\"slider_center\":false,\"slider_finite\":false,\"slider_gap\":\"small\",\"slider_width\":\"\",\"slider_width_default\":\"1-1\",\"slider_width_medium\":\"1-3\",\"text_align\":\"center\",\"title_element\":\"h3\",\"title_hover_style\":\"reset\"},\"children\":[{\"type\":\"overlay-slider_item\",\"props\":{\"image\":\"wp-content\\\/uploads\\\/2024\\\/01\\\/iisakintalo-kesalla-ulkoa.jpg\",\"title\":\"iisakin-talo-tilausravintola-kattaus\"}},{\"type\":\"overlay-slider_item\",\"props\":{\"image\":\"wp-content\\\/uploads\\\/2022\\\/03\\\/ravintolaiisakintalo-buffa.jpg\",\"title\":\"ravintolaiisakintalo-buffa\"}},{\"type\":\"overlay-slider_item\",\"props\":{\"image\":\"wp-content\\\/uploads\\\/2022\\\/03\\\/ravintolaiisakintalo-pirtti.jpg\",\"title\":\"ravintolaiisakintalo-pirtti\"}},{\"type\":\"overlay-slider_item\",\"props\":{\"image\":\"wp-content\\\/uploads\\\/2022\\\/03\\\/ravintolaiisakintalo-talvella.jpg\",\"title\":\"ravintolaiisakintalo-talvella\"}}]}]}]}],\"name\":\"Activities\"}],\"type\":\"layout\",\"version\":\"4.5.16\"} --><\/p>\n","protected":false},"excerpt":{"rendered":"<p>Ravintola Iisakin Talo Iisakin Talo on Iisakki Villagen ehdoton syd\u00e4n. Alueelle ensimm\u00e4isen\u00e4 rakentunut Iisakin Talo tunnelmallisine pirtteineen ja piiseineen (uuneineen) luo el\u00e4myksellisen ymp\u00e4rist\u00f6n aamiaisille, lounaille ja illallisille. Pystyyp\u00e4 talossa pit\u00e4m\u00e4\u00e4n my\u00f6s kokousta ja juhlia.\u00a0 Asiakaspaikkoja: 50\u00a0 Kes\u00e4aikaan Iisakin Talo palvelee lomalaisia ja matkailijoita kes\u00e4isen ja paikallisen a&#8217;la carte listan muodossa maanantaista lauantaihin. P\u00e4ivit\u00e4mme parhaillaan kes\u00e4n [&hellip;]<\/p>\n","protected":false},"author":1,"featured_media":1478,"parent":1182,"menu_order":0,"comment_status":"closed","ping_status":"closed","template":"","meta":{"cybocfi_hide_featured_image":"","footnotes":""},"class_list":["post-1467","page","type-page","status-publish","has-post-thumbnail","hentry"],"yoast_head":"<!-- This site is optimized with the Yoast SEO Premium plugin v25.1 (Yoast SEO v25.3) - https:\/\/yoast.com\/wordpress\/plugins\/seo\/ -->\n<title>Ravintola Iisakin Talo - Ruka Safaris, Kuusamo, Finland<\/title>\n<meta name=\"description\" content=\"Iisakin Talo, Rukalla, on yksi Iisakki Villagen p\u00e4\u00e4rakennuksista. Talossa on asiakaspaikat 50 henkil\u00f6lle.\" \/>\n<meta name=\"robots\" content=\"index, follow, max-snippet:-1, max-image-preview:large, max-video-preview:-1\" \/>\n<link rel=\"canonical\" href=\"https:\/\/davas.site\/rukasafaris\/ravintolat\/ravintola-iisakin-talo\/\" \/>\n<meta property=\"og:locale\" content=\"fi_FI\" \/>\n<meta property=\"og:type\" content=\"article\" \/>\n<meta property=\"og:title\" content=\"Ravintola Iisakin Talo\" \/>\n<meta property=\"og:description\" content=\"Iisakin Talo, Rukalla, on yksi Iisakki Villagen p\u00e4\u00e4rakennuksista. Talossa on asiakaspaikat 50 henkil\u00f6lle.\" \/>\n<meta property=\"og:url\" content=\"https:\/\/davas.site\/rukasafaris\/ravintolat\/ravintola-iisakin-talo\/\" \/>\n<meta property=\"og:site_name\" content=\"Ruka Safaris, Kuusamo, Finland\" \/>\n<meta property=\"article:publisher\" content=\"https:\/\/www.facebook.com\/rukasafaris\" \/>\n<meta property=\"article:modified_time\" content=\"2025-07-16T12:22:59+00:00\" \/>\n<meta property=\"og:image\" content=\"https:\/\/davas.site\/rukasafaris\/wp-content\/uploads\/2022\/03\/ravintolaiisakintalo-talvella.jpg\" \/>\n\t<meta property=\"og:image:width\" content=\"1080\" \/>\n\t<meta property=\"og:image:height\" content=\"768\" \/>\n\t<meta property=\"og:image:type\" content=\"image\/jpeg\" \/>\n<meta name=\"twitter:card\" content=\"summary_large_image\" \/>\n<meta name=\"twitter:label1\" content=\"Arvioitu lukuaika\" \/>\n\t<meta name=\"twitter:data1\" content=\"3 minuuttia\" \/>\n<script type=\"application\/ld+json\" class=\"yoast-schema-graph\">{\"@context\":\"https:\/\/schema.org\",\"@graph\":[{\"@type\":\"WebPage\",\"@id\":\"https:\/\/davas.site\/rukasafaris\/ravintolat\/ravintola-iisakin-talo\/\",\"url\":\"https:\/\/davas.site\/rukasafaris\/ravintolat\/ravintola-iisakin-talo\/\",\"name\":\"Ravintola Iisakin Talo - Ruka Safaris, Kuusamo, Finland\",\"isPartOf\":{\"@id\":\"https:\/\/davas.site\/rukasafaris\/#website\"},\"primaryImageOfPage\":{\"@id\":\"https:\/\/davas.site\/rukasafaris\/ravintolat\/ravintola-iisakin-talo\/#primaryimage\"},\"image\":{\"@id\":\"https:\/\/davas.site\/rukasafaris\/ravintolat\/ravintola-iisakin-talo\/#primaryimage\"},\"thumbnailUrl\":\"https:\/\/davas.site\/rukasafaris\/wp-content\/uploads\/2022\/03\/ravintolaiisakintalo-talvella.jpg\",\"datePublished\":\"2022-03-31T08:31:49+00:00\",\"dateModified\":\"2025-07-16T12:22:59+00:00\",\"description\":\"Iisakin Talo, Rukalla, on yksi Iisakki Villagen p\u00e4\u00e4rakennuksista. Talossa on asiakaspaikat 50 henkil\u00f6lle.\",\"breadcrumb\":{\"@id\":\"https:\/\/davas.site\/rukasafaris\/ravintolat\/ravintola-iisakin-talo\/#breadcrumb\"},\"inLanguage\":\"fi\",\"potentialAction\":[{\"@type\":\"ReadAction\",\"target\":[\"https:\/\/davas.site\/rukasafaris\/ravintolat\/ravintola-iisakin-talo\/\"]}]},{\"@type\":\"ImageObject\",\"inLanguage\":\"fi\",\"@id\":\"https:\/\/davas.site\/rukasafaris\/ravintolat\/ravintola-iisakin-talo\/#primaryimage\",\"url\":\"https:\/\/davas.site\/rukasafaris\/wp-content\/uploads\/2022\/03\/ravintolaiisakintalo-talvella.jpg\",\"contentUrl\":\"https:\/\/davas.site\/rukasafaris\/wp-content\/uploads\/2022\/03\/ravintolaiisakintalo-talvella.jpg\",\"width\":1080,\"height\":768},{\"@type\":\"BreadcrumbList\",\"@id\":\"https:\/\/davas.site\/rukasafaris\/ravintolat\/ravintola-iisakin-talo\/#breadcrumb\",\"itemListElement\":[{\"@type\":\"ListItem\",\"position\":1,\"name\":\"Home\",\"item\":\"https:\/\/davas.site\/rukasafaris\/\"},{\"@type\":\"ListItem\",\"position\":2,\"name\":\"Ravintolat\",\"item\":\"https:\/\/davas.site\/rukasafaris\/ravintolat\/\"},{\"@type\":\"ListItem\",\"position\":3,\"name\":\"Ravintola Iisakin Talo\"}]},{\"@type\":\"WebSite\",\"@id\":\"https:\/\/davas.site\/rukasafaris\/#website\",\"url\":\"https:\/\/davas.site\/rukasafaris\/\",\"name\":\"Ruka Safaris, Kuusamo\",\"description\":\"Adventure Travel Since 1988\",\"publisher\":{\"@id\":\"https:\/\/davas.site\/rukasafaris\/#organization\"},\"potentialAction\":[{\"@type\":\"SearchAction\",\"target\":{\"@type\":\"EntryPoint\",\"urlTemplate\":\"https:\/\/davas.site\/rukasafaris\/?s={search_term_string}\"},\"query-input\":{\"@type\":\"PropertyValueSpecification\",\"valueRequired\":true,\"valueName\":\"search_term_string\"}}],\"inLanguage\":\"fi\"},{\"@type\":\"Organization\",\"@id\":\"https:\/\/davas.site\/rukasafaris\/#organization\",\"name\":\"Ruka Safaris\",\"url\":\"https:\/\/davas.site\/rukasafaris\/\",\"logo\":{\"@type\":\"ImageObject\",\"inLanguage\":\"fi\",\"@id\":\"https:\/\/davas.site\/rukasafaris\/#\/schema\/logo\/image\/\",\"url\":\"https:\/\/davas.site\/rukasafaris\/wp-content\/uploads\/2022\/03\/ruka-safaris-logo.png\",\"contentUrl\":\"https:\/\/davas.site\/rukasafaris\/wp-content\/uploads\/2022\/03\/ruka-safaris-logo.png\",\"width\":500,\"height\":500,\"caption\":\"Ruka Safaris\"},\"image\":{\"@id\":\"https:\/\/davas.site\/rukasafaris\/#\/schema\/logo\/image\/\"},\"sameAs\":[\"https:\/\/www.facebook.com\/rukasafaris\",\"https:\/\/www.instagram.com\/rukasafaris\",\"https:\/\/www.youtube.com\/user\/rukasafaris\"]}]}<\/script>\n<!-- \/ Yoast SEO Premium plugin. -->","yoast_head_json":{"title":"Ravintola Iisakin Talo - Ruka Safaris, Kuusamo, Finland","description":"Iisakin Talo, Rukalla, on yksi Iisakki Villagen p\u00e4\u00e4rakennuksista. Talossa on asiakaspaikat 50 henkil\u00f6lle.","robots":{"index":"index","follow":"follow","max-snippet":"max-snippet:-1","max-image-preview":"max-image-preview:large","max-video-preview":"max-video-preview:-1"},"canonical":"https:\/\/davas.site\/rukasafaris\/ravintolat\/ravintola-iisakin-talo\/","og_locale":"fi_FI","og_type":"article","og_title":"Ravintola Iisakin Talo","og_description":"Iisakin Talo, Rukalla, on yksi Iisakki Villagen p\u00e4\u00e4rakennuksista. Talossa on asiakaspaikat 50 henkil\u00f6lle.","og_url":"https:\/\/davas.site\/rukasafaris\/ravintolat\/ravintola-iisakin-talo\/","og_site_name":"Ruka Safaris, Kuusamo, Finland","article_publisher":"https:\/\/www.facebook.com\/rukasafaris","article_modified_time":"2025-07-16T12:22:59+00:00","og_image":[{"width":1080,"height":768,"url":"https:\/\/davas.site\/rukasafaris\/wp-content\/uploads\/2022\/03\/ravintolaiisakintalo-talvella.jpg","type":"image\/jpeg"}],"twitter_card":"summary_large_image","twitter_misc":{"Arvioitu lukuaika":"3 minuuttia"},"schema":{"@context":"https:\/\/schema.org","@graph":[{"@type":"WebPage","@id":"https:\/\/davas.site\/rukasafaris\/ravintolat\/ravintola-iisakin-talo\/","url":"https:\/\/davas.site\/rukasafaris\/ravintolat\/ravintola-iisakin-talo\/","name":"Ravintola Iisakin Talo - Ruka Safaris, Kuusamo, Finland","isPartOf":{"@id":"https:\/\/davas.site\/rukasafaris\/#website"},"primaryImageOfPage":{"@id":"https:\/\/davas.site\/rukasafaris\/ravintolat\/ravintola-iisakin-talo\/#primaryimage"},"image":{"@id":"https:\/\/davas.site\/rukasafaris\/ravintolat\/ravintola-iisakin-talo\/#primaryimage"},"thumbnailUrl":"https:\/\/davas.site\/rukasafaris\/wp-content\/uploads\/2022\/03\/ravintolaiisakintalo-talvella.jpg","datePublished":"2022-03-31T08:31:49+00:00","dateModified":"2025-07-16T12:22:59+00:00","description":"Iisakin Talo, Rukalla, on yksi Iisakki Villagen p\u00e4\u00e4rakennuksista. Talossa on asiakaspaikat 50 henkil\u00f6lle.","breadcrumb":{"@id":"https:\/\/davas.site\/rukasafaris\/ravintolat\/ravintola-iisakin-talo\/#breadcrumb"},"inLanguage":"fi","potentialAction":[{"@type":"ReadAction","target":["https:\/\/davas.site\/rukasafaris\/ravintolat\/ravintola-iisakin-talo\/"]}]},{"@type":"ImageObject","inLanguage":"fi","@id":"https:\/\/davas.site\/rukasafaris\/ravintolat\/ravintola-iisakin-talo\/#primaryimage","url":"https:\/\/davas.site\/rukasafaris\/wp-content\/uploads\/2022\/03\/ravintolaiisakintalo-talvella.jpg","contentUrl":"https:\/\/davas.site\/rukasafaris\/wp-content\/uploads\/2022\/03\/ravintolaiisakintalo-talvella.jpg","width":1080,"height":768},{"@type":"BreadcrumbList","@id":"https:\/\/davas.site\/rukasafaris\/ravintolat\/ravintola-iisakin-talo\/#breadcrumb","itemListElement":[{"@type":"ListItem","position":1,"name":"Home","item":"https:\/\/davas.site\/rukasafaris\/"},{"@type":"ListItem","position":2,"name":"Ravintolat","item":"https:\/\/davas.site\/rukasafaris\/ravintolat\/"},{"@type":"ListItem","position":3,"name":"Ravintola Iisakin Talo"}]},{"@type":"WebSite","@id":"https:\/\/davas.site\/rukasafaris\/#website","url":"https:\/\/davas.site\/rukasafaris\/","name":"Ruka Safaris, Kuusamo","description":"Adventure Travel Since 1988","publisher":{"@id":"https:\/\/davas.site\/rukasafaris\/#organization"},"potentialAction":[{"@type":"SearchAction","target":{"@type":"EntryPoint","urlTemplate":"https:\/\/davas.site\/rukasafaris\/?s={search_term_string}"},"query-input":{"@type":"PropertyValueSpecification","valueRequired":true,"valueName":"search_term_string"}}],"inLanguage":"fi"},{"@type":"Organization","@id":"https:\/\/davas.site\/rukasafaris\/#organization","name":"Ruka Safaris","url":"https:\/\/davas.site\/rukasafaris\/","logo":{"@type":"ImageObject","inLanguage":"fi","@id":"https:\/\/davas.site\/rukasafaris\/#\/schema\/logo\/image\/","url":"https:\/\/davas.site\/rukasafaris\/wp-content\/uploads\/2022\/03\/ruka-safaris-logo.png","contentUrl":"https:\/\/davas.site\/rukasafaris\/wp-content\/uploads\/2022\/03\/ruka-safaris-logo.png","width":500,"height":500,"caption":"Ruka Safaris"},"image":{"@id":"https:\/\/davas.site\/rukasafaris\/#\/schema\/logo\/image\/"},"sameAs":["https:\/\/www.facebook.com\/rukasafaris","https:\/\/www.instagram.com\/rukasafaris","https:\/\/www.youtube.com\/user\/rukasafaris"]}]}},"_links":{"self":[{"href":"https:\/\/davas.site\/rukasafaris\/wp-json\/wp\/v2\/pages\/1467","targetHints":{"allow":["GET"]}}],"collection":[{"href":"https:\/\/davas.site\/rukasafaris\/wp-json\/wp\/v2\/pages"}],"about":[{"href":"https:\/\/davas.site\/rukasafaris\/wp-json\/wp\/v2\/types\/page"}],"author":[{"embeddable":true,"href":"https:\/\/davas.site\/rukasafaris\/wp-json\/wp\/v2\/users\/1"}],"replies":[{"embeddable":true,"href":"https:\/\/davas.site\/rukasafaris\/wp-json\/wp\/v2\/comments?post=1467"}],"version-history":[{"count":37,"href":"https:\/\/davas.site\/rukasafaris\/wp-json\/wp\/v2\/pages\/1467\/revisions"}],"predecessor-version":[{"id":12545,"href":"https:\/\/davas.site\/rukasafaris\/wp-json\/wp\/v2\/pages\/1467\/revisions\/12545"}],"up":[{"embeddable":true,"href":"https:\/\/davas.site\/rukasafaris\/wp-json\/wp\/v2\/pages\/1182"}],"wp:featuredmedia":[{"embeddable":true,"href":"https:\/\/davas.site\/rukasafaris\/wp-json\/wp\/v2\/media\/1478"}],"wp:attachment":[{"href":"https:\/\/davas.site\/rukasafaris\/wp-json\/wp\/v2\/media?parent=1467"}],"curies":[{"name":"wp","href":"https:\/\/api.w.org\/{rel}","templated":true}]}}