{"id":1480,"date":"2022-03-31T11:43:37","date_gmt":"2022-03-31T08:43:37","guid":{"rendered":"https:\/\/davas.site\/rukasafaris\/?p=1480"},"modified":"2025-06-02T15:19:30","modified_gmt":"2025-06-02T12:19:30","slug":"ravintola-honkakota","status":"publish","type":"page","link":"https:\/\/davas.site\/rukasafaris\/ravintolat\/ravintola-honkakota\/","title":{"rendered":"Ravintola Honkakota"},"content":{"rendered":"<div>Tunnelmallinen kota<\/div>\n<h1>\n<p>Kotaruokailut<\/p>\n<\/h1>\n<div>\n<p>Hongasta rakennetussa tunnelmallisessa kodassa viet\u00e4t konstailemattoman illan hyv\u00e4ss\u00e4 seurassa ilman turhia hienosteluja ja pukukoodeja. Suosituin asuvalinta onkin villapaita ja talvisaappaat. Kodan yhteydess\u00e4 on perinteinen ulko-wc.\u00a0<\/p>\n<p>Illanvieton yhteyteen voit varata my\u00f6s Honkakodan vieress\u00e4 sijaitsevan Aivoriihi -saunan! Aivoriihi -sauna ja Honkakota sijaitsevat Rukaj\u00e4rvell\u00e4 10 minuutin p\u00e4\u00e4ss\u00e4 Rukan kyl\u00e4st\u00e4. Aivoriihi -saunan yhteydess\u00e4 on my\u00f6s ulkoporeallas ja sis\u00e4-wc:t. Upea illanvietto on siis helposti saatavissa!<\/p>\n<p>Kota on varattavissa 10 &#8211; 40 hengen seurueille. Honkakodassa ei ole anniskeluoikeuksia.<\/p>\n<\/div>\n<p><img decoding=\"async\" src=\"\/wp-content\/uploads\/2022\/03\/oiva-logo.svg\" alt=\"\"><\/p>\n<ul>\n<li>\n<p>        <img decoding=\"async\" src=\"\/wp-content\/uploads\/2022\/03\/honkakota-kattaus.jpeg\" alt=\"\"><\/p>\n<h3>honkakota-kattaus<\/h3>\n<\/li>\n<li>\n<p>        <img decoding=\"async\" src=\"\/wp-content\/uploads\/2022\/03\/honkakota-kattaus.jpg\" alt=\"\"><\/p>\n<h3>honkakota-kattaus<\/h3>\n<\/li>\n<\/ul>\n<p><!--more--><br \/>\n<!-- {\"children\":[{\"type\":\"section\",\"props\":{\"header_transparent\":false,\"header_transparent_noplaceholder\":true,\"height\":\"viewport\",\"height_offset_top\":true,\"height_viewport\":80,\"image\":\"https:\\\/\\\/davas.site\\\/rukasafaris\\\/wp-content\\\/uploads\\\/2022\\\/03\\\/tulistelu.jpg\",\"image_height\":\"1100\",\"image_loading\":true,\"image_position\":\"center-center\",\"image_size\":\"cover\",\"image_width\":\"2200\",\"media_overlay\":\"rgba(0, 0, 0, 0.25)\",\"style\":\"default\",\"text_color\":\"light\",\"title_breakpoint\":\"xl\",\"title_position\":\"top-left\",\"title_rotation\":\"left\",\"vertical_align\":\"middle\",\"video_width\":\"2560\",\"width\":\"xlarge\"},\"children\":[{\"type\":\"row\",\"props\":{\"margin\":\"remove-vertical\"},\"children\":[{\"type\":\"column\",\"props\":{\"image_position\":\"center-center\",\"position_sticky_breakpoint\":\"m\",\"width_medium\":\"1-1\"},\"children\":[{\"type\":\"headline\",\"props\":{\"block_align\":\"center\",\"content\":\"Tunnelmallinen kota\",\"margin\":\"small\",\"text_align\":\"center\",\"title_decoration\":\"line\",\"title_element\":\"div\",\"title_font_family\":\"tertiary\",\"title_style\":\"h3\"}},{\"type\":\"headline\",\"props\":{\"block_align\":\"center\",\"content\":\"\n\n<p>Kotaruokailut<\\\/p>\",\"margin_remove_top\":true,\"text_align\":\"center\",\"title_element\":\"h1\",\"title_style\":\"heading-large\"}}]}]}],\"name\":\"Hero\"},{\"type\":\"section\",\"props\":{\"image_position\":\"center-center\",\"padding_remove_top\":false,\"style\":\"default\",\"title_breakpoint\":\"xl\",\"title_position\":\"center-left\",\"title_rotation\":\"left\",\"vertical_align\":\"\",\"width\":\"small\"},\"children\":[{\"type\":\"row\",\"children\":[{\"type\":\"column\",\"props\":{\"image_position\":\"center-center\",\"position_sticky_breakpoint\":\"m\",\"width_medium\":\"2-3\",\"width_small\":\"2-3\"},\"children\":[{\"type\":\"text\",\"props\":{\"column_breakpoint\":\"m\",\"content\":\"\n\n<p>Hongasta rakennetussa tunnelmallisessa kodassa viet\\u00e4t konstailemattoman illan hyv\\u00e4ss\\u00e4 seurassa ilman turhia hienosteluja ja pukukoodeja. Suosituin asuvalinta onkin villapaita ja talvisaappaat. Kodan yhteydess\\u00e4 on perinteinen ulko-wc.\\u00a0<\\\/p>\\n\n\n<p>Illanvieton yhteyteen voit varata my\\u00f6s Honkakodan vieress\\u00e4 sijaitsevan Aivoriihi -saunan! Aivoriihi -sauna ja Honkakota sijaitsevat Rukaj\\u00e4rvell\\u00e4 10 minuutin p\\u00e4\\u00e4ss\\u00e4 Rukan kyl\\u00e4st\\u00e4. Aivoriihi -saunan yhteydess\\u00e4 on my\\u00f6s ulkoporeallas ja sis\\u00e4-wc:t. Upea illanvietto on siis helposti saatavissa!<\\\/p>\\n\n\n<p>Kota on varattavissa 10 - 40 hengen seurueille. Honkakodassa ei ole anniskeluoikeuksia.<\\\/p>\",\"margin\":\"medium\"}}]},{\"type\":\"column\",\"props\":{\"image_position\":\"center-center\",\"position_sticky_breakpoint\":\"m\",\"width_medium\":\"1-3\",\"width_small\":\"1-3\"},\"children\":[{\"type\":\"image\",\"props\":{\"image\":\"wp-content\\\/uploads\\\/2022\\\/03\\\/oiva-logo.svg\",\"image_height\":\"50\",\"image_svg_color\":\"emphasis\",\"image_width\":\"80\",\"margin\":\"default\",\"text_align\":\"center\"},\"name\":\"oiva\"}]}],\"props\":{\"layout\":\"2-3,1-3\"}},{\"type\":\"row\",\"children\":[{\"type\":\"column\",\"props\":{\"image_position\":\"center-center\",\"position_sticky_breakpoint\":\"m\",\"width_medium\":\"1-1\"},\"children\":[{\"type\":\"overlay-slider\",\"props\":{\"container_padding_remove\":true,\"image_height\":\"400\",\"image_width\":\"600\",\"link_style\":\"default\",\"link_text\":\"\",\"margin\":\"default\",\"meta_align\":\"below-title\",\"meta_element\":\"div\",\"meta_style\":\"text-meta\",\"nav\":\"\",\"nav_align\":\"left\",\"nav_breakpoint\":\"s\",\"overlay_link\":true,\"overlay_mode\":\"cover\",\"overlay_position\":\"center\",\"overlay_transition\":\"fade\",\"show_content\":true,\"show_hover_image\":true,\"show_hover_video\":true,\"show_link\":true,\"show_meta\":true,\"show_title\":false,\"slidenav\":\"default\",\"slidenav_breakpoint\":\"s\",\"slidenav_large\":true,\"slidenav_margin\":\"small\",\"slidenav_outside_breakpoint\":\"xl\",\"slider_autoplay\":true,\"slider_autoplay_pause\":true,\"slider_center\":false,\"slider_finite\":false,\"slider_gap\":\"small\",\"slider_width\":\"\",\"slider_width_default\":\"1-1\",\"slider_width_medium\":\"1-3\",\"text_align\":\"center\",\"title_element\":\"h3\",\"title_hover_style\":\"reset\"},\"children\":[{\"type\":\"overlay-slider_item\",\"props\":{\"image\":\"wp-content\\\/uploads\\\/2022\\\/03\\\/honkakota-kattaus.jpeg\",\"title\":\"honkakota-kattaus\"}},{\"type\":\"overlay-slider_item\",\"props\":{\"image\":\"wp-content\\\/uploads\\\/2022\\\/03\\\/honkakota-kattaus.jpg\",\"title\":\"honkakota-kattaus\"}}]}]}]}],\"name\":\"Activities\"}],\"type\":\"layout\",\"version\":\"4.4.8\"} --><\/p>\n","protected":false},"excerpt":{"rendered":"<p>Tunnelmallinen kota Kotaruokailut Hongasta rakennetussa tunnelmallisessa kodassa viet\u00e4t konstailemattoman illan hyv\u00e4ss\u00e4 seurassa ilman turhia hienosteluja ja pukukoodeja. Suosituin asuvalinta onkin villapaita ja talvisaappaat. Kodan yhteydess\u00e4 on perinteinen ulko-wc.\u00a0 Illanvieton yhteyteen voit varata my\u00f6s Honkakodan vieress\u00e4 sijaitsevan Aivoriihi -saunan! Aivoriihi -sauna ja Honkakota sijaitsevat Rukaj\u00e4rvell\u00e4 10 minuutin p\u00e4\u00e4ss\u00e4 Rukan kyl\u00e4st\u00e4. Aivoriihi -saunan yhteydess\u00e4 on my\u00f6s ulkoporeallas [&hellip;]<\/p>\n","protected":false},"author":1,"featured_media":8997,"parent":1182,"menu_order":0,"comment_status":"closed","ping_status":"closed","template":"","meta":{"cybocfi_hide_featured_image":"","footnotes":""},"class_list":["post-1480","page","type-page","status-publish","has-post-thumbnail","hentry"],"yoast_head":"<!-- This site is optimized with the Yoast SEO Premium plugin v25.1 (Yoast SEO v25.3) - https:\/\/yoast.com\/wordpress\/plugins\/seo\/ -->\n<title>Ravintola Honkakota - Ruka Safaris, Kuusamo, Finland<\/title>\n<meta name=\"description\" content=\"Rukalla sijaitsevassa, hongasta rakennetussa, tunnelmallisessa kodassa viet\u00e4t konstailemattoman illan hyv\u00e4ss\u00e4 seurassa.\" \/>\n<meta name=\"robots\" content=\"index, follow, max-snippet:-1, max-image-preview:large, max-video-preview:-1\" \/>\n<link rel=\"canonical\" href=\"https:\/\/davas.site\/rukasafaris\/ravintolat\/ravintola-honkakota\/\" \/>\n<meta property=\"og:locale\" content=\"fi_FI\" \/>\n<meta property=\"og:type\" content=\"article\" \/>\n<meta property=\"og:title\" content=\"Ravintola Honkakota\" \/>\n<meta property=\"og:description\" content=\"Rukalla sijaitsevassa, hongasta rakennetussa, tunnelmallisessa kodassa viet\u00e4t konstailemattoman illan hyv\u00e4ss\u00e4 seurassa.\" \/>\n<meta property=\"og:url\" content=\"https:\/\/davas.site\/rukasafaris\/ravintolat\/ravintola-honkakota\/\" \/>\n<meta property=\"og:site_name\" content=\"Ruka Safaris, Kuusamo, Finland\" \/>\n<meta property=\"article:publisher\" content=\"https:\/\/www.facebook.com\/rukasafaris\" \/>\n<meta property=\"article:modified_time\" content=\"2025-06-02T12:19:30+00:00\" \/>\n<meta property=\"og:image\" content=\"https:\/\/davas.site\/rukasafaris\/wp-content\/uploads\/2022\/03\/Honkakota-scaled.jpg\" \/>\n\t<meta property=\"og:image:width\" content=\"2560\" \/>\n\t<meta property=\"og:image:height\" content=\"1920\" \/>\n\t<meta property=\"og:image:type\" content=\"image\/jpeg\" \/>\n<meta name=\"twitter:card\" content=\"summary_large_image\" \/>\n<meta name=\"twitter:label1\" content=\"Arvioitu lukuaika\" \/>\n\t<meta name=\"twitter:data1\" content=\"2 minuuttia\" \/>\n<script type=\"application\/ld+json\" class=\"yoast-schema-graph\">{\"@context\":\"https:\/\/schema.org\",\"@graph\":[{\"@type\":\"WebPage\",\"@id\":\"https:\/\/davas.site\/rukasafaris\/ravintolat\/ravintola-honkakota\/\",\"url\":\"https:\/\/davas.site\/rukasafaris\/ravintolat\/ravintola-honkakota\/\",\"name\":\"Ravintola Honkakota - Ruka Safaris, Kuusamo, Finland\",\"isPartOf\":{\"@id\":\"https:\/\/davas.site\/rukasafaris\/#website\"},\"primaryImageOfPage\":{\"@id\":\"https:\/\/davas.site\/rukasafaris\/ravintolat\/ravintola-honkakota\/#primaryimage\"},\"image\":{\"@id\":\"https:\/\/davas.site\/rukasafaris\/ravintolat\/ravintola-honkakota\/#primaryimage\"},\"thumbnailUrl\":\"https:\/\/davas.site\/rukasafaris\/wp-content\/uploads\/2022\/03\/Honkakota-scaled.jpg\",\"datePublished\":\"2022-03-31T08:43:37+00:00\",\"dateModified\":\"2025-06-02T12:19:30+00:00\",\"description\":\"Rukalla sijaitsevassa, hongasta rakennetussa, tunnelmallisessa kodassa viet\u00e4t konstailemattoman illan hyv\u00e4ss\u00e4 seurassa.\",\"breadcrumb\":{\"@id\":\"https:\/\/davas.site\/rukasafaris\/ravintolat\/ravintola-honkakota\/#breadcrumb\"},\"inLanguage\":\"fi\",\"potentialAction\":[{\"@type\":\"ReadAction\",\"target\":[\"https:\/\/davas.site\/rukasafaris\/ravintolat\/ravintola-honkakota\/\"]}]},{\"@type\":\"ImageObject\",\"inLanguage\":\"fi\",\"@id\":\"https:\/\/davas.site\/rukasafaris\/ravintolat\/ravintola-honkakota\/#primaryimage\",\"url\":\"https:\/\/davas.site\/rukasafaris\/wp-content\/uploads\/2022\/03\/Honkakota-scaled.jpg\",\"contentUrl\":\"https:\/\/davas.site\/rukasafaris\/wp-content\/uploads\/2022\/03\/Honkakota-scaled.jpg\",\"width\":2560,\"height\":1920},{\"@type\":\"BreadcrumbList\",\"@id\":\"https:\/\/davas.site\/rukasafaris\/ravintolat\/ravintola-honkakota\/#breadcrumb\",\"itemListElement\":[{\"@type\":\"ListItem\",\"position\":1,\"name\":\"Home\",\"item\":\"https:\/\/davas.site\/rukasafaris\/\"},{\"@type\":\"ListItem\",\"position\":2,\"name\":\"Ravintolat\",\"item\":\"https:\/\/davas.site\/rukasafaris\/ravintolat\/\"},{\"@type\":\"ListItem\",\"position\":3,\"name\":\"Ravintola Honkakota\"}]},{\"@type\":\"WebSite\",\"@id\":\"https:\/\/davas.site\/rukasafaris\/#website\",\"url\":\"https:\/\/davas.site\/rukasafaris\/\",\"name\":\"Ruka Safaris, Kuusamo\",\"description\":\"Adventure Travel Since 1988\",\"publisher\":{\"@id\":\"https:\/\/davas.site\/rukasafaris\/#organization\"},\"potentialAction\":[{\"@type\":\"SearchAction\",\"target\":{\"@type\":\"EntryPoint\",\"urlTemplate\":\"https:\/\/davas.site\/rukasafaris\/?s={search_term_string}\"},\"query-input\":{\"@type\":\"PropertyValueSpecification\",\"valueRequired\":true,\"valueName\":\"search_term_string\"}}],\"inLanguage\":\"fi\"},{\"@type\":\"Organization\",\"@id\":\"https:\/\/davas.site\/rukasafaris\/#organization\",\"name\":\"Ruka Safaris\",\"url\":\"https:\/\/davas.site\/rukasafaris\/\",\"logo\":{\"@type\":\"ImageObject\",\"inLanguage\":\"fi\",\"@id\":\"https:\/\/davas.site\/rukasafaris\/#\/schema\/logo\/image\/\",\"url\":\"https:\/\/davas.site\/rukasafaris\/wp-content\/uploads\/2022\/03\/ruka-safaris-logo.png\",\"contentUrl\":\"https:\/\/davas.site\/rukasafaris\/wp-content\/uploads\/2022\/03\/ruka-safaris-logo.png\",\"width\":500,\"height\":500,\"caption\":\"Ruka Safaris\"},\"image\":{\"@id\":\"https:\/\/davas.site\/rukasafaris\/#\/schema\/logo\/image\/\"},\"sameAs\":[\"https:\/\/www.facebook.com\/rukasafaris\",\"https:\/\/www.instagram.com\/rukasafaris\",\"https:\/\/www.youtube.com\/user\/rukasafaris\"]}]}<\/script>\n<!-- \/ Yoast SEO Premium plugin. -->","yoast_head_json":{"title":"Ravintola Honkakota - Ruka Safaris, Kuusamo, Finland","description":"Rukalla sijaitsevassa, hongasta rakennetussa, tunnelmallisessa kodassa viet\u00e4t konstailemattoman illan hyv\u00e4ss\u00e4 seurassa.","robots":{"index":"index","follow":"follow","max-snippet":"max-snippet:-1","max-image-preview":"max-image-preview:large","max-video-preview":"max-video-preview:-1"},"canonical":"https:\/\/davas.site\/rukasafaris\/ravintolat\/ravintola-honkakota\/","og_locale":"fi_FI","og_type":"article","og_title":"Ravintola Honkakota","og_description":"Rukalla sijaitsevassa, hongasta rakennetussa, tunnelmallisessa kodassa viet\u00e4t konstailemattoman illan hyv\u00e4ss\u00e4 seurassa.","og_url":"https:\/\/davas.site\/rukasafaris\/ravintolat\/ravintola-honkakota\/","og_site_name":"Ruka Safaris, Kuusamo, Finland","article_publisher":"https:\/\/www.facebook.com\/rukasafaris","article_modified_time":"2025-06-02T12:19:30+00:00","og_image":[{"width":2560,"height":1920,"url":"https:\/\/davas.site\/rukasafaris\/wp-content\/uploads\/2022\/03\/Honkakota-scaled.jpg","type":"image\/jpeg"}],"twitter_card":"summary_large_image","twitter_misc":{"Arvioitu lukuaika":"2 minuuttia"},"schema":{"@context":"https:\/\/schema.org","@graph":[{"@type":"WebPage","@id":"https:\/\/davas.site\/rukasafaris\/ravintolat\/ravintola-honkakota\/","url":"https:\/\/davas.site\/rukasafaris\/ravintolat\/ravintola-honkakota\/","name":"Ravintola Honkakota - Ruka Safaris, Kuusamo, Finland","isPartOf":{"@id":"https:\/\/davas.site\/rukasafaris\/#website"},"primaryImageOfPage":{"@id":"https:\/\/davas.site\/rukasafaris\/ravintolat\/ravintola-honkakota\/#primaryimage"},"image":{"@id":"https:\/\/davas.site\/rukasafaris\/ravintolat\/ravintola-honkakota\/#primaryimage"},"thumbnailUrl":"https:\/\/davas.site\/rukasafaris\/wp-content\/uploads\/2022\/03\/Honkakota-scaled.jpg","datePublished":"2022-03-31T08:43:37+00:00","dateModified":"2025-06-02T12:19:30+00:00","description":"Rukalla sijaitsevassa, hongasta rakennetussa, tunnelmallisessa kodassa viet\u00e4t konstailemattoman illan hyv\u00e4ss\u00e4 seurassa.","breadcrumb":{"@id":"https:\/\/davas.site\/rukasafaris\/ravintolat\/ravintola-honkakota\/#breadcrumb"},"inLanguage":"fi","potentialAction":[{"@type":"ReadAction","target":["https:\/\/davas.site\/rukasafaris\/ravintolat\/ravintola-honkakota\/"]}]},{"@type":"ImageObject","inLanguage":"fi","@id":"https:\/\/davas.site\/rukasafaris\/ravintolat\/ravintola-honkakota\/#primaryimage","url":"https:\/\/davas.site\/rukasafaris\/wp-content\/uploads\/2022\/03\/Honkakota-scaled.jpg","contentUrl":"https:\/\/davas.site\/rukasafaris\/wp-content\/uploads\/2022\/03\/Honkakota-scaled.jpg","width":2560,"height":1920},{"@type":"BreadcrumbList","@id":"https:\/\/davas.site\/rukasafaris\/ravintolat\/ravintola-honkakota\/#breadcrumb","itemListElement":[{"@type":"ListItem","position":1,"name":"Home","item":"https:\/\/davas.site\/rukasafaris\/"},{"@type":"ListItem","position":2,"name":"Ravintolat","item":"https:\/\/davas.site\/rukasafaris\/ravintolat\/"},{"@type":"ListItem","position":3,"name":"Ravintola Honkakota"}]},{"@type":"WebSite","@id":"https:\/\/davas.site\/rukasafaris\/#website","url":"https:\/\/davas.site\/rukasafaris\/","name":"Ruka Safaris, Kuusamo","description":"Adventure Travel Since 1988","publisher":{"@id":"https:\/\/davas.site\/rukasafaris\/#organization"},"potentialAction":[{"@type":"SearchAction","target":{"@type":"EntryPoint","urlTemplate":"https:\/\/davas.site\/rukasafaris\/?s={search_term_string}"},"query-input":{"@type":"PropertyValueSpecification","valueRequired":true,"valueName":"search_term_string"}}],"inLanguage":"fi"},{"@type":"Organization","@id":"https:\/\/davas.site\/rukasafaris\/#organization","name":"Ruka Safaris","url":"https:\/\/davas.site\/rukasafaris\/","logo":{"@type":"ImageObject","inLanguage":"fi","@id":"https:\/\/davas.site\/rukasafaris\/#\/schema\/logo\/image\/","url":"https:\/\/davas.site\/rukasafaris\/wp-content\/uploads\/2022\/03\/ruka-safaris-logo.png","contentUrl":"https:\/\/davas.site\/rukasafaris\/wp-content\/uploads\/2022\/03\/ruka-safaris-logo.png","width":500,"height":500,"caption":"Ruka Safaris"},"image":{"@id":"https:\/\/davas.site\/rukasafaris\/#\/schema\/logo\/image\/"},"sameAs":["https:\/\/www.facebook.com\/rukasafaris","https:\/\/www.instagram.com\/rukasafaris","https:\/\/www.youtube.com\/user\/rukasafaris"]}]}},"_links":{"self":[{"href":"https:\/\/davas.site\/rukasafaris\/wp-json\/wp\/v2\/pages\/1480","targetHints":{"allow":["GET"]}}],"collection":[{"href":"https:\/\/davas.site\/rukasafaris\/wp-json\/wp\/v2\/pages"}],"about":[{"href":"https:\/\/davas.site\/rukasafaris\/wp-json\/wp\/v2\/types\/page"}],"author":[{"embeddable":true,"href":"https:\/\/davas.site\/rukasafaris\/wp-json\/wp\/v2\/users\/1"}],"replies":[{"embeddable":true,"href":"https:\/\/davas.site\/rukasafaris\/wp-json\/wp\/v2\/comments?post=1480"}],"version-history":[{"count":16,"href":"https:\/\/davas.site\/rukasafaris\/wp-json\/wp\/v2\/pages\/1480\/revisions"}],"predecessor-version":[{"id":11548,"href":"https:\/\/davas.site\/rukasafaris\/wp-json\/wp\/v2\/pages\/1480\/revisions\/11548"}],"up":[{"embeddable":true,"href":"https:\/\/davas.site\/rukasafaris\/wp-json\/wp\/v2\/pages\/1182"}],"wp:featuredmedia":[{"embeddable":true,"href":"https:\/\/davas.site\/rukasafaris\/wp-json\/wp\/v2\/media\/8997"}],"wp:attachment":[{"href":"https:\/\/davas.site\/rukasafaris\/wp-json\/wp\/v2\/media?parent=1480"}],"curies":[{"name":"wp","href":"https:\/\/api.w.org\/{rel}","templated":true}]}}