{"id":23,"date":"2013-11-29T15:33:43","date_gmt":"2013-11-29T13:33:43","guid":{"rendered":"https:\/\/davas.site\/rukasafaris\/2013\/11\/29\/kaikki-samaa-safarista\/"},"modified":"2025-06-20T07:06:29","modified_gmt":"2025-06-20T04:06:29","slug":"kaikki-samaa-safarista","status":"publish","type":"page","link":"https:\/\/davas.site\/rukasafaris\/","title":{"rendered":"Seuraava suuri seikkailusi"},"content":{"rendered":"<h1>Ruka Safaris<\/h1>\n<div>\n<p>Seuraava<br \/>suuri <br \/>seikkailusi<\/p>\n<\/div>\n<div>\n<p>        <img decoding=\"async\" src=\"\/wp-content\/uploads\/2022\/03\/glass-village-ruska2.jpeg\" alt=\"Iisakki Glass Village\"><\/p>\n<h3>Iisakki Glass Village<\/h3>\n<p><a href=\"\/iisakkiglassvillage\/\"><\/a><\/p>\n<\/div>\n<div>\n<p>        <img decoding=\"async\" src=\"\/wp-content\/uploads\/2024\/02\/Iisakin-portti-living-room1.jpg\" alt=\"Majoitus Ruka\"><\/p>\n<h3>Majoitusta Rukalla<\/h3>\n<p><a href=\"\/majoitus\/\"><\/a><\/p>\n<\/div>\n<ul>\n<li>\n<p>        <img decoding=\"async\" src=\"\/wp-content\/uploads\/2022\/03\/ruka-kuusamo_winterbiking2_rukasafaris.jpg\" alt=\"fatbike retki revontulet\"><\/p>\n<div>Talven viikko-ohjelma<\/div>\n<div>\n<p><strong>Tarjolla opastettuja ohjelmia maan ja taivaan v\u00e4lilt\u00e4<\/strong><\/p>\n<\/div>\n<p><a href=\"\/talven-viikko-ohjelma\/\"><\/a><\/p>\n<\/li>\n<li>\n<p>        <img decoding=\"async\" src=\"\/wp-content\/uploads\/2022\/09\/ruka-kuusamo_riverfloat_rukasafaris_Jan22_HarriTarvainen00004-1-2-2-scaled.jpg\" alt=\"El\u00e4mykset yrityksille ja ryhmille\"><\/p>\n<div>El\u00e4mykset yrityksille ja ryhmille<\/div>\n<div>\n<p><strong>All inclusive kokous- ja virkistyspalvelut<\/strong><\/p>\n<\/div>\n<p><a href=\"\/yrityksille-ja-ryhmille\/\"><\/a><\/p>\n<\/li>\n<li>\n<p>        <img decoding=\"async\" src=\"\/wp-content\/uploads\/2023\/12\/lappish-dinner.jpg\" alt=\"\"><\/p>\n<div>Pikkujoulut<\/div>\n<p>Kaikki pikkujouluihin saman katon alta!<\/p>\n<p><a href=\"\/pikkujoulut\/\"><\/a><\/p>\n<\/li>\n<li>\n<p>        <img decoding=\"async\" src=\"\/wp-content\/uploads\/2024\/05\/kontioluola-kokous.jpg\" alt=\"Kokoustilat\"><\/p>\n<div>Kokoustilat<\/div>\n<div>\n<p><strong>Useita erikokoisia kokous-, juhla- ja tapahtumatiloja.<\/strong><\/p>\n<\/div>\n<p><a href=\"\/yrityksille-ja-ryhmille\/kokoustilat\/\"><\/a><\/p>\n<\/li>\n<li>\n<p>        <img decoding=\"async\" src=\"\/wp-content\/uploads\/2022\/03\/fatbike-retki-rukalla.jpg\" alt=\"Kes\u00e4n viikko-ohjelma\"><\/p>\n<div>Kes\u00e4n viikko-ohjelma<\/div>\n<div>\n<div>\n<div data-testid=\"excerpt\"><strong>Tutustu Kuusamoon uudella tavalla<\/strong><\/div>\n<\/div>\n<\/div>\n<p><a href=\"\/kesan-viikko-ohjelma\/\"><\/a><\/p>\n<\/li>\n<\/ul>\n<h2>Ruka Safaris<\/h2>\n<blockquote>\n<div>\n<div>\n<div uk-grid=\"\">\n<div>\n<p>on j\u00e4rjest\u00e4nyt aktiviteetteja, majoitusta ja ravintolapalveluita jo vuodesta 1988.\u00a0Tarjoamme unohtumattomia seikkailuja ymp\u00e4ri vuoden!<\/p>\n<\/div>\n<\/div>\n<\/div>\n<\/div>\n<div>\n<div>\n<div uk-grid=\"\">\n<div>\n<div>\n<div uk-grid=\"\">\n<div><\/div>\n<\/div>\n<\/div>\n<\/div>\n<\/div>\n<\/div>\n<\/div>\n<\/blockquote>\n<p>\n    <a href=\"\/myyntitoimisto\/\">Ota yhteytt\u00e4<\/a>\n<\/p>\n<p><!--more--><br \/>\n<!-- {\"type\":\"layout\",\"children\":[{\"name\":\"Hero\",\"type\":\"section\",\"props\":{\"height\":\"viewport\",\"height_offset_top\":true,\"height_viewport\":80,\"image\":\"wp-content\\\/uploads\\\/2022\\\/10\\\/Steaming-river-floating-scaled.jpg\",\"image_effect\":\"parallax\",\"image_height\":\"1200\",\"image_loading\":true,\"image_parallax_bgy\":\"200,100\",\"image_parallax_breakpoint\":\"m\",\"image_parallax_easing\":\"1\",\"image_position\":\"center-left\",\"image_size\":\"cover\",\"image_width\":\"2560\",\"media_overlay_gradient\":\"linear-gradient(rgba(30,31,28,0) 45%, rgba(30,31,28,1) 100%)\",\"overlap\":false,\"padding\":\"xlarge\",\"padding_remove_bottom\":true,\"padding_remove_top\":false,\"style\":\"default\",\"text_color\":\"light\",\"title_breakpoint\":\"xl\",\"title_position\":\"top-left\",\"title_rotation\":\"left\",\"vertical_align\":\"middle\",\"width\":\"large\"},\"children\":[{\"type\":\"row\",\"props\":{\"column_gap\":\"large\",\"layout\":\"expand,large\",\"margin_remove_top\":true,\"row_gap\":\"large\"},\"children\":[{\"type\":\"column\",\"props\":{\"image_position\":\"center-right\",\"image_size\":\"contain\",\"position_sticky_breakpoint\":\"m\",\"width_medium\":\"expand\"},\"children\":[{\"type\":\"headline\",\"props\":{\"animation\":\"none\",\"content\":\"Ruka Safaris\",\"parallax_breakpoint\":\"m\",\"parallax_y\":\"-550,-450\",\"text_align\":\"left\",\"text_align_fallback\":\"center\",\"title_decoration\":\"line\",\"title_element\":\"h1\",\"title_style\":\"h3\"}},{\"type\":\"headline\",\"props\":{\"content\":\"\n\n<p>Seuraava<br \\\/>suuri <br \\\/>seikkailusi<\\\/p>\",\"margin_remove_top\":true,\"maxwidth\":\"xlarge\",\"maxwidth_breakpoint\":\"m\",\"parallax_breakpoint\":\"m\",\"parallax_y\":\"-550,-400\",\"parallax_zindex\":false,\"text_align\":\"left\",\"text_align_fallback\":\"center\",\"title_element\":\"div\",\"title_style\":\"heading-large\"}}]},{\"type\":\"column\",\"props\":{\"image_position\":\"center-center\",\"position_sticky_breakpoint\":\"m\",\"width_medium\":\"large\"},\"children\":[{\"type\":\"overlay\",\"props\":{\"animation\":\"parallax\",\"block_align\":\"center\",\"content\":\"\",\"image\":\"wp-content\\\/uploads\\\/2022\\\/03\\\/glass-village-ruska2.jpeg\",\"image_alt\":\"Iisakki Glass Village\",\"image_height\":\"320\",\"image_width\":\"450\",\"link\":\"iisakkiglassvillage\\\/\",\"link_style\":\"default\",\"link_text\":\"\",\"margin\":\"default\",\"maxwidth\":\"large\",\"meta_align\":\"below-title\",\"meta_element\":\"div\",\"meta_style\":\"text-meta\",\"overlay_hover\":false,\"overlay_link\":true,\"overlay_mode\":\"cover\",\"overlay_padding\":\"large\",\"overlay_position\":\"bottom\",\"overlay_style\":\"\",\"overlay_transition\":\"fade\",\"parallax_breakpoint\":\"s\",\"parallax_easing\":\"1\",\"parallax_x\":\"-100,50\",\"parallax_y\":\"-30,50\",\"position\":\"relative\",\"position_z_index\":\"1\",\"text_align\":\"left\",\"text_color\":\"light\",\"title\":\"Iisakki Glass Village\",\"title_decoration\":\"line\",\"title_element\":\"h3\",\"title_hover_style\":\"reset\",\"title_style\":\"h4\"}},{\"type\":\"overlay\",\"props\":{\"animation\":\"parallax\",\"block_align\":\"center\",\"image\":\"wp-content\\\/uploads\\\/2024\\\/02\\\/Iisakin-portti-living-room1.jpg\",\"image_alt\":\"Majoitus Ruka\",\"image_height\":\"320\",\"image_width\":\"450\",\"link\":\"majoitus\\\/\",\"link_style\":\"default\",\"link_text\":\"\",\"margin\":\"default\",\"maxwidth\":\"large\",\"meta_align\":\"below-title\",\"meta_element\":\"div\",\"meta_style\":\"text-meta\",\"overlay_hover\":false,\"overlay_link\":true,\"overlay_mode\":\"cover\",\"overlay_padding\":\"large\",\"overlay_position\":\"bottom\",\"overlay_style\":\"\",\"overlay_transition\":\"fade\",\"parallax_breakpoint\":\"s\",\"parallax_easing\":\"1\",\"parallax_x\":\"-50,50\",\"parallax_y\":\"-30,30\",\"parallax_zindex\":false,\"text_align\":\"\",\"text_color\":\"light\",\"title\":\"Majoitusta Rukalla\",\"title_decoration\":\"line\",\"title_element\":\"h3\",\"title_hover_style\":\"reset\",\"title_style\":\"h4\"}}]}]}]},{\"type\":\"section\",\"props\":{\"image_position\":\"center-center\",\"style\":\"secondary\",\"title_breakpoint\":\"xl\",\"title_position\":\"top-left\",\"title_rotation\":\"left\",\"vertical_align\":\"\",\"width\":\"expand\"},\"children\":[{\"type\":\"row\",\"children\":[{\"type\":\"column\",\"props\":{\"image_position\":\"center-center\",\"position_sticky_breakpoint\":\"m\"},\"children\":[{\"name\":\"Overlay Slider Overlay Text Bottom Left\",\"type\":\"overlay-slider\",\"children\":[{\"type\":\"overlay-slider_item\",\"props\":{\"content\":\"\n\n<p><strong>Tarjolla opastettuja ohjelmia maan ja taivaan v\\u00e4lilt\\u00e4<\\\/strong><\\\/p>\",\"image\":\"wp-content\\\/uploads\\\/2022\\\/03\\\/ruka-kuusamo_winterbiking2_rukasafaris.jpg\",\"image_alt\":\"fatbike retki revontulet\",\"link\":\"talven-viikko-ohjelma\\\/\",\"media_overlay\":\"rgba(0, 0, 0, 0.05)\",\"text_color\":\"dark\",\"text_color_hover\":true,\"title\":\"Talven viikko-ohjelma\"}},{\"type\":\"overlay-slider_item\",\"props\":{\"content\":\"\n\n<p><strong>All inclusive kokous- ja virkistyspalvelut<\\\/strong><\\\/p>\",\"image\":\"wp-content\\\/uploads\\\/2022\\\/09\\\/ruka-kuusamo_riverfloat_rukasafaris_Jan22_HarriTarvainen00004-1-2-2-scaled.jpg\",\"image_alt\":\"El\\u00e4mykset yrityksille ja ryhmille\",\"link\":\"yrityksille-ja-ryhmille\\\/\",\"meta\":\"\",\"text_color\":\"dark\",\"text_color_hover\":true,\"title\":\"El\\u00e4mykset yrityksille ja ryhmille\"}},{\"type\":\"overlay-slider_item\",\"props\":{\"image\":\"wp-content\\\/uploads\\\/2023\\\/12\\\/lappish-dinner.jpg\",\"link\":\"pikkujoulut\\\/\",\"meta\":\"Kaikki pikkujouluihin saman katon alta!\",\"title\":\"Pikkujoulut\"}},{\"type\":\"overlay-slider_item\",\"props\":{\"content\":\"\n\n<p><strong>Useita erikokoisia kokous-, juhla- ja tapahtumatiloja.<\\\/strong><\\\/p>\",\"image\":\"wp-content\\\/uploads\\\/2024\\\/05\\\/kontioluola-kokous.jpg\",\"image_alt\":\"Kokoustilat\",\"link\":\"yrityksille-ja-ryhmille\\\/kokoustilat\\\/\",\"media_overlay\":\"rgba(0, 0, 0, 0.15)\",\"text_color\":\"dark\",\"text_color_hover\":true,\"title\":\"Kokoustilat\"}},{\"type\":\"overlay-slider_item\",\"props\":{\"content\":\"\n\n<div>\\n\n\n<div data-testid=\\\"excerpt\\\"><strong>Tutustu Kuusamoon uudella tavalla<\\\/strong><\\\/div>\\n<\\\/div>\",\"image\":\"wp-content\\\/uploads\\\/2022\\\/03\\\/fatbike-retki-rukalla.jpg\",\"image_alt\":\"Kes\\u00e4n viikko-ohjelma\",\"link\":\"kesan-viikko-ohjelma\\\/\",\"meta\":\"\",\"text_color\":\"light\",\"title\":\"Kes\\u00e4n viikko-ohjelma\"}}],\"props\":{\"content_margin\":\"small\",\"id\":\"overlay-slider-overlay-text-bottom-left\",\"image_height\":\"610\",\"image_loading\":true,\"image_width\":\"610\",\"link_style\":\"default\",\"link_text\":\"\",\"margin\":\"default\",\"margin_remove_top\":true,\"meta_align\":\"below-content\",\"meta_color\":\"emphasis\",\"meta_element\":\"div\",\"meta_margin\":\"medium\",\"meta_style\":\"text-meta\",\"nav\":\"dotnav\",\"nav_align\":\"center\",\"nav_breakpoint\":\"\",\"nav_margin\":\"medium\",\"overlay_link\":true,\"overlay_maxwidth\":\"large\",\"overlay_mode\":\"caption\",\"overlay_position\":\"bottom-left\",\"overlay_transition\":\"fade\",\"parallax_zindex\":false,\"show_content\":true,\"show_hover_image\":true,\"show_hover_video\":true,\"show_link\":true,\"show_meta\":true,\"show_title\":true,\"slidenav\":\"\",\"slidenav_breakpoint\":\"s\",\"slidenav_color\":\"light\",\"slidenav_hover\":false,\"slidenav_large\":false,\"slidenav_margin\":\"small\",\"slidenav_outside_breakpoint\":\"xl\",\"slider_autoplay\":true,\"slider_autoplay_interval\":\"4\",\"slider_autoplay_pause\":true,\"slider_center\":false,\"slider_finite\":false,\"slider_gap\":\"\",\"slider_min_height\":\"600\",\"slider_sets\":false,\"slider_width\":\"fixed\",\"slider_width_default\":\"1-1\",\"slider_width_large\":\"1-4\",\"slider_width_medium\":\"1-3\",\"slider_width_small\":\"1-2\",\"text_align\":\"\",\"title_element\":\"div\",\"title_hover_style\":\"reset\",\"title_margin\":\"small\",\"title_style\":\"h2\"}}]}]}]},{\"name\":\"Quote\",\"type\":\"section\",\"props\":{\"animation\":\"fade\",\"image\":\"wp-content\\\/uploads\\\/2022\\\/03\\\/ruka-kuusamo_fireplace_winter_Iisakkivillage.jpg\",\"image_effect\":\"fixed\",\"image_fixed\":true,\"image_height\":\"1080\",\"image_loading\":true,\"image_position\":\"center-center\",\"image_size\":\"cover\",\"image_width\":\"1920\",\"padding\":\"large\",\"style\":\"default\",\"title_breakpoint\":\"xl\",\"title_position\":\"top-left\",\"title_rotation\":\"left\",\"vertical_align\":\"\",\"width\":\"default\"},\"children\":[{\"type\":\"row\",\"props\":{\"layout\":\"1-2,1-2\",\"vertical_align\":true},\"children\":[{\"type\":\"column\",\"props\":{\"image_position\":\"center-center\",\"position_sticky_breakpoint\":\"m\",\"vertical_align\":\"middle\",\"width_medium\":\"1-2\"}},{\"type\":\"column\",\"props\":{\"image_position\":\"center-center\",\"padding\":\"large\",\"position_sticky_breakpoint\":\"m\",\"style\":\"tile-default\",\"vertical_align\":\"middle\",\"width_medium\":\"1-2\"},\"children\":[{\"type\":\"headline\",\"props\":{\"content\":\"Ruka Safaris\",\"margin\":\"medium\",\"text_align\":\"center\",\"title_decoration\":\"line\",\"title_element\":\"h2\",\"title_style\":\"h3\"}},{\"type\":\"quotation\",\"props\":{\"content\":\"\n\n<div>\\n\n\n<div>\\n\n\n<div uk-grid=\\\"\\\">\\n\n\n<div>\\n\n\n<p>on j\\u00e4rjest\\u00e4nyt aktiviteetteja, majoitusta ja ravintolapalveluita jo vuodesta 1988.\\u00a0Tarjoamme unohtumattomia seikkailuja ymp\\u00e4ri vuoden!<\\\/p>\\n<\\\/div>\\n<\\\/div>\\n<\\\/div>\\n<\\\/div>\\n\n\n<div>\\n\n\n<div>\\n\n\n<div uk-grid=\\\"\\\">\\n\n\n<div>\\n\n\n<div>\\n\n\n<div uk-grid=\\\"\\\">\\n\n\n<div><\\\/div>\\n<\\\/div>\\n<\\\/div>\\n<\\\/div>\\n<\\\/div>\\n<\\\/div>\\n<\\\/div>\",\"text_align\":\"center\"}},{\"type\":\"button\",\"props\":{\"grid_column_gap\":\"small\",\"grid_row_gap\":\"small\",\"margin\":\"default\",\"text_align\":\"center\"},\"children\":[{\"type\":\"button_item\",\"props\":{\"button_style\":\"primary\",\"content\":\"Ota yhteytt\\u00e4\",\"icon_align\":\"left\",\"link\":\"myyntitoimisto\\\/\"}}]}]}]}]}],\"version\":\"4.4.10\"} --><\/p>\n","protected":false},"excerpt":{"rendered":"<p>Ruka Safaris Seuraavasuuri seikkailusi Iisakki Glass Village Majoitusta Rukalla Talven viikko-ohjelma Tarjolla opastettuja ohjelmia maan ja taivaan v\u00e4lilt\u00e4 El\u00e4mykset yrityksille ja ryhmille All inclusive kokous- ja virkistyspalvelut Pikkujoulut Kaikki pikkujouluihin saman katon alta! Kokoustilat Useita erikokoisia kokous-, juhla- ja tapahtumatiloja. Kes\u00e4n viikko-ohjelma Tutustu Kuusamoon uudella tavalla Ruka Safaris on j\u00e4rjest\u00e4nyt aktiviteetteja, majoitusta ja ravintolapalveluita jo [&hellip;]<\/p>\n","protected":false},"author":1,"featured_media":12,"parent":0,"menu_order":20,"comment_status":"closed","ping_status":"closed","template":"","meta":{"cybocfi_hide_featured_image":"","footnotes":""},"class_list":["post-23","page","type-page","status-publish","has-post-thumbnail","hentry"],"yoast_head":"<!-- This site is optimized with the Yoast SEO Premium plugin v25.1 (Yoast SEO v25.3) - https:\/\/yoast.com\/wordpress\/plugins\/seo\/ -->\n<title>Seuraava suuri seikkailusi - Ruka Safaris, Kuusamo, Finland<\/title>\n<meta name=\"description\" content=\"Tartu seuraavaan seikkailuusi Rukalla ja Kuusamossa. Monipuoliset majoitusvaihtoehdot ja tekemist\u00e4 vuoden jokaiselle p\u00e4iv\u00e4lle!\" \/>\n<meta name=\"robots\" content=\"index, follow, max-snippet:-1, max-image-preview:large, max-video-preview:-1\" \/>\n<link rel=\"canonical\" href=\"https:\/\/davas.site\/rukasafaris\/\" \/>\n<meta property=\"og:locale\" content=\"fi_FI\" \/>\n<meta property=\"og:type\" content=\"article\" \/>\n<meta property=\"og:title\" content=\"Seuraava suuri seikkailusi\" \/>\n<meta property=\"og:description\" content=\"Tartu seuraavaan seikkailuusi Rukalla ja Kuusamossa. Monipuoliset majoitusvaihtoehdot ja tekemist\u00e4 vuoden jokaiselle p\u00e4iv\u00e4lle!\" \/>\n<meta property=\"og:url\" content=\"https:\/\/davas.site\/rukasafaris\/\" \/>\n<meta property=\"og:site_name\" content=\"Ruka Safaris, Kuusamo, Finland\" \/>\n<meta property=\"article:publisher\" content=\"https:\/\/www.facebook.com\/rukasafaris\" \/>\n<meta property=\"article:modified_time\" content=\"2025-06-20T04:06:29+00:00\" \/>\n<meta property=\"og:image\" content=\"https:\/\/davas.site\/rukasafaris\/wp-content\/uploads\/2013\/11\/floatingriver.jpeg\" \/>\n\t<meta property=\"og:image:width\" content=\"1678\" \/>\n\t<meta property=\"og:image:height\" content=\"1111\" \/>\n\t<meta property=\"og:image:type\" content=\"image\/jpeg\" \/>\n<meta name=\"twitter:card\" content=\"summary_large_image\" \/>\n<meta name=\"twitter:label1\" content=\"Arvioitu lukuaika\" \/>\n\t<meta name=\"twitter:data1\" content=\"2 minuuttia\" \/>\n<script type=\"application\/ld+json\" class=\"yoast-schema-graph\">{\"@context\":\"https:\/\/schema.org\",\"@graph\":[{\"@type\":\"WebPage\",\"@id\":\"https:\/\/davas.site\/rukasafaris\/\",\"url\":\"https:\/\/davas.site\/rukasafaris\/\",\"name\":\"Seuraava suuri seikkailusi - Ruka Safaris, Kuusamo, Finland\",\"isPartOf\":{\"@id\":\"https:\/\/davas.site\/rukasafaris\/#website\"},\"primaryImageOfPage\":{\"@id\":\"https:\/\/davas.site\/rukasafaris\/#primaryimage\"},\"image\":{\"@id\":\"https:\/\/davas.site\/rukasafaris\/#primaryimage\"},\"thumbnailUrl\":\"https:\/\/davas.site\/rukasafaris\/wp-content\/uploads\/2013\/11\/floatingriver.jpeg\",\"datePublished\":\"2013-11-29T13:33:43+00:00\",\"dateModified\":\"2025-06-20T04:06:29+00:00\",\"description\":\"Tartu seuraavaan seikkailuusi Rukalla ja Kuusamossa. Monipuoliset majoitusvaihtoehdot ja tekemist\u00e4 vuoden jokaiselle p\u00e4iv\u00e4lle!\",\"breadcrumb\":{\"@id\":\"https:\/\/davas.site\/rukasafaris\/#breadcrumb\"},\"inLanguage\":\"fi\",\"potentialAction\":[{\"@type\":\"ReadAction\",\"target\":[\"https:\/\/davas.site\/rukasafaris\/\"]}]},{\"@type\":\"ImageObject\",\"inLanguage\":\"fi\",\"@id\":\"https:\/\/davas.site\/rukasafaris\/#primaryimage\",\"url\":\"https:\/\/davas.site\/rukasafaris\/wp-content\/uploads\/2013\/11\/floatingriver.jpeg\",\"contentUrl\":\"https:\/\/davas.site\/rukasafaris\/wp-content\/uploads\/2013\/11\/floatingriver.jpeg\",\"width\":1678,\"height\":1111,\"caption\":\"Koskikellunta\"},{\"@type\":\"BreadcrumbList\",\"@id\":\"https:\/\/davas.site\/rukasafaris\/#breadcrumb\",\"itemListElement\":[{\"@type\":\"ListItem\",\"position\":1,\"name\":\"Home\",\"item\":\"https:\/\/davas.site\/rukasafaris\/\"},{\"@type\":\"ListItem\",\"position\":2,\"name\":\"Seuraava suuri seikkailusi\"}]},{\"@type\":\"WebSite\",\"@id\":\"https:\/\/davas.site\/rukasafaris\/#website\",\"url\":\"https:\/\/davas.site\/rukasafaris\/\",\"name\":\"Ruka Safaris, Kuusamo\",\"description\":\"Adventure Travel Since 1988\",\"publisher\":{\"@id\":\"https:\/\/davas.site\/rukasafaris\/#organization\"},\"potentialAction\":[{\"@type\":\"SearchAction\",\"target\":{\"@type\":\"EntryPoint\",\"urlTemplate\":\"https:\/\/davas.site\/rukasafaris\/?s={search_term_string}\"},\"query-input\":{\"@type\":\"PropertyValueSpecification\",\"valueRequired\":true,\"valueName\":\"search_term_string\"}}],\"inLanguage\":\"fi\"},{\"@type\":\"Organization\",\"@id\":\"https:\/\/davas.site\/rukasafaris\/#organization\",\"name\":\"Ruka Safaris\",\"url\":\"https:\/\/davas.site\/rukasafaris\/\",\"logo\":{\"@type\":\"ImageObject\",\"inLanguage\":\"fi\",\"@id\":\"https:\/\/davas.site\/rukasafaris\/#\/schema\/logo\/image\/\",\"url\":\"https:\/\/davas.site\/rukasafaris\/wp-content\/uploads\/2022\/03\/ruka-safaris-logo.png\",\"contentUrl\":\"https:\/\/davas.site\/rukasafaris\/wp-content\/uploads\/2022\/03\/ruka-safaris-logo.png\",\"width\":500,\"height\":500,\"caption\":\"Ruka Safaris\"},\"image\":{\"@id\":\"https:\/\/davas.site\/rukasafaris\/#\/schema\/logo\/image\/\"},\"sameAs\":[\"https:\/\/www.facebook.com\/rukasafaris\",\"https:\/\/www.instagram.com\/rukasafaris\",\"https:\/\/www.youtube.com\/user\/rukasafaris\"]}]}<\/script>\n<!-- \/ Yoast SEO Premium plugin. -->","yoast_head_json":{"title":"Seuraava suuri seikkailusi - Ruka Safaris, Kuusamo, Finland","description":"Tartu seuraavaan seikkailuusi Rukalla ja Kuusamossa. Monipuoliset majoitusvaihtoehdot ja tekemist\u00e4 vuoden jokaiselle p\u00e4iv\u00e4lle!","robots":{"index":"index","follow":"follow","max-snippet":"max-snippet:-1","max-image-preview":"max-image-preview:large","max-video-preview":"max-video-preview:-1"},"canonical":"https:\/\/davas.site\/rukasafaris\/","og_locale":"fi_FI","og_type":"article","og_title":"Seuraava suuri seikkailusi","og_description":"Tartu seuraavaan seikkailuusi Rukalla ja Kuusamossa. Monipuoliset majoitusvaihtoehdot ja tekemist\u00e4 vuoden jokaiselle p\u00e4iv\u00e4lle!","og_url":"https:\/\/davas.site\/rukasafaris\/","og_site_name":"Ruka Safaris, Kuusamo, Finland","article_publisher":"https:\/\/www.facebook.com\/rukasafaris","article_modified_time":"2025-06-20T04:06:29+00:00","og_image":[{"width":1678,"height":1111,"url":"https:\/\/davas.site\/rukasafaris\/wp-content\/uploads\/2013\/11\/floatingriver.jpeg","type":"image\/jpeg"}],"twitter_card":"summary_large_image","twitter_misc":{"Arvioitu lukuaika":"2 minuuttia"},"schema":{"@context":"https:\/\/schema.org","@graph":[{"@type":"WebPage","@id":"https:\/\/davas.site\/rukasafaris\/","url":"https:\/\/davas.site\/rukasafaris\/","name":"Seuraava suuri seikkailusi - Ruka Safaris, Kuusamo, Finland","isPartOf":{"@id":"https:\/\/davas.site\/rukasafaris\/#website"},"primaryImageOfPage":{"@id":"https:\/\/davas.site\/rukasafaris\/#primaryimage"},"image":{"@id":"https:\/\/davas.site\/rukasafaris\/#primaryimage"},"thumbnailUrl":"https:\/\/davas.site\/rukasafaris\/wp-content\/uploads\/2013\/11\/floatingriver.jpeg","datePublished":"2013-11-29T13:33:43+00:00","dateModified":"2025-06-20T04:06:29+00:00","description":"Tartu seuraavaan seikkailuusi Rukalla ja Kuusamossa. Monipuoliset majoitusvaihtoehdot ja tekemist\u00e4 vuoden jokaiselle p\u00e4iv\u00e4lle!","breadcrumb":{"@id":"https:\/\/davas.site\/rukasafaris\/#breadcrumb"},"inLanguage":"fi","potentialAction":[{"@type":"ReadAction","target":["https:\/\/davas.site\/rukasafaris\/"]}]},{"@type":"ImageObject","inLanguage":"fi","@id":"https:\/\/davas.site\/rukasafaris\/#primaryimage","url":"https:\/\/davas.site\/rukasafaris\/wp-content\/uploads\/2013\/11\/floatingriver.jpeg","contentUrl":"https:\/\/davas.site\/rukasafaris\/wp-content\/uploads\/2013\/11\/floatingriver.jpeg","width":1678,"height":1111,"caption":"Koskikellunta"},{"@type":"BreadcrumbList","@id":"https:\/\/davas.site\/rukasafaris\/#breadcrumb","itemListElement":[{"@type":"ListItem","position":1,"name":"Home","item":"https:\/\/davas.site\/rukasafaris\/"},{"@type":"ListItem","position":2,"name":"Seuraava suuri seikkailusi"}]},{"@type":"WebSite","@id":"https:\/\/davas.site\/rukasafaris\/#website","url":"https:\/\/davas.site\/rukasafaris\/","name":"Ruka Safaris, Kuusamo","description":"Adventure Travel Since 1988","publisher":{"@id":"https:\/\/davas.site\/rukasafaris\/#organization"},"potentialAction":[{"@type":"SearchAction","target":{"@type":"EntryPoint","urlTemplate":"https:\/\/davas.site\/rukasafaris\/?s={search_term_string}"},"query-input":{"@type":"PropertyValueSpecification","valueRequired":true,"valueName":"search_term_string"}}],"inLanguage":"fi"},{"@type":"Organization","@id":"https:\/\/davas.site\/rukasafaris\/#organization","name":"Ruka Safaris","url":"https:\/\/davas.site\/rukasafaris\/","logo":{"@type":"ImageObject","inLanguage":"fi","@id":"https:\/\/davas.site\/rukasafaris\/#\/schema\/logo\/image\/","url":"https:\/\/davas.site\/rukasafaris\/wp-content\/uploads\/2022\/03\/ruka-safaris-logo.png","contentUrl":"https:\/\/davas.site\/rukasafaris\/wp-content\/uploads\/2022\/03\/ruka-safaris-logo.png","width":500,"height":500,"caption":"Ruka Safaris"},"image":{"@id":"https:\/\/davas.site\/rukasafaris\/#\/schema\/logo\/image\/"},"sameAs":["https:\/\/www.facebook.com\/rukasafaris","https:\/\/www.instagram.com\/rukasafaris","https:\/\/www.youtube.com\/user\/rukasafaris"]}]}},"_links":{"self":[{"href":"https:\/\/davas.site\/rukasafaris\/wp-json\/wp\/v2\/pages\/23","targetHints":{"allow":["GET"]}}],"collection":[{"href":"https:\/\/davas.site\/rukasafaris\/wp-json\/wp\/v2\/pages"}],"about":[{"href":"https:\/\/davas.site\/rukasafaris\/wp-json\/wp\/v2\/types\/page"}],"author":[{"embeddable":true,"href":"https:\/\/davas.site\/rukasafaris\/wp-json\/wp\/v2\/users\/1"}],"replies":[{"embeddable":true,"href":"https:\/\/davas.site\/rukasafaris\/wp-json\/wp\/v2\/comments?post=23"}],"version-history":[{"count":160,"href":"https:\/\/davas.site\/rukasafaris\/wp-json\/wp\/v2\/pages\/23\/revisions"}],"predecessor-version":[{"id":9204,"href":"https:\/\/davas.site\/rukasafaris\/wp-json\/wp\/v2\/pages\/23\/revisions\/9204"}],"wp:featuredmedia":[{"embeddable":true,"href":"https:\/\/davas.site\/rukasafaris\/wp-json\/wp\/v2\/media\/12"}],"wp:attachment":[{"href":"https:\/\/davas.site\/rukasafaris\/wp-json\/wp\/v2\/media?parent=23"}],"curies":[{"name":"wp","href":"https:\/\/api.w.org\/{rel}","templated":true}]}}