{"id":232,"date":"2021-11-23T15:55:17","date_gmt":"2021-11-23T13:55:17","guid":{"rendered":"https:\/\/davas.site\/rukasafaris\/2021\/11\/23\/ympaeristoepolitiikka\/"},"modified":"2025-06-20T07:07:41","modified_gmt":"2025-06-20T04:07:41","slug":"ymparistopolitiikka","status":"publish","type":"page","link":"https:\/\/davas.site\/rukasafaris\/ymparistopolitiikka\/","title":{"rendered":"Kest\u00e4v\u00e4\u00e4 kehityst\u00e4"},"content":{"rendered":"<h1>Kest\u00e4v\u00e4\u00e4 kehityst\u00e4<\/h1>\n<div>\n<p><strong>Me Ruka Safariksella haluamme tarjota vieraillemme kokemuksen, jossa kest\u00e4v\u00e4 kehitys on olennaisena osana asiakaskokemusta. Missiomme on tarjota asiakkaillemme el\u00e4myksi\u00e4 ja kokemuksia niin, ett\u00e4 luonnon ja kulttuurin s\u00e4ilyminen on taattu. Noudatamme paikallista ymp\u00e4rist\u00f6lains\u00e4\u00e4d\u00e4nt\u00f6\u00e4 ja -standardeja ja johdamme ymp\u00e4rist\u00f6ty\u00f6t\u00e4mme jatkuvan parantamisen periaatteella. Toteutamme kest\u00e4v\u00e4n kehityksen periaatteita niin taloudellisesta, sosiokulttuurisesta kuin ekologisesta perspektiivist\u00e4.<\/strong><\/p>\n<h4 class=\"p1\"><strong>Ruka Safariksen majoitustoiminnalle on my\u00f6nnetty Green Key- sertifikaatti<\/strong><\/h4>\n<p class=\"p1\"><strong>\u2019\u2019Green Key -merkin saanut yritys on sitoutunut mm. henkil\u00f6st\u00f6n ja asiakkaiden ymp\u00e4rist\u00f6tietoisuuden kasvattamiseen, energian- ja vedenk\u00e4yt\u00f6n tehostamiseen sek\u00e4 toimintansa ymp\u00e4rist\u00f6rasituksen pienent\u00e4miseen. Merkki perustuu matkailu- ja majoitusalalle suunniteltuihin taloudellisiin, sosiokulttuurisiin ja ymp\u00e4rist\u00f6kriteereihin, joiden noudattamiseen ja seurannan raportointiin osallistuja sitoutuu. Ohjelma motivoi niin henkil\u00f6kuntaa kuin asiakkaitakin osallistumaan ekotekoihin. Green Key -ohjelmaan osallistuminen kasvattaa matkailualan ja matkailijoiden ymp\u00e4rist\u00f6tietoisuutta ja edist\u00e4\u00e4 siten kest\u00e4v\u00e4\u00e4 matkailua.\u2019\u2019 &#8211;<a href=\"http:\/\/greenkey.fi\">greenkey.fi<\/a><\/strong><\/p>\n<h4 class=\"p1\"><strong>Ruka Safaris on saavuttanut Sustainable Travel Finland sertifikaatin<\/strong><\/h4>\n<p class=\"p1\"><strong>T\u00e4m\u00e4 tarkoittaa sit\u00e4, ett\u00e4 olemme tehneet virallisen p\u00e4\u00e4t\u00f6ksen sitoutua kest\u00e4v\u00e4n matkailun kehitt\u00e4miseen. Meill\u00e4 on my\u00f6s kest\u00e4v\u00e4n matkailun kehitt\u00e4missuunnitelma, jonka avulla arvioimme ja kehit\u00e4mme yrityksen sosiokulttuurista, ekologista sek\u00e4 taloudellista kest\u00e4vyytt\u00e4. Suunnitelman pohjalta asetamme konkreettisia, mitattavia tavoitteita, joiden toteutumista arvioimme v\u00e4hint\u00e4\u00e4n vuositasolla.<span class=\"Apple-converted-space\">\u00a0<\/span><\/strong><\/p>\n<\/div>\n<p><p>\n        <a href=\"\/wp-content\/uploads\/2025\/02\/Green-Key-Vastuullisuussuunnitelma-Ruka-Safaris-paivitetty-26112024.pdf\">Vastuullisuussuunnitelma<\/a>\n    <\/p>\n<\/p>\n<ul>\n<li>\n<p>        <img decoding=\"async\" src=\"\/wp-content\/uploads\/2022\/04\/Sustainable_Finland_Label_RGB_TXT-Nega_tm.png\" alt=\"\"><\/p>\n<h3>Sustainable_Finland_Label_RGB_TXT-Nega_tm<\/h3>\n<p><a href=\"https:\/\/new.visitfinland.com\/en\/practical-tips\/sustainability\/\"><\/a><\/p>\n<\/li>\n<li>\n<p>        <img decoding=\"async\" src=\"\/wp-content\/uploads\/2022\/04\/gk_icon_web.png\" alt=\"\"><\/p>\n<h3>gk_icon_web<\/h3>\n<p><a href=\"https:\/\/greenkey.fi\/kohde\/ruka-safaris\/\"><\/a><\/p>\n<\/li>\n<\/ul>\n<p><!--more--><br \/>\n<!-- {\"type\":\"layout\",\"children\":[{\"type\":\"section\",\"props\":{\"image_position\":\"center-center\",\"padding\":\"xlarge\",\"style\":\"secondary\",\"title_breakpoint\":\"xl\",\"title_position\":\"top-left\",\"title_rotation\":\"left\",\"vertical_align\":\"\",\"width\":\"small\"},\"children\":[{\"type\":\"row\",\"children\":[{\"type\":\"column\",\"props\":{\"image_position\":\"center-center\",\"position_sticky_breakpoint\":\"m\"},\"children\":[{\"type\":\"headline\",\"props\":{\"content\":\"Kest\\u00e4v\\u00e4\\u00e4 kehityst\\u00e4\",\"text_align\":\"center\",\"title_element\":\"h1\",\"title_style\":\"heading-small\"}},{\"type\":\"text\",\"props\":{\"column_breakpoint\":\"m\",\"content\":\"\n\n<p><strong>Me Ruka Safariksella haluamme tarjota vieraillemme kokemuksen, jossa kest\\u00e4v\\u00e4 kehitys on olennaisena osana asiakaskokemusta. Missiomme on tarjota asiakkaillemme el\\u00e4myksi\\u00e4 ja kokemuksia niin, ett\\u00e4 luonnon ja kulttuurin s\\u00e4ilyminen on taattu. Noudatamme paikallista ymp\\u00e4rist\\u00f6lains\\u00e4\\u00e4d\\u00e4nt\\u00f6\\u00e4 ja -standardeja ja johdamme ymp\\u00e4rist\\u00f6ty\\u00f6t\\u00e4mme jatkuvan parantamisen periaatteella. Toteutamme kest\\u00e4v\\u00e4n kehityksen periaatteita niin taloudellisesta, sosiokulttuurisesta kuin ekologisesta perspektiivist\\u00e4.<\\\/strong><\\\/p>\\n\n\n<h4 class=\\\"p1\\\"><strong>Ruka Safariksen majoitustoiminnalle on my\\u00f6nnetty Green Key- sertifikaatti<\\\/strong><\\\/h4>\\n\n\n<p class=\\\"p1\\\"><strong>\\u2019\\u2019Green Key -merkin saanut yritys on sitoutunut mm. henkil\\u00f6st\\u00f6n ja asiakkaiden ymp\\u00e4rist\\u00f6tietoisuuden kasvattamiseen, energian- ja vedenk\\u00e4yt\\u00f6n tehostamiseen sek\\u00e4 toimintansa ymp\\u00e4rist\\u00f6rasituksen pienent\\u00e4miseen. Merkki perustuu matkailu- ja majoitusalalle suunniteltuihin taloudellisiin, sosiokulttuurisiin ja ymp\\u00e4rist\\u00f6kriteereihin, joiden noudattamiseen ja seurannan raportointiin osallistuja sitoutuu. Ohjelma motivoi niin henkil\\u00f6kuntaa kuin asiakkaitakin osallistumaan ekotekoihin. Green Key -ohjelmaan osallistuminen kasvattaa matkailualan ja matkailijoiden ymp\\u00e4rist\\u00f6tietoisuutta ja edist\\u00e4\\u00e4 siten kest\\u00e4v\\u00e4\\u00e4 matkailua.\\u2019\\u2019 -<a href=\\\"http:\\\/\\\/greenkey.fi\\\">greenkey.fi<\\\/a><\\\/strong><\\\/p>\\n\n\n<h4 class=\\\"p1\\\"><strong>Ruka Safaris on saavuttanut Sustainable Travel Finland sertifikaatin<\\\/strong><\\\/h4>\\n\n\n<p class=\\\"p1\\\"><strong>T\\u00e4m\\u00e4 tarkoittaa sit\\u00e4, ett\\u00e4 olemme tehneet virallisen p\\u00e4\\u00e4t\\u00f6ksen sitoutua kest\\u00e4v\\u00e4n matkailun kehitt\\u00e4miseen. Meill\\u00e4 on my\\u00f6s kest\\u00e4v\\u00e4n matkailun kehitt\\u00e4missuunnitelma, jonka avulla arvioimme ja kehit\\u00e4mme yrityksen sosiokulttuurista, ekologista sek\\u00e4 taloudellista kest\\u00e4vyytt\\u00e4. Suunnitelman pohjalta asetamme konkreettisia, mitattavia tavoitteita, joiden toteutumista arvioimme v\\u00e4hint\\u00e4\\u00e4n vuositasolla.<span class=\\\"Apple-converted-space\\\">\\u00a0<\\\/span><\\\/strong><\\\/p>\",\"margin\":\"default\"}},{\"type\":\"button\",\"props\":{\"grid_column_gap\":\"small\",\"grid_row_gap\":\"small\",\"margin\":\"default\"},\"children\":[{\"type\":\"button_item\",\"props\":{\"button_style\":\"default\",\"content\":\"Vastuullisuussuunnitelma\",\"dialog_layout\":\"modal\",\"dialog_offcanvas_flip\":true,\"icon_align\":\"left\",\"link\":\"wp-content\\\/uploads\\\/2025\\\/02\\\/Green-Key-Vastuullisuussuunnitelma-Ruka-Safaris-paivitetty-26112024.pdf\",\"link_target\":\"blank\"}}]},{\"type\":\"gallery\",\"props\":{\"block_align\":\"center\",\"filter_align\":\"left\",\"filter_all\":true,\"filter_grid_breakpoint\":\"m\",\"filter_grid_width\":\"auto\",\"filter_position\":\"top\",\"filter_style\":\"tab\",\"grid_column_align\":false,\"grid_default\":\"2\",\"grid_medium\":\"\",\"grid_row_align\":true,\"grid_small\":\"2\",\"image_transition\":\"scale-up\",\"item_animation\":true,\"lightbox_bg_close\":true,\"link_style\":\"default\",\"link_target\":true,\"link_text\":\"\",\"margin\":\"default\",\"maxwidth\":\"xlarge\",\"meta_align\":\"below-title\",\"meta_element\":\"div\",\"meta_style\":\"text-meta\",\"overlay_hover\":false,\"overlay_mode\":\"cover\",\"overlay_position\":\"center\",\"overlay_style\":\"\",\"overlay_transition\":\"fade\",\"parallax_easing\":\"1\",\"show_content\":true,\"show_hover_image\":true,\"show_hover_video\":true,\"show_link\":true,\"show_meta\":false,\"show_title\":false,\"text_align\":\"center\",\"text_color\":\"light\",\"title_element\":\"h3\",\"title_hover_style\":\"reset\"},\"children\":[{\"type\":\"gallery_item\",\"props\":{\"image\":\"wp-content\\\/uploads\\\/2022\\\/04\\\/Sustainable_Finland_Label_RGB_TXT-Nega_tm.png\",\"link\":\"https:\\\/\\\/new.visitfinland.com\\\/en\\\/practical-tips\\\/sustainability\\\/\",\"title\":\"Sustainable_Finland_Label_RGB_TXT-Nega_tm\"}},{\"type\":\"gallery_item\",\"props\":{\"content\":\"\",\"image\":\"wp-content\\\/uploads\\\/2022\\\/04\\\/gk_icon_web.png\",\"link\":\"https:\\\/\\\/greenkey.fi\\\/kohde\\\/ruka-safaris\\\/\",\"title\":\"gk_icon_web\"}}]}]}]}]}],\"version\":\"4.5.6\"} --><\/p>\n","protected":false},"excerpt":{"rendered":"<p>Kest\u00e4v\u00e4\u00e4 kehityst\u00e4 Me Ruka Safariksella haluamme tarjota vieraillemme kokemuksen, jossa kest\u00e4v\u00e4 kehitys on olennaisena osana asiakaskokemusta. Missiomme on tarjota asiakkaillemme el\u00e4myksi\u00e4 ja kokemuksia niin, ett\u00e4 luonnon ja kulttuurin s\u00e4ilyminen on taattu. Noudatamme paikallista ymp\u00e4rist\u00f6lains\u00e4\u00e4d\u00e4nt\u00f6\u00e4 ja -standardeja ja johdamme ymp\u00e4rist\u00f6ty\u00f6t\u00e4mme jatkuvan parantamisen periaatteella. Toteutamme kest\u00e4v\u00e4n kehityksen periaatteita niin taloudellisesta, sosiokulttuurisesta kuin ekologisesta perspektiivist\u00e4. Ruka Safariksen majoitustoiminnalle [&hellip;]<\/p>\n","protected":false},"author":1,"featured_media":0,"parent":0,"menu_order":2,"comment_status":"closed","ping_status":"closed","template":"","meta":{"cybocfi_hide_featured_image":"","footnotes":""},"class_list":["post-232","page","type-page","status-publish","hentry"],"yoast_head":"<!-- This site is optimized with the Yoast SEO Premium plugin v25.1 (Yoast SEO v25.3) - https:\/\/yoast.com\/wordpress\/plugins\/seo\/ -->\n<title>Kest\u00e4v\u00e4\u00e4 kehityst\u00e4 - Ruka Safaris, Kuusamo, Finland<\/title>\n<meta name=\"robots\" content=\"index, follow, max-snippet:-1, max-image-preview:large, max-video-preview:-1\" \/>\n<link rel=\"canonical\" href=\"https:\/\/davas.site\/rukasafaris\/ymparistopolitiikka\/\" \/>\n<meta property=\"og:locale\" content=\"fi_FI\" \/>\n<meta property=\"og:type\" content=\"article\" \/>\n<meta property=\"og:title\" content=\"Kest\u00e4v\u00e4\u00e4 kehityst\u00e4\" \/>\n<meta property=\"og:description\" content=\"Kest\u00e4v\u00e4\u00e4 kehityst\u00e4 Me Ruka Safariksella haluamme tarjota vieraillemme kokemuksen, jossa kest\u00e4v\u00e4 kehitys on olennaisena osana asiakaskokemusta. Missiomme on tarjota asiakkaillemme el\u00e4myksi\u00e4 ja kokemuksia niin, ett\u00e4 luonnon ja kulttuurin s\u00e4ilyminen on taattu. Noudatamme paikallista ymp\u00e4rist\u00f6lains\u00e4\u00e4d\u00e4nt\u00f6\u00e4 ja -standardeja ja johdamme ymp\u00e4rist\u00f6ty\u00f6t\u00e4mme jatkuvan parantamisen periaatteella. Toteutamme kest\u00e4v\u00e4n kehityksen periaatteita niin taloudellisesta, sosiokulttuurisesta kuin ekologisesta perspektiivist\u00e4. Ruka Safariksen majoitustoiminnalle [&hellip;]\" \/>\n<meta property=\"og:url\" content=\"https:\/\/davas.site\/rukasafaris\/ymparistopolitiikka\/\" \/>\n<meta property=\"og:site_name\" content=\"Ruka Safaris, Kuusamo, Finland\" \/>\n<meta property=\"article:publisher\" content=\"https:\/\/www.facebook.com\/rukasafaris\" \/>\n<meta property=\"article:modified_time\" content=\"2025-06-20T04:07:41+00:00\" \/>\n<meta property=\"og:image\" content=\"https:\/\/davas.site\/rukasafaris\/wp-content\/uploads\/2025\/01\/Ruka-Safaris-Logo-vaaka.png\" \/>\n\t<meta property=\"og:image:width\" content=\"709\" \/>\n\t<meta property=\"og:image:height\" content=\"425\" \/>\n\t<meta property=\"og:image:type\" content=\"image\/png\" \/>\n<meta name=\"twitter:card\" content=\"summary_large_image\" \/>\n<meta name=\"twitter:label1\" content=\"Arvioitu lukuaika\" \/>\n\t<meta name=\"twitter:data1\" content=\"3 minuuttia\" \/>\n<script type=\"application\/ld+json\" class=\"yoast-schema-graph\">{\"@context\":\"https:\/\/schema.org\",\"@graph\":[{\"@type\":\"WebPage\",\"@id\":\"https:\/\/davas.site\/rukasafaris\/ymparistopolitiikka\/\",\"url\":\"https:\/\/davas.site\/rukasafaris\/ymparistopolitiikka\/\",\"name\":\"Kest\u00e4v\u00e4\u00e4 kehityst\u00e4 - Ruka Safaris, Kuusamo, Finland\",\"isPartOf\":{\"@id\":\"https:\/\/davas.site\/rukasafaris\/#website\"},\"datePublished\":\"2021-11-23T13:55:17+00:00\",\"dateModified\":\"2025-06-20T04:07:41+00:00\",\"breadcrumb\":{\"@id\":\"https:\/\/davas.site\/rukasafaris\/ymparistopolitiikka\/#breadcrumb\"},\"inLanguage\":\"fi\",\"potentialAction\":[{\"@type\":\"ReadAction\",\"target\":[\"https:\/\/davas.site\/rukasafaris\/ymparistopolitiikka\/\"]}]},{\"@type\":\"BreadcrumbList\",\"@id\":\"https:\/\/davas.site\/rukasafaris\/ymparistopolitiikka\/#breadcrumb\",\"itemListElement\":[{\"@type\":\"ListItem\",\"position\":1,\"name\":\"Home\",\"item\":\"https:\/\/davas.site\/rukasafaris\/\"},{\"@type\":\"ListItem\",\"position\":2,\"name\":\"Kest\u00e4v\u00e4\u00e4 kehityst\u00e4\"}]},{\"@type\":\"WebSite\",\"@id\":\"https:\/\/davas.site\/rukasafaris\/#website\",\"url\":\"https:\/\/davas.site\/rukasafaris\/\",\"name\":\"Ruka Safaris, Kuusamo\",\"description\":\"Adventure Travel Since 1988\",\"publisher\":{\"@id\":\"https:\/\/davas.site\/rukasafaris\/#organization\"},\"potentialAction\":[{\"@type\":\"SearchAction\",\"target\":{\"@type\":\"EntryPoint\",\"urlTemplate\":\"https:\/\/davas.site\/rukasafaris\/?s={search_term_string}\"},\"query-input\":{\"@type\":\"PropertyValueSpecification\",\"valueRequired\":true,\"valueName\":\"search_term_string\"}}],\"inLanguage\":\"fi\"},{\"@type\":\"Organization\",\"@id\":\"https:\/\/davas.site\/rukasafaris\/#organization\",\"name\":\"Ruka Safaris\",\"url\":\"https:\/\/davas.site\/rukasafaris\/\",\"logo\":{\"@type\":\"ImageObject\",\"inLanguage\":\"fi\",\"@id\":\"https:\/\/davas.site\/rukasafaris\/#\/schema\/logo\/image\/\",\"url\":\"https:\/\/davas.site\/rukasafaris\/wp-content\/uploads\/2022\/03\/ruka-safaris-logo.png\",\"contentUrl\":\"https:\/\/davas.site\/rukasafaris\/wp-content\/uploads\/2022\/03\/ruka-safaris-logo.png\",\"width\":500,\"height\":500,\"caption\":\"Ruka Safaris\"},\"image\":{\"@id\":\"https:\/\/davas.site\/rukasafaris\/#\/schema\/logo\/image\/\"},\"sameAs\":[\"https:\/\/www.facebook.com\/rukasafaris\",\"https:\/\/www.instagram.com\/rukasafaris\",\"https:\/\/www.youtube.com\/user\/rukasafaris\"]}]}<\/script>\n<!-- \/ Yoast SEO Premium plugin. -->","yoast_head_json":{"title":"Kest\u00e4v\u00e4\u00e4 kehityst\u00e4 - Ruka Safaris, Kuusamo, Finland","robots":{"index":"index","follow":"follow","max-snippet":"max-snippet:-1","max-image-preview":"max-image-preview:large","max-video-preview":"max-video-preview:-1"},"canonical":"https:\/\/davas.site\/rukasafaris\/ymparistopolitiikka\/","og_locale":"fi_FI","og_type":"article","og_title":"Kest\u00e4v\u00e4\u00e4 kehityst\u00e4","og_description":"Kest\u00e4v\u00e4\u00e4 kehityst\u00e4 Me Ruka Safariksella haluamme tarjota vieraillemme kokemuksen, jossa kest\u00e4v\u00e4 kehitys on olennaisena osana asiakaskokemusta. Missiomme on tarjota asiakkaillemme el\u00e4myksi\u00e4 ja kokemuksia niin, ett\u00e4 luonnon ja kulttuurin s\u00e4ilyminen on taattu. Noudatamme paikallista ymp\u00e4rist\u00f6lains\u00e4\u00e4d\u00e4nt\u00f6\u00e4 ja -standardeja ja johdamme ymp\u00e4rist\u00f6ty\u00f6t\u00e4mme jatkuvan parantamisen periaatteella. Toteutamme kest\u00e4v\u00e4n kehityksen periaatteita niin taloudellisesta, sosiokulttuurisesta kuin ekologisesta perspektiivist\u00e4. Ruka Safariksen majoitustoiminnalle [&hellip;]","og_url":"https:\/\/davas.site\/rukasafaris\/ymparistopolitiikka\/","og_site_name":"Ruka Safaris, Kuusamo, Finland","article_publisher":"https:\/\/www.facebook.com\/rukasafaris","article_modified_time":"2025-06-20T04:07:41+00:00","og_image":[{"width":709,"height":425,"url":"https:\/\/davas.site\/rukasafaris\/wp-content\/uploads\/2025\/01\/Ruka-Safaris-Logo-vaaka.png","type":"image\/png"}],"twitter_card":"summary_large_image","twitter_misc":{"Arvioitu lukuaika":"3 minuuttia"},"schema":{"@context":"https:\/\/schema.org","@graph":[{"@type":"WebPage","@id":"https:\/\/davas.site\/rukasafaris\/ymparistopolitiikka\/","url":"https:\/\/davas.site\/rukasafaris\/ymparistopolitiikka\/","name":"Kest\u00e4v\u00e4\u00e4 kehityst\u00e4 - Ruka Safaris, Kuusamo, Finland","isPartOf":{"@id":"https:\/\/davas.site\/rukasafaris\/#website"},"datePublished":"2021-11-23T13:55:17+00:00","dateModified":"2025-06-20T04:07:41+00:00","breadcrumb":{"@id":"https:\/\/davas.site\/rukasafaris\/ymparistopolitiikka\/#breadcrumb"},"inLanguage":"fi","potentialAction":[{"@type":"ReadAction","target":["https:\/\/davas.site\/rukasafaris\/ymparistopolitiikka\/"]}]},{"@type":"BreadcrumbList","@id":"https:\/\/davas.site\/rukasafaris\/ymparistopolitiikka\/#breadcrumb","itemListElement":[{"@type":"ListItem","position":1,"name":"Home","item":"https:\/\/davas.site\/rukasafaris\/"},{"@type":"ListItem","position":2,"name":"Kest\u00e4v\u00e4\u00e4 kehityst\u00e4"}]},{"@type":"WebSite","@id":"https:\/\/davas.site\/rukasafaris\/#website","url":"https:\/\/davas.site\/rukasafaris\/","name":"Ruka Safaris, Kuusamo","description":"Adventure Travel Since 1988","publisher":{"@id":"https:\/\/davas.site\/rukasafaris\/#organization"},"potentialAction":[{"@type":"SearchAction","target":{"@type":"EntryPoint","urlTemplate":"https:\/\/davas.site\/rukasafaris\/?s={search_term_string}"},"query-input":{"@type":"PropertyValueSpecification","valueRequired":true,"valueName":"search_term_string"}}],"inLanguage":"fi"},{"@type":"Organization","@id":"https:\/\/davas.site\/rukasafaris\/#organization","name":"Ruka Safaris","url":"https:\/\/davas.site\/rukasafaris\/","logo":{"@type":"ImageObject","inLanguage":"fi","@id":"https:\/\/davas.site\/rukasafaris\/#\/schema\/logo\/image\/","url":"https:\/\/davas.site\/rukasafaris\/wp-content\/uploads\/2022\/03\/ruka-safaris-logo.png","contentUrl":"https:\/\/davas.site\/rukasafaris\/wp-content\/uploads\/2022\/03\/ruka-safaris-logo.png","width":500,"height":500,"caption":"Ruka Safaris"},"image":{"@id":"https:\/\/davas.site\/rukasafaris\/#\/schema\/logo\/image\/"},"sameAs":["https:\/\/www.facebook.com\/rukasafaris","https:\/\/www.instagram.com\/rukasafaris","https:\/\/www.youtube.com\/user\/rukasafaris"]}]}},"_links":{"self":[{"href":"https:\/\/davas.site\/rukasafaris\/wp-json\/wp\/v2\/pages\/232","targetHints":{"allow":["GET"]}}],"collection":[{"href":"https:\/\/davas.site\/rukasafaris\/wp-json\/wp\/v2\/pages"}],"about":[{"href":"https:\/\/davas.site\/rukasafaris\/wp-json\/wp\/v2\/types\/page"}],"author":[{"embeddable":true,"href":"https:\/\/davas.site\/rukasafaris\/wp-json\/wp\/v2\/users\/1"}],"replies":[{"embeddable":true,"href":"https:\/\/davas.site\/rukasafaris\/wp-json\/wp\/v2\/comments?post=232"}],"version-history":[{"count":19,"href":"https:\/\/davas.site\/rukasafaris\/wp-json\/wp\/v2\/pages\/232\/revisions"}],"predecessor-version":[{"id":10287,"href":"https:\/\/davas.site\/rukasafaris\/wp-json\/wp\/v2\/pages\/232\/revisions\/10287"}],"wp:attachment":[{"href":"https:\/\/davas.site\/rukasafaris\/wp-json\/wp\/v2\/media?parent=232"}],"curies":[{"name":"wp","href":"https:\/\/api.w.org\/{rel}","templated":true}]}}