{"id":3176,"date":"2022-07-01T07:26:55","date_gmt":"2022-07-01T04:26:55","guid":{"rendered":"https:\/\/davas.site\/rukasafaris\/?page_id=3176"},"modified":"2025-06-25T13:57:39","modified_gmt":"2025-06-25T10:57:39","slug":"valinevuokraus","status":"publish","type":"page","link":"https:\/\/davas.site\/rukasafaris\/aktiviteetit\/kesan-aktiviteetit\/valinevuokraus\/","title":{"rendered":"V\u00e4linevuokraus"},"content":{"rendered":"<h1>V\u00e4line\u00advuokraus<\/h1>\n<p><img decoding=\"async\" src=\"\/rukasafaris\/wp-content\/uploads\/2018\/11\/rukasafaris-fatbike-winter.jpg\" alt=\"Opastettu Fatbike safari\"><\/p>\n<div>\n<h2>Vuokraa v\u00e4lineet ja nauti <\/h2>\n<div>Talvi on t\u00e4\u00e4ll\u00e4 ja se tarkoittaa sit\u00e4, ett\u00e4 on aika nauttia lumisista ulkoilma-aktiviteeteista. Yksi suosituimmista talvella vuokrattavista v\u00e4lineist\u00e4 on fatbike. Lumikenk\u00e4ily taas on loistava tapa liikkua lumisessa maastossa, oli sitten kyseess\u00e4 mets\u00e4, j\u00e4rvenranta tai vaikkapa lumiset tunturit. Kes\u00e4ll\u00e4 voit kokeilla suosittua Sup lautailua!\n<\/div>\n<\/div>\n<h1>V\u00e4linevuokraus \u2013 Koe Ruka omatoimisesti<\/h1>\n<ul>\n<li>\n<p>        <img decoding=\"async\" src=\"\/rukasafaris\/wp-content\/uploads\/2025\/06\/fatbike-rental-ruka.avif\" alt=\"Fatbike rental in Ruka, Lapland\"><\/p>\n<h3>3 tunnin fatbike vuokra<\/h3>\n<p><a href=\"\/rukasafaris\/aktiviteetit\/kesan-aktiviteetit\/valinevuokraus\/3-tunnin-fatbike-vuokra\/\"><\/a><\/p>\n<\/li>\n<li>\n<p>        <img decoding=\"async\" src=\"\/rukasafaris\/wp-content\/uploads\/2025\/06\/fatbike-rental-ruka.avif\" alt=\"Fatbike rental in Ruka, Lapland\"><\/p>\n<h3>8 tunnin fatbike vuokra<\/h3>\n<\/li>\n<\/ul>\n<p><!--more--><br \/>\n<!-- {\"name\":\"kes\\u00e4n viikko-ohjelma\",\"type\":\"layout\",\"children\":[{\"name\":\"Hero\",\"type\":\"section\",\"props\":{\"height\":\"viewport\",\"height_offset_top\":true,\"image\":\"wp-content\\\/uploads\\\/2020\\\/04\\\/fatbike-metsaretki.jpg\",\"image_effect\":\"parallax\",\"image_height\":\"1300\",\"image_loading\":true,\"image_parallax_bgy\":\"-200,0\",\"image_parallax_breakpoint\":\"m\",\"image_parallax_easing\":\"1\",\"image_position\":\"center-center\",\"image_size\":\"cover\",\"image_width\":\"2560\",\"media_overlay\":\"rgba(0, 0, 0, 0.2)\",\"overlap\":false,\"padding\":\"large\",\"padding_remove_bottom\":false,\"style\":\"default\",\"text_color\":\"light\",\"title_breakpoint\":\"xl\",\"title_position\":\"top-left\",\"title_rotation\":\"left\",\"vertical_align\":\"middle\",\"width\":\"xlarge\"},\"children\":[{\"type\":\"row\",\"children\":[{\"type\":\"column\",\"props\":{\"image_position\":\"center-center\",\"position_sticky_breakpoint\":\"m\",\"width_medium\":\"1-1\"},\"children\":[{\"type\":\"headline\",\"props\":{\"content\":\"\",\"title_element\":\"div\",\"title_style\":\"h3\"}},{\"type\":\"headline\",\"props\":{\"content\":\"V\\u00e4line\\u00advuokraus\",\"margin_remove_top\":true,\"maxwidth\":\"2xlarge\",\"title_element\":\"h1\",\"title_style\":\"heading-xlarge\"}}]}]}]},{\"name\":\"About\",\"type\":\"section\",\"props\":{\"image_position\":\"center-center\",\"overlap\":false,\"padding\":\"none\",\"padding_remove_bottom\":false,\"padding_remove_top\":false,\"style\":\"default\",\"title_breakpoint\":\"xl\",\"title_position\":\"center-right\",\"title_rotation\":\"left\",\"vertical_align\":\"\",\"width\":\"xlarge\"},\"children\":[{\"type\":\"row\",\"props\":{\"column_gap\":\"collapse\",\"layout\":\"1-2,1-2\",\"row_gap\":\"collapse\"},\"children\":[{\"type\":\"column\",\"props\":{\"image_position\":\"center-center\",\"position_sticky_breakpoint\":\"m\",\"vertical_align\":\"middle\",\"width_medium\":\"1-2\"},\"children\":[{\"type\":\"image\",\"props\":{\"animation\":\"parallax\",\"block_align\":\"right\",\"image\":\"wp-content\\\/uploads\\\/2018\\\/11\\\/rukasafaris-fatbike-winter.jpg\",\"image_alt\":\"Opastettu Fatbike safari\",\"image_box_decoration\":\"default\",\"image_svg_color\":\"emphasis\",\"image_width\":\"600\",\"margin\":\"default\",\"maxwidth\":\"xlarge\",\"parallax_breakpoint\":\"m\",\"parallax_easing\":\"1\",\"parallax_y\":\"-100,-240\",\"text_align\":\"right\",\"visibility\":\"m\"}}]},{\"type\":\"column\",\"props\":{\"image_position\":\"center-center\",\"position_sticky_breakpoint\":\"m\",\"width_medium\":\"1-2\"},\"children\":[{\"type\":\"panel\",\"props\":{\"animation\":\"parallax\",\"content\":\"Talvi on t\\u00e4\\u00e4ll\\u00e4 ja se tarkoittaa sit\\u00e4, ett\\u00e4 on aika nauttia lumisista ulkoilma-aktiviteeteista. Yksi suosituimmista talvella vuokrattavista v\\u00e4lineist\\u00e4 on fatbike. Lumikenk\\u00e4ily taas on loistava tapa liikkua lumisessa maastossa, oli sitten kyseess\\u00e4 mets\\u00e4, j\\u00e4rvenranta tai vaikkapa lumiset tunturit. Kes\\u00e4ll\\u00e4 voit kokeilla suosittua Sup lautailua!\\n\",\"content_column_breakpoint\":\"m\",\"css\":\"@media (max-width: 959px) {\\n    .el-element { position: static !important; }\\n}\",\"icon_width\":80,\"image_align\":\"top\",\"image_grid_breakpoint\":\"m\",\"image_grid_width\":\"1-2\",\"image_svg_color\":\"emphasis\",\"link_style\":\"text\",\"link_target\":true,\"link_text\":\"Kysy lis\\u00e4\\u00e4\",\"margin\":\"\",\"maxwidth\":\"xlarge\",\"maxwidth_breakpoint\":\"l\",\"meta_align\":\"below-title\",\"meta_element\":\"div\",\"meta_style\":\"text-meta\",\"panel_padding\":\"default\",\"panel_style\":\"card-default\",\"parallax_breakpoint\":\"m\",\"parallax_easing\":\"1\",\"parallax_y\":\"-200,0\",\"position\":\"relative\",\"position_left\":\"-50\",\"text_align\":\"left\",\"title\":\"Vuokraa v\\u00e4lineet ja nauti \",\"title_align\":\"top\",\"title_element\":\"h2\",\"title_grid_breakpoint\":\"m\",\"title_grid_width\":\"1-2\",\"title_hover_style\":\"reset\",\"title_style\":\"h1\"}}]}]}]},{\"type\":\"section\",\"props\":{\"image_position\":\"center-center\",\"status\":\"disabled\",\"style\":\"muted\",\"title_breakpoint\":\"xl\",\"title_position\":\"top-left\",\"title_rotation\":\"left\",\"vertical_align\":\"\",\"width\":\"default\"},\"children\":[{\"type\":\"row\",\"children\":[{\"type\":\"column\",\"props\":{\"image_position\":\"center-center\",\"position_sticky_breakpoint\":\"m\"},\"children\":[{\"type\":\"text\",\"props\":{\"block_align\":\"center\",\"column\":\"1-2\",\"column_breakpoint\":\"m\",\"content\":\"\n\n<ul>\\n\n\n<li>Viikko-ohjelmamme<a href=\\\"https:\\\/\\\/goo.gl\\\/maps\\\/TV1FSnu3YKbPNuTy9\\\" target=\\\"_blank\\\" rel=\\\"noopener\\\"> alkavat Safarikeskukseltamme\\u00a0 (osoite: Onkerniementie 12)<\\\/a>, jonne my\\u00f6s palataan safarin j\\u00e4lkeen.<\\\/li>\\n\n\n<li>Tarjoamme aktiviteetteihimme noudon Iisakki Villagesta, sek\\u00e4 Rukan kyl\\u00e4st\\u00e4.<\\\/li>\\n\n\n<li>Ohjelmat ovat opastettuja ja sis\\u00e4lt\\u00e4v\\u00e4t kaikki tarvittavat varusteet (kumpparit, sadevarusteet, kyp\\u00e4r\\u00e4, kuivapuku jne.).<\\\/li>\\n\n\n<li>Otamme aktiviteetteihin varauksia vastaan aina edelliseen p\\u00e4iv\\u00e4\\u00e4n kello 17 asti. <strong>Varaa online tai <a href=\\\"tel:+35888521610\\\">+358 8 852 1610<\\\/a>\\u00a0tai <a href=\\\"mailto:sales@rukasafaris.fi\\\">sales@rukasafaris.fi<\\\/a><\\\/strong><\\\/li>\\n\n\n<li>Ohjelmat ovat avoimia l\\u00e4ht\\u00f6j\\u00e4 ja toteutetaan kun ilmoittautuneita on v\\u00e4hint\\u00e4\\u00e4n nelj\\u00e4 henkil\\u00f6\\u00e4.<\\\/li>\\n<\\\/ul>\\n\n\n<p><a href=\\\"https:\\\/\\\/davas.site\\\/rukasafaris\\\/tietoa-ohjelmistamme\\\/\\\">Tutustu my\\u00f6s turvallisuusohjeisiin,<\\\/a> <a href=\\\"https:\\\/\\\/davas.site\\\/rukasafaris\\\/varausehdot\\\/\\\">peruutusehtoihin ja\\u00a0 vakuutusm\\u00e4\\u00e4reisiin<\\\/a> t\\u00e4\\u00e4lt\\u00e4.<\\\/p>\\n\n\n<p><em>Pid\\u00e4t\\u00e4mme oikeuden ohjelman ja hinnan muutoksiin meist\\u00e4 riippumattomista syist\\u00e4.<\\\/em><\\\/p>\",\"margin\":\"default\"}}]}]}]},{\"type\":\"section\",\"props\":{\"id\":\"equipment-rental\",\"image_position\":\"center-center\",\"padding\":\"xsmall\",\"padding_remove_top\":false,\"preserve_color\":true,\"style\":\"default\",\"title_breakpoint\":\"xl\",\"title_position\":\"top-left\",\"title_rotation\":\"left\",\"vertical_align\":\"\",\"width\":\"default\"},\"children\":[{\"type\":\"row\",\"children\":[{\"type\":\"column\",\"props\":{\"image_position\":\"center-center\",\"position_sticky_breakpoint\":\"m\",\"width_medium\":\"1-1\"},\"children\":[{\"type\":\"headline\",\"props\":{\"content\":\"V\\u00e4linevuokraus \\u2013 Koe Ruka omatoimisesti\",\"title_element\":\"h1\"}},{\"type\":\"gallery\",\"props\":{\"filter\":false,\"filter_align\":\"left\",\"filter_all\":true,\"filter_all_label\":\"Kaikki\",\"filter_grid_breakpoint\":\"m\",\"filter_grid_width\":\"auto\",\"filter_position\":\"top\",\"filter_style\":\"subnav-pill\",\"grid_default\":\"1\",\"grid_medium\":\"4\",\"grid_small\":\"3\",\"image_height\":\"500\",\"image_transition\":\"scale-up\",\"image_width\":\"400\",\"item_animation\":true,\"lightbox_bg_close\":true,\"link_style\":\"default\",\"link_text\":\"\",\"margin\":\"default\",\"meta_align\":\"below-title\",\"meta_element\":\"div\",\"meta_margin\":\"remove\",\"meta_style\":\"\",\"overlay_hover\":false,\"overlay_link\":true,\"overlay_maxwidth\":\"xlarge\",\"overlay_mode\":\"caption\",\"overlay_padding\":\"small\",\"overlay_position\":\"bottom-center\",\"overlay_style\":\"tile-default\",\"overlay_transition\":\"fade\",\"parallax_easing\":\"1\",\"show_content\":true,\"show_hover_image\":true,\"show_hover_video\":true,\"show_link\":true,\"show_meta\":true,\"show_title\":true,\"text_align\":\"center\",\"text_color\":\"light\",\"title_element\":\"h3\",\"title_hover_style\":\"reset\",\"title_link\":true,\"title_style\":\"text-lead\"},\"name\":\"Rental equipment\",\"children\":[{\"type\":\"gallery_item\",\"props\":{\"image\":\"wp-content\\\/uploads\\\/2025\\\/06\\\/fatbike-rental-ruka.avif\",\"image_alt\":\"Fatbike rental in Ruka, Lapland\",\"link\":\"aktiviteetit\\\/kesan-aktiviteetit\\\/valinevuokraus\\\/3-tunnin-fatbike-vuokra\\\/\",\"title\":\"3 tunnin fatbike vuokra\"}},{\"type\":\"gallery_item\",\"props\":{\"image\":\"wp-content\\\/uploads\\\/2025\\\/06\\\/fatbike-rental-ruka.avif\",\"image_alt\":\"Fatbike rental in Ruka, Lapland\",\"title\":\"8 tunnin fatbike vuokra\"}}]}]}]}],\"name\":\"Equipment Rental Summer Finnish\"}],\"version\":\"4.5.16\"} --><\/p>\n","protected":false},"excerpt":{"rendered":"<p>V\u00e4line\u00advuokraus Vuokraa v\u00e4lineet ja nauti Talvi on t\u00e4\u00e4ll\u00e4 ja se tarkoittaa sit\u00e4, ett\u00e4 on aika nauttia lumisista ulkoilma-aktiviteeteista. Yksi suosituimmista talvella vuokrattavista v\u00e4lineist\u00e4 on fatbike. Lumikenk\u00e4ily taas on loistava tapa liikkua lumisessa maastossa, oli sitten kyseess\u00e4 mets\u00e4, j\u00e4rvenranta tai vaikkapa lumiset tunturit. Kes\u00e4ll\u00e4 voit kokeilla suosittua Sup lautailua! V\u00e4linevuokraus \u2013 Koe Ruka omatoimisesti 3 tunnin [&hellip;]<\/p>\n","protected":false},"author":1,"featured_media":3592,"parent":602,"menu_order":0,"comment_status":"closed","ping_status":"closed","template":"","meta":{"cybocfi_hide_featured_image":"","footnotes":""},"class_list":["post-3176","page","type-page","status-publish","has-post-thumbnail","hentry"],"yoast_head":"<!-- This site is optimized with the Yoast SEO Premium plugin v25.1 (Yoast SEO v25.3) - https:\/\/yoast.com\/wordpress\/plugins\/seo\/ -->\n<title>V\u00e4linevuokraus - Ruka Safaris, Kuusamo, Finland<\/title>\n<meta name=\"robots\" content=\"index, follow, max-snippet:-1, max-image-preview:large, max-video-preview:-1\" \/>\n<link rel=\"canonical\" href=\"https:\/\/davas.site\/rukasafaris\/aktiviteetit\/kesan-aktiviteetit\/valinevuokraus\/\" \/>\n<meta property=\"og:locale\" content=\"fi_FI\" \/>\n<meta property=\"og:type\" content=\"article\" \/>\n<meta property=\"og:title\" content=\"V\u00e4linevuokraus\" \/>\n<meta property=\"og:description\" content=\"V\u00e4line\u00advuokraus Vuokraa v\u00e4lineet ja nauti Talvi on t\u00e4\u00e4ll\u00e4 ja se tarkoittaa sit\u00e4, ett\u00e4 on aika nauttia lumisista ulkoilma-aktiviteeteista. Yksi suosituimmista talvella vuokrattavista v\u00e4lineist\u00e4 on fatbike. Lumikenk\u00e4ily taas on loistava tapa liikkua lumisessa maastossa, oli sitten kyseess\u00e4 mets\u00e4, j\u00e4rvenranta tai vaikkapa lumiset tunturit. Kes\u00e4ll\u00e4 voit kokeilla suosittua Sup lautailua! V\u00e4linevuokraus \u2013 Koe Ruka omatoimisesti 3 tunnin [&hellip;]\" \/>\n<meta property=\"og:url\" content=\"https:\/\/davas.site\/rukasafaris\/aktiviteetit\/kesan-aktiviteetit\/valinevuokraus\/\" \/>\n<meta property=\"og:site_name\" content=\"Ruka Safaris, Kuusamo, Finland\" \/>\n<meta property=\"article:publisher\" content=\"https:\/\/www.facebook.com\/rukasafaris\" \/>\n<meta property=\"article:modified_time\" content=\"2025-06-25T10:57:39+00:00\" \/>\n<meta property=\"og:image\" content=\"https:\/\/davas.site\/rukasafaris\/wp-content\/uploads\/2020\/04\/fatbike-metsaretki.jpg\" \/>\n\t<meta property=\"og:image:width\" content=\"1000\" \/>\n\t<meta property=\"og:image:height\" content=\"563\" \/>\n\t<meta property=\"og:image:type\" content=\"image\/jpeg\" \/>\n<meta name=\"twitter:card\" content=\"summary_large_image\" \/>\n<meta name=\"twitter:label1\" content=\"Arvioitu lukuaika\" \/>\n\t<meta name=\"twitter:data1\" content=\"1 minuutti\" \/>\n<script type=\"application\/ld+json\" class=\"yoast-schema-graph\">{\"@context\":\"https:\/\/schema.org\",\"@graph\":[{\"@type\":\"WebPage\",\"@id\":\"https:\/\/davas.site\/rukasafaris\/aktiviteetit\/kesan-aktiviteetit\/valinevuokraus\/\",\"url\":\"https:\/\/davas.site\/rukasafaris\/aktiviteetit\/kesan-aktiviteetit\/valinevuokraus\/\",\"name\":\"V\u00e4linevuokraus - Ruka Safaris, Kuusamo, Finland\",\"isPartOf\":{\"@id\":\"https:\/\/davas.site\/rukasafaris\/#website\"},\"primaryImageOfPage\":{\"@id\":\"https:\/\/davas.site\/rukasafaris\/aktiviteetit\/kesan-aktiviteetit\/valinevuokraus\/#primaryimage\"},\"image\":{\"@id\":\"https:\/\/davas.site\/rukasafaris\/aktiviteetit\/kesan-aktiviteetit\/valinevuokraus\/#primaryimage\"},\"thumbnailUrl\":\"https:\/\/davas.site\/rukasafaris\/wp-content\/uploads\/2020\/04\/fatbike-metsaretki.jpg\",\"datePublished\":\"2022-07-01T04:26:55+00:00\",\"dateModified\":\"2025-06-25T10:57:39+00:00\",\"breadcrumb\":{\"@id\":\"https:\/\/davas.site\/rukasafaris\/aktiviteetit\/kesan-aktiviteetit\/valinevuokraus\/#breadcrumb\"},\"inLanguage\":\"fi\",\"potentialAction\":[{\"@type\":\"ReadAction\",\"target\":[\"https:\/\/davas.site\/rukasafaris\/aktiviteetit\/kesan-aktiviteetit\/valinevuokraus\/\"]}]},{\"@type\":\"ImageObject\",\"inLanguage\":\"fi\",\"@id\":\"https:\/\/davas.site\/rukasafaris\/aktiviteetit\/kesan-aktiviteetit\/valinevuokraus\/#primaryimage\",\"url\":\"https:\/\/davas.site\/rukasafaris\/wp-content\/uploads\/2020\/04\/fatbike-metsaretki.jpg\",\"contentUrl\":\"https:\/\/davas.site\/rukasafaris\/wp-content\/uploads\/2020\/04\/fatbike-metsaretki.jpg\",\"width\":1000,\"height\":563},{\"@type\":\"BreadcrumbList\",\"@id\":\"https:\/\/davas.site\/rukasafaris\/aktiviteetit\/kesan-aktiviteetit\/valinevuokraus\/#breadcrumb\",\"itemListElement\":[{\"@type\":\"ListItem\",\"position\":1,\"name\":\"Home\",\"item\":\"https:\/\/davas.site\/rukasafaris\/\"},{\"@type\":\"ListItem\",\"position\":2,\"name\":\"Aktiviteetit\",\"item\":\"https:\/\/davas.site\/rukasafaris\/aktiviteetit\/\"},{\"@type\":\"ListItem\",\"position\":3,\"name\":\"Kes\u00e4n aktiviteetit\",\"item\":\"https:\/\/davas.site\/rukasafaris\/aktiviteetit\/kesan-aktiviteetit\/\"},{\"@type\":\"ListItem\",\"position\":4,\"name\":\"V\u00e4linevuokraus\"}]},{\"@type\":\"WebSite\",\"@id\":\"https:\/\/davas.site\/rukasafaris\/#website\",\"url\":\"https:\/\/davas.site\/rukasafaris\/\",\"name\":\"Ruka Safaris, Kuusamo\",\"description\":\"Adventure Travel Since 1988\",\"publisher\":{\"@id\":\"https:\/\/davas.site\/rukasafaris\/#organization\"},\"potentialAction\":[{\"@type\":\"SearchAction\",\"target\":{\"@type\":\"EntryPoint\",\"urlTemplate\":\"https:\/\/davas.site\/rukasafaris\/?s={search_term_string}\"},\"query-input\":{\"@type\":\"PropertyValueSpecification\",\"valueRequired\":true,\"valueName\":\"search_term_string\"}}],\"inLanguage\":\"fi\"},{\"@type\":\"Organization\",\"@id\":\"https:\/\/davas.site\/rukasafaris\/#organization\",\"name\":\"Ruka Safaris\",\"url\":\"https:\/\/davas.site\/rukasafaris\/\",\"logo\":{\"@type\":\"ImageObject\",\"inLanguage\":\"fi\",\"@id\":\"https:\/\/davas.site\/rukasafaris\/#\/schema\/logo\/image\/\",\"url\":\"https:\/\/davas.site\/rukasafaris\/wp-content\/uploads\/2022\/03\/ruka-safaris-logo.png\",\"contentUrl\":\"https:\/\/davas.site\/rukasafaris\/wp-content\/uploads\/2022\/03\/ruka-safaris-logo.png\",\"width\":500,\"height\":500,\"caption\":\"Ruka Safaris\"},\"image\":{\"@id\":\"https:\/\/davas.site\/rukasafaris\/#\/schema\/logo\/image\/\"},\"sameAs\":[\"https:\/\/www.facebook.com\/rukasafaris\",\"https:\/\/www.instagram.com\/rukasafaris\",\"https:\/\/www.youtube.com\/user\/rukasafaris\"]}]}<\/script>\n<!-- \/ Yoast SEO Premium plugin. -->","yoast_head_json":{"title":"V\u00e4linevuokraus - Ruka Safaris, Kuusamo, Finland","robots":{"index":"index","follow":"follow","max-snippet":"max-snippet:-1","max-image-preview":"max-image-preview:large","max-video-preview":"max-video-preview:-1"},"canonical":"https:\/\/davas.site\/rukasafaris\/aktiviteetit\/kesan-aktiviteetit\/valinevuokraus\/","og_locale":"fi_FI","og_type":"article","og_title":"V\u00e4linevuokraus","og_description":"V\u00e4line\u00advuokraus Vuokraa v\u00e4lineet ja nauti Talvi on t\u00e4\u00e4ll\u00e4 ja se tarkoittaa sit\u00e4, ett\u00e4 on aika nauttia lumisista ulkoilma-aktiviteeteista. Yksi suosituimmista talvella vuokrattavista v\u00e4lineist\u00e4 on fatbike. Lumikenk\u00e4ily taas on loistava tapa liikkua lumisessa maastossa, oli sitten kyseess\u00e4 mets\u00e4, j\u00e4rvenranta tai vaikkapa lumiset tunturit. Kes\u00e4ll\u00e4 voit kokeilla suosittua Sup lautailua! V\u00e4linevuokraus \u2013 Koe Ruka omatoimisesti 3 tunnin [&hellip;]","og_url":"https:\/\/davas.site\/rukasafaris\/aktiviteetit\/kesan-aktiviteetit\/valinevuokraus\/","og_site_name":"Ruka Safaris, Kuusamo, Finland","article_publisher":"https:\/\/www.facebook.com\/rukasafaris","article_modified_time":"2025-06-25T10:57:39+00:00","og_image":[{"width":1000,"height":563,"url":"https:\/\/davas.site\/rukasafaris\/wp-content\/uploads\/2020\/04\/fatbike-metsaretki.jpg","type":"image\/jpeg"}],"twitter_card":"summary_large_image","twitter_misc":{"Arvioitu lukuaika":"1 minuutti"},"schema":{"@context":"https:\/\/schema.org","@graph":[{"@type":"WebPage","@id":"https:\/\/davas.site\/rukasafaris\/aktiviteetit\/kesan-aktiviteetit\/valinevuokraus\/","url":"https:\/\/davas.site\/rukasafaris\/aktiviteetit\/kesan-aktiviteetit\/valinevuokraus\/","name":"V\u00e4linevuokraus - Ruka Safaris, Kuusamo, Finland","isPartOf":{"@id":"https:\/\/davas.site\/rukasafaris\/#website"},"primaryImageOfPage":{"@id":"https:\/\/davas.site\/rukasafaris\/aktiviteetit\/kesan-aktiviteetit\/valinevuokraus\/#primaryimage"},"image":{"@id":"https:\/\/davas.site\/rukasafaris\/aktiviteetit\/kesan-aktiviteetit\/valinevuokraus\/#primaryimage"},"thumbnailUrl":"https:\/\/davas.site\/rukasafaris\/wp-content\/uploads\/2020\/04\/fatbike-metsaretki.jpg","datePublished":"2022-07-01T04:26:55+00:00","dateModified":"2025-06-25T10:57:39+00:00","breadcrumb":{"@id":"https:\/\/davas.site\/rukasafaris\/aktiviteetit\/kesan-aktiviteetit\/valinevuokraus\/#breadcrumb"},"inLanguage":"fi","potentialAction":[{"@type":"ReadAction","target":["https:\/\/davas.site\/rukasafaris\/aktiviteetit\/kesan-aktiviteetit\/valinevuokraus\/"]}]},{"@type":"ImageObject","inLanguage":"fi","@id":"https:\/\/davas.site\/rukasafaris\/aktiviteetit\/kesan-aktiviteetit\/valinevuokraus\/#primaryimage","url":"https:\/\/davas.site\/rukasafaris\/wp-content\/uploads\/2020\/04\/fatbike-metsaretki.jpg","contentUrl":"https:\/\/davas.site\/rukasafaris\/wp-content\/uploads\/2020\/04\/fatbike-metsaretki.jpg","width":1000,"height":563},{"@type":"BreadcrumbList","@id":"https:\/\/davas.site\/rukasafaris\/aktiviteetit\/kesan-aktiviteetit\/valinevuokraus\/#breadcrumb","itemListElement":[{"@type":"ListItem","position":1,"name":"Home","item":"https:\/\/davas.site\/rukasafaris\/"},{"@type":"ListItem","position":2,"name":"Aktiviteetit","item":"https:\/\/davas.site\/rukasafaris\/aktiviteetit\/"},{"@type":"ListItem","position":3,"name":"Kes\u00e4n aktiviteetit","item":"https:\/\/davas.site\/rukasafaris\/aktiviteetit\/kesan-aktiviteetit\/"},{"@type":"ListItem","position":4,"name":"V\u00e4linevuokraus"}]},{"@type":"WebSite","@id":"https:\/\/davas.site\/rukasafaris\/#website","url":"https:\/\/davas.site\/rukasafaris\/","name":"Ruka Safaris, Kuusamo","description":"Adventure Travel Since 1988","publisher":{"@id":"https:\/\/davas.site\/rukasafaris\/#organization"},"potentialAction":[{"@type":"SearchAction","target":{"@type":"EntryPoint","urlTemplate":"https:\/\/davas.site\/rukasafaris\/?s={search_term_string}"},"query-input":{"@type":"PropertyValueSpecification","valueRequired":true,"valueName":"search_term_string"}}],"inLanguage":"fi"},{"@type":"Organization","@id":"https:\/\/davas.site\/rukasafaris\/#organization","name":"Ruka Safaris","url":"https:\/\/davas.site\/rukasafaris\/","logo":{"@type":"ImageObject","inLanguage":"fi","@id":"https:\/\/davas.site\/rukasafaris\/#\/schema\/logo\/image\/","url":"https:\/\/davas.site\/rukasafaris\/wp-content\/uploads\/2022\/03\/ruka-safaris-logo.png","contentUrl":"https:\/\/davas.site\/rukasafaris\/wp-content\/uploads\/2022\/03\/ruka-safaris-logo.png","width":500,"height":500,"caption":"Ruka Safaris"},"image":{"@id":"https:\/\/davas.site\/rukasafaris\/#\/schema\/logo\/image\/"},"sameAs":["https:\/\/www.facebook.com\/rukasafaris","https:\/\/www.instagram.com\/rukasafaris","https:\/\/www.youtube.com\/user\/rukasafaris"]}]}},"_links":{"self":[{"href":"https:\/\/davas.site\/rukasafaris\/wp-json\/wp\/v2\/pages\/3176","targetHints":{"allow":["GET"]}}],"collection":[{"href":"https:\/\/davas.site\/rukasafaris\/wp-json\/wp\/v2\/pages"}],"about":[{"href":"https:\/\/davas.site\/rukasafaris\/wp-json\/wp\/v2\/types\/page"}],"author":[{"embeddable":true,"href":"https:\/\/davas.site\/rukasafaris\/wp-json\/wp\/v2\/users\/1"}],"replies":[{"embeddable":true,"href":"https:\/\/davas.site\/rukasafaris\/wp-json\/wp\/v2\/comments?post=3176"}],"version-history":[{"count":23,"href":"https:\/\/davas.site\/rukasafaris\/wp-json\/wp\/v2\/pages\/3176\/revisions"}],"predecessor-version":[{"id":11999,"href":"https:\/\/davas.site\/rukasafaris\/wp-json\/wp\/v2\/pages\/3176\/revisions\/11999"}],"up":[{"embeddable":true,"href":"https:\/\/davas.site\/rukasafaris\/wp-json\/wp\/v2\/pages\/602"}],"wp:featuredmedia":[{"embeddable":true,"href":"https:\/\/davas.site\/rukasafaris\/wp-json\/wp\/v2\/media\/3592"}],"wp:attachment":[{"href":"https:\/\/davas.site\/rukasafaris\/wp-json\/wp\/v2\/media?parent=3176"}],"curies":[{"name":"wp","href":"https:\/\/api.w.org\/{rel}","templated":true}]}}