{"id":3432,"date":"2022-09-04T17:12:16","date_gmt":"2022-09-04T14:12:16","guid":{"rendered":"https:\/\/davas.site\/rukasafaris\/?page_id=3432"},"modified":"2024-04-08T10:40:27","modified_gmt":"2024-04-08T07:40:27","slug":"yrityksille-ja-ryhmille","status":"publish","type":"page","link":"https:\/\/davas.site\/rukasafaris\/yrityksille-ja-ryhmille\/","title":{"rendered":"Yrityksille ja ryhmille"},"content":{"rendered":"<div>kaikki palvelut<\/div>\n<h1>\n<p>Yrityksille ja ryhmille<\/p>\n<\/h1>\n<div>\n<h2>All inclusive kokous- ja virkistyspalvelut<\/h2>\n<p>Ruka Safaris tarjoaa upeat puitteet yritysten ja ryhmien illanvietoille, virkistysp\u00e4iville ja kokouksille usean vuosikymmenen kokemuksella.<\/p>\n<p>Meilt\u00e4 l\u00f6yd\u00e4t korkeatasoiset <a href=\"https:\/\/davas.site\/rukasafaris\/majoitus\/ryhmille\/\">majoituspalvelut<\/a>, joissa tilaa my\u00f6s viihty\u00e4 yhdess\u00e4 ja kokoustaa, <a href=\"https:\/\/davas.site\/rukasafaris\/saunat\/\">saunatilat<\/a>, <a href=\"https:\/\/davas.site\/rukasafaris\/talven-viikko-ohjelma\/\">ohjelmapalvelut<\/a>, sek\u00e4 <a href=\"https:\/\/davas.site\/rukasafaris\/ravintolat\/\">ravintolapalvelut<\/a> kaikkiin tarpeisiin.\u00a0<\/p>\n<p>Huolehdimme tarvittaessa my\u00f6s kuljetuksestanne lentokent\u00e4lt\u00e4 majoituskohteeseen sek\u00e4 muun liikkumisenne Rukan alueella yhteisty\u00f6kumppaneidemme kera.\u00a0<\/p>\n<p>Ota yhteytt\u00e4 <a href=\"https:\/\/davas.site\/rukasafaris\/myyntitoimisto\/\">myyntipalveluumme<\/a> niin tehd\u00e4\u00e4n juuri teid\u00e4n ryhm\u00e4lle sopiva paketti!<\/p>\n<\/div>\n<ul>\n<li>\n<p><img decoding=\"async\" src=\"\/wp-content\/uploads\/2024\/01\/iisakintalo-kesalla-ulkoa.jpg\" alt=\"Kokoustilat\"><\/p>\n<h3>Kokoustilat<\/h3>\n<p>Useita tiloja erilaisiin tarpeisiin<\/p>\n<div>\n<p>Tule Rukalle tekem\u00e4\u00e4n hyvi\u00e4 p\u00e4\u00e4t\u00f6ksi\u00e4, j\u00e4rjest\u00e4 tapahtuma tai pid\u00e4 koulutus. V\u00e4lipalaksi saatte pohjoisia makuja ja el\u00e4myksi\u00e4.\u00a0<\/p>\n<\/div>\n<p><a href=\"\/yrityksille-ja-ryhmille\/kokoustilat\/\">Kokoustilat<\/a><\/p>\n<\/li>\n<li>\n<p><img decoding=\"async\" src=\"\/wp-content\/uploads\/2023\/12\/lappish-dinner.jpg\" alt=\"Ravintolat\"><\/p>\n<h3>Ravintolat<\/h3>\n<div>\n<p>Monipuolisesti tiloja kokouksiin ja illanviettoihin er\u00e4henkisest\u00e4 Honkakodasta (6-30 hl\u00f6\u00e4) aina upeaan maanalaiseen Kontioluola ravintolaan (jopa 130 hl\u00f6\u00e4).<\/p>\n<\/div>\n<p><a href=\"\/ravintolat\/\">Ravintolat<\/a><\/p>\n<\/li>\n<li>\n<p><img decoding=\"async\" src=\"\/wp-content\/uploads\/2022\/03\/luppolinna-oleskelu.jpeg\" alt=\"Majoitusta ryhmille\"><\/p>\n<h3>Majoitus<\/h3>\n<div>\n<p>Ryhm\u00e4majoitustiloissamme <span>\u00a0on tilavat oleskelu- ja ruokailutilat, miss\u00e4 voit j\u00e4rjest\u00e4\u00e4 kokouksen, ryhm\u00e4ruokailut tai yhteisen illanvieton.<\/span><\/p>\n<\/div>\n<p><a href=\"\/majoitus\/ryhmille\/\">Majoitusta ryhmille<\/a><\/p>\n<\/li>\n<li>\n<p><img decoding=\"async\" src=\"\/wp-content\/uploads\/2018\/11\/riverfloat_rukasafaris.jpg\" alt=\"El\u00e4mykset\"><\/p>\n<h3>El\u00e4mykset<\/h3>\n<div>\n<p>Ajatus kulkee paremmin, kun v\u00e4lill\u00e4 p\u00e4\u00e4stelee h\u00f6yryj\u00e4 tai rentoutuu luonnossa. P<span>ienetkin hetket luonnossa voivat vaikuttaa positiivisesti hyvinvointiin ja ty\u00f6tehoon.<\/span><\/p>\n<\/div>\n<p><a href=\"\/yrityksille-ja-ryhmille\/aktiviteetit\/\">El\u00e4mykset<\/a><\/p>\n<\/li>\n<li>\n<p><img decoding=\"async\" src=\"\/wp-content\/uploads\/2023\/02\/Aivoriihi-sauna-scaled.jpg\" alt=\"Saunat\"><\/p>\n<h3>SAUNAT<\/h3>\n<div>\n<p>Upeat saunatilamme tarjoavat loistavat puitteet virkistys- ja tyhyp\u00e4iviin Rukalla. Rentoudu saunayogan parissa tai nauti Rukan parhaista Aito-kiukaiden l\u00f6ylyist\u00e4.\u00a0<\/p>\n<\/div>\n<p><a href=\"https:\/\/davas.site\/rukasafaris\/saunat\/\">Saunat<\/a><\/p>\n<\/li>\n<li>\n<div>\n<p>Majoitusta, rauhaa ja hiljaisuutta er\u00e4maaluonnon keskell\u00e4. Vie ryhm\u00e4si rakentamaan tiimihenke\u00e4 ja asennetta keskelle ei mit\u00e4\u00e4n, upean luonnon syleilyyn.\u00a0<\/p>\n<\/div>\n<\/li>\n<\/ul>\n<p><!--more--><br \/>\n<!-- {\"name\":\"ravintola\",\"type\":\"layout\",\"children\":[{\"type\":\"section\",\"props\":{\"header_transparent\":false,\"header_transparent_noplaceholder\":true,\"header_transparent_text_color\":\"dark\",\"height\":\"viewport\",\"height_offset_top\":true,\"height_viewport\":80,\"image\":\"wp-content\\\/uploads\\\/2024\\\/01\\\/river-floating-rs.jpg\",\"image_height\":\"1100\",\"image_loading\":true,\"image_position\":\"center-center\",\"image_size\":\"cover\",\"image_width\":\"2200\",\"media_overlay\":\"rgba(0, 0, 0, 0.25)\",\"style\":\"default\",\"text_color\":\"light\",\"title_breakpoint\":\"xl\",\"title_position\":\"top-left\",\"title_rotation\":\"left\",\"vertical_align\":\"middle\",\"video_width\":\"2560\",\"width\":\"xlarge\"},\"children\":[{\"type\":\"row\",\"props\":{\"margin\":\"remove-vertical\"},\"children\":[{\"type\":\"column\",\"props\":{\"image_position\":\"center-center\",\"position_sticky_breakpoint\":\"m\",\"width_medium\":\"1-1\"},\"children\":[{\"type\":\"headline\",\"props\":{\"block_align\":\"center\",\"content\":\"kaikki palvelut\",\"margin\":\"small\",\"text_align\":\"center\",\"title_decoration\":\"line\",\"title_element\":\"div\",\"title_font_family\":\"tertiary\",\"title_style\":\"h3\"}}]}]},{\"type\":\"row\",\"children\":[{\"type\":\"column\",\"props\":{\"image_position\":\"center-center\",\"position_sticky_breakpoint\":\"m\"},\"children\":[{\"type\":\"headline\",\"props\":{\"block_align\":\"center\",\"content\":\"\n\n<p>Yrityksille ja ryhmille<\\\/p>\",\"margin_remove_top\":true,\"text_align\":\"center\",\"title_element\":\"h1\",\"title_style\":\"heading-large\"}}]}]}],\"name\":\"Hero\"},{\"type\":\"section\",\"props\":{\"image_position\":\"center-center\",\"padding_remove_top\":false,\"style\":\"default\",\"title_breakpoint\":\"xl\",\"title_position\":\"center-left\",\"title_rotation\":\"left\",\"vertical_align\":\"middle\",\"width\":\"small\"},\"children\":[{\"type\":\"row\",\"children\":[{\"type\":\"column\",\"props\":{\"image_position\":\"center-center\",\"position_sticky_breakpoint\":\"m\"},\"children\":[{\"type\":\"text\",\"props\":{\"column_breakpoint\":\"m\",\"content\":\"\n\n<h2>All inclusive kokous- ja virkistyspalvelut<\\\/h2>\\n\n\n<p>Ruka Safaris tarjoaa upeat puitteet yritysten ja ryhmien illanvietoille, virkistysp\\u00e4iville ja kokouksille usean vuosikymmenen kokemuksella.<\\\/p>\\n\n\n<p>Meilt\\u00e4 l\\u00f6yd\\u00e4t korkeatasoiset <a href=\\\"https:\\\/\\\/davas.site\\\/rukasafaris\\\/majoitus\\\/ryhmille\\\/\\\">majoituspalvelut<\\\/a>, joissa tilaa my\\u00f6s viihty\\u00e4 yhdess\\u00e4 ja kokoustaa, <a href=\\\"https:\\\/\\\/davas.site\\\/rukasafaris\\\/saunat\\\/\\\">saunatilat<\\\/a>, <a href=\\\"https:\\\/\\\/davas.site\\\/rukasafaris\\\/talven-viikko-ohjelma\\\/\\\">ohjelmapalvelut<\\\/a>, sek\\u00e4 <a href=\\\"https:\\\/\\\/davas.site\\\/rukasafaris\\\/ravintolat\\\/\\\">ravintolapalvelut<\\\/a> kaikkiin tarpeisiin.\\u00a0<\\\/p>\\n\n\n<p>Huolehdimme tarvittaessa my\\u00f6s kuljetuksestanne lentokent\\u00e4lt\\u00e4 majoituskohteeseen sek\\u00e4 muun liikkumisenne Rukan alueella yhteisty\\u00f6kumppaneidemme kera.\\u00a0<\\\/p>\\n\n\n<p>Ota yhteytt\\u00e4 <a href=\\\"https:\\\/\\\/davas.site\\\/rukasafaris\\\/myyntitoimisto\\\/\\\">myyntipalveluumme<\\\/a> niin tehd\\u00e4\\u00e4n juuri teid\\u00e4n ryhm\\u00e4lle sopiva paketti!<\\\/p>\",\"margin\":\"medium\"}},{\"type\":\"grid\",\"props\":{\"content_column_breakpoint\":\"m\",\"content_margin\":\"small\",\"filter_align\":\"left\",\"filter_all\":true,\"filter_grid_breakpoint\":\"m\",\"filter_grid_width\":\"auto\",\"filter_position\":\"top\",\"filter_style\":\"tab\",\"grid_column_align\":true,\"grid_column_gap\":\"small\",\"grid_default\":\"1\",\"grid_divider\":false,\"grid_medium\":\"\",\"grid_small\":\"3\",\"icon_width\":80,\"image_align\":\"top\",\"image_grid_breakpoint\":\"m\",\"image_grid_width\":\"1-2\",\"image_height\":\"533\",\"image_link\":true,\"image_loading\":true,\"image_svg_color\":\"emphasis\",\"image_transition\":\"scale-up\",\"image_width\":\"800\",\"item_animation\":true,\"link_style\":\"default\",\"link_text\":\"Read more\",\"margin\":\"default\",\"meta_align\":\"below-title\",\"meta_element\":\"div\",\"meta_margin\":\"small\",\"meta_style\":\"text-meta\",\"panel_link\":true,\"show_content\":true,\"show_image\":true,\"show_link\":true,\"show_meta\":true,\"show_title\":true,\"title_align\":\"top\",\"title_element\":\"h3\",\"title_grid_breakpoint\":\"m\",\"title_grid_width\":\"1-2\",\"title_hover_style\":\"reset\",\"title_link\":true},\"children\":[{\"type\":\"grid_item\",\"props\":{\"content\":\"\n\n<p>Tule Rukalle tekem\\u00e4\\u00e4n hyvi\\u00e4 p\\u00e4\\u00e4t\\u00f6ksi\\u00e4, j\\u00e4rjest\\u00e4 tapahtuma tai pid\\u00e4 koulutus. V\\u00e4lipalaksi saatte pohjoisia makuja ja el\\u00e4myksi\\u00e4.\\u00a0<\\\/p>\",\"image\":\"wp-content\\\/uploads\\\/2024\\\/01\\\/iisakintalo-kesalla-ulkoa.jpg\",\"image_alt\":\"Kokoustilat\",\"link\":\"yrityksille-ja-ryhmille\\\/kokoustilat\\\/\",\"link_aria_label\":\"Kokoustilat\",\"link_text\":\"Kokoustilat\",\"meta\":\"Useita tiloja erilaisiin tarpeisiin\",\"title\":\"Kokoustilat\"}},{\"type\":\"grid_item\",\"props\":{\"content\":\"\n\n<p>Monipuolisesti tiloja kokouksiin ja illanviettoihin er\\u00e4henkisest\\u00e4 Honkakodasta (6-30 hl\\u00f6\\u00e4) aina upeaan maanalaiseen Kontioluola ravintolaan (jopa 130 hl\\u00f6\\u00e4).<\\\/p>\",\"image\":\"wp-content\\\/uploads\\\/2023\\\/12\\\/lappish-dinner.jpg\",\"image_alt\":\"Ravintolat\",\"link\":\"ravintolat\\\/\",\"link_aria_label\":\"Ravintolat\",\"link_text\":\"Ravintolat\",\"title\":\"Ravintolat\"}},{\"type\":\"grid_item\",\"props\":{\"content\":\"\n\n<p>Ryhm\\u00e4majoitustiloissamme <span>\\u00a0on tilavat oleskelu- ja ruokailutilat, miss\\u00e4 voit j\\u00e4rjest\\u00e4\\u00e4 kokouksen, ryhm\\u00e4ruokailut tai yhteisen illanvieton.<\\\/span><\\\/p>\",\"image\":\"wp-content\\\/uploads\\\/2022\\\/03\\\/luppolinna-oleskelu.jpeg\",\"image_alt\":\"Majoitusta ryhmille\",\"link\":\"majoitus\\\/ryhmille\\\/\",\"link_aria_label\":\"Majoitusta ryhmille\",\"link_text\":\"Majoitusta ryhmille\",\"title\":\"Majoitus\"}},{\"type\":\"grid_item\",\"props\":{\"content\":\"\n\n<p>Ajatus kulkee paremmin, kun v\\u00e4lill\\u00e4 p\\u00e4\\u00e4stelee h\\u00f6yryj\\u00e4 tai rentoutuu luonnossa. P<span>ienetkin hetket luonnossa voivat vaikuttaa positiivisesti hyvinvointiin ja ty\\u00f6tehoon.<\\\/span><\\\/p>\",\"image\":\"wp-content\\\/uploads\\\/2018\\\/11\\\/riverfloat_rukasafaris.jpg\",\"image_alt\":\"El\\u00e4mykset\",\"link\":\"yrityksille-ja-ryhmille\\\/aktiviteetit\\\/\",\"link_aria_label\":\"El\\u00e4mykset\",\"link_text\":\"El\\u00e4mykset\",\"title\":\"El\\u00e4mykset\"}},{\"type\":\"grid_item\",\"props\":{\"content\":\"\n\n<p>Upeat saunatilamme tarjoavat loistavat puitteet virkistys- ja tyhyp\\u00e4iviin Rukalla. Rentoudu saunayogan parissa tai nauti Rukan parhaista Aito-kiukaiden l\\u00f6ylyist\\u00e4.\\u00a0<\\\/p>\",\"image\":\"wp-content\\\/uploads\\\/2023\\\/02\\\/Aivoriihi-sauna-scaled.jpg\",\"image_alt\":\"Saunat\",\"link\":\"https:\\\/\\\/davas.site\\\/rukasafaris\\\/saunat\\\/\",\"link_aria_label\":\"Saunat\",\"link_text\":\"Saunat\",\"title\":\"SAUNAT\"}},{\"type\":\"grid_item\",\"source\":{\"query\":{\"name\":\"posts.customPost\",\"arguments\":{\"terms\":[],\"category_operator\":\"IN\",\"post_tag_operator\":\"IN\",\"users\":[],\"users_operator\":\"IN\",\"offset\":0,\"order\":\"date\",\"order_direction\":\"DESC\",\"id\":3745}},\"props\":{\"title\":{\"filters\":{\"search\":\"\"},\"name\":\"title\"},\"image\":{\"filters\":{\"search\":\"\"},\"name\":\"featuredImage.url\"},\"image_alt\":{\"filters\":{\"search\":\"\"},\"name\":\"featuredImage.alt\"},\"link\":{\"filters\":{\"search\":\"\"},\"name\":\"link\"}}},\"props\":{\"content\":\"\n\n<p>Tunnelmalliset pikkujoulut Iisakki Villagen ravintoloissa Iisakin Talossa ja uudistetussa Kontioluolassa.<\\\/p>\",\"link_text\":\"TUTUSTU\",\"status\":\"disabled\"}},{\"type\":\"grid_item\",\"source\":{\"query\":{\"name\":\"posts.customPost\",\"arguments\":{\"terms\":[],\"category_operator\":\"IN\",\"post_tag_operator\":\"IN\",\"users\":[],\"users_operator\":\"IN\",\"offset\":0,\"order\":\"date\",\"order_direction\":\"DESC\",\"id\":3692}},\"props\":{\"title\":{\"filters\":{\"search\":\"\"},\"name\":\"title\"},\"image\":{\"filters\":{\"search\":\"\"},\"name\":\"featuredImage.url\"},\"link\":{\"filters\":{\"search\":\"\"},\"name\":\"link\"}}},\"props\":{\"content\":\"\n\n<p>Majoitusta, rauhaa ja hiljaisuutta er\\u00e4maaluonnon keskell\\u00e4. Vie ryhm\\u00e4si rakentamaan tiimihenke\\u00e4 ja asennetta keskelle ei mit\\u00e4\\u00e4n, upean luonnon syleilyyn.\\u00a0<\\\/p>\",\"image_alt\":\"Er\\u00e4maakohteet\",\"link_aria_label\":\"Er\\u00e4maakohteet\",\"link_text\":\"Er\\u00e4maakohteet\"}}]}]}]}],\"name\":\"Activities\"}],\"version\":\"4.3.8\"} --><\/p>\n","protected":false},"excerpt":{"rendered":"<p>kaikki palvelut Yrityksille ja ryhmille All inclusive kokous- ja virkistyspalvelut Ruka Safaris tarjoaa upeat puitteet yritysten ja ryhmien illanvietoille, virkistysp\u00e4iville ja kokouksille usean vuosikymmenen kokemuksella. Meilt\u00e4 l\u00f6yd\u00e4t korkeatasoiset majoituspalvelut, joissa tilaa my\u00f6s viihty\u00e4 yhdess\u00e4 ja kokoustaa, saunatilat, ohjelmapalvelut, sek\u00e4 ravintolapalvelut kaikkiin tarpeisiin.\u00a0 Huolehdimme tarvittaessa my\u00f6s kuljetuksestanne lentokent\u00e4lt\u00e4 majoituskohteeseen sek\u00e4 muun liikkumisenne Rukan alueella yhteisty\u00f6kumppaneidemme kera.\u00a0 [&hellip;]<\/p>\n","protected":false},"author":2,"featured_media":0,"parent":0,"menu_order":0,"comment_status":"closed","ping_status":"closed","template":"","meta":{"cybocfi_hide_featured_image":"","footnotes":""},"class_list":["post-3432","page","type-page","status-publish","hentry"],"yoast_head":"<!-- This site is optimized with the Yoast SEO Premium plugin v25.1 (Yoast SEO v25.3) - https:\/\/yoast.com\/wordpress\/plugins\/seo\/ -->\n<title>Yrityksille ja ryhmille - Ruka Safaris, Kuusamo, Finland<\/title>\n<meta name=\"description\" content=\"T\u00e4ydelliset palvelut yrityksille ja ryhmille Rukalla. Majoitus, ohjelmapalvelut, ruokailut ja saunat kaikki samasta osoitteesta.\" \/>\n<meta name=\"robots\" content=\"index, follow, max-snippet:-1, max-image-preview:large, max-video-preview:-1\" \/>\n<link rel=\"canonical\" href=\"https:\/\/davas.site\/rukasafaris\/yrityksille-ja-ryhmille\/\" \/>\n<meta property=\"og:locale\" content=\"fi_FI\" \/>\n<meta property=\"og:type\" content=\"article\" \/>\n<meta property=\"og:title\" content=\"Yrityksille ja ryhmille\" \/>\n<meta property=\"og:description\" content=\"T\u00e4ydelliset palvelut yrityksille ja ryhmille Rukalla. Majoitus, ohjelmapalvelut, ruokailut ja saunat kaikki samasta osoitteesta.\" \/>\n<meta property=\"og:url\" content=\"https:\/\/davas.site\/rukasafaris\/yrityksille-ja-ryhmille\/\" \/>\n<meta property=\"og:site_name\" content=\"Ruka Safaris, Kuusamo, Finland\" \/>\n<meta property=\"article:publisher\" content=\"https:\/\/www.facebook.com\/rukasafaris\" \/>\n<meta property=\"article:modified_time\" content=\"2024-04-08T07:40:27+00:00\" \/>\n<meta property=\"og:image\" content=\"https:\/\/davas.site\/rukasafaris\/wp-content\/uploads\/2025\/01\/Ruka-Safaris-Logo-vaaka.png\" \/>\n\t<meta property=\"og:image:width\" content=\"709\" \/>\n\t<meta property=\"og:image:height\" content=\"425\" \/>\n\t<meta property=\"og:image:type\" content=\"image\/png\" \/>\n<meta name=\"twitter:card\" content=\"summary_large_image\" \/>\n<meta name=\"twitter:label1\" content=\"Arvioitu lukuaika\" \/>\n\t<meta name=\"twitter:data1\" content=\"3 minuuttia\" \/>\n<script type=\"application\/ld+json\" class=\"yoast-schema-graph\">{\"@context\":\"https:\/\/schema.org\",\"@graph\":[{\"@type\":\"WebPage\",\"@id\":\"https:\/\/davas.site\/rukasafaris\/yrityksille-ja-ryhmille\/\",\"url\":\"https:\/\/davas.site\/rukasafaris\/yrityksille-ja-ryhmille\/\",\"name\":\"Yrityksille ja ryhmille - Ruka Safaris, Kuusamo, Finland\",\"isPartOf\":{\"@id\":\"https:\/\/davas.site\/rukasafaris\/#website\"},\"datePublished\":\"2022-09-04T14:12:16+00:00\",\"dateModified\":\"2024-04-08T07:40:27+00:00\",\"description\":\"T\u00e4ydelliset palvelut yrityksille ja ryhmille Rukalla. Majoitus, ohjelmapalvelut, ruokailut ja saunat kaikki samasta osoitteesta.\",\"breadcrumb\":{\"@id\":\"https:\/\/davas.site\/rukasafaris\/yrityksille-ja-ryhmille\/#breadcrumb\"},\"inLanguage\":\"fi\",\"potentialAction\":[{\"@type\":\"ReadAction\",\"target\":[\"https:\/\/davas.site\/rukasafaris\/yrityksille-ja-ryhmille\/\"]}]},{\"@type\":\"BreadcrumbList\",\"@id\":\"https:\/\/davas.site\/rukasafaris\/yrityksille-ja-ryhmille\/#breadcrumb\",\"itemListElement\":[{\"@type\":\"ListItem\",\"position\":1,\"name\":\"Home\",\"item\":\"https:\/\/davas.site\/rukasafaris\/\"},{\"@type\":\"ListItem\",\"position\":2,\"name\":\"Yrityksille ja ryhmille\"}]},{\"@type\":\"WebSite\",\"@id\":\"https:\/\/davas.site\/rukasafaris\/#website\",\"url\":\"https:\/\/davas.site\/rukasafaris\/\",\"name\":\"Ruka Safaris, Kuusamo\",\"description\":\"Adventure Travel Since 1988\",\"publisher\":{\"@id\":\"https:\/\/davas.site\/rukasafaris\/#organization\"},\"potentialAction\":[{\"@type\":\"SearchAction\",\"target\":{\"@type\":\"EntryPoint\",\"urlTemplate\":\"https:\/\/davas.site\/rukasafaris\/?s={search_term_string}\"},\"query-input\":{\"@type\":\"PropertyValueSpecification\",\"valueRequired\":true,\"valueName\":\"search_term_string\"}}],\"inLanguage\":\"fi\"},{\"@type\":\"Organization\",\"@id\":\"https:\/\/davas.site\/rukasafaris\/#organization\",\"name\":\"Ruka Safaris\",\"url\":\"https:\/\/davas.site\/rukasafaris\/\",\"logo\":{\"@type\":\"ImageObject\",\"inLanguage\":\"fi\",\"@id\":\"https:\/\/davas.site\/rukasafaris\/#\/schema\/logo\/image\/\",\"url\":\"https:\/\/davas.site\/rukasafaris\/wp-content\/uploads\/2022\/03\/ruka-safaris-logo.png\",\"contentUrl\":\"https:\/\/davas.site\/rukasafaris\/wp-content\/uploads\/2022\/03\/ruka-safaris-logo.png\",\"width\":500,\"height\":500,\"caption\":\"Ruka Safaris\"},\"image\":{\"@id\":\"https:\/\/davas.site\/rukasafaris\/#\/schema\/logo\/image\/\"},\"sameAs\":[\"https:\/\/www.facebook.com\/rukasafaris\",\"https:\/\/www.instagram.com\/rukasafaris\",\"https:\/\/www.youtube.com\/user\/rukasafaris\"]}]}<\/script>\n<!-- \/ Yoast SEO Premium plugin. -->","yoast_head_json":{"title":"Yrityksille ja ryhmille - Ruka Safaris, Kuusamo, Finland","description":"T\u00e4ydelliset palvelut yrityksille ja ryhmille Rukalla. Majoitus, ohjelmapalvelut, ruokailut ja saunat kaikki samasta osoitteesta.","robots":{"index":"index","follow":"follow","max-snippet":"max-snippet:-1","max-image-preview":"max-image-preview:large","max-video-preview":"max-video-preview:-1"},"canonical":"https:\/\/davas.site\/rukasafaris\/yrityksille-ja-ryhmille\/","og_locale":"fi_FI","og_type":"article","og_title":"Yrityksille ja ryhmille","og_description":"T\u00e4ydelliset palvelut yrityksille ja ryhmille Rukalla. Majoitus, ohjelmapalvelut, ruokailut ja saunat kaikki samasta osoitteesta.","og_url":"https:\/\/davas.site\/rukasafaris\/yrityksille-ja-ryhmille\/","og_site_name":"Ruka Safaris, Kuusamo, Finland","article_publisher":"https:\/\/www.facebook.com\/rukasafaris","article_modified_time":"2024-04-08T07:40:27+00:00","og_image":[{"width":709,"height":425,"url":"https:\/\/davas.site\/rukasafaris\/wp-content\/uploads\/2025\/01\/Ruka-Safaris-Logo-vaaka.png","type":"image\/png"}],"twitter_card":"summary_large_image","twitter_misc":{"Arvioitu lukuaika":"3 minuuttia"},"schema":{"@context":"https:\/\/schema.org","@graph":[{"@type":"WebPage","@id":"https:\/\/davas.site\/rukasafaris\/yrityksille-ja-ryhmille\/","url":"https:\/\/davas.site\/rukasafaris\/yrityksille-ja-ryhmille\/","name":"Yrityksille ja ryhmille - Ruka Safaris, Kuusamo, Finland","isPartOf":{"@id":"https:\/\/davas.site\/rukasafaris\/#website"},"datePublished":"2022-09-04T14:12:16+00:00","dateModified":"2024-04-08T07:40:27+00:00","description":"T\u00e4ydelliset palvelut yrityksille ja ryhmille Rukalla. Majoitus, ohjelmapalvelut, ruokailut ja saunat kaikki samasta osoitteesta.","breadcrumb":{"@id":"https:\/\/davas.site\/rukasafaris\/yrityksille-ja-ryhmille\/#breadcrumb"},"inLanguage":"fi","potentialAction":[{"@type":"ReadAction","target":["https:\/\/davas.site\/rukasafaris\/yrityksille-ja-ryhmille\/"]}]},{"@type":"BreadcrumbList","@id":"https:\/\/davas.site\/rukasafaris\/yrityksille-ja-ryhmille\/#breadcrumb","itemListElement":[{"@type":"ListItem","position":1,"name":"Home","item":"https:\/\/davas.site\/rukasafaris\/"},{"@type":"ListItem","position":2,"name":"Yrityksille ja ryhmille"}]},{"@type":"WebSite","@id":"https:\/\/davas.site\/rukasafaris\/#website","url":"https:\/\/davas.site\/rukasafaris\/","name":"Ruka Safaris, Kuusamo","description":"Adventure Travel Since 1988","publisher":{"@id":"https:\/\/davas.site\/rukasafaris\/#organization"},"potentialAction":[{"@type":"SearchAction","target":{"@type":"EntryPoint","urlTemplate":"https:\/\/davas.site\/rukasafaris\/?s={search_term_string}"},"query-input":{"@type":"PropertyValueSpecification","valueRequired":true,"valueName":"search_term_string"}}],"inLanguage":"fi"},{"@type":"Organization","@id":"https:\/\/davas.site\/rukasafaris\/#organization","name":"Ruka Safaris","url":"https:\/\/davas.site\/rukasafaris\/","logo":{"@type":"ImageObject","inLanguage":"fi","@id":"https:\/\/davas.site\/rukasafaris\/#\/schema\/logo\/image\/","url":"https:\/\/davas.site\/rukasafaris\/wp-content\/uploads\/2022\/03\/ruka-safaris-logo.png","contentUrl":"https:\/\/davas.site\/rukasafaris\/wp-content\/uploads\/2022\/03\/ruka-safaris-logo.png","width":500,"height":500,"caption":"Ruka Safaris"},"image":{"@id":"https:\/\/davas.site\/rukasafaris\/#\/schema\/logo\/image\/"},"sameAs":["https:\/\/www.facebook.com\/rukasafaris","https:\/\/www.instagram.com\/rukasafaris","https:\/\/www.youtube.com\/user\/rukasafaris"]}]}},"_links":{"self":[{"href":"https:\/\/davas.site\/rukasafaris\/wp-json\/wp\/v2\/pages\/3432","targetHints":{"allow":["GET"]}}],"collection":[{"href":"https:\/\/davas.site\/rukasafaris\/wp-json\/wp\/v2\/pages"}],"about":[{"href":"https:\/\/davas.site\/rukasafaris\/wp-json\/wp\/v2\/types\/page"}],"author":[{"embeddable":true,"href":"https:\/\/davas.site\/rukasafaris\/wp-json\/wp\/v2\/users\/2"}],"replies":[{"embeddable":true,"href":"https:\/\/davas.site\/rukasafaris\/wp-json\/wp\/v2\/comments?post=3432"}],"version-history":[{"count":78,"href":"https:\/\/davas.site\/rukasafaris\/wp-json\/wp\/v2\/pages\/3432\/revisions"}],"predecessor-version":[{"id":6878,"href":"https:\/\/davas.site\/rukasafaris\/wp-json\/wp\/v2\/pages\/3432\/revisions\/6878"}],"wp:attachment":[{"href":"https:\/\/davas.site\/rukasafaris\/wp-json\/wp\/v2\/media?parent=3432"}],"curies":[{"name":"wp","href":"https:\/\/api.w.org\/{rel}","templated":true}]}}