{"id":3692,"date":"2022-11-03T13:56:23","date_gmt":"2022-11-03T11:56:23","guid":{"rendered":"https:\/\/davas.site\/rukasafaris\/?p=3692"},"modified":"2025-05-26T13:52:50","modified_gmt":"2025-05-26T10:52:50","slug":"eramaakohteet","status":"publish","type":"page","link":"https:\/\/davas.site\/rukasafaris\/majoitus\/eramaakohteet\/","title":{"rendered":"Er\u00e4maakohteet"},"content":{"rendered":"<h1>\n<p>Huotinniemi <br \/>&amp;\u00a0<br \/>Oulangan Maja<\/p>\n<\/h1>\n<div>\n<p>N\u00e4m\u00e4 erityisesti ryhmille soveltuvat er\u00e4maakohteet ovat aivan Oulangan kansallispuiston l\u00e4hettyvill\u00e4 &#8211; l\u00e4hell\u00e4 luontoa, kaukana kiireest\u00e4 ja melusta. Molemmat kohteet ovat saavutettavissa talvisin moottorikelkkaillen tai lumikenk\u00e4illen, ja lumettomana aikana Oulankajokea pitkin tai patikoiden. Molempiin kohteisiin toteutetaan yhden tai kahden y\u00f6n retki\u00e4. N\u00e4ill\u00e4 retkill\u00e4 er\u00e4taidot, tiimity\u00f6skentely ja ulkoilmaolosuhteissa toimiminen hioutuvat ammattitaitoisen oppaan johdolla.\u00a0<\/p>\n<p><strong>Huotinniemi<\/strong><\/p>\n<p>Huotinniemi on todellinen er\u00e4maakokemus. Ilman juoksevaa vett\u00e4 ja s\u00e4hk\u00f6\u00e4 oleva majoituskohde on t\u00e4ydellinen rauhaa ja yksinkertaisuutta etsiville. Sauna l\u00e4mmitet\u00e4\u00e4n puilla, ja vesi haetaan joesta.\u00a0<\/p>\n<p><strong>Oulangan Maja<\/strong><\/p>\n<p>Oulangan Maja tarjoaa t\u00e4ydellisen arjesta irtautumisen muutamilla mukavuuksilla h\u00f6ystettyn\u00e4. T\u00e4ss\u00e4 kohteessa on s\u00e4hk\u00f6t ja juokseva vesi.\u00a0<\/p>\n<p>Ota yhteytt\u00e4 <a href=\"https:\/\/davas.site\/rukasafaris\/myyntitoimisto\/\">myyntipalveluumme<\/a> niin tehd\u00e4\u00e4n juuri teille sopiva er\u00e4maaretki! Kohteet varattavissa myyntipalvelustamme 14.10.2025 asti.<\/p>\n<\/div>\n<ul>\n<li>\n<p>        <img decoding=\"async\" src=\"\/wp-content\/uploads\/2022\/11\/IMG_1081-scaled.jpg\" alt=\"\"><\/p>\n<h3>Huotinniemi ulkoa<\/h3>\n<\/li>\n<li>\n<p>        <img decoding=\"async\" src=\"\/wp-content\/uploads\/2022\/11\/IMG_1080-scaled.jpg\" alt=\"\"><\/p>\n<h3>Huotinniemi ranta<\/h3>\n<\/li>\n<li>\n<p>        <img decoding=\"async\" src=\"\/wp-content\/uploads\/2022\/11\/IMG_1054-scaled.jpg\" alt=\"\"><\/p>\n<h3>Huotinniemi peti<\/h3>\n<\/li>\n<li>\n<p>        <img decoding=\"async\" src=\"\/wp-content\/uploads\/2022\/11\/IMG_1048-scaled.jpg\" alt=\"\"><\/p>\n<h3>Oulangan maja ulko<\/h3>\n<\/li>\n<li>\n<p>        <img decoding=\"async\" src=\"\/wp-content\/uploads\/2022\/11\/IMG_1037-scaled.jpg\" alt=\"\"><\/p>\n<h3>Oulangan maja peti<\/h3>\n<\/li>\n<li>\n<p>        <img decoding=\"async\" src=\"\/wp-content\/uploads\/2022\/11\/IMG_1021-scaled.jpg\" alt=\"\"><\/p>\n<h3>Oulangan Maja sauna<\/h3>\n<\/li>\n<li>\n<p>        <img decoding=\"async\" src=\"\/wp-content\/uploads\/2022\/11\/IMG_1025-scaled.jpg\" alt=\"\"><\/p>\n<h3>Oulangan maja suihku<\/h3>\n<\/li>\n<\/ul>\n<p><!--more--><br \/>\n<!-- {\"type\":\"layout\",\"children\":[{\"type\":\"section\",\"props\":{\"header_transparent\":false,\"header_transparent_noplaceholder\":true,\"height\":\"viewport\",\"height_offset_top\":true,\"height_viewport\":80,\"image\":\"wp-content\\\/uploads\\\/2022\\\/11\\\/IMG_1079-scaled.jpg\",\"image_height\":\"1100\",\"image_loading\":true,\"image_position\":\"center-center\",\"image_size\":\"cover\",\"image_width\":\"2200\",\"media_overlay\":\"rgba(0, 0, 0, 0.25)\",\"style\":\"default\",\"text_color\":\"light\",\"title\":\"Huotinniemi & Oulangan Maja\",\"title_breakpoint\":\"xl\",\"title_position\":\"top-left\",\"title_rotation\":\"left\",\"vertical_align\":\"middle\",\"video_width\":\"2560\",\"width\":\"xlarge\"},\"children\":[{\"type\":\"row\",\"props\":{\"margin\":\"remove-vertical\"},\"children\":[{\"type\":\"column\",\"props\":{\"image_position\":\"center-center\",\"position_sticky_breakpoint\":\"m\",\"width_medium\":\"1-1\"},\"children\":[{\"type\":\"headline\",\"props\":{\"block_align\":\"center\",\"content\":\"\n\n<p>Huotinniemi <br \\\/>&amp;\\u00a0<br \\\/>Oulangan Maja<\\\/p>\",\"margin_remove_top\":true,\"text_align\":\"center\",\"title_element\":\"h1\",\"title_style\":\"heading-large\"}}]}]}],\"name\":\"Hero\"},{\"type\":\"section\",\"props\":{\"image_position\":\"center-center\",\"padding\":\"xsmall\",\"padding_remove_top\":false,\"style\":\"default\",\"title_breakpoint\":\"xl\",\"title_position\":\"center-left\",\"title_rotation\":\"left\",\"vertical_align\":\"\",\"width\":\"small\"},\"children\":[{\"type\":\"row\",\"children\":[{\"type\":\"column\",\"props\":{\"image_position\":\"center-center\",\"position_sticky_breakpoint\":\"m\",\"width_medium\":\"1-1\"},\"children\":[{\"type\":\"text\",\"props\":{\"column_breakpoint\":\"m\",\"content\":\"\n\n<p>N\\u00e4m\\u00e4 erityisesti ryhmille soveltuvat er\\u00e4maakohteet ovat aivan Oulangan kansallispuiston l\\u00e4hettyvill\\u00e4 - l\\u00e4hell\\u00e4 luontoa, kaukana kiireest\\u00e4 ja melusta. Molemmat kohteet ovat saavutettavissa talvisin moottorikelkkaillen tai lumikenk\\u00e4illen, ja lumettomana aikana Oulankajokea pitkin tai patikoiden. Molempiin kohteisiin toteutetaan yhden tai kahden y\\u00f6n retki\\u00e4. N\\u00e4ill\\u00e4 retkill\\u00e4 er\\u00e4taidot, tiimity\\u00f6skentely ja ulkoilmaolosuhteissa toimiminen hioutuvat ammattitaitoisen oppaan johdolla.\\u00a0<\\\/p>\\n\n\n<p><strong>Huotinniemi<\\\/strong><\\\/p>\\n\n\n<p>Huotinniemi on todellinen er\\u00e4maakokemus. Ilman juoksevaa vett\\u00e4 ja s\\u00e4hk\\u00f6\\u00e4 oleva majoituskohde on t\\u00e4ydellinen rauhaa ja yksinkertaisuutta etsiville. Sauna l\\u00e4mmitet\\u00e4\\u00e4n puilla, ja vesi haetaan joesta.\\u00a0<\\\/p>\\n\n\n<p><strong>Oulangan Maja<\\\/strong><\\\/p>\\n\n\n<p>Oulangan Maja tarjoaa t\\u00e4ydellisen arjesta irtautumisen muutamilla mukavuuksilla h\\u00f6ystettyn\\u00e4. T\\u00e4ss\\u00e4 kohteessa on s\\u00e4hk\\u00f6t ja juokseva vesi.\\u00a0<\\\/p>\\n\n\n<p>Ota yhteytt\\u00e4 <a href=\\\"https:\\\/\\\/davas.site\\\/rukasafaris\\\/myyntitoimisto\\\/\\\">myyntipalveluumme<\\\/a> niin tehd\\u00e4\\u00e4n juuri teille sopiva er\\u00e4maaretki! Kohteet varattavissa myyntipalvelustamme 14.10.2025 asti.<\\\/p>\",\"margin\":\"medium\"}},{\"type\":\"overlay-slider\",\"props\":{\"container_padding_remove\":true,\"image_height\":\"400\",\"image_width\":\"600\",\"link_style\":\"default\",\"link_text\":\"\",\"margin\":\"default\",\"meta_align\":\"below-title\",\"meta_element\":\"div\",\"meta_style\":\"text-meta\",\"nav\":\"\",\"nav_align\":\"left\",\"nav_below\":true,\"nav_breakpoint\":\"s\",\"nav_position\":\"bottom-center\",\"nav_position_margin\":\"medium\",\"overlay_link\":true,\"overlay_mode\":\"cover\",\"overlay_position\":\"center\",\"overlay_transition\":\"fade\",\"show_content\":true,\"show_hover_image\":true,\"show_hover_video\":true,\"show_link\":true,\"show_meta\":true,\"show_title\":false,\"slidenav\":\"default\",\"slidenav_breakpoint\":\"s\",\"slidenav_large\":true,\"slidenav_margin\":\"small\",\"slidenav_outside_breakpoint\":\"xl\",\"slider_autoplay\":true,\"slider_autoplay_pause\":true,\"slider_center\":false,\"slider_finite\":false,\"slider_gap\":\"small\",\"slider_width\":\"\",\"slider_width_default\":\"1-1\",\"slider_width_medium\":\"1-3\",\"text_align\":\"center\",\"title_element\":\"h3\",\"title_hover_style\":\"reset\"},\"children\":[{\"type\":\"overlay-slider_item\",\"props\":{\"image\":\"wp-content\\\/uploads\\\/2022\\\/11\\\/IMG_1081-scaled.jpg\",\"title\":\"Huotinniemi ulkoa\"}},{\"type\":\"overlay-slider_item\",\"props\":{\"image\":\"wp-content\\\/uploads\\\/2022\\\/11\\\/IMG_1080-scaled.jpg\",\"title\":\"Huotinniemi ranta\"}},{\"type\":\"overlay-slider_item\",\"props\":{\"image\":\"wp-content\\\/uploads\\\/2022\\\/11\\\/IMG_1054-scaled.jpg\",\"title\":\"Huotinniemi peti\"}},{\"type\":\"overlay-slider_item\",\"props\":{\"image\":\"wp-content\\\/uploads\\\/2022\\\/11\\\/IMG_1048-scaled.jpg\",\"title\":\"Oulangan maja ulko\"}},{\"type\":\"overlay-slider_item\",\"props\":{\"image\":\"wp-content\\\/uploads\\\/2022\\\/11\\\/IMG_1037-scaled.jpg\",\"title\":\"Oulangan maja peti\"}},{\"type\":\"overlay-slider_item\",\"props\":{\"image\":\"wp-content\\\/uploads\\\/2022\\\/11\\\/IMG_1021-scaled.jpg\",\"title\":\"Oulangan Maja sauna\"}},{\"type\":\"overlay-slider_item\",\"props\":{\"image\":\"wp-content\\\/uploads\\\/2022\\\/11\\\/IMG_1025-scaled.jpg\",\"title\":\"Oulangan maja suihku\"}}]}]}]}],\"name\":\"Activities\"}],\"version\":\"4.5.6\"} --><\/p>\n","protected":false},"excerpt":{"rendered":"<p>Huotinniemi &amp;\u00a0Oulangan Maja N\u00e4m\u00e4 erityisesti ryhmille soveltuvat er\u00e4maakohteet ovat aivan Oulangan kansallispuiston l\u00e4hettyvill\u00e4 &#8211; l\u00e4hell\u00e4 luontoa, kaukana kiireest\u00e4 ja melusta. Molemmat kohteet ovat saavutettavissa talvisin moottorikelkkaillen tai lumikenk\u00e4illen, ja lumettomana aikana Oulankajokea pitkin tai patikoiden. Molempiin kohteisiin toteutetaan yhden tai kahden y\u00f6n retki\u00e4. N\u00e4ill\u00e4 retkill\u00e4 er\u00e4taidot, tiimity\u00f6skentely ja ulkoilmaolosuhteissa toimiminen hioutuvat ammattitaitoisen oppaan johdolla.\u00a0 Huotinniemi [&hellip;]<\/p>\n","protected":false},"author":2,"featured_media":3694,"parent":517,"menu_order":0,"comment_status":"closed","ping_status":"closed","template":"","meta":{"cybocfi_hide_featured_image":"","footnotes":""},"class_list":["post-3692","page","type-page","status-publish","has-post-thumbnail","hentry"],"yoast_head":"<!-- This site is optimized with the Yoast SEO Premium plugin v25.1 (Yoast SEO v25.3) - https:\/\/yoast.com\/wordpress\/plugins\/seo\/ -->\n<title>Er\u00e4maakohteet - Ruka Safaris, Kuusamo, Finland<\/title>\n<meta name=\"description\" content=\"Ryhmille soveltuvat er\u00e4maakohteet aivan Oulangan kansallispuiston l\u00e4hettyvill\u00e4. N\u00e4ill\u00e4 retkill\u00e4 er\u00e4taidot ja tiimity\u00f6skentely hioutuvat oppaan johdolla.\" \/>\n<meta name=\"robots\" content=\"index, follow, max-snippet:-1, max-image-preview:large, max-video-preview:-1\" \/>\n<link rel=\"canonical\" href=\"https:\/\/davas.site\/rukasafaris\/majoitus\/eramaakohteet\/\" \/>\n<meta property=\"og:locale\" content=\"fi_FI\" \/>\n<meta property=\"og:type\" content=\"article\" \/>\n<meta property=\"og:title\" content=\"Er\u00e4maakohteet\" \/>\n<meta property=\"og:description\" content=\"Ryhmille soveltuvat er\u00e4maakohteet aivan Oulangan kansallispuiston l\u00e4hettyvill\u00e4. N\u00e4ill\u00e4 retkill\u00e4 er\u00e4taidot ja tiimity\u00f6skentely hioutuvat oppaan johdolla.\" \/>\n<meta property=\"og:url\" content=\"https:\/\/davas.site\/rukasafaris\/majoitus\/eramaakohteet\/\" \/>\n<meta property=\"og:site_name\" content=\"Ruka Safaris, Kuusamo, Finland\" \/>\n<meta property=\"article:publisher\" content=\"https:\/\/www.facebook.com\/rukasafaris\" \/>\n<meta property=\"article:modified_time\" content=\"2025-05-26T10:52:50+00:00\" \/>\n<meta property=\"og:image\" content=\"https:\/\/davas.site\/rukasafaris\/wp-content\/uploads\/2022\/11\/IMG_1079-scaled.jpg\" \/>\n\t<meta property=\"og:image:width\" content=\"2560\" \/>\n\t<meta property=\"og:image:height\" content=\"1707\" \/>\n\t<meta property=\"og:image:type\" content=\"image\/jpeg\" \/>\n<meta name=\"twitter:card\" content=\"summary_large_image\" \/>\n<meta name=\"twitter:label1\" content=\"Arvioitu lukuaika\" \/>\n\t<meta name=\"twitter:data1\" content=\"3 minuuttia\" \/>\n<script type=\"application\/ld+json\" class=\"yoast-schema-graph\">{\"@context\":\"https:\/\/schema.org\",\"@graph\":[{\"@type\":\"WebPage\",\"@id\":\"https:\/\/davas.site\/rukasafaris\/majoitus\/eramaakohteet\/\",\"url\":\"https:\/\/davas.site\/rukasafaris\/majoitus\/eramaakohteet\/\",\"name\":\"Er\u00e4maakohteet - Ruka Safaris, Kuusamo, Finland\",\"isPartOf\":{\"@id\":\"https:\/\/davas.site\/rukasafaris\/#website\"},\"primaryImageOfPage\":{\"@id\":\"https:\/\/davas.site\/rukasafaris\/majoitus\/eramaakohteet\/#primaryimage\"},\"image\":{\"@id\":\"https:\/\/davas.site\/rukasafaris\/majoitus\/eramaakohteet\/#primaryimage\"},\"thumbnailUrl\":\"https:\/\/davas.site\/rukasafaris\/wp-content\/uploads\/2022\/11\/IMG_1079-scaled.jpg\",\"datePublished\":\"2022-11-03T11:56:23+00:00\",\"dateModified\":\"2025-05-26T10:52:50+00:00\",\"description\":\"Ryhmille soveltuvat er\u00e4maakohteet aivan Oulangan kansallispuiston l\u00e4hettyvill\u00e4. N\u00e4ill\u00e4 retkill\u00e4 er\u00e4taidot ja tiimity\u00f6skentely hioutuvat oppaan johdolla.\",\"breadcrumb\":{\"@id\":\"https:\/\/davas.site\/rukasafaris\/majoitus\/eramaakohteet\/#breadcrumb\"},\"inLanguage\":\"fi\",\"potentialAction\":[{\"@type\":\"ReadAction\",\"target\":[\"https:\/\/davas.site\/rukasafaris\/majoitus\/eramaakohteet\/\"]}]},{\"@type\":\"ImageObject\",\"inLanguage\":\"fi\",\"@id\":\"https:\/\/davas.site\/rukasafaris\/majoitus\/eramaakohteet\/#primaryimage\",\"url\":\"https:\/\/davas.site\/rukasafaris\/wp-content\/uploads\/2022\/11\/IMG_1079-scaled.jpg\",\"contentUrl\":\"https:\/\/davas.site\/rukasafaris\/wp-content\/uploads\/2022\/11\/IMG_1079-scaled.jpg\",\"width\":2560,\"height\":1707},{\"@type\":\"BreadcrumbList\",\"@id\":\"https:\/\/davas.site\/rukasafaris\/majoitus\/eramaakohteet\/#breadcrumb\",\"itemListElement\":[{\"@type\":\"ListItem\",\"position\":1,\"name\":\"Home\",\"item\":\"https:\/\/davas.site\/rukasafaris\/\"},{\"@type\":\"ListItem\",\"position\":2,\"name\":\"Majoitusta 1-112 hengelle\",\"item\":\"https:\/\/davas.site\/rukasafaris\/majoitus\/\"},{\"@type\":\"ListItem\",\"position\":3,\"name\":\"Er\u00e4maakohteet\"}]},{\"@type\":\"WebSite\",\"@id\":\"https:\/\/davas.site\/rukasafaris\/#website\",\"url\":\"https:\/\/davas.site\/rukasafaris\/\",\"name\":\"Ruka Safaris, Kuusamo\",\"description\":\"Adventure Travel Since 1988\",\"publisher\":{\"@id\":\"https:\/\/davas.site\/rukasafaris\/#organization\"},\"potentialAction\":[{\"@type\":\"SearchAction\",\"target\":{\"@type\":\"EntryPoint\",\"urlTemplate\":\"https:\/\/davas.site\/rukasafaris\/?s={search_term_string}\"},\"query-input\":{\"@type\":\"PropertyValueSpecification\",\"valueRequired\":true,\"valueName\":\"search_term_string\"}}],\"inLanguage\":\"fi\"},{\"@type\":\"Organization\",\"@id\":\"https:\/\/davas.site\/rukasafaris\/#organization\",\"name\":\"Ruka Safaris\",\"url\":\"https:\/\/davas.site\/rukasafaris\/\",\"logo\":{\"@type\":\"ImageObject\",\"inLanguage\":\"fi\",\"@id\":\"https:\/\/davas.site\/rukasafaris\/#\/schema\/logo\/image\/\",\"url\":\"https:\/\/davas.site\/rukasafaris\/wp-content\/uploads\/2022\/03\/ruka-safaris-logo.png\",\"contentUrl\":\"https:\/\/davas.site\/rukasafaris\/wp-content\/uploads\/2022\/03\/ruka-safaris-logo.png\",\"width\":500,\"height\":500,\"caption\":\"Ruka Safaris\"},\"image\":{\"@id\":\"https:\/\/davas.site\/rukasafaris\/#\/schema\/logo\/image\/\"},\"sameAs\":[\"https:\/\/www.facebook.com\/rukasafaris\",\"https:\/\/www.instagram.com\/rukasafaris\",\"https:\/\/www.youtube.com\/user\/rukasafaris\"]}]}<\/script>\n<!-- \/ Yoast SEO Premium plugin. -->","yoast_head_json":{"title":"Er\u00e4maakohteet - Ruka Safaris, Kuusamo, Finland","description":"Ryhmille soveltuvat er\u00e4maakohteet aivan Oulangan kansallispuiston l\u00e4hettyvill\u00e4. N\u00e4ill\u00e4 retkill\u00e4 er\u00e4taidot ja tiimity\u00f6skentely hioutuvat oppaan johdolla.","robots":{"index":"index","follow":"follow","max-snippet":"max-snippet:-1","max-image-preview":"max-image-preview:large","max-video-preview":"max-video-preview:-1"},"canonical":"https:\/\/davas.site\/rukasafaris\/majoitus\/eramaakohteet\/","og_locale":"fi_FI","og_type":"article","og_title":"Er\u00e4maakohteet","og_description":"Ryhmille soveltuvat er\u00e4maakohteet aivan Oulangan kansallispuiston l\u00e4hettyvill\u00e4. N\u00e4ill\u00e4 retkill\u00e4 er\u00e4taidot ja tiimity\u00f6skentely hioutuvat oppaan johdolla.","og_url":"https:\/\/davas.site\/rukasafaris\/majoitus\/eramaakohteet\/","og_site_name":"Ruka Safaris, Kuusamo, Finland","article_publisher":"https:\/\/www.facebook.com\/rukasafaris","article_modified_time":"2025-05-26T10:52:50+00:00","og_image":[{"width":2560,"height":1707,"url":"https:\/\/davas.site\/rukasafaris\/wp-content\/uploads\/2022\/11\/IMG_1079-scaled.jpg","type":"image\/jpeg"}],"twitter_card":"summary_large_image","twitter_misc":{"Arvioitu lukuaika":"3 minuuttia"},"schema":{"@context":"https:\/\/schema.org","@graph":[{"@type":"WebPage","@id":"https:\/\/davas.site\/rukasafaris\/majoitus\/eramaakohteet\/","url":"https:\/\/davas.site\/rukasafaris\/majoitus\/eramaakohteet\/","name":"Er\u00e4maakohteet - Ruka Safaris, Kuusamo, Finland","isPartOf":{"@id":"https:\/\/davas.site\/rukasafaris\/#website"},"primaryImageOfPage":{"@id":"https:\/\/davas.site\/rukasafaris\/majoitus\/eramaakohteet\/#primaryimage"},"image":{"@id":"https:\/\/davas.site\/rukasafaris\/majoitus\/eramaakohteet\/#primaryimage"},"thumbnailUrl":"https:\/\/davas.site\/rukasafaris\/wp-content\/uploads\/2022\/11\/IMG_1079-scaled.jpg","datePublished":"2022-11-03T11:56:23+00:00","dateModified":"2025-05-26T10:52:50+00:00","description":"Ryhmille soveltuvat er\u00e4maakohteet aivan Oulangan kansallispuiston l\u00e4hettyvill\u00e4. N\u00e4ill\u00e4 retkill\u00e4 er\u00e4taidot ja tiimity\u00f6skentely hioutuvat oppaan johdolla.","breadcrumb":{"@id":"https:\/\/davas.site\/rukasafaris\/majoitus\/eramaakohteet\/#breadcrumb"},"inLanguage":"fi","potentialAction":[{"@type":"ReadAction","target":["https:\/\/davas.site\/rukasafaris\/majoitus\/eramaakohteet\/"]}]},{"@type":"ImageObject","inLanguage":"fi","@id":"https:\/\/davas.site\/rukasafaris\/majoitus\/eramaakohteet\/#primaryimage","url":"https:\/\/davas.site\/rukasafaris\/wp-content\/uploads\/2022\/11\/IMG_1079-scaled.jpg","contentUrl":"https:\/\/davas.site\/rukasafaris\/wp-content\/uploads\/2022\/11\/IMG_1079-scaled.jpg","width":2560,"height":1707},{"@type":"BreadcrumbList","@id":"https:\/\/davas.site\/rukasafaris\/majoitus\/eramaakohteet\/#breadcrumb","itemListElement":[{"@type":"ListItem","position":1,"name":"Home","item":"https:\/\/davas.site\/rukasafaris\/"},{"@type":"ListItem","position":2,"name":"Majoitusta 1-112 hengelle","item":"https:\/\/davas.site\/rukasafaris\/majoitus\/"},{"@type":"ListItem","position":3,"name":"Er\u00e4maakohteet"}]},{"@type":"WebSite","@id":"https:\/\/davas.site\/rukasafaris\/#website","url":"https:\/\/davas.site\/rukasafaris\/","name":"Ruka Safaris, Kuusamo","description":"Adventure Travel Since 1988","publisher":{"@id":"https:\/\/davas.site\/rukasafaris\/#organization"},"potentialAction":[{"@type":"SearchAction","target":{"@type":"EntryPoint","urlTemplate":"https:\/\/davas.site\/rukasafaris\/?s={search_term_string}"},"query-input":{"@type":"PropertyValueSpecification","valueRequired":true,"valueName":"search_term_string"}}],"inLanguage":"fi"},{"@type":"Organization","@id":"https:\/\/davas.site\/rukasafaris\/#organization","name":"Ruka Safaris","url":"https:\/\/davas.site\/rukasafaris\/","logo":{"@type":"ImageObject","inLanguage":"fi","@id":"https:\/\/davas.site\/rukasafaris\/#\/schema\/logo\/image\/","url":"https:\/\/davas.site\/rukasafaris\/wp-content\/uploads\/2022\/03\/ruka-safaris-logo.png","contentUrl":"https:\/\/davas.site\/rukasafaris\/wp-content\/uploads\/2022\/03\/ruka-safaris-logo.png","width":500,"height":500,"caption":"Ruka Safaris"},"image":{"@id":"https:\/\/davas.site\/rukasafaris\/#\/schema\/logo\/image\/"},"sameAs":["https:\/\/www.facebook.com\/rukasafaris","https:\/\/www.instagram.com\/rukasafaris","https:\/\/www.youtube.com\/user\/rukasafaris"]}]}},"_links":{"self":[{"href":"https:\/\/davas.site\/rukasafaris\/wp-json\/wp\/v2\/pages\/3692","targetHints":{"allow":["GET"]}}],"collection":[{"href":"https:\/\/davas.site\/rukasafaris\/wp-json\/wp\/v2\/pages"}],"about":[{"href":"https:\/\/davas.site\/rukasafaris\/wp-json\/wp\/v2\/types\/page"}],"author":[{"embeddable":true,"href":"https:\/\/davas.site\/rukasafaris\/wp-json\/wp\/v2\/users\/2"}],"replies":[{"embeddable":true,"href":"https:\/\/davas.site\/rukasafaris\/wp-json\/wp\/v2\/comments?post=3692"}],"version-history":[{"count":20,"href":"https:\/\/davas.site\/rukasafaris\/wp-json\/wp\/v2\/pages\/3692\/revisions"}],"predecessor-version":[{"id":10475,"href":"https:\/\/davas.site\/rukasafaris\/wp-json\/wp\/v2\/pages\/3692\/revisions\/10475"}],"up":[{"embeddable":true,"href":"https:\/\/davas.site\/rukasafaris\/wp-json\/wp\/v2\/pages\/517"}],"wp:featuredmedia":[{"embeddable":true,"href":"https:\/\/davas.site\/rukasafaris\/wp-json\/wp\/v2\/media\/3694"}],"wp:attachment":[{"href":"https:\/\/davas.site\/rukasafaris\/wp-json\/wp\/v2\/media?parent=3692"}],"curies":[{"name":"wp","href":"https:\/\/api.w.org\/{rel}","templated":true}]}}