{"id":4060,"date":"2023-02-21T16:24:06","date_gmt":"2023-02-21T14:24:06","guid":{"rendered":"https:\/\/davas.site\/rukasafaris\/?page_id=4060"},"modified":"2025-04-30T12:55:56","modified_gmt":"2025-04-30T09:55:56","slug":"tietosuojaseloste","status":"publish","type":"page","link":"https:\/\/davas.site\/rukasafaris\/tietosuojaseloste\/","title":{"rendered":"Tietosuojaseloste"},"content":{"rendered":"<p>Rekisterinpit\u00e4j\u00e4: Ruka Experiences Oy<\/p>\n<p>Vastuuhenkil\u00f6: Hanna Tauriainen, hanna.tauriainen@rukasafaris.fi<\/p>\n<p>Rekisterin p\u00e4\u00e4asiallinen k\u00e4ytt\u00f6tarkoitus on asiakassuhteiden hallinta, hoitaminen ja yll\u00e4pito. Rekisteriss\u00e4 olevia henkil\u00f6tietoja k\u00e4ytet\u00e4\u00e4n palveluiden tuottamiseen ja toteuttamiseen asiakkaille, asiakkaiden suuntaan tapahtuvaan viestint\u00e4\u00e4n, palveluiden laskuttamiseen ja maksujen ker\u00e4\u00e4miseen ja perimiseen asiakkailta ja mainonnan ja\/tai suoramarkkinoinnin kohdistamiseen.<\/p>\n<p>Rekisterin pit\u00e4misen ja henkil\u00f6tietojen k\u00e4sittelyn peruste on asiakkaan ja rekisterinpit\u00e4j\u00e4n oikeuksien ja velvollisuuksien toteuttaminen.<\/p>\n<p>Rekisteri voi sis\u00e4lt\u00e4\u00e4 esimerkiksi seuraavia tietoja: henkil\u00f6n nimi, s\u00e4hk\u00f6postiosoite, matka- ja\/tai muu puhelinnumero, henkil\u00f6tunnus, ostohistoria, maksukortin tiedot, sopimukset, laskut, toimitukset, yhteysloki. Ei-yksityisasiakkaiden ostalta rekisteriin tallennetaan organisaation nimi, yhteyshenkil\u00f6n nimi ja asema, organisaation y-tunnus tai vastaava ja organisaation osoitetiedot.<\/p>\n<p>Tietoja ker\u00e4t\u00e4\u00e4n asiakassuhteen perustamisen yhteydess\u00e4 rekister\u00f6idylt\u00e4 henkil\u00f6lt\u00e4 itselt\u00e4\u00e4n (esim. verkkosivujen yhteydenottolomake, verkkokauppaosto, palveluiden varaaminen puhelimitse tai s\u00e4hk\u00f6postilla), ja organisaation tietojen osalta mahdollisesti Patentti- ja rekisterihallituksen Yritys- ja yhteis\u00f6tietoj\u00e4rjestelm\u00e4st\u00e4.<\/p>\n<p>Tietoja s\u00e4ilytet\u00e4\u00e4n ja k\u00e4sitell\u00e4\u00e4n luokituksen &#8221;luottamuksellinen&#8221; mukaisesti, paitsi maksukortin tietojen ja henkil\u00f6tunnuksen osalta luokituksen &#8221;eritt\u00e4in luottamuksellinen&#8221; mukaisesti.<\/p>\n<p>Henkil\u00f6tietojen k\u00e4sittelyyn ei tarvita rekister\u00f6idyn erillist\u00e4 suostumusta, koska rekisterin pit\u00e4misen ja henkil\u00f6tietojen k\u00e4sittelyn peruste on asiakkaan ja rekisterinpit\u00e4j\u00e4n oikeuksien ja velvollisuuksien toteuttaminen.<\/p>\n<p>Rekister\u00f6idyll\u00e4 on mahdollisuus n\u00e4hd\u00e4 ja tarkastaa itse\u00e4\u00e4n koskevat tiedot ja tietoja voidaan korjata tarvittaessa. Rekister\u00f6idyll\u00e4 on oikeus rajoittaa itse\u00e4\u00e4n koskevien tietojen k\u00e4ytt\u00f6\u00e4 markkinointiviestint\u00e4\u00e4n.<\/p>\n<p>Rekister\u00f6ity\u00e4 koskevia tietoja voidaan luovuttaa Rekisterinpit\u00e4j\u00e4n ja sen tyt\u00e4r- \/sisaryhti\u00f6iden sis\u00e4ll\u00e4 sek\u00e4 yhteisty\u00f6kumppaneillemme kuvatun k\u00e4ytt\u00f6tarkoituksen toteuttamiseksi. Muutoin tietoja luovutetaan vain lain sallimissa ja velvoittamissa rajoissa.<\/p>\n<p>Tietoja ei siirret\u00e4 EU- tai ETA-alueen ulkopuolelle, jollei palvelun toteutus sit\u00e4 edellyt\u00e4. T\u00e4llaisessakin tapauksessa Rekisterinpit\u00e4j\u00e4 takaa, ett\u00e4 tarpeellisesta tietoturvatasosta huolehditaan voimassa olevan lains\u00e4\u00e4d\u00e4nn\u00f6n mukaisesti.<\/p>\n<p>Tiedot poistetaan ja rekister\u00f6ity voi vaatia itse\u00e4\u00e4n koskevien tietojen poistamista asiakassuhteen p\u00e4\u00e4ttymisen j\u00e4lkeen, kaikkien asiakkaan ja rekisterinpit\u00e4j\u00e4n oikeuksien ja velvollisuuksien toteuduttua. Tiedot voidaan merkit\u00e4 arikistoiduksi\/ei-aktiiviseksi jo t\u00e4t\u00e4 ennen. Pidempiaikainen arkistointi edellytt\u00e4\u00e4 henkil\u00f6tietojen anonymisointia tai pseudonymisointia. Rekisteri tarkistetaan s\u00e4\u00e4nn\u00f6llisesti vanhentuneiden tietojen varalta.<\/p>\n<p>Asiaton p\u00e4\u00e4sy tietoihin ja tietoja sis\u00e4lt\u00e4ville laitteille ja aineistoihin on estetty teknisin ja hallinnollisin keinoin.<\/p>\n\n","protected":false},"excerpt":{"rendered":"<p>Rekisterinpit\u00e4j\u00e4: Ruka Experiences Oy Vastuuhenkil\u00f6: Hanna Tauriainen, hanna.tauriainen@rukasafaris.fi Rekisterin p\u00e4\u00e4asiallinen k\u00e4ytt\u00f6tarkoitus on asiakassuhteiden hallinta, hoitaminen ja yll\u00e4pito. Rekisteriss\u00e4 olevia henkil\u00f6tietoja k\u00e4ytet\u00e4\u00e4n palveluiden tuottamiseen ja toteuttamiseen asiakkaille, asiakkaiden suuntaan tapahtuvaan viestint\u00e4\u00e4n, palveluiden laskuttamiseen ja maksujen ker\u00e4\u00e4miseen ja perimiseen asiakkailta ja mainonnan ja\/tai suoramarkkinoinnin kohdistamiseen. Rekisterin pit\u00e4misen ja henkil\u00f6tietojen k\u00e4sittelyn peruste on asiakkaan ja rekisterinpit\u00e4j\u00e4n oikeuksien ja [&hellip;]<\/p>\n","protected":false},"author":2,"featured_media":0,"parent":0,"menu_order":0,"comment_status":"closed","ping_status":"closed","template":"","meta":{"cybocfi_hide_featured_image":"","footnotes":""},"class_list":["post-4060","page","type-page","status-publish","hentry"],"yoast_head":"<!-- This site is optimized with the Yoast SEO Premium plugin v25.1 (Yoast SEO v25.3) - https:\/\/yoast.com\/wordpress\/plugins\/seo\/ -->\n<title>Tietosuojaseloste - Ruka Safaris, Kuusamo, Finland<\/title>\n<meta name=\"robots\" content=\"index, follow, max-snippet:-1, max-image-preview:large, max-video-preview:-1\" \/>\n<link rel=\"canonical\" href=\"https:\/\/davas.site\/rukasafaris\/tietosuojaseloste\/\" \/>\n<meta property=\"og:locale\" content=\"fi_FI\" \/>\n<meta property=\"og:type\" content=\"article\" \/>\n<meta property=\"og:title\" content=\"Tietosuojaseloste\" \/>\n<meta property=\"og:description\" content=\"Rekisterinpit\u00e4j\u00e4: Ruka Experiences Oy Vastuuhenkil\u00f6: Hanna Tauriainen, hanna.tauriainen@rukasafaris.fi Rekisterin p\u00e4\u00e4asiallinen k\u00e4ytt\u00f6tarkoitus on asiakassuhteiden hallinta, hoitaminen ja yll\u00e4pito. Rekisteriss\u00e4 olevia henkil\u00f6tietoja k\u00e4ytet\u00e4\u00e4n palveluiden tuottamiseen ja toteuttamiseen asiakkaille, asiakkaiden suuntaan tapahtuvaan viestint\u00e4\u00e4n, palveluiden laskuttamiseen ja maksujen ker\u00e4\u00e4miseen ja perimiseen asiakkailta ja mainonnan ja\/tai suoramarkkinoinnin kohdistamiseen. Rekisterin pit\u00e4misen ja henkil\u00f6tietojen k\u00e4sittelyn peruste on asiakkaan ja rekisterinpit\u00e4j\u00e4n oikeuksien ja [&hellip;]\" \/>\n<meta property=\"og:url\" content=\"https:\/\/davas.site\/rukasafaris\/tietosuojaseloste\/\" \/>\n<meta property=\"og:site_name\" content=\"Ruka Safaris, Kuusamo, Finland\" \/>\n<meta property=\"article:publisher\" content=\"https:\/\/www.facebook.com\/rukasafaris\" \/>\n<meta property=\"article:modified_time\" content=\"2025-04-30T09:55:56+00:00\" \/>\n<meta property=\"og:image\" content=\"https:\/\/davas.site\/rukasafaris\/wp-content\/uploads\/2025\/01\/Ruka-Safaris-Logo-vaaka.png\" \/>\n\t<meta property=\"og:image:width\" content=\"709\" \/>\n\t<meta property=\"og:image:height\" content=\"425\" \/>\n\t<meta property=\"og:image:type\" content=\"image\/png\" \/>\n<meta name=\"twitter:card\" content=\"summary_large_image\" \/>\n<meta name=\"twitter:label1\" content=\"Arvioitu lukuaika\" \/>\n\t<meta name=\"twitter:data1\" content=\"2 minuuttia\" \/>\n<script type=\"application\/ld+json\" class=\"yoast-schema-graph\">{\"@context\":\"https:\/\/schema.org\",\"@graph\":[{\"@type\":\"WebPage\",\"@id\":\"https:\/\/davas.site\/rukasafaris\/tietosuojaseloste\/\",\"url\":\"https:\/\/davas.site\/rukasafaris\/tietosuojaseloste\/\",\"name\":\"Tietosuojaseloste - Ruka Safaris, Kuusamo, Finland\",\"isPartOf\":{\"@id\":\"https:\/\/davas.site\/rukasafaris\/#website\"},\"datePublished\":\"2023-02-21T14:24:06+00:00\",\"dateModified\":\"2025-04-30T09:55:56+00:00\",\"breadcrumb\":{\"@id\":\"https:\/\/davas.site\/rukasafaris\/tietosuojaseloste\/#breadcrumb\"},\"inLanguage\":\"fi\",\"potentialAction\":[{\"@type\":\"ReadAction\",\"target\":[\"https:\/\/davas.site\/rukasafaris\/tietosuojaseloste\/\"]}]},{\"@type\":\"BreadcrumbList\",\"@id\":\"https:\/\/davas.site\/rukasafaris\/tietosuojaseloste\/#breadcrumb\",\"itemListElement\":[{\"@type\":\"ListItem\",\"position\":1,\"name\":\"Home\",\"item\":\"https:\/\/davas.site\/rukasafaris\/\"},{\"@type\":\"ListItem\",\"position\":2,\"name\":\"Tietosuojaseloste\"}]},{\"@type\":\"WebSite\",\"@id\":\"https:\/\/davas.site\/rukasafaris\/#website\",\"url\":\"https:\/\/davas.site\/rukasafaris\/\",\"name\":\"Ruka Safaris, Kuusamo\",\"description\":\"Adventure Travel Since 1988\",\"publisher\":{\"@id\":\"https:\/\/davas.site\/rukasafaris\/#organization\"},\"potentialAction\":[{\"@type\":\"SearchAction\",\"target\":{\"@type\":\"EntryPoint\",\"urlTemplate\":\"https:\/\/davas.site\/rukasafaris\/?s={search_term_string}\"},\"query-input\":{\"@type\":\"PropertyValueSpecification\",\"valueRequired\":true,\"valueName\":\"search_term_string\"}}],\"inLanguage\":\"fi\"},{\"@type\":\"Organization\",\"@id\":\"https:\/\/davas.site\/rukasafaris\/#organization\",\"name\":\"Ruka Safaris\",\"url\":\"https:\/\/davas.site\/rukasafaris\/\",\"logo\":{\"@type\":\"ImageObject\",\"inLanguage\":\"fi\",\"@id\":\"https:\/\/davas.site\/rukasafaris\/#\/schema\/logo\/image\/\",\"url\":\"https:\/\/davas.site\/rukasafaris\/wp-content\/uploads\/2022\/03\/ruka-safaris-logo.png\",\"contentUrl\":\"https:\/\/davas.site\/rukasafaris\/wp-content\/uploads\/2022\/03\/ruka-safaris-logo.png\",\"width\":500,\"height\":500,\"caption\":\"Ruka Safaris\"},\"image\":{\"@id\":\"https:\/\/davas.site\/rukasafaris\/#\/schema\/logo\/image\/\"},\"sameAs\":[\"https:\/\/www.facebook.com\/rukasafaris\",\"https:\/\/www.instagram.com\/rukasafaris\",\"https:\/\/www.youtube.com\/user\/rukasafaris\"]}]}<\/script>\n<!-- \/ Yoast SEO Premium plugin. -->","yoast_head_json":{"title":"Tietosuojaseloste - Ruka Safaris, Kuusamo, Finland","robots":{"index":"index","follow":"follow","max-snippet":"max-snippet:-1","max-image-preview":"max-image-preview:large","max-video-preview":"max-video-preview:-1"},"canonical":"https:\/\/davas.site\/rukasafaris\/tietosuojaseloste\/","og_locale":"fi_FI","og_type":"article","og_title":"Tietosuojaseloste","og_description":"Rekisterinpit\u00e4j\u00e4: Ruka Experiences Oy Vastuuhenkil\u00f6: Hanna Tauriainen, hanna.tauriainen@rukasafaris.fi Rekisterin p\u00e4\u00e4asiallinen k\u00e4ytt\u00f6tarkoitus on asiakassuhteiden hallinta, hoitaminen ja yll\u00e4pito. Rekisteriss\u00e4 olevia henkil\u00f6tietoja k\u00e4ytet\u00e4\u00e4n palveluiden tuottamiseen ja toteuttamiseen asiakkaille, asiakkaiden suuntaan tapahtuvaan viestint\u00e4\u00e4n, palveluiden laskuttamiseen ja maksujen ker\u00e4\u00e4miseen ja perimiseen asiakkailta ja mainonnan ja\/tai suoramarkkinoinnin kohdistamiseen. Rekisterin pit\u00e4misen ja henkil\u00f6tietojen k\u00e4sittelyn peruste on asiakkaan ja rekisterinpit\u00e4j\u00e4n oikeuksien ja [&hellip;]","og_url":"https:\/\/davas.site\/rukasafaris\/tietosuojaseloste\/","og_site_name":"Ruka Safaris, Kuusamo, Finland","article_publisher":"https:\/\/www.facebook.com\/rukasafaris","article_modified_time":"2025-04-30T09:55:56+00:00","og_image":[{"width":709,"height":425,"url":"https:\/\/davas.site\/rukasafaris\/wp-content\/uploads\/2025\/01\/Ruka-Safaris-Logo-vaaka.png","type":"image\/png"}],"twitter_card":"summary_large_image","twitter_misc":{"Arvioitu lukuaika":"2 minuuttia"},"schema":{"@context":"https:\/\/schema.org","@graph":[{"@type":"WebPage","@id":"https:\/\/davas.site\/rukasafaris\/tietosuojaseloste\/","url":"https:\/\/davas.site\/rukasafaris\/tietosuojaseloste\/","name":"Tietosuojaseloste - Ruka Safaris, Kuusamo, Finland","isPartOf":{"@id":"https:\/\/davas.site\/rukasafaris\/#website"},"datePublished":"2023-02-21T14:24:06+00:00","dateModified":"2025-04-30T09:55:56+00:00","breadcrumb":{"@id":"https:\/\/davas.site\/rukasafaris\/tietosuojaseloste\/#breadcrumb"},"inLanguage":"fi","potentialAction":[{"@type":"ReadAction","target":["https:\/\/davas.site\/rukasafaris\/tietosuojaseloste\/"]}]},{"@type":"BreadcrumbList","@id":"https:\/\/davas.site\/rukasafaris\/tietosuojaseloste\/#breadcrumb","itemListElement":[{"@type":"ListItem","position":1,"name":"Home","item":"https:\/\/davas.site\/rukasafaris\/"},{"@type":"ListItem","position":2,"name":"Tietosuojaseloste"}]},{"@type":"WebSite","@id":"https:\/\/davas.site\/rukasafaris\/#website","url":"https:\/\/davas.site\/rukasafaris\/","name":"Ruka Safaris, Kuusamo","description":"Adventure Travel Since 1988","publisher":{"@id":"https:\/\/davas.site\/rukasafaris\/#organization"},"potentialAction":[{"@type":"SearchAction","target":{"@type":"EntryPoint","urlTemplate":"https:\/\/davas.site\/rukasafaris\/?s={search_term_string}"},"query-input":{"@type":"PropertyValueSpecification","valueRequired":true,"valueName":"search_term_string"}}],"inLanguage":"fi"},{"@type":"Organization","@id":"https:\/\/davas.site\/rukasafaris\/#organization","name":"Ruka Safaris","url":"https:\/\/davas.site\/rukasafaris\/","logo":{"@type":"ImageObject","inLanguage":"fi","@id":"https:\/\/davas.site\/rukasafaris\/#\/schema\/logo\/image\/","url":"https:\/\/davas.site\/rukasafaris\/wp-content\/uploads\/2022\/03\/ruka-safaris-logo.png","contentUrl":"https:\/\/davas.site\/rukasafaris\/wp-content\/uploads\/2022\/03\/ruka-safaris-logo.png","width":500,"height":500,"caption":"Ruka Safaris"},"image":{"@id":"https:\/\/davas.site\/rukasafaris\/#\/schema\/logo\/image\/"},"sameAs":["https:\/\/www.facebook.com\/rukasafaris","https:\/\/www.instagram.com\/rukasafaris","https:\/\/www.youtube.com\/user\/rukasafaris"]}]}},"_links":{"self":[{"href":"https:\/\/davas.site\/rukasafaris\/wp-json\/wp\/v2\/pages\/4060","targetHints":{"allow":["GET"]}}],"collection":[{"href":"https:\/\/davas.site\/rukasafaris\/wp-json\/wp\/v2\/pages"}],"about":[{"href":"https:\/\/davas.site\/rukasafaris\/wp-json\/wp\/v2\/types\/page"}],"author":[{"embeddable":true,"href":"https:\/\/davas.site\/rukasafaris\/wp-json\/wp\/v2\/users\/2"}],"replies":[{"embeddable":true,"href":"https:\/\/davas.site\/rukasafaris\/wp-json\/wp\/v2\/comments?post=4060"}],"version-history":[{"count":2,"href":"https:\/\/davas.site\/rukasafaris\/wp-json\/wp\/v2\/pages\/4060\/revisions"}],"predecessor-version":[{"id":10623,"href":"https:\/\/davas.site\/rukasafaris\/wp-json\/wp\/v2\/pages\/4060\/revisions\/10623"}],"wp:attachment":[{"href":"https:\/\/davas.site\/rukasafaris\/wp-json\/wp\/v2\/media?parent=4060"}],"curies":[{"name":"wp","href":"https:\/\/api.w.org\/{rel}","templated":true}]}}