{"id":423,"date":"2022-03-24T13:18:27","date_gmt":"2022-03-24T11:18:27","guid":{"rendered":"https:\/\/davas.site\/rukasafaris\/?page_id=423"},"modified":"2024-04-22T15:05:53","modified_gmt":"2024-04-22T12:05:53","slug":"papin-talo-huoneistot","status":"publish","type":"page","link":"https:\/\/davas.site\/rukasafaris\/majoitus\/iisakki-villagen-mokit-ja-huoneistot\/papin-talo-huoneistot\/","title":{"rendered":"Papin Talo huoneistot"},"content":{"rendered":"<div>Iisakki Village<\/div>\n<h1>Papin Talon<br \/> huoneistot<\/h1>\n<p>\n    <a href=\"#varaus\">Varaa online<\/a>\n<\/p>\n<ul>\n<li>\n<p><img decoding=\"async\" src=\"\/wp-content\/uploads\/icon-guests.svg\" alt=\"\"><\/p>\n<p>2<\/p>\n<div>yksi lis\u00e4vuode<br \/>\nsis. aamiaisen<\/div>\n<\/li>\n<li>\n<p><img decoding=\"async\" src=\"\/wp-content\/uploads\/icon-double-bed.svg\" alt=\"\"><\/p>\n<p>1<\/p>\n<div>\n<p>sis. liinavaatteet ja pyyheliinat<\/p>\n<\/div>\n<\/li>\n<li>\n<p><img decoding=\"async\" src=\"https:\/\/davas.site\/rukasafaris\/wp-content\/uploads\/2022\/03\/vessa3.svg\" alt=\"\"><\/p>\n<p>1<\/p>\n<\/li>\n<li>\n<p><img decoding=\"async\" src=\"https:\/\/davas.site\/rukasafaris\/wp-content\/uploads\/icon-pets-welcome.svg\" alt=\"\"><\/p>\n<div>ei sallittu<\/div>\n<\/li>\n<\/ul>\n<div>\n<p>Rukaj\u00e4rven rantaan vuoden 2008 lopussa valmistunut Papin talo on osa Iisakki Village -kyl\u00e4\u00e4. J\u00e4rvenpuoleisiin, alimman kerroksen huoneistoihin on oma sis\u00e4\u00e4nk\u00e4ynti ja ne soveltuvat hyvin my\u00f6s yksitt\u00e4isille perheille ja pariskunnille. Huoneiston ovelta on vain muutama askel Rukaj\u00e4rven rantaan. Hintaan sis\u00e4ltyy aamiainen, joka tarjoillaan viereisess\u00e4 Iisakin Talossa.<\/p>\n<p>Huoneistot ovat kahden henkil\u00f6n huoneistoja + lis\u00e4vuodemahdollisuus. Huoneistoissa on keitti\u00f6 ja omat kylpytilat. Papin Talossa majoittuvilla on mahdollisuus varata maksuton saunavuoro Papin Talon saunaan. Kaikki Iisakki Villagen palvelut kuten veneet, kanootit, sup-laudat ja nuotiopaikat ovat teid\u00e4n vapaassa k\u00e4yt\u00f6ss\u00e4nne.\u00a0<\/p>\n<\/div>\n<ul>\n<li>\n<p>        <img decoding=\"async\" src=\"\/wp-content\/uploads\/2022\/03\/papin-talo-ulkoa-kesa2.jpg\" alt=\"\"><\/p>\n<h3>papin-talo-ulkoa-kesa2<\/h3>\n<\/li>\n<li>\n<p>        <img decoding=\"async\" src=\"\/wp-content\/uploads\/2022\/07\/PT-huooneisto.jpg\" alt=\"\"><\/p>\n<h3>pt huoneisto<\/h3>\n<\/li>\n<li>\n<p>        <img decoding=\"async\" src=\"\/wp-content\/uploads\/2022\/07\/Pt-huoneisto2.jpg\" alt=\"\"><\/p>\n<h3>pt huoneisto2<\/h3>\n<\/li>\n<li>\n<p>        <img decoding=\"async\" src=\"\/wp-content\/uploads\/2022\/07\/PT-huoneisto-keittio.jpg\" alt=\"\"><\/p>\n<h3>pt huoneisto keitti\u00f6<\/h3>\n<\/li>\n<li>\n<p>        <img decoding=\"async\" src=\"\/wp-content\/uploads\/2022\/07\/Pt-huoneisto-3-1.jpg\" alt=\"\"><\/p>\n<h3>pt huoneisto 3<\/h3>\n<\/li>\n<li>\n<p>        <img decoding=\"async\" src=\"\/wp-content\/uploads\/2022\/07\/PT-huoneisto-vessa.jpg\" alt=\"\"><\/p>\n<h3>pt huoneisto vessa<\/h3>\n<\/li>\n<li>\n<p>        <img decoding=\"async\" src=\"\/wp-content\/uploads\/2022\/07\/Pt-huoneisto-suiuhku.jpg\" alt=\"\"><\/p>\n<h3>pt huoneisto suihku<\/h3>\n<\/li>\n<\/ul>\n<p>\n    <a href=\"\/wp-content\/uploads\/2022\/03\/wildernesshotel-papintalo-pohjakerros.pdf\">pohjapiirros<\/a>\n<\/p>\n<h3>Varaa online<\/h3>\n<div>\n<p><script src=\"https:\/\/widget.travius.eu\/travius-widget.js?key=2b24d495052a8ce66358eb576b8912c8&#038;s=1&#038;pid= 68390&#038;type=accommodation&#038;lang=fi&#038;layout=slim\" type=\"text\/javascript\" id=\"travius-widget-script\"><\/script><\/p>\n<div class=\"container\">\n  <iframe class=\"responsive-iframe\" id=\"travius-widget\" ><\/iframe>\n<\/div>\n<\/div>\n<p><!--more--><br \/>\n<!-- {\"type\":\"layout\",\"children\":[{\"type\":\"section\",\"props\":{\"header_transparent\":false,\"header_transparent_noplaceholder\":true,\"height\":\"viewport\",\"height_offset_top\":true,\"height_viewport\":80,\"image\":\"wp-content\\\/uploads\\\/2022\\\/03\\\/Papintalo-ilmakuva.jpg\",\"image_height\":\"1100\",\"image_loading\":true,\"image_position\":\"center-center\",\"image_size\":\"cover\",\"image_width\":\"2200\",\"media_overlay\":\"rgba(0, 0, 0, 0.25)\",\"style\":\"default\",\"text_color\":\"light\",\"title_breakpoint\":\"xl\",\"title_position\":\"top-left\",\"title_rotation\":\"left\",\"vertical_align\":\"middle\",\"video_width\":\"2560\",\"width\":\"large\"},\"children\":[{\"type\":\"row\",\"props\":{\"margin\":\"remove-vertical\"},\"children\":[{\"type\":\"column\",\"props\":{\"image_position\":\"center-center\",\"position_sticky_breakpoint\":\"m\",\"width_medium\":\"1-1\"},\"children\":[{\"type\":\"headline\",\"props\":{\"block_align\":\"center\",\"content\":\"Iisakki Village\",\"margin\":\"small\",\"text_align\":\"center\",\"title_decoration\":\"line\",\"title_element\":\"div\",\"title_font_family\":\"tertiary\",\"title_style\":\"h3\"}},{\"type\":\"headline\",\"props\":{\"block_align\":\"center\",\"content\":\"Papin Talon<br \/> huoneistot\",\"margin_remove_top\":true,\"text_align\":\"center\",\"title_element\":\"h1\",\"title_style\":\"heading-large\"}},{\"type\":\"button\",\"props\":{\"grid_column_gap\":\"small\",\"grid_row_gap\":\"small\",\"margin\":\"default\",\"position_bottom\":\"-50\",\"position_left\":\"70\",\"text_align\":\"center\"},\"children\":[{\"type\":\"button_item\",\"props\":{\"button_style\":\"primary\",\"content\":\"Varaa online\",\"icon\":\"\",\"icon_align\":\"left\",\"link\":\"#varaus\",\"link_title\":\"Varaa online\"}}]}]}]}],\"name\":\"Hero\"},{\"type\":\"section\",\"props\":{\"image_position\":\"center-center\",\"padding_remove_top\":false,\"style\":\"default\",\"title_breakpoint\":\"xl\",\"title_position\":\"center-left\",\"title_rotation\":\"left\",\"vertical_align\":\"middle\",\"width\":\"small\"},\"children\":[{\"type\":\"row\",\"children\":[{\"type\":\"column\",\"props\":{\"image_position\":\"center-center\",\"position_sticky_breakpoint\":\"m\"},\"children\":[{\"type\":\"grid\",\"props\":{\"content_column_breakpoint\":\"m\",\"content_margin\":\"remove\",\"content_style\":\"text-meta\",\"filter_align\":\"left\",\"filter_all\":true,\"filter_grid_breakpoint\":\"m\",\"filter_grid_width\":\"auto\",\"filter_position\":\"top\",\"filter_style\":\"tab\",\"grid_column_align\":true,\"grid_column_gap\":\"collapse\",\"grid_default\":\"2\",\"grid_medium\":\"5\",\"grid_row_align\":false,\"grid_row_gap\":\"small\",\"grid_small\":\"5\",\"icon_width\":\"25\",\"image_align\":\"top\",\"image_grid_breakpoint\":\"\",\"image_grid_column_gap\":\"small\",\"image_grid_width\":\"auto\",\"image_height\":\"25\",\"image_loading\":true,\"image_svg_color\":\"emphasis\",\"image_svg_inline\":true,\"image_width\":\"25\",\"item_animation\":true,\"link_style\":\"default\",\"link_text\":\"Read more\",\"margin\":\"default\",\"meta_align\":\"below-title\",\"meta_color\":\"primary\",\"meta_element\":\"div\",\"meta_margin\":\"remove\",\"meta_style\":\"h6\",\"panel_padding\":\"small\",\"parallax_easing\":\"1\",\"show_content\":true,\"show_image\":true,\"show_link\":true,\"show_meta\":true,\"show_title\":true,\"text_align\":\"center\",\"title_align\":\"top\",\"title_element\":\"h4\",\"title_grid_breakpoint\":\"m\",\"title_grid_width\":\"small\",\"title_hover_style\":\"reset\",\"title_margin\":\"remove\",\"title_style\":\"h5\"},\"children\":[{\"type\":\"grid_item\",\"props\":{\"_condition\":true,\"content\":\"yksi lis\\u00e4vuode\\nsis. aamiaisen\",\"image\":\"wp-content\\\/uploads\\\/icon-guests.svg\",\"meta\":\"2\"}},{\"type\":\"grid_item\",\"props\":{\"_condition\":true,\"content\":\"\n\n<p>sis. liinavaatteet ja pyyheliinat<\\\/p>\",\"image\":\"wp-content\\\/uploads\\\/icon-double-bed.svg\",\"meta\":\"1\"}},{\"type\":\"grid_item\",\"props\":{\"_condition\":true,\"content\":\"\",\"image\":\"https:\\\/\\\/davas.site\\\/rukasafaris\\\/wp-content\\\/uploads\\\/2022\\\/03\\\/vessa3.svg\",\"meta\":\"1\"}},{\"type\":\"grid_item\",\"props\":{\"content\":\"ei sallittu\",\"image\":\"https:\\\/\\\/davas.site\\\/rukasafaris\\\/wp-content\\\/uploads\\\/icon-pets-welcome.svg\",\"meta\":\"\",\"title\":\"\"}}]},{\"type\":\"text\",\"props\":{\"column_breakpoint\":\"m\",\"content\":\"\n\n<p>Rukaj\\u00e4rven rantaan vuoden 2008 lopussa valmistunut Papin talo on osa Iisakki Village -kyl\\u00e4\\u00e4. J\\u00e4rvenpuoleisiin, alimman kerroksen huoneistoihin on oma sis\\u00e4\\u00e4nk\\u00e4ynti ja ne soveltuvat hyvin my\\u00f6s yksitt\\u00e4isille perheille ja pariskunnille. Huoneiston ovelta on vain muutama askel Rukaj\\u00e4rven rantaan. Hintaan sis\\u00e4ltyy aamiainen, joka tarjoillaan viereisess\\u00e4 Iisakin Talossa.<\\\/p>\\n\n\n<p>Huoneistot ovat kahden henkil\\u00f6n huoneistoja + lis\\u00e4vuodemahdollisuus. Huoneistoissa on keitti\\u00f6 ja omat kylpytilat. Papin Talossa majoittuvilla on mahdollisuus varata maksuton saunavuoro Papin Talon saunaan. Kaikki Iisakki Villagen palvelut kuten veneet, kanootit, sup-laudat ja nuotiopaikat ovat teid\\u00e4n vapaassa k\\u00e4yt\\u00f6ss\\u00e4nne.\\u00a0<\\\/p>\",\"margin\":\"medium\"}},{\"type\":\"overlay-slider\",\"props\":{\"container_padding_remove\":true,\"image_height\":\"400\",\"image_width\":\"600\",\"link_style\":\"default\",\"link_text\":\"Read more\",\"margin\":\"default\",\"meta_align\":\"below-title\",\"meta_element\":\"div\",\"meta_style\":\"text-meta\",\"nav\":\"\",\"nav_align\":\"left\",\"nav_breakpoint\":\"s\",\"overlay_mode\":\"cover\",\"overlay_position\":\"center\",\"overlay_transition\":\"fade\",\"show_content\":true,\"show_hover_image\":true,\"show_link\":true,\"show_meta\":true,\"show_title\":false,\"slidenav\":\"default\",\"slidenav_breakpoint\":\"s\",\"slidenav_large\":true,\"slidenav_margin\":\"small\",\"slidenav_outside_breakpoint\":\"xl\",\"slider_autoplay\":true,\"slider_autoplay_pause\":true,\"slider_center\":false,\"slider_finite\":false,\"slider_gap\":\"small\",\"slider_width\":\"\",\"slider_width_default\":\"1-1\",\"slider_width_medium\":\"1-3\",\"text_align\":\"center\",\"title_element\":\"h3\",\"title_hover_style\":\"reset\"},\"children\":[{\"type\":\"overlay-slider_item\",\"props\":{\"image\":\"wp-content\\\/uploads\\\/2022\\\/03\\\/papin-talo-ulkoa-kesa2.jpg\",\"title\":\"papin-talo-ulkoa-kesa2\"}},{\"type\":\"overlay-slider_item\",\"props\":{\"image\":\"wp-content\\\/uploads\\\/2022\\\/07\\\/PT-huooneisto.jpg\",\"title\":\"pt huoneisto\"}},{\"type\":\"overlay-slider_item\",\"props\":{\"image\":\"wp-content\\\/uploads\\\/2022\\\/07\\\/Pt-huoneisto2.jpg\",\"title\":\"pt huoneisto2\"}},{\"type\":\"overlay-slider_item\",\"props\":{\"image\":\"wp-content\\\/uploads\\\/2022\\\/07\\\/PT-huoneisto-keittio.jpg\",\"title\":\"pt huoneisto keitti\\u00f6\"}},{\"type\":\"overlay-slider_item\",\"props\":{\"image\":\"wp-content\\\/uploads\\\/2022\\\/07\\\/Pt-huoneisto-3-1.jpg\",\"title\":\"pt huoneisto 3\"}},{\"type\":\"overlay-slider_item\",\"props\":{\"image\":\"wp-content\\\/uploads\\\/2022\\\/07\\\/PT-huoneisto-vessa.jpg\",\"title\":\"pt huoneisto vessa\"}},{\"type\":\"overlay-slider_item\",\"props\":{\"image\":\"wp-content\\\/uploads\\\/2022\\\/07\\\/Pt-huoneisto-suiuhku.jpg\",\"title\":\"pt huoneisto suihku\"}}]},{\"type\":\"button\",\"props\":{\"grid_column_gap\":\"small\",\"grid_row_gap\":\"small\",\"margin\":\"default\",\"position_bottom\":\"-50\",\"position_left\":\"70\",\"text_align\":\"center\"},\"children\":[{\"type\":\"button_item\",\"props\":{\"button_style\":\"primary\",\"content\":\"pohjapiirros\",\"icon\":\"\",\"icon_align\":\"left\",\"lightbox_height\":\"600\",\"lightbox_width\":\"900\",\"link\":\"wp-content\\\/uploads\\\/2022\\\/03\\\/wildernesshotel-papintalo-pohjakerros.pdf\",\"link_target\":\"modal\",\"link_title\":\"pohjapiirros\"}}]}]}]}],\"name\":\"Activities\"},{\"type\":\"section\",\"props\":{\"id\":\"varaus\",\"image_position\":\"center-center\",\"style\":\"default\",\"title_breakpoint\":\"xl\",\"title_position\":\"top-left\",\"title_rotation\":\"left\",\"vertical_align\":\"middle\",\"width\":\"expand\"},\"children\":[{\"type\":\"row\",\"children\":[{\"type\":\"column\",\"props\":{\"image_position\":\"center-center\",\"position_sticky_breakpoint\":\"m\"},\"children\":[{\"type\":\"headline\",\"props\":{\"content\":\"Varaa online\",\"text_align\":\"center\",\"title_element\":\"h3\",\"title_style\":\"h3\"}},{\"type\":\"text\",\"props\":{\"column_breakpoint\":\"m\",\"content\":\"\n\n<p><script src=\\\"https:\\\/\\\/widget.travius.eu\\\/travius-widget.js?key=2b24d495052a8ce66358eb576b8912c8&s=1&pid= 68390&type=accommodation&lang=fi&layout=slim\\\" type=\\\"text\\\/javascript\\\" id=\\\"travius-widget-script\\\"><\\\/script><\\\/p>\\n\n\n<div class=\\\"container\\\"> \\n  <iframe class=\\\"responsive-iframe\\\" id=\\\"travius-widget\\\" ><\\\/iframe>\\n<\\\/div>\",\"margin\":\"default\"}}]}]}]}],\"version\":\"4.3.8\"} --><\/p>\n","protected":false},"excerpt":{"rendered":"<p>Iisakki Village Papin Talon huoneistot Varaa online 2 yksi lis\u00e4vuode sis. aamiaisen 1 sis. liinavaatteet ja pyyheliinat 1 ei sallittu Rukaj\u00e4rven rantaan vuoden 2008 lopussa valmistunut Papin talo on osa Iisakki Village -kyl\u00e4\u00e4. J\u00e4rvenpuoleisiin, alimman kerroksen huoneistoihin on oma sis\u00e4\u00e4nk\u00e4ynti ja ne soveltuvat hyvin my\u00f6s yksitt\u00e4isille perheille ja pariskunnille. Huoneiston ovelta on vain muutama askel [&hellip;]<\/p>\n","protected":false},"author":1,"featured_media":432,"parent":550,"menu_order":0,"comment_status":"closed","ping_status":"closed","template":"","meta":{"cybocfi_hide_featured_image":"","footnotes":""},"class_list":["post-423","page","type-page","status-publish","has-post-thumbnail","hentry"],"yoast_head":"<!-- This site is optimized with the Yoast SEO Premium plugin v25.1 (Yoast SEO v25.3) - https:\/\/yoast.com\/wordpress\/plugins\/seo\/ -->\n<title>Papin Talo huoneistot - Ruka Safaris, Kuusamo, Finland<\/title>\n<meta name=\"description\" content=\"Alimman kerroksen 2h (+lis\u00e4vuode) huoneistoihin on oma sis\u00e4\u00e4nk\u00e4ynti. Soveltuvat yksitt\u00e4isille perheille ja pariskunnille. Keitti\u00f6 ja omat kylpytilat.\" \/>\n<meta name=\"robots\" content=\"index, follow, max-snippet:-1, max-image-preview:large, max-video-preview:-1\" \/>\n<link rel=\"canonical\" href=\"https:\/\/davas.site\/rukasafaris\/majoitus\/iisakki-villagen-mokit-ja-huoneistot\/papin-talo-huoneistot\/\" \/>\n<meta property=\"og:locale\" content=\"fi_FI\" \/>\n<meta property=\"og:type\" content=\"article\" \/>\n<meta property=\"og:title\" content=\"Papin Talo huoneistot\" \/>\n<meta property=\"og:description\" content=\"Alimman kerroksen 2h (+lis\u00e4vuode) huoneistoihin on oma sis\u00e4\u00e4nk\u00e4ynti. Soveltuvat yksitt\u00e4isille perheille ja pariskunnille. Keitti\u00f6 ja omat kylpytilat.\" \/>\n<meta property=\"og:url\" content=\"https:\/\/davas.site\/rukasafaris\/majoitus\/iisakki-villagen-mokit-ja-huoneistot\/papin-talo-huoneistot\/\" \/>\n<meta property=\"og:site_name\" content=\"Ruka Safaris, Kuusamo, Finland\" \/>\n<meta property=\"article:publisher\" content=\"https:\/\/www.facebook.com\/rukasafaris\" \/>\n<meta property=\"article:modified_time\" content=\"2024-04-22T12:05:53+00:00\" \/>\n<meta property=\"og:image\" content=\"https:\/\/davas.site\/rukasafaris\/wp-content\/uploads\/2022\/03\/papin-talo-ulkoa-kesa2.jpg\" \/>\n\t<meta property=\"og:image:width\" content=\"640\" \/>\n\t<meta property=\"og:image:height\" content=\"427\" \/>\n\t<meta property=\"og:image:type\" content=\"image\/jpeg\" \/>\n<meta name=\"twitter:card\" content=\"summary_large_image\" \/>\n<meta name=\"twitter:label1\" content=\"Arvioitu lukuaika\" \/>\n\t<meta name=\"twitter:data1\" content=\"1 minuutti\" \/>\n<script type=\"application\/ld+json\" class=\"yoast-schema-graph\">{\"@context\":\"https:\/\/schema.org\",\"@graph\":[{\"@type\":\"WebPage\",\"@id\":\"https:\/\/davas.site\/rukasafaris\/majoitus\/iisakki-villagen-mokit-ja-huoneistot\/papin-talo-huoneistot\/\",\"url\":\"https:\/\/davas.site\/rukasafaris\/majoitus\/iisakki-villagen-mokit-ja-huoneistot\/papin-talo-huoneistot\/\",\"name\":\"Papin Talo huoneistot - Ruka Safaris, Kuusamo, Finland\",\"isPartOf\":{\"@id\":\"https:\/\/davas.site\/rukasafaris\/#website\"},\"primaryImageOfPage\":{\"@id\":\"https:\/\/davas.site\/rukasafaris\/majoitus\/iisakki-villagen-mokit-ja-huoneistot\/papin-talo-huoneistot\/#primaryimage\"},\"image\":{\"@id\":\"https:\/\/davas.site\/rukasafaris\/majoitus\/iisakki-villagen-mokit-ja-huoneistot\/papin-talo-huoneistot\/#primaryimage\"},\"thumbnailUrl\":\"https:\/\/davas.site\/rukasafaris\/wp-content\/uploads\/2022\/03\/papin-talo-ulkoa-kesa2.jpg\",\"datePublished\":\"2022-03-24T11:18:27+00:00\",\"dateModified\":\"2024-04-22T12:05:53+00:00\",\"description\":\"Alimman kerroksen 2h (+lis\u00e4vuode) huoneistoihin on oma sis\u00e4\u00e4nk\u00e4ynti. Soveltuvat yksitt\u00e4isille perheille ja pariskunnille. Keitti\u00f6 ja omat kylpytilat.\",\"breadcrumb\":{\"@id\":\"https:\/\/davas.site\/rukasafaris\/majoitus\/iisakki-villagen-mokit-ja-huoneistot\/papin-talo-huoneistot\/#breadcrumb\"},\"inLanguage\":\"fi\",\"potentialAction\":[{\"@type\":\"ReadAction\",\"target\":[\"https:\/\/davas.site\/rukasafaris\/majoitus\/iisakki-villagen-mokit-ja-huoneistot\/papin-talo-huoneistot\/\"]}]},{\"@type\":\"ImageObject\",\"inLanguage\":\"fi\",\"@id\":\"https:\/\/davas.site\/rukasafaris\/majoitus\/iisakki-villagen-mokit-ja-huoneistot\/papin-talo-huoneistot\/#primaryimage\",\"url\":\"https:\/\/davas.site\/rukasafaris\/wp-content\/uploads\/2022\/03\/papin-talo-ulkoa-kesa2.jpg\",\"contentUrl\":\"https:\/\/davas.site\/rukasafaris\/wp-content\/uploads\/2022\/03\/papin-talo-ulkoa-kesa2.jpg\",\"width\":640,\"height\":427},{\"@type\":\"BreadcrumbList\",\"@id\":\"https:\/\/davas.site\/rukasafaris\/majoitus\/iisakki-villagen-mokit-ja-huoneistot\/papin-talo-huoneistot\/#breadcrumb\",\"itemListElement\":[{\"@type\":\"ListItem\",\"position\":1,\"name\":\"Home\",\"item\":\"https:\/\/davas.site\/rukasafaris\/\"},{\"@type\":\"ListItem\",\"position\":2,\"name\":\"Majoitusta 1-112 hengelle\",\"item\":\"https:\/\/davas.site\/rukasafaris\/majoitus\/\"},{\"@type\":\"ListItem\",\"position\":3,\"name\":\"Iisakki Villagen m\u00f6kit ja huoneistot\",\"item\":\"https:\/\/davas.site\/rukasafaris\/majoitus\/iisakki-villagen-mokit-ja-huoneistot\/\"},{\"@type\":\"ListItem\",\"position\":4,\"name\":\"Papin Talo huoneistot\"}]},{\"@type\":\"WebSite\",\"@id\":\"https:\/\/davas.site\/rukasafaris\/#website\",\"url\":\"https:\/\/davas.site\/rukasafaris\/\",\"name\":\"Ruka Safaris, Kuusamo\",\"description\":\"Adventure Travel Since 1988\",\"publisher\":{\"@id\":\"https:\/\/davas.site\/rukasafaris\/#organization\"},\"potentialAction\":[{\"@type\":\"SearchAction\",\"target\":{\"@type\":\"EntryPoint\",\"urlTemplate\":\"https:\/\/davas.site\/rukasafaris\/?s={search_term_string}\"},\"query-input\":{\"@type\":\"PropertyValueSpecification\",\"valueRequired\":true,\"valueName\":\"search_term_string\"}}],\"inLanguage\":\"fi\"},{\"@type\":\"Organization\",\"@id\":\"https:\/\/davas.site\/rukasafaris\/#organization\",\"name\":\"Ruka Safaris\",\"url\":\"https:\/\/davas.site\/rukasafaris\/\",\"logo\":{\"@type\":\"ImageObject\",\"inLanguage\":\"fi\",\"@id\":\"https:\/\/davas.site\/rukasafaris\/#\/schema\/logo\/image\/\",\"url\":\"https:\/\/davas.site\/rukasafaris\/wp-content\/uploads\/2022\/03\/ruka-safaris-logo.png\",\"contentUrl\":\"https:\/\/davas.site\/rukasafaris\/wp-content\/uploads\/2022\/03\/ruka-safaris-logo.png\",\"width\":500,\"height\":500,\"caption\":\"Ruka Safaris\"},\"image\":{\"@id\":\"https:\/\/davas.site\/rukasafaris\/#\/schema\/logo\/image\/\"},\"sameAs\":[\"https:\/\/www.facebook.com\/rukasafaris\",\"https:\/\/www.instagram.com\/rukasafaris\",\"https:\/\/www.youtube.com\/user\/rukasafaris\"]}]}<\/script>\n<!-- \/ Yoast SEO Premium plugin. -->","yoast_head_json":{"title":"Papin Talo huoneistot - Ruka Safaris, Kuusamo, Finland","description":"Alimman kerroksen 2h (+lis\u00e4vuode) huoneistoihin on oma sis\u00e4\u00e4nk\u00e4ynti. Soveltuvat yksitt\u00e4isille perheille ja pariskunnille. Keitti\u00f6 ja omat kylpytilat.","robots":{"index":"index","follow":"follow","max-snippet":"max-snippet:-1","max-image-preview":"max-image-preview:large","max-video-preview":"max-video-preview:-1"},"canonical":"https:\/\/davas.site\/rukasafaris\/majoitus\/iisakki-villagen-mokit-ja-huoneistot\/papin-talo-huoneistot\/","og_locale":"fi_FI","og_type":"article","og_title":"Papin Talo huoneistot","og_description":"Alimman kerroksen 2h (+lis\u00e4vuode) huoneistoihin on oma sis\u00e4\u00e4nk\u00e4ynti. Soveltuvat yksitt\u00e4isille perheille ja pariskunnille. Keitti\u00f6 ja omat kylpytilat.","og_url":"https:\/\/davas.site\/rukasafaris\/majoitus\/iisakki-villagen-mokit-ja-huoneistot\/papin-talo-huoneistot\/","og_site_name":"Ruka Safaris, Kuusamo, Finland","article_publisher":"https:\/\/www.facebook.com\/rukasafaris","article_modified_time":"2024-04-22T12:05:53+00:00","og_image":[{"width":640,"height":427,"url":"https:\/\/davas.site\/rukasafaris\/wp-content\/uploads\/2022\/03\/papin-talo-ulkoa-kesa2.jpg","type":"image\/jpeg"}],"twitter_card":"summary_large_image","twitter_misc":{"Arvioitu lukuaika":"1 minuutti"},"schema":{"@context":"https:\/\/schema.org","@graph":[{"@type":"WebPage","@id":"https:\/\/davas.site\/rukasafaris\/majoitus\/iisakki-villagen-mokit-ja-huoneistot\/papin-talo-huoneistot\/","url":"https:\/\/davas.site\/rukasafaris\/majoitus\/iisakki-villagen-mokit-ja-huoneistot\/papin-talo-huoneistot\/","name":"Papin Talo huoneistot - Ruka Safaris, Kuusamo, Finland","isPartOf":{"@id":"https:\/\/davas.site\/rukasafaris\/#website"},"primaryImageOfPage":{"@id":"https:\/\/davas.site\/rukasafaris\/majoitus\/iisakki-villagen-mokit-ja-huoneistot\/papin-talo-huoneistot\/#primaryimage"},"image":{"@id":"https:\/\/davas.site\/rukasafaris\/majoitus\/iisakki-villagen-mokit-ja-huoneistot\/papin-talo-huoneistot\/#primaryimage"},"thumbnailUrl":"https:\/\/davas.site\/rukasafaris\/wp-content\/uploads\/2022\/03\/papin-talo-ulkoa-kesa2.jpg","datePublished":"2022-03-24T11:18:27+00:00","dateModified":"2024-04-22T12:05:53+00:00","description":"Alimman kerroksen 2h (+lis\u00e4vuode) huoneistoihin on oma sis\u00e4\u00e4nk\u00e4ynti. Soveltuvat yksitt\u00e4isille perheille ja pariskunnille. Keitti\u00f6 ja omat kylpytilat.","breadcrumb":{"@id":"https:\/\/davas.site\/rukasafaris\/majoitus\/iisakki-villagen-mokit-ja-huoneistot\/papin-talo-huoneistot\/#breadcrumb"},"inLanguage":"fi","potentialAction":[{"@type":"ReadAction","target":["https:\/\/davas.site\/rukasafaris\/majoitus\/iisakki-villagen-mokit-ja-huoneistot\/papin-talo-huoneistot\/"]}]},{"@type":"ImageObject","inLanguage":"fi","@id":"https:\/\/davas.site\/rukasafaris\/majoitus\/iisakki-villagen-mokit-ja-huoneistot\/papin-talo-huoneistot\/#primaryimage","url":"https:\/\/davas.site\/rukasafaris\/wp-content\/uploads\/2022\/03\/papin-talo-ulkoa-kesa2.jpg","contentUrl":"https:\/\/davas.site\/rukasafaris\/wp-content\/uploads\/2022\/03\/papin-talo-ulkoa-kesa2.jpg","width":640,"height":427},{"@type":"BreadcrumbList","@id":"https:\/\/davas.site\/rukasafaris\/majoitus\/iisakki-villagen-mokit-ja-huoneistot\/papin-talo-huoneistot\/#breadcrumb","itemListElement":[{"@type":"ListItem","position":1,"name":"Home","item":"https:\/\/davas.site\/rukasafaris\/"},{"@type":"ListItem","position":2,"name":"Majoitusta 1-112 hengelle","item":"https:\/\/davas.site\/rukasafaris\/majoitus\/"},{"@type":"ListItem","position":3,"name":"Iisakki Villagen m\u00f6kit ja huoneistot","item":"https:\/\/davas.site\/rukasafaris\/majoitus\/iisakki-villagen-mokit-ja-huoneistot\/"},{"@type":"ListItem","position":4,"name":"Papin Talo huoneistot"}]},{"@type":"WebSite","@id":"https:\/\/davas.site\/rukasafaris\/#website","url":"https:\/\/davas.site\/rukasafaris\/","name":"Ruka Safaris, Kuusamo","description":"Adventure Travel Since 1988","publisher":{"@id":"https:\/\/davas.site\/rukasafaris\/#organization"},"potentialAction":[{"@type":"SearchAction","target":{"@type":"EntryPoint","urlTemplate":"https:\/\/davas.site\/rukasafaris\/?s={search_term_string}"},"query-input":{"@type":"PropertyValueSpecification","valueRequired":true,"valueName":"search_term_string"}}],"inLanguage":"fi"},{"@type":"Organization","@id":"https:\/\/davas.site\/rukasafaris\/#organization","name":"Ruka Safaris","url":"https:\/\/davas.site\/rukasafaris\/","logo":{"@type":"ImageObject","inLanguage":"fi","@id":"https:\/\/davas.site\/rukasafaris\/#\/schema\/logo\/image\/","url":"https:\/\/davas.site\/rukasafaris\/wp-content\/uploads\/2022\/03\/ruka-safaris-logo.png","contentUrl":"https:\/\/davas.site\/rukasafaris\/wp-content\/uploads\/2022\/03\/ruka-safaris-logo.png","width":500,"height":500,"caption":"Ruka Safaris"},"image":{"@id":"https:\/\/davas.site\/rukasafaris\/#\/schema\/logo\/image\/"},"sameAs":["https:\/\/www.facebook.com\/rukasafaris","https:\/\/www.instagram.com\/rukasafaris","https:\/\/www.youtube.com\/user\/rukasafaris"]}]}},"_links":{"self":[{"href":"https:\/\/davas.site\/rukasafaris\/wp-json\/wp\/v2\/pages\/423","targetHints":{"allow":["GET"]}}],"collection":[{"href":"https:\/\/davas.site\/rukasafaris\/wp-json\/wp\/v2\/pages"}],"about":[{"href":"https:\/\/davas.site\/rukasafaris\/wp-json\/wp\/v2\/types\/page"}],"author":[{"embeddable":true,"href":"https:\/\/davas.site\/rukasafaris\/wp-json\/wp\/v2\/users\/1"}],"replies":[{"embeddable":true,"href":"https:\/\/davas.site\/rukasafaris\/wp-json\/wp\/v2\/comments?post=423"}],"version-history":[{"count":68,"href":"https:\/\/davas.site\/rukasafaris\/wp-json\/wp\/v2\/pages\/423\/revisions"}],"predecessor-version":[{"id":6993,"href":"https:\/\/davas.site\/rukasafaris\/wp-json\/wp\/v2\/pages\/423\/revisions\/6993"}],"up":[{"embeddable":true,"href":"https:\/\/davas.site\/rukasafaris\/wp-json\/wp\/v2\/pages\/550"}],"wp:featuredmedia":[{"embeddable":true,"href":"https:\/\/davas.site\/rukasafaris\/wp-json\/wp\/v2\/media\/432"}],"wp:attachment":[{"href":"https:\/\/davas.site\/rukasafaris\/wp-json\/wp\/v2\/media?parent=423"}],"curies":[{"name":"wp","href":"https:\/\/api.w.org\/{rel}","templated":true}]}}