{"id":739,"date":"2022-03-25T12:09:47","date_gmt":"2022-03-25T10:09:47","guid":{"rendered":"https:\/\/davas.site\/rukasafaris\/?p=739"},"modified":"2025-05-26T13:43:26","modified_gmt":"2025-05-26T10:43:26","slug":"iisakki-guest-house","status":"publish","type":"page","link":"https:\/\/davas.site\/rukasafaris\/majoitus\/iisakki-villagen-mokit-ja-huoneistot\/iisakki-guest-house\/","title":{"rendered":"Iisakki Guest House"},"content":{"rendered":"<div>Iisakki Village<\/div>\n<h1>Iisakki\u00a0<br \/>Guest House<\/h1>\n<p>\n    <a href=\"#varaus\">Varaa online<\/a>\n<\/p>\n<ul>\n<li>\n<p><img decoding=\"async\" src=\"\/wp-content\/uploads\/icon-guests.svg\" alt=\"\"><\/p>\n<p>2<\/p>\n<div>\n<p>sis. aamiaisen<\/p>\n<\/div>\n<\/li>\n<li>\n<p><img decoding=\"async\" src=\"\/wp-content\/uploads\/icon-double-bed.svg\" alt=\"\"><\/p>\n<p>1<\/p>\n<div>\n<p>sis. liinavaatteet ja pyyheliinat<\/p>\n<\/div>\n<\/li>\n<li>\n<p><img decoding=\"async\" src=\"https:\/\/davas.site\/rukasafaris\/wp-content\/uploads\/2022\/03\/vessa3.svg\" alt=\"\"><\/p>\n<p>1<\/p>\n<\/li>\n<li>\n<p><img decoding=\"async\" src=\"https:\/\/davas.site\/rukasafaris\/wp-content\/uploads\/icon-pets-welcome.svg\" alt=\"\"><\/p>\n<div>ei sallittu<\/div>\n<\/li>\n<\/ul>\n<div>\n<p>Iisakki Villagen syd\u00e4meen loppuvuodesta 2018 valmistuneen vastaanoton yl\u00e4kerrassa sijaitseva Guest house tarjoaa mukavaa majoitusta nelj\u00e4ss\u00e4 hotellitasoisessa huoneessa (huomioithan, ett\u00e4 kohteessa ei ole hissi\u00e4). Jokaisessa huoneessa on oma kylpyhuone ja tv. Huoneiden yhteisess\u00e4 k\u00e4yt\u00f6ss\u00e4 on my\u00f6s tilavat oleskelu- ja keitti\u00f6tilat. Guest housen alakerrassa palvelee alueemme vastaanotto ja lounge-tilat. Muilla asiakkailla kuin Guest Housessa majoittuvilla ei ole p\u00e4\u00e4sy\u00e4 majoitustilojen puolelle.\u00a0 Huonehintaan sis\u00e4ltyy my\u00f6s aamiainen, joka tarjoillaan viereisess\u00e4 Iisakin Talossa.<\/p>\n<p>Kes\u00e4isin Iisakki Villagen monipuoliset lis\u00e4palvelut kuten veneet, kanootit, sup-laudat ja nuotiopaikat ovat teid\u00e4n vapaassa k\u00e4yt\u00f6ss\u00e4nne majoittuessanne Iisakki Guest Housessa. Talvisin on mahdollista vuokrata fatbikej\u00e4 ja lumikenki\u00e4 l\u00e4heisest\u00e4 Safaritalostamme.\u00a0\u00a0<\/p>\n<\/div>\n<ul>\n<li>\n<p>        <img decoding=\"async\" src=\"\/wp-content\/uploads\/2022\/06\/GH-huone2.jpg\" alt=\"\"><\/p>\n<h3>GH huone2<\/h3>\n<\/li>\n<li>\n<p>        <img decoding=\"async\" src=\"\/wp-content\/uploads\/2022\/06\/GH-ruokailu.jpg\" alt=\"\"><\/p>\n<h3>GH ruokailu<\/h3>\n<\/li>\n<li>\n<p>        <img decoding=\"async\" src=\"\/wp-content\/uploads\/2022\/06\/GH-keittio-scaled.jpg\" alt=\"\"><\/p>\n<h3>GH keitti\u00f6<\/h3>\n<\/li>\n<li>\n<p>        <img decoding=\"async\" src=\"\/wp-content\/uploads\/2022\/06\/GH-huone1.jpg\" alt=\"\"><\/p>\n<h3>GH huone1<\/h3>\n<\/li>\n<li>\n<p>        <img decoding=\"async\" src=\"\/wp-content\/uploads\/2022\/06\/GH-huone.jpg\" alt=\"\"><\/p>\n<h3>GH huone<\/h3>\n<\/li>\n<li>\n<p>        <img decoding=\"async\" src=\"\/wp-content\/uploads\/2022\/03\/iisakki-guest-house-talvi-ulkoa.jpg\" alt=\"\"><\/p>\n<h3>iisakki-guest-house-talvi-ulkoa<\/h3>\n<\/li>\n<li>\n<p>        <img decoding=\"async\" src=\"\/wp-content\/uploads\/2022\/03\/iisakki-guest-house-ruokailutila2.jpg\" alt=\"\"><\/p>\n<h3>iisakki-guest-house-ruokailutila2<\/h3>\n<\/li>\n<li>\n<p>        <img decoding=\"async\" src=\"\/wp-content\/uploads\/2022\/03\/iisakki-guest-house-oleskelu.jpg\" alt=\"\"><\/p>\n<h3>iisakki-guest-house-oleskelu<\/h3>\n<\/li>\n<\/ul>\n<h3>Varaa online<\/h3>\n<div>\n<p><script id=\"travius-widget-script\" type=\"text\/javascript\" src=\"https:\/\/widget.travius.eu\/travius-widget.js?key=2b24d495052a8ce66358eb576b8912c8&#038;s=1&#038;pid= 68388&#038;type= accommodation&#038;lang=fi&#038;layout=slim\"><\/script> <\/p>\n<div class=\"container\">\n  <iframe class=\"responsive-iframe\" id=\"travius-widget\" ><\/iframe>\n<\/div>\n<\/div>\n<p><!--more--><br \/>\n<!-- {\"children\":[{\"type\":\"section\",\"props\":{\"header_transparent\":false,\"header_transparent_noplaceholder\":true,\"height\":\"viewport\",\"height_offset_top\":true,\"height_viewport\":80,\"image\":\"https:\\\/\\\/davas.site\\\/rukasafaris\\\/wp-content\\\/uploads\\\/2022\\\/03\\\/iisakki-guest-house-huone-vihrea.jpg\",\"image_height\":\"1100\",\"image_loading\":true,\"image_position\":\"center-center\",\"image_size\":\"cover\",\"image_width\":\"2200\",\"media_overlay\":\"rgba(0, 0, 0, 0.25)\",\"style\":\"default\",\"text_color\":\"light\",\"title_breakpoint\":\"xl\",\"title_position\":\"top-left\",\"title_rotation\":\"left\",\"vertical_align\":\"middle\",\"video_width\":\"2560\",\"width\":\"xlarge\"},\"children\":[{\"type\":\"row\",\"props\":{\"margin\":\"remove-vertical\"},\"children\":[{\"type\":\"column\",\"props\":{\"image_position\":\"center-center\",\"position_sticky_breakpoint\":\"m\",\"width_medium\":\"1-1\"},\"children\":[{\"type\":\"headline\",\"props\":{\"block_align\":\"center\",\"content\":\"Iisakki Village\",\"margin\":\"small\",\"text_align\":\"center\",\"title_decoration\":\"line\",\"title_element\":\"div\",\"title_font_family\":\"tertiary\",\"title_style\":\"h3\"}},{\"type\":\"headline\",\"props\":{\"block_align\":\"center\",\"content\":\"Iisakki\\u00a0<br \\\/>Guest House\",\"margin_remove_top\":true,\"text_align\":\"center\",\"title_element\":\"h1\",\"title_style\":\"heading-large\"}},{\"type\":\"button\",\"props\":{\"grid_column_gap\":\"small\",\"grid_row_gap\":\"small\",\"margin\":\"default\",\"position_bottom\":\"-50\",\"position_left\":\"70\",\"text_align\":\"center\"},\"children\":[{\"type\":\"button_item\",\"props\":{\"button_style\":\"primary\",\"content\":\"Varaa online\",\"icon\":\"\",\"icon_align\":\"left\",\"link\":\"#varaus\",\"link_title\":\"Varaa online\"}}]}]}]}],\"name\":\"Hero\"},{\"type\":\"section\",\"props\":{\"image_position\":\"center-center\",\"padding_remove_top\":false,\"style\":\"default\",\"title_breakpoint\":\"xl\",\"title_position\":\"center-left\",\"title_rotation\":\"left\",\"vertical_align\":\"middle\",\"width\":\"small\"},\"children\":[{\"type\":\"row\",\"children\":[{\"type\":\"column\",\"props\":{\"image_position\":\"center-center\",\"position_sticky_breakpoint\":\"m\",\"width_medium\":\"1-1\"},\"children\":[{\"type\":\"grid\",\"props\":{\"animation\":true,\"content_column_breakpoint\":\"m\",\"content_margin\":\"remove\",\"content_style\":\"text-meta\",\"filter_align\":\"left\",\"filter_all\":true,\"filter_grid_breakpoint\":\"m\",\"filter_grid_width\":\"auto\",\"filter_position\":\"top\",\"filter_style\":\"tab\",\"grid_column_align\":true,\"grid_column_gap\":\"collapse\",\"grid_default\":\"2\",\"grid_medium\":\"5\",\"grid_row_align\":false,\"grid_row_gap\":\"small\",\"grid_small\":\"5\",\"icon_width\":\"25\",\"image_align\":\"top\",\"image_grid_breakpoint\":\"\",\"image_grid_column_gap\":\"small\",\"image_grid_width\":\"auto\",\"image_height\":\"25\",\"image_loading\":true,\"image_svg_color\":\"emphasis\",\"image_svg_inline\":true,\"image_width\":\"25\",\"item_animation\":true,\"link_style\":\"default\",\"link_text\":\"Read more\",\"margin\":\"default\",\"meta_align\":\"below-title\",\"meta_color\":\"primary\",\"meta_element\":\"div\",\"meta_margin\":\"remove\",\"meta_style\":\"h6\",\"panel_padding\":\"small\",\"parallax_easing\":\"1\",\"show_content\":true,\"show_image\":true,\"show_link\":true,\"show_meta\":true,\"show_title\":true,\"text_align\":\"center\",\"title_align\":\"top\",\"title_element\":\"h4\",\"title_grid_breakpoint\":\"m\",\"title_grid_width\":\"small\",\"title_hover_style\":\"reset\",\"title_margin\":\"remove\",\"title_style\":\"h5\"},\"children\":[{\"type\":\"grid_item\",\"props\":{\"_condition\":true,\"content\":\"\n\n<p>sis. aamiaisen<\\\/p>\",\"image\":\"wp-content\\\/uploads\\\/icon-guests.svg\",\"meta\":\"2\"}},{\"type\":\"grid_item\",\"props\":{\"_condition\":true,\"content\":\"\n\n<p>sis. liinavaatteet ja pyyheliinat<\\\/p>\",\"image\":\"wp-content\\\/uploads\\\/icon-double-bed.svg\",\"meta\":\"1\"}},{\"type\":\"grid_item\",\"props\":{\"_condition\":true,\"content\":\"\",\"image\":\"https:\\\/\\\/davas.site\\\/rukasafaris\\\/wp-content\\\/uploads\\\/2022\\\/03\\\/vessa3.svg\",\"meta\":\"1\"}},{\"type\":\"grid_item\",\"props\":{\"content\":\"ei sallittu\",\"image\":\"https:\\\/\\\/davas.site\\\/rukasafaris\\\/wp-content\\\/uploads\\\/icon-pets-welcome.svg\",\"meta\":\"\",\"title\":\"\"}}]},{\"type\":\"text\",\"props\":{\"column_breakpoint\":\"m\",\"content\":\"\n\n<p>Iisakki Villagen syd\\u00e4meen loppuvuodesta 2018 valmistuneen vastaanoton yl\\u00e4kerrassa sijaitseva Guest house tarjoaa mukavaa majoitusta nelj\\u00e4ss\\u00e4 hotellitasoisessa huoneessa (huomioithan, ett\\u00e4 kohteessa ei ole hissi\\u00e4). Jokaisessa huoneessa on oma kylpyhuone ja tv. Huoneiden yhteisess\\u00e4 k\\u00e4yt\\u00f6ss\\u00e4 on my\\u00f6s tilavat oleskelu- ja keitti\\u00f6tilat. Guest housen alakerrassa palvelee alueemme vastaanotto ja lounge-tilat. Muilla asiakkailla kuin Guest Housessa majoittuvilla ei ole p\\u00e4\\u00e4sy\\u00e4 majoitustilojen puolelle.\\u00a0 Huonehintaan sis\\u00e4ltyy my\\u00f6s aamiainen, joka tarjoillaan viereisess\\u00e4 Iisakin Talossa.<\\\/p>\\n\n\n<p>Kes\\u00e4isin Iisakki Villagen monipuoliset lis\\u00e4palvelut kuten veneet, kanootit, sup-laudat ja nuotiopaikat ovat teid\\u00e4n vapaassa k\\u00e4yt\\u00f6ss\\u00e4nne majoittuessanne Iisakki Guest Housessa. Talvisin on mahdollista vuokrata fatbikej\\u00e4 ja lumikenki\\u00e4 l\\u00e4heisest\\u00e4 Safaritalostamme.\\u00a0\\u00a0<\\\/p>\",\"margin\":\"medium\"}},{\"type\":\"overlay-slider\",\"props\":{\"container_padding_remove\":true,\"image_height\":\"400\",\"image_width\":\"600\",\"link_style\":\"default\",\"link_text\":\"\",\"margin\":\"default\",\"meta_align\":\"below-title\",\"meta_element\":\"div\",\"meta_style\":\"text-meta\",\"nav\":\"\",\"nav_align\":\"left\",\"nav_breakpoint\":\"s\",\"overlay_link\":true,\"overlay_mode\":\"cover\",\"overlay_position\":\"center\",\"overlay_transition\":\"fade\",\"show_content\":true,\"show_hover_image\":true,\"show_link\":true,\"show_meta\":true,\"show_title\":false,\"slidenav\":\"default\",\"slidenav_breakpoint\":\"s\",\"slidenav_large\":true,\"slidenav_margin\":\"small\",\"slidenav_outside_breakpoint\":\"xl\",\"slider_autoplay\":true,\"slider_autoplay_pause\":true,\"slider_center\":false,\"slider_finite\":false,\"slider_gap\":\"small\",\"slider_width\":\"\",\"slider_width_default\":\"1-1\",\"slider_width_medium\":\"1-3\",\"text_align\":\"center\",\"title_element\":\"h3\",\"title_hover_style\":\"reset\"},\"children\":[{\"type\":\"overlay-slider_item\",\"props\":{\"image\":\"wp-content\\\/uploads\\\/2022\\\/06\\\/GH-huone2.jpg\",\"title\":\"GH huone2\"}},{\"type\":\"overlay-slider_item\",\"props\":{\"image\":\"wp-content\\\/uploads\\\/2022\\\/06\\\/GH-ruokailu.jpg\",\"title\":\"GH ruokailu\"}},{\"type\":\"overlay-slider_item\",\"props\":{\"image\":\"wp-content\\\/uploads\\\/2022\\\/06\\\/GH-keittio-scaled.jpg\",\"title\":\"GH keitti\\u00f6\"}},{\"type\":\"overlay-slider_item\",\"props\":{\"image\":\"wp-content\\\/uploads\\\/2022\\\/06\\\/GH-huone1.jpg\",\"title\":\"GH huone1\"}},{\"type\":\"overlay-slider_item\",\"props\":{\"image\":\"wp-content\\\/uploads\\\/2022\\\/06\\\/GH-huone.jpg\",\"title\":\"GH huone\"}},{\"type\":\"overlay-slider_item\",\"props\":{\"image\":\"wp-content\\\/uploads\\\/2022\\\/03\\\/iisakki-guest-house-talvi-ulkoa.jpg\",\"title\":\"iisakki-guest-house-talvi-ulkoa\"}},{\"type\":\"overlay-slider_item\",\"props\":{\"image\":\"wp-content\\\/uploads\\\/2022\\\/03\\\/iisakki-guest-house-ruokailutila2.jpg\",\"title\":\"iisakki-guest-house-ruokailutila2\"}},{\"type\":\"overlay-slider_item\",\"props\":{\"image\":\"wp-content\\\/uploads\\\/2022\\\/03\\\/iisakki-guest-house-oleskelu.jpg\",\"title\":\"iisakki-guest-house-oleskelu\"}}]},{\"type\":\"button\",\"props\":{\"grid_column_gap\":\"small\",\"grid_row_gap\":\"small\",\"margin\":\"default\",\"position_bottom\":\"-50\",\"position_left\":\"70\",\"status\":\"disabled\",\"text_align\":\"center\"},\"children\":[{\"type\":\"button_item\",\"props\":{\"button_style\":\"primary\",\"content\":\"pohjapiirros\",\"icon\":\"\",\"icon_align\":\"left\",\"lightbox_height\":\"600\",\"lightbox_width\":\"900\",\"link\":\"wp-content\\\/uploads\\\/2022\\\/03\\\/pohjakerros.pdf\",\"link_target\":\"modal\",\"link_title\":\"pohjapiirros\"}}]}]}]}],\"name\":\"Activities\"},{\"type\":\"section\",\"props\":{\"id\":\"varaus\",\"image_position\":\"center-center\",\"style\":\"default\",\"title_breakpoint\":\"xl\",\"title_position\":\"top-left\",\"title_rotation\":\"left\",\"vertical_align\":\"middle\",\"width\":\"expand\"},\"children\":[{\"type\":\"row\",\"children\":[{\"type\":\"column\",\"props\":{\"image_position\":\"center-center\",\"position_sticky_breakpoint\":\"m\",\"width_medium\":\"1-1\"},\"children\":[{\"type\":\"headline\",\"props\":{\"content\":\"Varaa online\",\"text_align\":\"center\",\"title_element\":\"h3\",\"title_style\":\"h3\"}},{\"type\":\"text\",\"props\":{\"column_breakpoint\":\"m\",\"content\":\"\n\n<p><script id=\\\"travius-widget-script\\\" type=\\\"text\\\/javascript\\\" src=\\\"https:\\\/\\\/widget.travius.eu\\\/travius-widget.js?key=2b24d495052a8ce66358eb576b8912c8&s=1&pid= 68388&type= accommodation&lang=fi&layout=slim\\\"><\\\/script> <\\\/p>\\n\n\n<div class=\\\"container\\\"> \\n  <iframe class=\\\"responsive-iframe\\\" id=\\\"travius-widget\\\" ><\\\/iframe>\\n<\\\/div>\",\"margin\":\"default\"}}]}]}]}],\"type\":\"layout\",\"version\":\"4.3.8\"} --><\/p>\n","protected":false},"excerpt":{"rendered":"<p>Iisakki Village Iisakki\u00a0Guest House Varaa online 2 sis. aamiaisen 1 sis. liinavaatteet ja pyyheliinat 1 ei sallittu Iisakki Villagen syd\u00e4meen loppuvuodesta 2018 valmistuneen vastaanoton yl\u00e4kerrassa sijaitseva Guest house tarjoaa mukavaa majoitusta nelj\u00e4ss\u00e4 hotellitasoisessa huoneessa (huomioithan, ett\u00e4 kohteessa ei ole hissi\u00e4). Jokaisessa huoneessa on oma kylpyhuone ja tv. Huoneiden yhteisess\u00e4 k\u00e4yt\u00f6ss\u00e4 on my\u00f6s tilavat oleskelu- ja [&hellip;]<\/p>\n","protected":false},"author":1,"featured_media":740,"parent":550,"menu_order":0,"comment_status":"closed","ping_status":"closed","template":"","meta":{"cybocfi_hide_featured_image":"","footnotes":""},"class_list":["post-739","page","type-page","status-publish","has-post-thumbnail","hentry"],"yoast_head":"<!-- This site is optimized with the Yoast SEO Premium plugin v25.1 (Yoast SEO v25.3) - https:\/\/yoast.com\/wordpress\/plugins\/seo\/ -->\n<title>Iisakki Guest House - Ruka Safaris, Kuusamo, Finland<\/title>\n<meta name=\"description\" content=\"Iisakki Villageen (Ruka) 2018 valmistuneen vastaanoton yl\u00e4kerrassa sijaitseva Guest house tarjoaa mukavaa majoitusta nelj\u00e4ss\u00e4 hotellitasoisessa huoneessa.\" \/>\n<meta name=\"robots\" content=\"index, follow, max-snippet:-1, max-image-preview:large, max-video-preview:-1\" \/>\n<link rel=\"canonical\" href=\"https:\/\/davas.site\/rukasafaris\/majoitus\/iisakki-villagen-mokit-ja-huoneistot\/iisakki-guest-house\/\" \/>\n<meta property=\"og:locale\" content=\"fi_FI\" \/>\n<meta property=\"og:type\" content=\"article\" \/>\n<meta property=\"og:title\" content=\"Iisakki Guest House\" \/>\n<meta property=\"og:description\" content=\"Iisakki Villageen (Ruka) 2018 valmistuneen vastaanoton yl\u00e4kerrassa sijaitseva Guest house tarjoaa mukavaa majoitusta nelj\u00e4ss\u00e4 hotellitasoisessa huoneessa.\" \/>\n<meta property=\"og:url\" content=\"https:\/\/davas.site\/rukasafaris\/majoitus\/iisakki-villagen-mokit-ja-huoneistot\/iisakki-guest-house\/\" \/>\n<meta property=\"og:site_name\" content=\"Ruka Safaris, Kuusamo, Finland\" \/>\n<meta property=\"article:publisher\" content=\"https:\/\/www.facebook.com\/rukasafaris\" \/>\n<meta property=\"article:modified_time\" content=\"2025-05-26T10:43:26+00:00\" \/>\n<meta property=\"og:image\" content=\"https:\/\/davas.site\/rukasafaris\/wp-content\/uploads\/2022\/03\/Iisakki-guest-house-talvi.jpg\" \/>\n\t<meta property=\"og:image:width\" content=\"1080\" \/>\n\t<meta property=\"og:image:height\" content=\"768\" \/>\n\t<meta property=\"og:image:type\" content=\"image\/jpeg\" \/>\n<meta name=\"twitter:card\" content=\"summary_large_image\" \/>\n<meta name=\"twitter:label1\" content=\"Arvioitu lukuaika\" \/>\n\t<meta name=\"twitter:data1\" content=\"1 minuutti\" \/>\n<script type=\"application\/ld+json\" class=\"yoast-schema-graph\">{\"@context\":\"https:\/\/schema.org\",\"@graph\":[{\"@type\":\"WebPage\",\"@id\":\"https:\/\/davas.site\/rukasafaris\/majoitus\/iisakki-villagen-mokit-ja-huoneistot\/iisakki-guest-house\/\",\"url\":\"https:\/\/davas.site\/rukasafaris\/majoitus\/iisakki-villagen-mokit-ja-huoneistot\/iisakki-guest-house\/\",\"name\":\"Iisakki Guest House - Ruka Safaris, Kuusamo, Finland\",\"isPartOf\":{\"@id\":\"https:\/\/davas.site\/rukasafaris\/#website\"},\"primaryImageOfPage\":{\"@id\":\"https:\/\/davas.site\/rukasafaris\/majoitus\/iisakki-villagen-mokit-ja-huoneistot\/iisakki-guest-house\/#primaryimage\"},\"image\":{\"@id\":\"https:\/\/davas.site\/rukasafaris\/majoitus\/iisakki-villagen-mokit-ja-huoneistot\/iisakki-guest-house\/#primaryimage\"},\"thumbnailUrl\":\"https:\/\/davas.site\/rukasafaris\/wp-content\/uploads\/2022\/03\/Iisakki-guest-house-talvi.jpg\",\"datePublished\":\"2022-03-25T10:09:47+00:00\",\"dateModified\":\"2025-05-26T10:43:26+00:00\",\"description\":\"Iisakki Villageen (Ruka) 2018 valmistuneen vastaanoton yl\u00e4kerrassa sijaitseva Guest house tarjoaa mukavaa majoitusta nelj\u00e4ss\u00e4 hotellitasoisessa huoneessa.\",\"breadcrumb\":{\"@id\":\"https:\/\/davas.site\/rukasafaris\/majoitus\/iisakki-villagen-mokit-ja-huoneistot\/iisakki-guest-house\/#breadcrumb\"},\"inLanguage\":\"fi\",\"potentialAction\":[{\"@type\":\"ReadAction\",\"target\":[\"https:\/\/davas.site\/rukasafaris\/majoitus\/iisakki-villagen-mokit-ja-huoneistot\/iisakki-guest-house\/\"]}]},{\"@type\":\"ImageObject\",\"inLanguage\":\"fi\",\"@id\":\"https:\/\/davas.site\/rukasafaris\/majoitus\/iisakki-villagen-mokit-ja-huoneistot\/iisakki-guest-house\/#primaryimage\",\"url\":\"https:\/\/davas.site\/rukasafaris\/wp-content\/uploads\/2022\/03\/Iisakki-guest-house-talvi.jpg\",\"contentUrl\":\"https:\/\/davas.site\/rukasafaris\/wp-content\/uploads\/2022\/03\/Iisakki-guest-house-talvi.jpg\",\"width\":1080,\"height\":768},{\"@type\":\"BreadcrumbList\",\"@id\":\"https:\/\/davas.site\/rukasafaris\/majoitus\/iisakki-villagen-mokit-ja-huoneistot\/iisakki-guest-house\/#breadcrumb\",\"itemListElement\":[{\"@type\":\"ListItem\",\"position\":1,\"name\":\"Home\",\"item\":\"https:\/\/davas.site\/rukasafaris\/\"},{\"@type\":\"ListItem\",\"position\":2,\"name\":\"Majoitusta 1-112 hengelle\",\"item\":\"https:\/\/davas.site\/rukasafaris\/majoitus\/\"},{\"@type\":\"ListItem\",\"position\":3,\"name\":\"Iisakki Villagen m\u00f6kit ja huoneistot\",\"item\":\"https:\/\/davas.site\/rukasafaris\/majoitus\/iisakki-villagen-mokit-ja-huoneistot\/\"},{\"@type\":\"ListItem\",\"position\":4,\"name\":\"Iisakki Guest House\"}]},{\"@type\":\"WebSite\",\"@id\":\"https:\/\/davas.site\/rukasafaris\/#website\",\"url\":\"https:\/\/davas.site\/rukasafaris\/\",\"name\":\"Ruka Safaris, Kuusamo\",\"description\":\"Adventure Travel Since 1988\",\"publisher\":{\"@id\":\"https:\/\/davas.site\/rukasafaris\/#organization\"},\"potentialAction\":[{\"@type\":\"SearchAction\",\"target\":{\"@type\":\"EntryPoint\",\"urlTemplate\":\"https:\/\/davas.site\/rukasafaris\/?s={search_term_string}\"},\"query-input\":{\"@type\":\"PropertyValueSpecification\",\"valueRequired\":true,\"valueName\":\"search_term_string\"}}],\"inLanguage\":\"fi\"},{\"@type\":\"Organization\",\"@id\":\"https:\/\/davas.site\/rukasafaris\/#organization\",\"name\":\"Ruka Safaris\",\"url\":\"https:\/\/davas.site\/rukasafaris\/\",\"logo\":{\"@type\":\"ImageObject\",\"inLanguage\":\"fi\",\"@id\":\"https:\/\/davas.site\/rukasafaris\/#\/schema\/logo\/image\/\",\"url\":\"https:\/\/davas.site\/rukasafaris\/wp-content\/uploads\/2022\/03\/ruka-safaris-logo.png\",\"contentUrl\":\"https:\/\/davas.site\/rukasafaris\/wp-content\/uploads\/2022\/03\/ruka-safaris-logo.png\",\"width\":500,\"height\":500,\"caption\":\"Ruka Safaris\"},\"image\":{\"@id\":\"https:\/\/davas.site\/rukasafaris\/#\/schema\/logo\/image\/\"},\"sameAs\":[\"https:\/\/www.facebook.com\/rukasafaris\",\"https:\/\/www.instagram.com\/rukasafaris\",\"https:\/\/www.youtube.com\/user\/rukasafaris\"]}]}<\/script>\n<!-- \/ Yoast SEO Premium plugin. -->","yoast_head_json":{"title":"Iisakki Guest House - Ruka Safaris, Kuusamo, Finland","description":"Iisakki Villageen (Ruka) 2018 valmistuneen vastaanoton yl\u00e4kerrassa sijaitseva Guest house tarjoaa mukavaa majoitusta nelj\u00e4ss\u00e4 hotellitasoisessa huoneessa.","robots":{"index":"index","follow":"follow","max-snippet":"max-snippet:-1","max-image-preview":"max-image-preview:large","max-video-preview":"max-video-preview:-1"},"canonical":"https:\/\/davas.site\/rukasafaris\/majoitus\/iisakki-villagen-mokit-ja-huoneistot\/iisakki-guest-house\/","og_locale":"fi_FI","og_type":"article","og_title":"Iisakki Guest House","og_description":"Iisakki Villageen (Ruka) 2018 valmistuneen vastaanoton yl\u00e4kerrassa sijaitseva Guest house tarjoaa mukavaa majoitusta nelj\u00e4ss\u00e4 hotellitasoisessa huoneessa.","og_url":"https:\/\/davas.site\/rukasafaris\/majoitus\/iisakki-villagen-mokit-ja-huoneistot\/iisakki-guest-house\/","og_site_name":"Ruka Safaris, Kuusamo, Finland","article_publisher":"https:\/\/www.facebook.com\/rukasafaris","article_modified_time":"2025-05-26T10:43:26+00:00","og_image":[{"width":1080,"height":768,"url":"https:\/\/davas.site\/rukasafaris\/wp-content\/uploads\/2022\/03\/Iisakki-guest-house-talvi.jpg","type":"image\/jpeg"}],"twitter_card":"summary_large_image","twitter_misc":{"Arvioitu lukuaika":"1 minuutti"},"schema":{"@context":"https:\/\/schema.org","@graph":[{"@type":"WebPage","@id":"https:\/\/davas.site\/rukasafaris\/majoitus\/iisakki-villagen-mokit-ja-huoneistot\/iisakki-guest-house\/","url":"https:\/\/davas.site\/rukasafaris\/majoitus\/iisakki-villagen-mokit-ja-huoneistot\/iisakki-guest-house\/","name":"Iisakki Guest House - Ruka Safaris, Kuusamo, Finland","isPartOf":{"@id":"https:\/\/davas.site\/rukasafaris\/#website"},"primaryImageOfPage":{"@id":"https:\/\/davas.site\/rukasafaris\/majoitus\/iisakki-villagen-mokit-ja-huoneistot\/iisakki-guest-house\/#primaryimage"},"image":{"@id":"https:\/\/davas.site\/rukasafaris\/majoitus\/iisakki-villagen-mokit-ja-huoneistot\/iisakki-guest-house\/#primaryimage"},"thumbnailUrl":"https:\/\/davas.site\/rukasafaris\/wp-content\/uploads\/2022\/03\/Iisakki-guest-house-talvi.jpg","datePublished":"2022-03-25T10:09:47+00:00","dateModified":"2025-05-26T10:43:26+00:00","description":"Iisakki Villageen (Ruka) 2018 valmistuneen vastaanoton yl\u00e4kerrassa sijaitseva Guest house tarjoaa mukavaa majoitusta nelj\u00e4ss\u00e4 hotellitasoisessa huoneessa.","breadcrumb":{"@id":"https:\/\/davas.site\/rukasafaris\/majoitus\/iisakki-villagen-mokit-ja-huoneistot\/iisakki-guest-house\/#breadcrumb"},"inLanguage":"fi","potentialAction":[{"@type":"ReadAction","target":["https:\/\/davas.site\/rukasafaris\/majoitus\/iisakki-villagen-mokit-ja-huoneistot\/iisakki-guest-house\/"]}]},{"@type":"ImageObject","inLanguage":"fi","@id":"https:\/\/davas.site\/rukasafaris\/majoitus\/iisakki-villagen-mokit-ja-huoneistot\/iisakki-guest-house\/#primaryimage","url":"https:\/\/davas.site\/rukasafaris\/wp-content\/uploads\/2022\/03\/Iisakki-guest-house-talvi.jpg","contentUrl":"https:\/\/davas.site\/rukasafaris\/wp-content\/uploads\/2022\/03\/Iisakki-guest-house-talvi.jpg","width":1080,"height":768},{"@type":"BreadcrumbList","@id":"https:\/\/davas.site\/rukasafaris\/majoitus\/iisakki-villagen-mokit-ja-huoneistot\/iisakki-guest-house\/#breadcrumb","itemListElement":[{"@type":"ListItem","position":1,"name":"Home","item":"https:\/\/davas.site\/rukasafaris\/"},{"@type":"ListItem","position":2,"name":"Majoitusta 1-112 hengelle","item":"https:\/\/davas.site\/rukasafaris\/majoitus\/"},{"@type":"ListItem","position":3,"name":"Iisakki Villagen m\u00f6kit ja huoneistot","item":"https:\/\/davas.site\/rukasafaris\/majoitus\/iisakki-villagen-mokit-ja-huoneistot\/"},{"@type":"ListItem","position":4,"name":"Iisakki Guest House"}]},{"@type":"WebSite","@id":"https:\/\/davas.site\/rukasafaris\/#website","url":"https:\/\/davas.site\/rukasafaris\/","name":"Ruka Safaris, Kuusamo","description":"Adventure Travel Since 1988","publisher":{"@id":"https:\/\/davas.site\/rukasafaris\/#organization"},"potentialAction":[{"@type":"SearchAction","target":{"@type":"EntryPoint","urlTemplate":"https:\/\/davas.site\/rukasafaris\/?s={search_term_string}"},"query-input":{"@type":"PropertyValueSpecification","valueRequired":true,"valueName":"search_term_string"}}],"inLanguage":"fi"},{"@type":"Organization","@id":"https:\/\/davas.site\/rukasafaris\/#organization","name":"Ruka Safaris","url":"https:\/\/davas.site\/rukasafaris\/","logo":{"@type":"ImageObject","inLanguage":"fi","@id":"https:\/\/davas.site\/rukasafaris\/#\/schema\/logo\/image\/","url":"https:\/\/davas.site\/rukasafaris\/wp-content\/uploads\/2022\/03\/ruka-safaris-logo.png","contentUrl":"https:\/\/davas.site\/rukasafaris\/wp-content\/uploads\/2022\/03\/ruka-safaris-logo.png","width":500,"height":500,"caption":"Ruka Safaris"},"image":{"@id":"https:\/\/davas.site\/rukasafaris\/#\/schema\/logo\/image\/"},"sameAs":["https:\/\/www.facebook.com\/rukasafaris","https:\/\/www.instagram.com\/rukasafaris","https:\/\/www.youtube.com\/user\/rukasafaris"]}]}},"_links":{"self":[{"href":"https:\/\/davas.site\/rukasafaris\/wp-json\/wp\/v2\/pages\/739","targetHints":{"allow":["GET"]}}],"collection":[{"href":"https:\/\/davas.site\/rukasafaris\/wp-json\/wp\/v2\/pages"}],"about":[{"href":"https:\/\/davas.site\/rukasafaris\/wp-json\/wp\/v2\/types\/page"}],"author":[{"embeddable":true,"href":"https:\/\/davas.site\/rukasafaris\/wp-json\/wp\/v2\/users\/1"}],"replies":[{"embeddable":true,"href":"https:\/\/davas.site\/rukasafaris\/wp-json\/wp\/v2\/comments?post=739"}],"version-history":[{"count":21,"href":"https:\/\/davas.site\/rukasafaris\/wp-json\/wp\/v2\/pages\/739\/revisions"}],"predecessor-version":[{"id":6992,"href":"https:\/\/davas.site\/rukasafaris\/wp-json\/wp\/v2\/pages\/739\/revisions\/6992"}],"up":[{"embeddable":true,"href":"https:\/\/davas.site\/rukasafaris\/wp-json\/wp\/v2\/pages\/550"}],"wp:featuredmedia":[{"embeddable":true,"href":"https:\/\/davas.site\/rukasafaris\/wp-json\/wp\/v2\/media\/740"}],"wp:attachment":[{"href":"https:\/\/davas.site\/rukasafaris\/wp-json\/wp\/v2\/media?parent=739"}],"curies":[{"name":"wp","href":"https:\/\/api.w.org\/{rel}","templated":true}]}}