{"id":742,"date":"2022-03-25T12:11:03","date_gmt":"2022-03-25T10:11:03","guid":{"rendered":"https:\/\/davas.site\/rukasafaris\/?p=742"},"modified":"2025-05-26T13:43:25","modified_gmt":"2025-05-26T10:43:25","slug":"iisakkiglassvillage","status":"publish","type":"page","link":"https:\/\/davas.site\/rukasafaris\/majoitus\/iisakki-villagen-mokit-ja-huoneistot\/iisakkiglassvillage\/","title":{"rendered":"Iisakki Glass Village"},"content":{"rendered":"<div>Iisakki Village<\/div>\n<h1>\n<p>Iisakki<br \/>Glass Village<\/p>\n<\/h1>\n<p><p>\n        <a href=\"#varaus\">Varaa online<\/a>\n    <\/p>\n<\/p>\n<ul>\n<li>\n<p>        <img decoding=\"async\" src=\"\/wp-content\/uploads\/icon-guests.svg\" alt=\"\"><\/p>\n<p>2 henkil\u00f6\u00e4<\/p>\n<div>\n<p>sis. aamiaisen<\/p>\n<\/div>\n<\/li>\n<li>\n<p>        <img decoding=\"async\" src=\"\/wp-content\/uploads\/icon-double-bed.svg\" alt=\"\"><\/p>\n<p>1 paris\u00e4nky<\/p>\n<\/li>\n<li>\n<p>        <img decoding=\"async\" src=\"https:\/\/davas.site\/rukasafaris\/wp-content\/uploads\/2022\/03\/vessa3.svg\" alt=\"\"><\/p>\n<p>1 kylpyhuone<\/p>\n<\/li>\n<li>\n<p>        <img decoding=\"async\" src=\"https:\/\/davas.site\/rukasafaris\/wp-content\/uploads\/icon-pets-welcome.svg\" alt=\"\"><\/p>\n<p>lemmikit<\/p>\n<div>ei sallittu<\/div>\n<\/li>\n<\/ul>\n<div>\n<p>Upeat glass villat ovat osa Iisakki Village kokonaisuutta Rukaj\u00e4rven rannalla, upealla ja rauhallisella luontopaikalla. Lumoudu villan suurista ikkunoista avautuvista n\u00e4kymist\u00e4 vuoden jokaisena p\u00e4iv\u00e4n\u00e4. Ihaile taivaalla ilmenevi\u00e4 luonnonilmi\u00f6it\u00e4 kuten revontulia tai y\u00f6t\u00f6nt\u00e4 y\u00f6t\u00e4 suurien kattoikkunoiden l\u00e4vitse. Kun haluat yksityisyytt\u00e4, voit sulkea verhot ja nauttia huoneen kauniista sisustuksesta ja rauhasta. Villasta l\u00f6ytyy vuodepaikat kahdelle henkil\u00f6lle, hyvin varusteltu minikeitti\u00f6, wc- ja suihku. Huonehintaan sis\u00e4ltyy aamiainen, joka tarjoillaan Iisakki Villagen p\u00e4\u00e4rakennuksessa Iisakin Talossa.<\/p>\n<p>Iisakki Villagessa on my\u00f6s yksityissauna, joka on varattavissa lis\u00e4maksusta, sek\u00e4 kes\u00e4aikaan palvelevat yleiset saunavuorot (kysy tarkemmat sauna-ajat vastaanotostamme).\u00a0<\/p>\n<p>Glass Village koostuu yhteens\u00e4 kymmenest\u00e4 lasihuvilasta. <br \/>Osoite: Myllylahdentie 4, 93830 Rukatunturi<\/p>\n<\/div>\n<ul>\n<li>\n<p>        <img decoding=\"async\" src=\"\/wp-content\/uploads\/2024\/02\/RukaSafaris_glassvilla_northernlights_luxury.jpg\" alt=\"\"><\/p>\n<p>Iisakki Glass Village<\/p>\n<\/li>\n<li>\n<p>        <img decoding=\"async\" src=\"\/wp-content\/uploads\/2024\/04\/GlassVilla_luxury_accommodation-scaled.jpg\" alt=\"\"><\/p>\n<\/li>\n<li>\n<p>        <img decoding=\"async\" src=\"\/wp-content\/uploads\/2022\/03\/glass-village-ruska2.jpeg\" alt=\"\"><\/p>\n<h3>glass-village-ruska2<\/h3>\n<\/li>\n<li>\n<p>        <img decoding=\"async\" src=\"\/wp-content\/uploads\/2022\/03\/glass-village-talvi.jpg\" alt=\"\"><\/p>\n<h3>glass-village-talvi<\/h3>\n<\/li>\n<li>\n<p>        <img decoding=\"async\" src=\"\/wp-content\/uploads\/2022\/03\/glass-village-keittio2.jpg\" alt=\"\"><\/p>\n<h3>glass-village-keittio2<\/h3>\n<\/li>\n<li>\n<p>        <img decoding=\"async\" src=\"\/wp-content\/uploads\/2022\/03\/glass-village-sanky.jpg\" alt=\"\"><\/p>\n<h3>glass-village-sanky<\/h3>\n<\/li>\n<li>\n<p>        <img decoding=\"async\" src=\"\/wp-content\/uploads\/2022\/03\/glass-village-keittio.jpg\" alt=\"\"><\/p>\n<h3>glass-village-keittio<\/h3>\n<\/li>\n<li>\n<p>        <img decoding=\"async\" src=\"\/wp-content\/uploads\/2022\/03\/glass-village-suihku.jpg\" alt=\"\"><\/p>\n<h3>glass-village-suihku<\/h3>\n<\/li>\n<li>\n<p>        <img decoding=\"async\" src=\"\/wp-content\/uploads\/2022\/03\/glass-village-laavu.jpg\" alt=\"\"><\/p>\n<h3>glass-village-laavu<\/h3>\n<\/li>\n<li>\n<p>        <img decoding=\"async\" src=\"\/wp-content\/uploads\/2022\/03\/glass-village-ruska.jpeg\" alt=\"\"><\/p>\n<h3>glass-village-ruska<\/h3>\n<\/li>\n<\/ul>\n<h1>Varaa online<\/h1>\n<div>\n<p><script src=\"https:\/\/widget.travius.eu\/travius-widget.js?key=2b24d495052a8ce66358eb576b8912c8&#038;s=1&#038;pid=68391&#038;type=accommodation&#038;lang=fi&#038;layout=slim\" type=\"text\/javascript\" id=\"travius-widget-script\"><\/script><\/p>\n<div class=\"container\">\n  <iframe class=\"responsive-iframe\" id=\"travius-widget\" ><\/iframe>\n<\/div>\n<\/div>\n<p><!--more--><br \/>\n<!-- {\"children\":[{\"type\":\"section\",\"props\":{\"header_transparent\":false,\"header_transparent_noplaceholder\":true,\"height\":\"viewport\",\"height_offset_top\":true,\"height_viewport\":80,\"image\":\"wp-content\\\/uploads\\\/2022\\\/03\\\/Iisakki-glass-village-sunset.jpg\",\"image_height\":\"1100\",\"image_position\":\"center-center\",\"image_size\":\"cover\",\"image_width\":\"2200\",\"media_overlay\":\"rgba(0, 0, 0, 0.25)\",\"style\":\"default\",\"text_color\":\"light\",\"title_breakpoint\":\"xl\",\"title_position\":\"top-left\",\"title_rotation\":\"left\",\"vertical_align\":\"middle\",\"video_width\":\"2560\",\"width\":\"xlarge\"},\"children\":[{\"type\":\"row\",\"props\":{\"margin\":\"remove-vertical\"},\"children\":[{\"type\":\"column\",\"props\":{\"image_position\":\"center-center\",\"position_sticky_breakpoint\":\"m\",\"width_medium\":\"1-1\"},\"children\":[{\"type\":\"headline\",\"props\":{\"block_align\":\"center\",\"content\":\"Iisakki Village\",\"margin\":\"small\",\"text_align\":\"center\",\"title_decoration\":\"line\",\"title_element\":\"div\",\"title_font_family\":\"tertiary\",\"title_style\":\"h3\"}},{\"type\":\"headline\",\"props\":{\"block_align\":\"center\",\"content\":\"\n\n<p>Iisakki<br \\\/>Glass Village<\\\/p>\",\"margin_remove_top\":true,\"text_align\":\"center\",\"title_element\":\"h1\",\"title_style\":\"heading-large\"}},{\"type\":\"button\",\"props\":{\"grid_column_gap\":\"small\",\"grid_row_gap\":\"small\",\"margin\":\"default\",\"position_bottom\":\"-50\",\"position_left\":\"70\",\"text_align\":\"center\"},\"children\":[{\"type\":\"button_item\",\"props\":{\"button_style\":\"primary\",\"content\":\"Varaa online\",\"dialog_layout\":\"modal\",\"dialog_offcanvas_flip\":true,\"icon\":\"\",\"icon_align\":\"left\",\"link\":\"#varaus\",\"link_title\":\"Varaa online\"}}]}]}]}],\"name\":\"Hero\"},{\"type\":\"section\",\"props\":{\"image_position\":\"center-center\",\"padding_remove_top\":false,\"style\":\"default\",\"title_breakpoint\":\"xl\",\"title_position\":\"center-left\",\"title_rotation\":\"left\",\"vertical_align\":\"\",\"width\":\"small\"},\"children\":[{\"type\":\"row\",\"children\":[{\"type\":\"column\",\"props\":{\"image_position\":\"center-center\",\"position_sticky_breakpoint\":\"m\",\"width_medium\":\"1-1\"},\"children\":[{\"type\":\"grid\",\"props\":{\"animation\":true,\"content_column_breakpoint\":\"m\",\"content_margin\":\"remove\",\"content_style\":\"text-meta\",\"filter_align\":\"left\",\"filter_all\":true,\"filter_grid_breakpoint\":\"m\",\"filter_grid_width\":\"auto\",\"filter_position\":\"top\",\"filter_style\":\"tab\",\"grid_column_align\":true,\"grid_column_gap\":\"collapse\",\"grid_default\":\"2\",\"grid_medium\":\"5\",\"grid_row_align\":false,\"grid_row_gap\":\"small\",\"grid_small\":\"5\",\"icon_width\":\"25\",\"image_align\":\"top\",\"image_grid_breakpoint\":\"\",\"image_grid_column_gap\":\"small\",\"image_grid_width\":\"auto\",\"image_height\":\"25\",\"image_loading\":true,\"image_svg_color\":\"emphasis\",\"image_svg_inline\":true,\"image_width\":\"25\",\"item_animation\":true,\"lightbox_bg_close\":true,\"link_style\":\"default\",\"link_text\":\"Read more\",\"margin\":\"default\",\"meta_align\":\"below-title\",\"meta_color\":\"primary\",\"meta_element\":\"div\",\"meta_margin\":\"remove\",\"meta_style\":\"h6\",\"panel_padding\":\"small\",\"parallax_easing\":\"1\",\"show_content\":true,\"show_hover_image\":true,\"show_hover_video\":true,\"show_image\":true,\"show_link\":true,\"show_meta\":true,\"show_title\":true,\"show_video\":true,\"text_align\":\"center\",\"title_align\":\"top\",\"title_element\":\"h4\",\"title_grid_breakpoint\":\"m\",\"title_grid_width\":\"small\",\"title_hover_style\":\"reset\",\"title_margin\":\"remove\",\"title_style\":\"h5\"},\"children\":[{\"type\":\"grid_item\",\"props\":{\"_condition\":true,\"content\":\"\n\n<p>sis. aamiaisen<\\\/p>\",\"image\":\"wp-content\\\/uploads\\\/icon-guests.svg\",\"meta\":\"2 henkil\\u00f6\\u00e4\"}},{\"type\":\"grid_item\",\"props\":{\"_condition\":true,\"content\":\"\",\"image\":\"wp-content\\\/uploads\\\/icon-double-bed.svg\",\"meta\":\"1 paris\\u00e4nky\"}},{\"type\":\"grid_item\",\"props\":{\"_condition\":true,\"content\":\"\",\"image\":\"https:\\\/\\\/davas.site\\\/rukasafaris\\\/wp-content\\\/uploads\\\/2022\\\/03\\\/vessa3.svg\",\"meta\":\"1 kylpyhuone\"}},{\"type\":\"grid_item\",\"props\":{\"content\":\"ei sallittu\",\"image\":\"https:\\\/\\\/davas.site\\\/rukasafaris\\\/wp-content\\\/uploads\\\/icon-pets-welcome.svg\",\"meta\":\"lemmikit\",\"title\":\"\"}}]},{\"type\":\"text\",\"props\":{\"column_breakpoint\":\"m\",\"content\":\"\n\n<p>Upeat glass villat ovat osa Iisakki Village kokonaisuutta Rukaj\\u00e4rven rannalla, upealla ja rauhallisella luontopaikalla. Lumoudu villan suurista ikkunoista avautuvista n\\u00e4kymist\\u00e4 vuoden jokaisena p\\u00e4iv\\u00e4n\\u00e4. Ihaile taivaalla ilmenevi\\u00e4 luonnonilmi\\u00f6it\\u00e4 kuten revontulia tai y\\u00f6t\\u00f6nt\\u00e4 y\\u00f6t\\u00e4 suurien kattoikkunoiden l\\u00e4vitse. Kun haluat yksityisyytt\\u00e4, voit sulkea verhot ja nauttia huoneen kauniista sisustuksesta ja rauhasta. Villasta l\\u00f6ytyy vuodepaikat kahdelle henkil\\u00f6lle, hyvin varusteltu minikeitti\\u00f6, wc- ja suihku. Huonehintaan sis\\u00e4ltyy aamiainen, joka tarjoillaan Iisakki Villagen p\\u00e4\\u00e4rakennuksessa Iisakin Talossa.<\\\/p>\\n\n\n<p>Iisakki Villagessa on my\\u00f6s yksityissauna, joka on varattavissa lis\\u00e4maksusta, sek\\u00e4 kes\\u00e4aikaan palvelevat yleiset saunavuorot (kysy tarkemmat sauna-ajat vastaanotostamme).\\u00a0<\\\/p>\\n\n\n<p>Glass Village koostuu yhteens\\u00e4 kymmenest\\u00e4 lasihuvilasta. <br \\\/>Osoite: Myllylahdentie 4, 93830 Rukatunturi<\\\/p>\",\"margin\":\"medium\"}},{\"type\":\"overlay-slider\",\"props\":{\"container_padding_remove\":true,\"image_height\":\"400\",\"image_width\":\"600\",\"link_style\":\"default\",\"link_text\":\"\",\"margin\":\"default\",\"meta_align\":\"below-title\",\"meta_element\":\"div\",\"meta_style\":\"text-meta\",\"nav\":\"\",\"nav_align\":\"left\",\"nav_below\":true,\"nav_breakpoint\":\"s\",\"nav_position\":\"bottom-center\",\"nav_position_margin\":\"medium\",\"overlay_link\":true,\"overlay_mode\":\"cover\",\"overlay_position\":\"center\",\"overlay_transition\":\"fade\",\"show_content\":true,\"show_hover_image\":true,\"show_hover_video\":true,\"show_link\":true,\"show_meta\":true,\"show_title\":false,\"slidenav\":\"default\",\"slidenav_breakpoint\":\"s\",\"slidenav_large\":true,\"slidenav_margin\":\"small\",\"slidenav_outside_breakpoint\":\"xl\",\"slider_autoplay\":true,\"slider_autoplay_pause\":true,\"slider_center\":false,\"slider_finite\":false,\"slider_gap\":\"small\",\"slider_width\":\"\",\"slider_width_default\":\"1-1\",\"slider_width_medium\":\"1-3\",\"text_align\":\"center\",\"title_element\":\"h3\",\"title_hover_style\":\"reset\"},\"children\":[{\"type\":\"overlay-slider_item\",\"props\":{\"image\":\"wp-content\\\/uploads\\\/2024\\\/02\\\/RukaSafaris_glassvilla_northernlights_luxury.jpg\",\"meta\":\"Iisakki Glass Village\",\"title\":\"\"}},{\"type\":\"overlay-slider_item\",\"props\":{\"image\":\"wp-content\\\/uploads\\\/2024\\\/04\\\/GlassVilla_luxury_accommodation-scaled.jpg\"}},{\"type\":\"overlay-slider_item\",\"props\":{\"image\":\"wp-content\\\/uploads\\\/2022\\\/03\\\/glass-village-ruska2.jpeg\",\"title\":\"glass-village-ruska2\"}},{\"type\":\"overlay-slider_item\",\"props\":{\"image\":\"wp-content\\\/uploads\\\/2022\\\/03\\\/glass-village-talvi.jpg\",\"title\":\"glass-village-talvi\"}},{\"type\":\"overlay-slider_item\",\"props\":{\"image\":\"wp-content\\\/uploads\\\/2022\\\/03\\\/glass-village-keittio2.jpg\",\"title\":\"glass-village-keittio2\"}},{\"type\":\"overlay-slider_item\",\"props\":{\"image\":\"wp-content\\\/uploads\\\/2022\\\/03\\\/glass-village-sanky.jpg\",\"title\":\"glass-village-sanky\"}},{\"type\":\"overlay-slider_item\",\"props\":{\"image\":\"wp-content\\\/uploads\\\/2022\\\/03\\\/glass-village-keittio.jpg\",\"title\":\"glass-village-keittio\"}},{\"type\":\"overlay-slider_item\",\"props\":{\"image\":\"wp-content\\\/uploads\\\/2022\\\/03\\\/glass-village-suihku.jpg\",\"title\":\"glass-village-suihku\"}},{\"type\":\"overlay-slider_item\",\"props\":{\"image\":\"wp-content\\\/uploads\\\/2022\\\/03\\\/glass-village-laavu.jpg\",\"title\":\"glass-village-laavu\"}},{\"type\":\"overlay-slider_item\",\"props\":{\"image\":\"wp-content\\\/uploads\\\/2022\\\/03\\\/glass-village-ruska.jpeg\",\"title\":\"glass-village-ruska\"}}]}]}]}],\"name\":\"Activities\"},{\"type\":\"section\",\"props\":{\"id\":\"varaus\",\"image_position\":\"center-center\",\"style\":\"default\",\"title_breakpoint\":\"xl\",\"title_position\":\"top-left\",\"title_rotation\":\"left\",\"vertical_align\":\"\",\"width\":\"expand\"},\"children\":[{\"type\":\"row\",\"children\":[{\"type\":\"column\",\"props\":{\"image_position\":\"center-center\",\"position_sticky_breakpoint\":\"m\",\"width_medium\":\"1-1\"},\"children\":[{\"type\":\"headline\",\"props\":{\"content\":\"Varaa online\",\"text_align\":\"center\",\"title_element\":\"h1\",\"title_style\":\"h3\"}},{\"type\":\"text\",\"props\":{\"column_breakpoint\":\"m\",\"content\":\"\n\n<p><script src=\\\"https:\\\/\\\/widget.travius.eu\\\/travius-widget.js?key=2b24d495052a8ce66358eb576b8912c8&s=1&pid=68391&type=accommodation&lang=fi&layout=slim\\\" type=\\\"text\\\/javascript\\\" id=\\\"travius-widget-script\\\"><\\\/script><\\\/p>\\n\n\n<div class=\\\"container\\\"> \\n  <iframe class=\\\"responsive-iframe\\\" id=\\\"travius-widget\\\" ><\\\/iframe>\\n<\\\/div>\",\"margin\":\"default\"}}]}]}]}],\"type\":\"layout\",\"version\":\"4.5.6\"} --><\/p>\n","protected":false},"excerpt":{"rendered":"<p>Iisakki Village IisakkiGlass Village Varaa online 2 henkil\u00f6\u00e4 sis. aamiaisen 1 paris\u00e4nky 1 kylpyhuone lemmikit ei sallittu Upeat glass villat ovat osa Iisakki Village kokonaisuutta Rukaj\u00e4rven rannalla, upealla ja rauhallisella luontopaikalla. Lumoudu villan suurista ikkunoista avautuvista n\u00e4kymist\u00e4 vuoden jokaisena p\u00e4iv\u00e4n\u00e4. Ihaile taivaalla ilmenevi\u00e4 luonnonilmi\u00f6it\u00e4 kuten revontulia tai y\u00f6t\u00f6nt\u00e4 y\u00f6t\u00e4 suurien kattoikkunoiden l\u00e4vitse. Kun haluat yksityisyytt\u00e4, [&hellip;]<\/p>\n","protected":false},"author":1,"featured_media":194,"parent":550,"menu_order":0,"comment_status":"closed","ping_status":"closed","template":"","meta":{"cybocfi_hide_featured_image":"","footnotes":""},"class_list":["post-742","page","type-page","status-publish","has-post-thumbnail","hentry"],"yoast_head":"<!-- This site is optimized with the Yoast SEO Premium plugin v25.1 (Yoast SEO v25.3) - https:\/\/yoast.com\/wordpress\/plugins\/seo\/ -->\n<title>Iisakki Glass Village - Ruka Safaris, Kuusamo, Finland<\/title>\n<meta name=\"description\" content=\"Kahden hengen villan suurista ikkunoista ja lasikaton l\u00e4pi pystyy tarkkailemaan ymp\u00e4r\u00f6iv\u00e4\u00e4 luontoa ja luonnonilmi\u00f6it\u00e4 kuten revontulia tai y\u00f6t\u00f6nt\u00e4 y\u00f6t\u00e4\" \/>\n<meta name=\"robots\" content=\"index, follow, max-snippet:-1, max-image-preview:large, max-video-preview:-1\" \/>\n<link rel=\"canonical\" href=\"https:\/\/davas.site\/rukasafaris\/majoitus\/iisakki-villagen-mokit-ja-huoneistot\/iisakkiglassvillage\/\" \/>\n<meta property=\"og:locale\" content=\"fi_FI\" \/>\n<meta property=\"og:type\" content=\"article\" \/>\n<meta property=\"og:title\" content=\"Iisakki Glass Village\" \/>\n<meta property=\"og:description\" content=\"Kahden hengen villan suurista ikkunoista ja lasikaton l\u00e4pi pystyy tarkkailemaan ymp\u00e4r\u00f6iv\u00e4\u00e4 luontoa ja luonnonilmi\u00f6it\u00e4 kuten revontulia tai y\u00f6t\u00f6nt\u00e4 y\u00f6t\u00e4\" \/>\n<meta property=\"og:url\" content=\"https:\/\/davas.site\/rukasafaris\/majoitus\/iisakki-villagen-mokit-ja-huoneistot\/iisakkiglassvillage\/\" \/>\n<meta property=\"og:site_name\" content=\"Ruka Safaris, Kuusamo, Finland\" \/>\n<meta property=\"article:publisher\" content=\"https:\/\/www.facebook.com\/rukasafaris\" \/>\n<meta property=\"article:modified_time\" content=\"2025-05-26T10:43:25+00:00\" \/>\n<meta property=\"og:image\" content=\"https:\/\/davas.site\/rukasafaris\/wp-content\/uploads\/2020\/04\/rs-camping-glasshouse.jpg\" \/>\n\t<meta property=\"og:image:width\" content=\"800\" \/>\n\t<meta property=\"og:image:height\" content=\"534\" \/>\n\t<meta property=\"og:image:type\" content=\"image\/jpeg\" \/>\n<meta name=\"twitter:card\" content=\"summary_large_image\" \/>\n<meta name=\"twitter:label1\" content=\"Arvioitu lukuaika\" \/>\n\t<meta name=\"twitter:data1\" content=\"1 minuutti\" \/>\n<script type=\"application\/ld+json\" class=\"yoast-schema-graph\">{\"@context\":\"https:\/\/schema.org\",\"@graph\":[{\"@type\":\"WebPage\",\"@id\":\"https:\/\/davas.site\/rukasafaris\/majoitus\/iisakki-villagen-mokit-ja-huoneistot\/iisakkiglassvillage\/\",\"url\":\"https:\/\/davas.site\/rukasafaris\/majoitus\/iisakki-villagen-mokit-ja-huoneistot\/iisakkiglassvillage\/\",\"name\":\"Iisakki Glass Village - Ruka Safaris, Kuusamo, Finland\",\"isPartOf\":{\"@id\":\"https:\/\/davas.site\/rukasafaris\/#website\"},\"primaryImageOfPage\":{\"@id\":\"https:\/\/davas.site\/rukasafaris\/majoitus\/iisakki-villagen-mokit-ja-huoneistot\/iisakkiglassvillage\/#primaryimage\"},\"image\":{\"@id\":\"https:\/\/davas.site\/rukasafaris\/majoitus\/iisakki-villagen-mokit-ja-huoneistot\/iisakkiglassvillage\/#primaryimage\"},\"thumbnailUrl\":\"https:\/\/davas.site\/rukasafaris\/wp-content\/uploads\/2020\/04\/rs-camping-glasshouse.jpg\",\"datePublished\":\"2022-03-25T10:11:03+00:00\",\"dateModified\":\"2025-05-26T10:43:25+00:00\",\"description\":\"Kahden hengen villan suurista ikkunoista ja lasikaton l\u00e4pi pystyy tarkkailemaan ymp\u00e4r\u00f6iv\u00e4\u00e4 luontoa ja luonnonilmi\u00f6it\u00e4 kuten revontulia tai y\u00f6t\u00f6nt\u00e4 y\u00f6t\u00e4\",\"breadcrumb\":{\"@id\":\"https:\/\/davas.site\/rukasafaris\/majoitus\/iisakki-villagen-mokit-ja-huoneistot\/iisakkiglassvillage\/#breadcrumb\"},\"inLanguage\":\"fi\",\"potentialAction\":[{\"@type\":\"ReadAction\",\"target\":[\"https:\/\/davas.site\/rukasafaris\/majoitus\/iisakki-villagen-mokit-ja-huoneistot\/iisakkiglassvillage\/\"]}]},{\"@type\":\"ImageObject\",\"inLanguage\":\"fi\",\"@id\":\"https:\/\/davas.site\/rukasafaris\/majoitus\/iisakki-villagen-mokit-ja-huoneistot\/iisakkiglassvillage\/#primaryimage\",\"url\":\"https:\/\/davas.site\/rukasafaris\/wp-content\/uploads\/2020\/04\/rs-camping-glasshouse.jpg\",\"contentUrl\":\"https:\/\/davas.site\/rukasafaris\/wp-content\/uploads\/2020\/04\/rs-camping-glasshouse.jpg\",\"width\":800,\"height\":534},{\"@type\":\"BreadcrumbList\",\"@id\":\"https:\/\/davas.site\/rukasafaris\/majoitus\/iisakki-villagen-mokit-ja-huoneistot\/iisakkiglassvillage\/#breadcrumb\",\"itemListElement\":[{\"@type\":\"ListItem\",\"position\":1,\"name\":\"Home\",\"item\":\"https:\/\/davas.site\/rukasafaris\/\"},{\"@type\":\"ListItem\",\"position\":2,\"name\":\"Majoitusta 1-112 hengelle\",\"item\":\"https:\/\/davas.site\/rukasafaris\/majoitus\/\"},{\"@type\":\"ListItem\",\"position\":3,\"name\":\"Iisakki Villagen m\u00f6kit ja huoneistot\",\"item\":\"https:\/\/davas.site\/rukasafaris\/majoitus\/iisakki-villagen-mokit-ja-huoneistot\/\"},{\"@type\":\"ListItem\",\"position\":4,\"name\":\"Iisakki Glass Village\"}]},{\"@type\":\"WebSite\",\"@id\":\"https:\/\/davas.site\/rukasafaris\/#website\",\"url\":\"https:\/\/davas.site\/rukasafaris\/\",\"name\":\"Ruka Safaris, Kuusamo\",\"description\":\"Adventure Travel Since 1988\",\"publisher\":{\"@id\":\"https:\/\/davas.site\/rukasafaris\/#organization\"},\"potentialAction\":[{\"@type\":\"SearchAction\",\"target\":{\"@type\":\"EntryPoint\",\"urlTemplate\":\"https:\/\/davas.site\/rukasafaris\/?s={search_term_string}\"},\"query-input\":{\"@type\":\"PropertyValueSpecification\",\"valueRequired\":true,\"valueName\":\"search_term_string\"}}],\"inLanguage\":\"fi\"},{\"@type\":\"Organization\",\"@id\":\"https:\/\/davas.site\/rukasafaris\/#organization\",\"name\":\"Ruka Safaris\",\"url\":\"https:\/\/davas.site\/rukasafaris\/\",\"logo\":{\"@type\":\"ImageObject\",\"inLanguage\":\"fi\",\"@id\":\"https:\/\/davas.site\/rukasafaris\/#\/schema\/logo\/image\/\",\"url\":\"https:\/\/davas.site\/rukasafaris\/wp-content\/uploads\/2022\/03\/ruka-safaris-logo.png\",\"contentUrl\":\"https:\/\/davas.site\/rukasafaris\/wp-content\/uploads\/2022\/03\/ruka-safaris-logo.png\",\"width\":500,\"height\":500,\"caption\":\"Ruka Safaris\"},\"image\":{\"@id\":\"https:\/\/davas.site\/rukasafaris\/#\/schema\/logo\/image\/\"},\"sameAs\":[\"https:\/\/www.facebook.com\/rukasafaris\",\"https:\/\/www.instagram.com\/rukasafaris\",\"https:\/\/www.youtube.com\/user\/rukasafaris\"]}]}<\/script>\n<!-- \/ Yoast SEO Premium plugin. -->","yoast_head_json":{"title":"Iisakki Glass Village - Ruka Safaris, Kuusamo, Finland","description":"Kahden hengen villan suurista ikkunoista ja lasikaton l\u00e4pi pystyy tarkkailemaan ymp\u00e4r\u00f6iv\u00e4\u00e4 luontoa ja luonnonilmi\u00f6it\u00e4 kuten revontulia tai y\u00f6t\u00f6nt\u00e4 y\u00f6t\u00e4","robots":{"index":"index","follow":"follow","max-snippet":"max-snippet:-1","max-image-preview":"max-image-preview:large","max-video-preview":"max-video-preview:-1"},"canonical":"https:\/\/davas.site\/rukasafaris\/majoitus\/iisakki-villagen-mokit-ja-huoneistot\/iisakkiglassvillage\/","og_locale":"fi_FI","og_type":"article","og_title":"Iisakki Glass Village","og_description":"Kahden hengen villan suurista ikkunoista ja lasikaton l\u00e4pi pystyy tarkkailemaan ymp\u00e4r\u00f6iv\u00e4\u00e4 luontoa ja luonnonilmi\u00f6it\u00e4 kuten revontulia tai y\u00f6t\u00f6nt\u00e4 y\u00f6t\u00e4","og_url":"https:\/\/davas.site\/rukasafaris\/majoitus\/iisakki-villagen-mokit-ja-huoneistot\/iisakkiglassvillage\/","og_site_name":"Ruka Safaris, Kuusamo, Finland","article_publisher":"https:\/\/www.facebook.com\/rukasafaris","article_modified_time":"2025-05-26T10:43:25+00:00","og_image":[{"width":800,"height":534,"url":"https:\/\/davas.site\/rukasafaris\/wp-content\/uploads\/2020\/04\/rs-camping-glasshouse.jpg","type":"image\/jpeg"}],"twitter_card":"summary_large_image","twitter_misc":{"Arvioitu lukuaika":"1 minuutti"},"schema":{"@context":"https:\/\/schema.org","@graph":[{"@type":"WebPage","@id":"https:\/\/davas.site\/rukasafaris\/majoitus\/iisakki-villagen-mokit-ja-huoneistot\/iisakkiglassvillage\/","url":"https:\/\/davas.site\/rukasafaris\/majoitus\/iisakki-villagen-mokit-ja-huoneistot\/iisakkiglassvillage\/","name":"Iisakki Glass Village - Ruka Safaris, Kuusamo, Finland","isPartOf":{"@id":"https:\/\/davas.site\/rukasafaris\/#website"},"primaryImageOfPage":{"@id":"https:\/\/davas.site\/rukasafaris\/majoitus\/iisakki-villagen-mokit-ja-huoneistot\/iisakkiglassvillage\/#primaryimage"},"image":{"@id":"https:\/\/davas.site\/rukasafaris\/majoitus\/iisakki-villagen-mokit-ja-huoneistot\/iisakkiglassvillage\/#primaryimage"},"thumbnailUrl":"https:\/\/davas.site\/rukasafaris\/wp-content\/uploads\/2020\/04\/rs-camping-glasshouse.jpg","datePublished":"2022-03-25T10:11:03+00:00","dateModified":"2025-05-26T10:43:25+00:00","description":"Kahden hengen villan suurista ikkunoista ja lasikaton l\u00e4pi pystyy tarkkailemaan ymp\u00e4r\u00f6iv\u00e4\u00e4 luontoa ja luonnonilmi\u00f6it\u00e4 kuten revontulia tai y\u00f6t\u00f6nt\u00e4 y\u00f6t\u00e4","breadcrumb":{"@id":"https:\/\/davas.site\/rukasafaris\/majoitus\/iisakki-villagen-mokit-ja-huoneistot\/iisakkiglassvillage\/#breadcrumb"},"inLanguage":"fi","potentialAction":[{"@type":"ReadAction","target":["https:\/\/davas.site\/rukasafaris\/majoitus\/iisakki-villagen-mokit-ja-huoneistot\/iisakkiglassvillage\/"]}]},{"@type":"ImageObject","inLanguage":"fi","@id":"https:\/\/davas.site\/rukasafaris\/majoitus\/iisakki-villagen-mokit-ja-huoneistot\/iisakkiglassvillage\/#primaryimage","url":"https:\/\/davas.site\/rukasafaris\/wp-content\/uploads\/2020\/04\/rs-camping-glasshouse.jpg","contentUrl":"https:\/\/davas.site\/rukasafaris\/wp-content\/uploads\/2020\/04\/rs-camping-glasshouse.jpg","width":800,"height":534},{"@type":"BreadcrumbList","@id":"https:\/\/davas.site\/rukasafaris\/majoitus\/iisakki-villagen-mokit-ja-huoneistot\/iisakkiglassvillage\/#breadcrumb","itemListElement":[{"@type":"ListItem","position":1,"name":"Home","item":"https:\/\/davas.site\/rukasafaris\/"},{"@type":"ListItem","position":2,"name":"Majoitusta 1-112 hengelle","item":"https:\/\/davas.site\/rukasafaris\/majoitus\/"},{"@type":"ListItem","position":3,"name":"Iisakki Villagen m\u00f6kit ja huoneistot","item":"https:\/\/davas.site\/rukasafaris\/majoitus\/iisakki-villagen-mokit-ja-huoneistot\/"},{"@type":"ListItem","position":4,"name":"Iisakki Glass Village"}]},{"@type":"WebSite","@id":"https:\/\/davas.site\/rukasafaris\/#website","url":"https:\/\/davas.site\/rukasafaris\/","name":"Ruka Safaris, Kuusamo","description":"Adventure Travel Since 1988","publisher":{"@id":"https:\/\/davas.site\/rukasafaris\/#organization"},"potentialAction":[{"@type":"SearchAction","target":{"@type":"EntryPoint","urlTemplate":"https:\/\/davas.site\/rukasafaris\/?s={search_term_string}"},"query-input":{"@type":"PropertyValueSpecification","valueRequired":true,"valueName":"search_term_string"}}],"inLanguage":"fi"},{"@type":"Organization","@id":"https:\/\/davas.site\/rukasafaris\/#organization","name":"Ruka Safaris","url":"https:\/\/davas.site\/rukasafaris\/","logo":{"@type":"ImageObject","inLanguage":"fi","@id":"https:\/\/davas.site\/rukasafaris\/#\/schema\/logo\/image\/","url":"https:\/\/davas.site\/rukasafaris\/wp-content\/uploads\/2022\/03\/ruka-safaris-logo.png","contentUrl":"https:\/\/davas.site\/rukasafaris\/wp-content\/uploads\/2022\/03\/ruka-safaris-logo.png","width":500,"height":500,"caption":"Ruka Safaris"},"image":{"@id":"https:\/\/davas.site\/rukasafaris\/#\/schema\/logo\/image\/"},"sameAs":["https:\/\/www.facebook.com\/rukasafaris","https:\/\/www.instagram.com\/rukasafaris","https:\/\/www.youtube.com\/user\/rukasafaris"]}]}},"_links":{"self":[{"href":"https:\/\/davas.site\/rukasafaris\/wp-json\/wp\/v2\/pages\/742","targetHints":{"allow":["GET"]}}],"collection":[{"href":"https:\/\/davas.site\/rukasafaris\/wp-json\/wp\/v2\/pages"}],"about":[{"href":"https:\/\/davas.site\/rukasafaris\/wp-json\/wp\/v2\/types\/page"}],"author":[{"embeddable":true,"href":"https:\/\/davas.site\/rukasafaris\/wp-json\/wp\/v2\/users\/1"}],"replies":[{"embeddable":true,"href":"https:\/\/davas.site\/rukasafaris\/wp-json\/wp\/v2\/comments?post=742"}],"version-history":[{"count":47,"href":"https:\/\/davas.site\/rukasafaris\/wp-json\/wp\/v2\/pages\/742\/revisions"}],"predecessor-version":[{"id":10458,"href":"https:\/\/davas.site\/rukasafaris\/wp-json\/wp\/v2\/pages\/742\/revisions\/10458"}],"up":[{"embeddable":true,"href":"https:\/\/davas.site\/rukasafaris\/wp-json\/wp\/v2\/pages\/550"}],"wp:featuredmedia":[{"embeddable":true,"href":"https:\/\/davas.site\/rukasafaris\/wp-json\/wp\/v2\/media\/194"}],"wp:attachment":[{"href":"https:\/\/davas.site\/rukasafaris\/wp-json\/wp\/v2\/media?parent=742"}],"curies":[{"name":"wp","href":"https:\/\/api.w.org\/{rel}","templated":true}]}}