{"id":744,"date":"2022-03-25T12:13:37","date_gmt":"2022-03-25T10:13:37","guid":{"rendered":"https:\/\/davas.site\/rukasafaris\/?p=744"},"modified":"2025-05-26T13:43:24","modified_gmt":"2025-05-26T10:43:24","slug":"iisakin-portti","status":"publish","type":"page","link":"https:\/\/davas.site\/rukasafaris\/majoitus\/iisakki-villagen-mokit-ja-huoneistot\/iisakin-portti\/","title":{"rendered":"Iisakin Portti"},"content":{"rendered":"<div>Iisakki Village<\/div>\n<h1>Iisakin Portti<\/h1>\n<p>\n    <a href=\"#varaus\">Varaa online<\/a>\n<\/p>\n<ul>\n<li>\n<p><img decoding=\"async\" src=\"\/wp-content\/uploads\/icon-guests.svg\" alt=\"\"><\/p>\n<p>4<\/p>\n<\/li>\n<li>\n<p><img decoding=\"async\" src=\"\/wp-content\/uploads\/icon-double-bed.svg\" alt=\"\"><\/p>\n<p>2<\/p>\n<div>\n<p>sis. liinavaatteet ja loppusiivous<\/p>\n<\/div>\n<\/li>\n<li>\n<p><img decoding=\"async\" src=\"https:\/\/davas.site\/rukasafaris\/wp-content\/uploads\/2022\/03\/vessa3.svg\" alt=\"\"><\/p>\n<p>2<\/p>\n<\/li>\n<li>\n<p><img decoding=\"async\" src=\"https:\/\/davas.site\/rukasafaris\/wp-content\/uploads\/icon-pets-welcome.svg\" alt=\"\"><\/p>\n<div>ei sallittu<\/div>\n<\/li>\n<\/ul>\n<div>\n<p>Iisakin Portti on joulukuussa 2019 valmistunut paritalohuoneisto Iisakki Villagen alueella Rukaj\u00e4rven rantamaisemissa. Huoneistossa on hyvin varusteltu tupakeitti\u00f6 ja tunnelmaa luova takka. Huoneistossa on kaksi kahden hengen makuuhuonetta. Kylpyhuoneesta l\u00f6yd\u00e4t wc:n, kaksi suihkua ja saunan sek\u00e4 kodinhoitotilan pyykinpesumahdollisuuksineen. Lis\u00e4ksi my\u00f6s erillinen wc. Kes\u00e4aikaan majoitusmukavuutta tuo lasitettu terassi sek\u00e4 ulkoterassi grillausmahdollisuuksineen.\u00a0<\/p>\n<p>Hinta sis\u00e4lt\u00e4\u00e4 kes\u00e4isin Iisakki Village alueen palvelut: sup-lautojen, kanoottien ja soutuveneen vapaan k\u00e4yt\u00f6n. Iisakki Villagesta my\u00f6s py\u00f6r\u00e4vuokrausta.<\/p>\n<p>Varustus<\/p>\n<ul>\n<li>S\u00e4hk\u00f6sauna ja 2 x suihku<\/li>\n<li>Takka ja m\u00f6kiss\u00e4 olevat takkapuut<\/li>\n<li>Lasitettu terassi s\u00e4teilyl\u00e4mmittimill\u00e4<\/li>\n<li>Kes\u00e4isin kaasugrilli<\/li>\n<li>Keitti\u00f6varustus: astiasto 6:lle henkil\u00f6lle, kahvinkeitin, vedenkeitin, leiv\u00e4npaahdin, mikroaaltouuni, s\u00e4hk\u00f6liesi, astianpesukone, j\u00e4\u00e4kaappipakastin<\/li>\n<li>Pyykinpesukone<\/li>\n<li>Erillinen wc ja suihkutilojen yhteydess\u00e4 toinen wc<\/li>\n<li>Liinavaatteet pedattuina ja pyyheliinat sis\u00e4ltyv\u00e4t hintaan<\/li>\n<\/ul>\n<\/div>\n<ul>\n<li>\n<p>        <img decoding=\"async\" src=\"\/wp-content\/uploads\/2022\/03\/iisakin-portti-oleskelu2.jpg\" alt=\"\"><\/p>\n<h3>iisakin-portti-oleskelu2<\/h3>\n<\/li>\n<li>\n<p>        <img decoding=\"async\" src=\"\/wp-content\/uploads\/2022\/03\/iisakin-portti-oleskelu.jpg\" alt=\"\"><\/p>\n<h3>iisakin-portti-oleskelu<\/h3>\n<\/li>\n<li>\n<p>        <img decoding=\"async\" src=\"\/wp-content\/uploads\/2022\/03\/iisakin-portti-makuuhuone.jpg\" alt=\"\"><\/p>\n<h3>iisakin-portti-makuuhuone<\/h3>\n<\/li>\n<li>\n<p>        <img decoding=\"async\" src=\"\/wp-content\/uploads\/2022\/03\/iisakin-portti-makuuhuone2.jpg\" alt=\"\"><\/p>\n<h3>iisakin-portti-makuuhuone2<\/h3>\n<\/li>\n<li>\n<p>        <img decoding=\"async\" src=\"\/wp-content\/uploads\/2022\/03\/iisakin-portti-kylpyhuone.jpg\" alt=\"\"><\/p>\n<h3>iisakin-portti-kylpyhuone<\/h3>\n<\/li>\n<li>\n<p>        <img decoding=\"async\" src=\"\/wp-content\/uploads\/2022\/03\/iisakin-portti-sauna.jpg\" alt=\"\"><\/p>\n<h3>iisakin-portti-sauna<\/h3>\n<\/li>\n<li>\n<p>        <img decoding=\"async\" src=\"\/wp-content\/uploads\/2022\/03\/iisakin-portti-eteinen.jpg\" alt=\"\"><\/p>\n<h3>iisakin-portti-eteinen<\/h3>\n<\/li>\n<li>\n<p>        <img decoding=\"async\" src=\"\/wp-content\/uploads\/2022\/03\/iisakin-portti-wc.jpg\" alt=\"\"><\/p>\n<h3>iisakin-portti-wc<\/h3>\n<\/li>\n<li>\n<p>        <img decoding=\"async\" src=\"\/wp-content\/uploads\/2022\/03\/iisakin-portti-takapiha.jpg\" alt=\"\"><\/p>\n<h3>iisakin-portti-takapiha<\/h3>\n<\/li>\n<li>\n<p>        <img decoding=\"async\" src=\"\/wp-content\/uploads\/2022\/03\/iisakin-portti-terassi.jpg\" alt=\"\"><\/p>\n<h3>iisakin-portti-terassi<\/h3>\n<\/li>\n<\/ul>\n<h3>Varaa online<\/h3>\n<div><script src=\"https:\/\/widget.travius.eu\/travius-widget.js?key=2b24d495052a8ce66358eb576b8912c8&#038;s=1&#038;pid=68397&#038;type=accommodation&#038;lang=fi&#038;layout=slim\" type=\"text\/javascript\" id=\"travius-widget-script\"><\/script><\/p>\n<p><div class=\"container\">\n  <iframe class=\"responsive-iframe\" id=\"travius-widget\" ><\/iframe>\n<\/div>\n<\/div>\n<p><!--more--><br \/>\n<!-- {\"children\":[{\"type\":\"section\",\"props\":{\"header_transparent\":false,\"header_transparent_noplaceholder\":true,\"height\":\"viewport\",\"height_offset_top\":true,\"height_viewport\":80,\"image\":\"https:\\\/\\\/davas.site\\\/rukasafaris\\\/wp-content\\\/uploads\\\/2022\\\/03\\\/Iisakin-portti-terassi-iso.jpg\",\"image_height\":\"1100\",\"image_loading\":true,\"image_position\":\"center-center\",\"image_size\":\"cover\",\"image_width\":\"2200\",\"media_overlay\":\"rgba(0, 0, 0, 0.25)\",\"style\":\"default\",\"text_color\":\"light\",\"title_breakpoint\":\"xl\",\"title_position\":\"top-left\",\"title_rotation\":\"left\",\"vertical_align\":\"middle\",\"video_width\":\"2560\",\"width\":\"xlarge\"},\"children\":[{\"type\":\"row\",\"props\":{\"margin\":\"remove-vertical\"},\"children\":[{\"type\":\"column\",\"props\":{\"image_position\":\"center-center\",\"position_sticky_breakpoint\":\"m\",\"width_medium\":\"1-1\"},\"children\":[{\"type\":\"headline\",\"props\":{\"block_align\":\"center\",\"content\":\"Iisakki Village\",\"margin\":\"small\",\"text_align\":\"center\",\"title_decoration\":\"line\",\"title_element\":\"div\",\"title_font_family\":\"tertiary\",\"title_style\":\"h3\"}},{\"type\":\"headline\",\"props\":{\"block_align\":\"center\",\"content\":\"Iisakin Portti\",\"margin_remove_top\":true,\"text_align\":\"center\",\"title_element\":\"h1\",\"title_style\":\"heading-large\"}},{\"type\":\"button\",\"props\":{\"grid_column_gap\":\"small\",\"grid_row_gap\":\"small\",\"margin\":\"default\",\"position_bottom\":\"-50\",\"position_left\":\"70\",\"text_align\":\"center\"},\"children\":[{\"type\":\"button_item\",\"props\":{\"button_style\":\"primary\",\"content\":\"Varaa online\",\"icon\":\"\",\"icon_align\":\"left\",\"link\":\"#varaus\",\"link_title\":\"Varaa online\"}}]}]}]}],\"name\":\"Hero\"},{\"type\":\"section\",\"props\":{\"image_position\":\"center-center\",\"padding_remove_top\":false,\"style\":\"default\",\"title_breakpoint\":\"xl\",\"title_position\":\"center-left\",\"title_rotation\":\"left\",\"vertical_align\":\"middle\",\"width\":\"small\"},\"children\":[{\"type\":\"row\",\"children\":[{\"type\":\"column\",\"props\":{\"image_position\":\"center-center\",\"position_sticky_breakpoint\":\"m\",\"width_medium\":\"1-1\"},\"children\":[{\"type\":\"grid\",\"props\":{\"animation\":true,\"content_column_breakpoint\":\"m\",\"content_margin\":\"remove\",\"content_style\":\"text-meta\",\"filter_align\":\"left\",\"filter_all\":true,\"filter_grid_breakpoint\":\"m\",\"filter_grid_width\":\"auto\",\"filter_position\":\"top\",\"filter_style\":\"tab\",\"grid_column_align\":true,\"grid_column_gap\":\"collapse\",\"grid_default\":\"2\",\"grid_medium\":\"5\",\"grid_row_align\":false,\"grid_row_gap\":\"small\",\"grid_small\":\"5\",\"icon_width\":\"25\",\"image_align\":\"top\",\"image_grid_breakpoint\":\"\",\"image_grid_column_gap\":\"small\",\"image_grid_width\":\"auto\",\"image_height\":\"25\",\"image_loading\":true,\"image_svg_color\":\"emphasis\",\"image_svg_inline\":true,\"image_width\":\"25\",\"item_animation\":true,\"link_style\":\"default\",\"link_text\":\"Read more\",\"margin\":\"default\",\"meta_align\":\"below-title\",\"meta_color\":\"primary\",\"meta_element\":\"div\",\"meta_margin\":\"remove\",\"meta_style\":\"h6\",\"panel_padding\":\"small\",\"parallax_easing\":\"1\",\"show_content\":true,\"show_image\":true,\"show_link\":true,\"show_meta\":true,\"show_title\":true,\"text_align\":\"center\",\"title_align\":\"top\",\"title_element\":\"h4\",\"title_grid_breakpoint\":\"m\",\"title_grid_width\":\"small\",\"title_hover_style\":\"reset\",\"title_margin\":\"remove\",\"title_style\":\"h5\"},\"children\":[{\"type\":\"grid_item\",\"props\":{\"_condition\":true,\"content\":\"\",\"image\":\"wp-content\\\/uploads\\\/icon-guests.svg\",\"meta\":\"4\"}},{\"type\":\"grid_item\",\"props\":{\"_condition\":true,\"content\":\"\n\n<p>sis. liinavaatteet ja loppusiivous<\\\/p>\",\"image\":\"wp-content\\\/uploads\\\/icon-double-bed.svg\",\"meta\":\"2\"}},{\"type\":\"grid_item\",\"props\":{\"_condition\":true,\"content\":\"\",\"image\":\"https:\\\/\\\/davas.site\\\/rukasafaris\\\/wp-content\\\/uploads\\\/2022\\\/03\\\/vessa3.svg\",\"meta\":\"2\"}},{\"type\":\"grid_item\",\"props\":{\"content\":\"ei sallittu\",\"image\":\"https:\\\/\\\/davas.site\\\/rukasafaris\\\/wp-content\\\/uploads\\\/icon-pets-welcome.svg\",\"meta\":\"\",\"title\":\"\"}}]},{\"type\":\"text\",\"props\":{\"column_breakpoint\":\"m\",\"content\":\"\n\n<p>Iisakin Portti on joulukuussa 2019 valmistunut paritalohuoneisto Iisakki Villagen alueella Rukaj\\u00e4rven rantamaisemissa. Huoneistossa on hyvin varusteltu tupakeitti\\u00f6 ja tunnelmaa luova takka. Huoneistossa on kaksi kahden hengen makuuhuonetta. Kylpyhuoneesta l\\u00f6yd\\u00e4t wc:n, kaksi suihkua ja saunan sek\\u00e4 kodinhoitotilan pyykinpesumahdollisuuksineen. Lis\\u00e4ksi my\\u00f6s erillinen wc. Kes\\u00e4aikaan majoitusmukavuutta tuo lasitettu terassi sek\\u00e4 ulkoterassi grillausmahdollisuuksineen.\\u00a0<\\\/p>\\n\n\n<p>Hinta sis\\u00e4lt\\u00e4\\u00e4 kes\\u00e4isin Iisakki Village alueen palvelut: sup-lautojen, kanoottien ja soutuveneen vapaan k\\u00e4yt\\u00f6n. Iisakki Villagesta my\\u00f6s py\\u00f6r\\u00e4vuokrausta.<\\\/p>\\n\n\n<p>Varustus<\\\/p>\\n\n\n<ul>\\n\n\n<li>S\\u00e4hk\\u00f6sauna ja 2 x suihku<\\\/li>\\n\n\n<li>Takka ja m\\u00f6kiss\\u00e4 olevat takkapuut<\\\/li>\\n\n\n<li>Lasitettu terassi s\\u00e4teilyl\\u00e4mmittimill\\u00e4<\\\/li>\\n\n\n<li>Kes\\u00e4isin kaasugrilli<\\\/li>\\n\n\n<li>Keitti\\u00f6varustus: astiasto 6:lle henkil\\u00f6lle, kahvinkeitin, vedenkeitin, leiv\\u00e4npaahdin, mikroaaltouuni, s\\u00e4hk\\u00f6liesi, astianpesukone, j\\u00e4\\u00e4kaappipakastin<\\\/li>\\n\n\n<li>Pyykinpesukone<\\\/li>\\n\n\n<li>Erillinen wc ja suihkutilojen yhteydess\\u00e4 toinen wc<\\\/li>\\n\n\n<li>Liinavaatteet pedattuina ja pyyheliinat sis\\u00e4ltyv\\u00e4t hintaan<\\\/li>\\n<\\\/ul>\",\"margin\":\"medium\"}},{\"type\":\"overlay-slider\",\"props\":{\"container_padding_remove\":true,\"image_height\":\"400\",\"image_width\":\"600\",\"link_style\":\"default\",\"link_text\":\"\",\"margin\":\"default\",\"meta_align\":\"below-title\",\"meta_element\":\"div\",\"meta_style\":\"text-meta\",\"nav\":\"\",\"nav_align\":\"left\",\"nav_breakpoint\":\"s\",\"overlay_link\":true,\"overlay_mode\":\"cover\",\"overlay_position\":\"center\",\"overlay_transition\":\"fade\",\"show_content\":true,\"show_hover_image\":true,\"show_link\":true,\"show_meta\":true,\"show_title\":false,\"slidenav\":\"default\",\"slidenav_breakpoint\":\"s\",\"slidenav_large\":true,\"slidenav_margin\":\"small\",\"slidenav_outside_breakpoint\":\"xl\",\"slider_autoplay\":true,\"slider_autoplay_pause\":true,\"slider_center\":false,\"slider_finite\":false,\"slider_gap\":\"small\",\"slider_width\":\"\",\"slider_width_default\":\"1-1\",\"slider_width_medium\":\"1-3\",\"text_align\":\"center\",\"title_element\":\"h3\",\"title_hover_style\":\"reset\"},\"children\":[{\"type\":\"overlay-slider_item\",\"props\":{\"image\":\"wp-content\\\/uploads\\\/2022\\\/03\\\/iisakin-portti-oleskelu2.jpg\",\"title\":\"iisakin-portti-oleskelu2\"}},{\"type\":\"overlay-slider_item\",\"props\":{\"image\":\"wp-content\\\/uploads\\\/2022\\\/03\\\/iisakin-portti-oleskelu.jpg\",\"title\":\"iisakin-portti-oleskelu\"}},{\"type\":\"overlay-slider_item\",\"props\":{\"image\":\"wp-content\\\/uploads\\\/2022\\\/03\\\/iisakin-portti-makuuhuone.jpg\",\"title\":\"iisakin-portti-makuuhuone\"}},{\"type\":\"overlay-slider_item\",\"props\":{\"image\":\"wp-content\\\/uploads\\\/2022\\\/03\\\/iisakin-portti-makuuhuone2.jpg\",\"title\":\"iisakin-portti-makuuhuone2\"}},{\"type\":\"overlay-slider_item\",\"props\":{\"image\":\"wp-content\\\/uploads\\\/2022\\\/03\\\/iisakin-portti-kylpyhuone.jpg\",\"title\":\"iisakin-portti-kylpyhuone\"}},{\"type\":\"overlay-slider_item\",\"props\":{\"image\":\"wp-content\\\/uploads\\\/2022\\\/03\\\/iisakin-portti-sauna.jpg\",\"title\":\"iisakin-portti-sauna\"}},{\"type\":\"overlay-slider_item\",\"props\":{\"image\":\"wp-content\\\/uploads\\\/2022\\\/03\\\/iisakin-portti-eteinen.jpg\",\"title\":\"iisakin-portti-eteinen\"}},{\"type\":\"overlay-slider_item\",\"props\":{\"image\":\"wp-content\\\/uploads\\\/2022\\\/03\\\/iisakin-portti-wc.jpg\",\"title\":\"iisakin-portti-wc\"}},{\"type\":\"overlay-slider_item\",\"props\":{\"image\":\"wp-content\\\/uploads\\\/2022\\\/03\\\/iisakin-portti-takapiha.jpg\",\"title\":\"iisakin-portti-takapiha\"}},{\"type\":\"overlay-slider_item\",\"props\":{\"image\":\"wp-content\\\/uploads\\\/2022\\\/03\\\/iisakin-portti-terassi.jpg\",\"title\":\"iisakin-portti-terassi\"}}]},{\"type\":\"button\",\"props\":{\"grid_column_gap\":\"small\",\"grid_row_gap\":\"small\",\"margin\":\"default\",\"position_bottom\":\"-50\",\"position_left\":\"70\",\"status\":\"disabled\",\"text_align\":\"center\"},\"children\":[{\"type\":\"button_item\",\"props\":{\"button_style\":\"primary\",\"content\":\"pohjapiirros\",\"icon\":\"\",\"icon_align\":\"left\",\"lightbox_height\":\"600\",\"lightbox_width\":\"900\",\"link\":\"wp-content\\\/uploads\\\/2022\\\/03\\\/pohjakerros.pdf\",\"link_target\":\"modal\",\"link_title\":\"pohjapiirros\"}}]}]}]}],\"name\":\"Activities\"},{\"type\":\"section\",\"props\":{\"id\":\"varaus\",\"image_position\":\"center-center\",\"style\":\"default\",\"title_breakpoint\":\"xl\",\"title_position\":\"top-left\",\"title_rotation\":\"left\",\"vertical_align\":\"middle\",\"width\":\"expand\"},\"children\":[{\"type\":\"row\",\"children\":[{\"type\":\"column\",\"props\":{\"image_position\":\"center-center\",\"position_sticky_breakpoint\":\"m\",\"width_medium\":\"1-1\"},\"children\":[{\"type\":\"headline\",\"props\":{\"content\":\"Varaa online\",\"text_align\":\"center\",\"title_element\":\"h3\",\"title_style\":\"h3\"}},{\"type\":\"text\",\"props\":{\"column_breakpoint\":\"m\",\"content\":\"<script src=\\\"https:\\\/\\\/widget.travius.eu\\\/travius-widget.js?key=2b24d495052a8ce66358eb576b8912c8&s=1&pid=68397&type=accommodation&lang=fi&layout=slim\\\" type=\\\"text\\\/javascript\\\" id=\\\"travius-widget-script\\\"><\\\/script>\\n\n\n<p>\\n\n\n<div class=\\\"container\\\"> \\n  <iframe class=\\\"responsive-iframe\\\" id=\\\"travius-widget\\\" ><\\\/iframe>\\n<\\\/div>\",\"margin\":\"default\"}}]}]}]}],\"type\":\"layout\",\"version\":\"4.3.8\"} --><\/p>\n","protected":false},"excerpt":{"rendered":"<p>Iisakki Village Iisakin Portti Varaa online 4 2 sis. liinavaatteet ja loppusiivous 2 ei sallittu Iisakin Portti on joulukuussa 2019 valmistunut paritalohuoneisto Iisakki Villagen alueella Rukaj\u00e4rven rantamaisemissa. Huoneistossa on hyvin varusteltu tupakeitti\u00f6 ja tunnelmaa luova takka. Huoneistossa on kaksi kahden hengen makuuhuonetta. Kylpyhuoneesta l\u00f6yd\u00e4t wc:n, kaksi suihkua ja saunan sek\u00e4 kodinhoitotilan pyykinpesumahdollisuuksineen. Lis\u00e4ksi my\u00f6s erillinen [&hellip;]<\/p>\n","protected":false},"author":1,"featured_media":590,"parent":550,"menu_order":0,"comment_status":"closed","ping_status":"closed","template":"","meta":{"cybocfi_hide_featured_image":"","footnotes":""},"class_list":["post-744","page","type-page","status-publish","has-post-thumbnail","hentry"],"yoast_head":"<!-- This site is optimized with the Yoast SEO Premium plugin v25.1 (Yoast SEO v25.3) - https:\/\/yoast.com\/wordpress\/plugins\/seo\/ -->\n<title>Iisakin Portti - Ruka Safaris, Kuusamo, Finland<\/title>\n<meta name=\"description\" content=\"Uudehko paritalohuoneisto Iisakki Villagen alueella, Rukalla. 2 kpl 2hh + parvi. Hinta sis\u00e4lt\u00e4\u00e4 kes\u00e4isin Iisakki Village alueen palvelut.\" \/>\n<meta name=\"robots\" content=\"index, follow, max-snippet:-1, max-image-preview:large, max-video-preview:-1\" \/>\n<link rel=\"canonical\" href=\"https:\/\/davas.site\/rukasafaris\/majoitus\/iisakki-villagen-mokit-ja-huoneistot\/iisakin-portti\/\" \/>\n<meta property=\"og:locale\" content=\"fi_FI\" \/>\n<meta property=\"og:type\" content=\"article\" \/>\n<meta property=\"og:title\" content=\"Iisakin Portti\" \/>\n<meta property=\"og:description\" content=\"Uudehko paritalohuoneisto Iisakki Villagen alueella, Rukalla. 2 kpl 2hh + parvi. Hinta sis\u00e4lt\u00e4\u00e4 kes\u00e4isin Iisakki Village alueen palvelut.\" \/>\n<meta property=\"og:url\" content=\"https:\/\/davas.site\/rukasafaris\/majoitus\/iisakki-villagen-mokit-ja-huoneistot\/iisakin-portti\/\" \/>\n<meta property=\"og:site_name\" content=\"Ruka Safaris, Kuusamo, Finland\" \/>\n<meta property=\"article:publisher\" content=\"https:\/\/www.facebook.com\/rukasafaris\" \/>\n<meta property=\"article:modified_time\" content=\"2025-05-26T10:43:24+00:00\" \/>\n<meta property=\"og:image\" content=\"https:\/\/davas.site\/rukasafaris\/wp-content\/uploads\/2022\/03\/Iisakin-portti-terrace-summer.jpg\" \/>\n\t<meta property=\"og:image:width\" content=\"1080\" \/>\n\t<meta property=\"og:image:height\" content=\"768\" \/>\n\t<meta property=\"og:image:type\" content=\"image\/jpeg\" \/>\n<meta name=\"twitter:card\" content=\"summary_large_image\" \/>\n<meta name=\"twitter:label1\" content=\"Arvioitu lukuaika\" \/>\n\t<meta name=\"twitter:data1\" content=\"1 minuutti\" \/>\n<script type=\"application\/ld+json\" class=\"yoast-schema-graph\">{\"@context\":\"https:\/\/schema.org\",\"@graph\":[{\"@type\":\"WebPage\",\"@id\":\"https:\/\/davas.site\/rukasafaris\/majoitus\/iisakki-villagen-mokit-ja-huoneistot\/iisakin-portti\/\",\"url\":\"https:\/\/davas.site\/rukasafaris\/majoitus\/iisakki-villagen-mokit-ja-huoneistot\/iisakin-portti\/\",\"name\":\"Iisakin Portti - Ruka Safaris, Kuusamo, Finland\",\"isPartOf\":{\"@id\":\"https:\/\/davas.site\/rukasafaris\/#website\"},\"primaryImageOfPage\":{\"@id\":\"https:\/\/davas.site\/rukasafaris\/majoitus\/iisakki-villagen-mokit-ja-huoneistot\/iisakin-portti\/#primaryimage\"},\"image\":{\"@id\":\"https:\/\/davas.site\/rukasafaris\/majoitus\/iisakki-villagen-mokit-ja-huoneistot\/iisakin-portti\/#primaryimage\"},\"thumbnailUrl\":\"https:\/\/davas.site\/rukasafaris\/wp-content\/uploads\/2022\/03\/Iisakin-portti-terrace-summer.jpg\",\"datePublished\":\"2022-03-25T10:13:37+00:00\",\"dateModified\":\"2025-05-26T10:43:24+00:00\",\"description\":\"Uudehko paritalohuoneisto Iisakki Villagen alueella, Rukalla. 2 kpl 2hh + parvi. Hinta sis\u00e4lt\u00e4\u00e4 kes\u00e4isin Iisakki Village alueen palvelut.\",\"breadcrumb\":{\"@id\":\"https:\/\/davas.site\/rukasafaris\/majoitus\/iisakki-villagen-mokit-ja-huoneistot\/iisakin-portti\/#breadcrumb\"},\"inLanguage\":\"fi\",\"potentialAction\":[{\"@type\":\"ReadAction\",\"target\":[\"https:\/\/davas.site\/rukasafaris\/majoitus\/iisakki-villagen-mokit-ja-huoneistot\/iisakin-portti\/\"]}]},{\"@type\":\"ImageObject\",\"inLanguage\":\"fi\",\"@id\":\"https:\/\/davas.site\/rukasafaris\/majoitus\/iisakki-villagen-mokit-ja-huoneistot\/iisakin-portti\/#primaryimage\",\"url\":\"https:\/\/davas.site\/rukasafaris\/wp-content\/uploads\/2022\/03\/Iisakin-portti-terrace-summer.jpg\",\"contentUrl\":\"https:\/\/davas.site\/rukasafaris\/wp-content\/uploads\/2022\/03\/Iisakin-portti-terrace-summer.jpg\",\"width\":1080,\"height\":768},{\"@type\":\"BreadcrumbList\",\"@id\":\"https:\/\/davas.site\/rukasafaris\/majoitus\/iisakki-villagen-mokit-ja-huoneistot\/iisakin-portti\/#breadcrumb\",\"itemListElement\":[{\"@type\":\"ListItem\",\"position\":1,\"name\":\"Home\",\"item\":\"https:\/\/davas.site\/rukasafaris\/\"},{\"@type\":\"ListItem\",\"position\":2,\"name\":\"Majoitusta 1-112 hengelle\",\"item\":\"https:\/\/davas.site\/rukasafaris\/majoitus\/\"},{\"@type\":\"ListItem\",\"position\":3,\"name\":\"Iisakki Villagen m\u00f6kit ja huoneistot\",\"item\":\"https:\/\/davas.site\/rukasafaris\/majoitus\/iisakki-villagen-mokit-ja-huoneistot\/\"},{\"@type\":\"ListItem\",\"position\":4,\"name\":\"Iisakin Portti\"}]},{\"@type\":\"WebSite\",\"@id\":\"https:\/\/davas.site\/rukasafaris\/#website\",\"url\":\"https:\/\/davas.site\/rukasafaris\/\",\"name\":\"Ruka Safaris, Kuusamo\",\"description\":\"Adventure Travel Since 1988\",\"publisher\":{\"@id\":\"https:\/\/davas.site\/rukasafaris\/#organization\"},\"potentialAction\":[{\"@type\":\"SearchAction\",\"target\":{\"@type\":\"EntryPoint\",\"urlTemplate\":\"https:\/\/davas.site\/rukasafaris\/?s={search_term_string}\"},\"query-input\":{\"@type\":\"PropertyValueSpecification\",\"valueRequired\":true,\"valueName\":\"search_term_string\"}}],\"inLanguage\":\"fi\"},{\"@type\":\"Organization\",\"@id\":\"https:\/\/davas.site\/rukasafaris\/#organization\",\"name\":\"Ruka Safaris\",\"url\":\"https:\/\/davas.site\/rukasafaris\/\",\"logo\":{\"@type\":\"ImageObject\",\"inLanguage\":\"fi\",\"@id\":\"https:\/\/davas.site\/rukasafaris\/#\/schema\/logo\/image\/\",\"url\":\"https:\/\/davas.site\/rukasafaris\/wp-content\/uploads\/2022\/03\/ruka-safaris-logo.png\",\"contentUrl\":\"https:\/\/davas.site\/rukasafaris\/wp-content\/uploads\/2022\/03\/ruka-safaris-logo.png\",\"width\":500,\"height\":500,\"caption\":\"Ruka Safaris\"},\"image\":{\"@id\":\"https:\/\/davas.site\/rukasafaris\/#\/schema\/logo\/image\/\"},\"sameAs\":[\"https:\/\/www.facebook.com\/rukasafaris\",\"https:\/\/www.instagram.com\/rukasafaris\",\"https:\/\/www.youtube.com\/user\/rukasafaris\"]}]}<\/script>\n<!-- \/ Yoast SEO Premium plugin. -->","yoast_head_json":{"title":"Iisakin Portti - Ruka Safaris, Kuusamo, Finland","description":"Uudehko paritalohuoneisto Iisakki Villagen alueella, Rukalla. 2 kpl 2hh + parvi. Hinta sis\u00e4lt\u00e4\u00e4 kes\u00e4isin Iisakki Village alueen palvelut.","robots":{"index":"index","follow":"follow","max-snippet":"max-snippet:-1","max-image-preview":"max-image-preview:large","max-video-preview":"max-video-preview:-1"},"canonical":"https:\/\/davas.site\/rukasafaris\/majoitus\/iisakki-villagen-mokit-ja-huoneistot\/iisakin-portti\/","og_locale":"fi_FI","og_type":"article","og_title":"Iisakin Portti","og_description":"Uudehko paritalohuoneisto Iisakki Villagen alueella, Rukalla. 2 kpl 2hh + parvi. Hinta sis\u00e4lt\u00e4\u00e4 kes\u00e4isin Iisakki Village alueen palvelut.","og_url":"https:\/\/davas.site\/rukasafaris\/majoitus\/iisakki-villagen-mokit-ja-huoneistot\/iisakin-portti\/","og_site_name":"Ruka Safaris, Kuusamo, Finland","article_publisher":"https:\/\/www.facebook.com\/rukasafaris","article_modified_time":"2025-05-26T10:43:24+00:00","og_image":[{"width":1080,"height":768,"url":"https:\/\/davas.site\/rukasafaris\/wp-content\/uploads\/2022\/03\/Iisakin-portti-terrace-summer.jpg","type":"image\/jpeg"}],"twitter_card":"summary_large_image","twitter_misc":{"Arvioitu lukuaika":"1 minuutti"},"schema":{"@context":"https:\/\/schema.org","@graph":[{"@type":"WebPage","@id":"https:\/\/davas.site\/rukasafaris\/majoitus\/iisakki-villagen-mokit-ja-huoneistot\/iisakin-portti\/","url":"https:\/\/davas.site\/rukasafaris\/majoitus\/iisakki-villagen-mokit-ja-huoneistot\/iisakin-portti\/","name":"Iisakin Portti - Ruka Safaris, Kuusamo, Finland","isPartOf":{"@id":"https:\/\/davas.site\/rukasafaris\/#website"},"primaryImageOfPage":{"@id":"https:\/\/davas.site\/rukasafaris\/majoitus\/iisakki-villagen-mokit-ja-huoneistot\/iisakin-portti\/#primaryimage"},"image":{"@id":"https:\/\/davas.site\/rukasafaris\/majoitus\/iisakki-villagen-mokit-ja-huoneistot\/iisakin-portti\/#primaryimage"},"thumbnailUrl":"https:\/\/davas.site\/rukasafaris\/wp-content\/uploads\/2022\/03\/Iisakin-portti-terrace-summer.jpg","datePublished":"2022-03-25T10:13:37+00:00","dateModified":"2025-05-26T10:43:24+00:00","description":"Uudehko paritalohuoneisto Iisakki Villagen alueella, Rukalla. 2 kpl 2hh + parvi. Hinta sis\u00e4lt\u00e4\u00e4 kes\u00e4isin Iisakki Village alueen palvelut.","breadcrumb":{"@id":"https:\/\/davas.site\/rukasafaris\/majoitus\/iisakki-villagen-mokit-ja-huoneistot\/iisakin-portti\/#breadcrumb"},"inLanguage":"fi","potentialAction":[{"@type":"ReadAction","target":["https:\/\/davas.site\/rukasafaris\/majoitus\/iisakki-villagen-mokit-ja-huoneistot\/iisakin-portti\/"]}]},{"@type":"ImageObject","inLanguage":"fi","@id":"https:\/\/davas.site\/rukasafaris\/majoitus\/iisakki-villagen-mokit-ja-huoneistot\/iisakin-portti\/#primaryimage","url":"https:\/\/davas.site\/rukasafaris\/wp-content\/uploads\/2022\/03\/Iisakin-portti-terrace-summer.jpg","contentUrl":"https:\/\/davas.site\/rukasafaris\/wp-content\/uploads\/2022\/03\/Iisakin-portti-terrace-summer.jpg","width":1080,"height":768},{"@type":"BreadcrumbList","@id":"https:\/\/davas.site\/rukasafaris\/majoitus\/iisakki-villagen-mokit-ja-huoneistot\/iisakin-portti\/#breadcrumb","itemListElement":[{"@type":"ListItem","position":1,"name":"Home","item":"https:\/\/davas.site\/rukasafaris\/"},{"@type":"ListItem","position":2,"name":"Majoitusta 1-112 hengelle","item":"https:\/\/davas.site\/rukasafaris\/majoitus\/"},{"@type":"ListItem","position":3,"name":"Iisakki Villagen m\u00f6kit ja huoneistot","item":"https:\/\/davas.site\/rukasafaris\/majoitus\/iisakki-villagen-mokit-ja-huoneistot\/"},{"@type":"ListItem","position":4,"name":"Iisakin Portti"}]},{"@type":"WebSite","@id":"https:\/\/davas.site\/rukasafaris\/#website","url":"https:\/\/davas.site\/rukasafaris\/","name":"Ruka Safaris, Kuusamo","description":"Adventure Travel Since 1988","publisher":{"@id":"https:\/\/davas.site\/rukasafaris\/#organization"},"potentialAction":[{"@type":"SearchAction","target":{"@type":"EntryPoint","urlTemplate":"https:\/\/davas.site\/rukasafaris\/?s={search_term_string}"},"query-input":{"@type":"PropertyValueSpecification","valueRequired":true,"valueName":"search_term_string"}}],"inLanguage":"fi"},{"@type":"Organization","@id":"https:\/\/davas.site\/rukasafaris\/#organization","name":"Ruka Safaris","url":"https:\/\/davas.site\/rukasafaris\/","logo":{"@type":"ImageObject","inLanguage":"fi","@id":"https:\/\/davas.site\/rukasafaris\/#\/schema\/logo\/image\/","url":"https:\/\/davas.site\/rukasafaris\/wp-content\/uploads\/2022\/03\/ruka-safaris-logo.png","contentUrl":"https:\/\/davas.site\/rukasafaris\/wp-content\/uploads\/2022\/03\/ruka-safaris-logo.png","width":500,"height":500,"caption":"Ruka Safaris"},"image":{"@id":"https:\/\/davas.site\/rukasafaris\/#\/schema\/logo\/image\/"},"sameAs":["https:\/\/www.facebook.com\/rukasafaris","https:\/\/www.instagram.com\/rukasafaris","https:\/\/www.youtube.com\/user\/rukasafaris"]}]}},"_links":{"self":[{"href":"https:\/\/davas.site\/rukasafaris\/wp-json\/wp\/v2\/pages\/744","targetHints":{"allow":["GET"]}}],"collection":[{"href":"https:\/\/davas.site\/rukasafaris\/wp-json\/wp\/v2\/pages"}],"about":[{"href":"https:\/\/davas.site\/rukasafaris\/wp-json\/wp\/v2\/types\/page"}],"author":[{"embeddable":true,"href":"https:\/\/davas.site\/rukasafaris\/wp-json\/wp\/v2\/users\/1"}],"replies":[{"embeddable":true,"href":"https:\/\/davas.site\/rukasafaris\/wp-json\/wp\/v2\/comments?post=744"}],"version-history":[{"count":28,"href":"https:\/\/davas.site\/rukasafaris\/wp-json\/wp\/v2\/pages\/744\/revisions"}],"predecessor-version":[{"id":6986,"href":"https:\/\/davas.site\/rukasafaris\/wp-json\/wp\/v2\/pages\/744\/revisions\/6986"}],"up":[{"embeddable":true,"href":"https:\/\/davas.site\/rukasafaris\/wp-json\/wp\/v2\/pages\/550"}],"wp:featuredmedia":[{"embeddable":true,"href":"https:\/\/davas.site\/rukasafaris\/wp-json\/wp\/v2\/media\/590"}],"wp:attachment":[{"href":"https:\/\/davas.site\/rukasafaris\/wp-json\/wp\/v2\/media?parent=744"}],"curies":[{"name":"wp","href":"https:\/\/api.w.org\/{rel}","templated":true}]}}