{"id":750,"date":"2022-03-25T12:16:01","date_gmt":"2022-03-25T10:16:01","guid":{"rendered":"https:\/\/davas.site\/rukasafaris\/?p=750"},"modified":"2025-05-26T13:43:28","modified_gmt":"2025-05-26T10:43:28","slug":"luhtiaitta","status":"publish","type":"page","link":"https:\/\/davas.site\/rukasafaris\/majoitus\/iisakki-villagen-mokit-ja-huoneistot\/luhtiaitta\/","title":{"rendered":"Luhtiaitta"},"content":{"rendered":"<div>Iisakki Village<\/div>\n<h1>\n<p>Luhtiaitta<\/p>\n<\/h1>\n<p>\n    <a href=\"#varaus\">Varaa online<\/a>\n<\/p>\n<ul>\n<li>\n<p><img decoding=\"async\" src=\"\/wp-content\/uploads\/icon-guests.svg\" alt=\"\"><\/p>\n<p>2+2 Henkil\u00f6\u00e4<\/p>\n<div>\n<p>Kaksi vuodetta \/ kerros<\/p>\n<\/div>\n<\/li>\n<li>\n<p><img decoding=\"async\" src=\"\/wp-content\/uploads\/icon-double-bed.svg\" alt=\"\"><\/p>\n<p>4 Vuodetta<\/p>\n<div>\n<p>Liinavaatteet sis\u00e4ltyv\u00e4t hintaan. Pyyheliina 5 \u20ac \/ henkil\u00f6.\u00a0<\/p>\n<\/div>\n<\/li>\n<li>\n<p><img decoding=\"async\" src=\"https:\/\/davas.site\/rukasafaris\/wp-content\/uploads\/2022\/03\/vessa3.svg\" alt=\"\"><\/p>\n<p>EI KYLPYHUONETTA<\/p>\n<div>\n<p><span>Ei juoksevaa vett\u00e4, erilliset pesu- ja wc-tilat leirint\u00e4alueen yleisess\u00e4 huoltorakennuksessa.<\/span><\/p>\n<\/div>\n<\/li>\n<li>\n<p><img decoding=\"async\" src=\"https:\/\/davas.site\/rukasafaris\/wp-content\/uploads\/icon-pets-welcome.svg\" alt=\"\"><\/p>\n<p>LEMMIKIT<\/p>\n<div>\n<p>lis\u00e4maksusta 10 \u20ac\/viipym\u00e4<\/p>\n<\/div>\n<\/li>\n<\/ul>\n<div>\n<p>Iisakki Villagen tunnelmallisiin kes\u00e4kauden majoituksiin kuuluva Luhtiaitta tarjoaa edullista majoitusta yksin tai matkakumppaneiden kanssa matkustavalle. Perushintaan sis\u00e4ltyy kaksi henkil\u00f6\u00e4. Lis\u00e4henkil\u00f6t 10 \u20ac \/ henkil\u00f6 \/ vrk.\u00a0<\/p>\n<p>Aitassa ei ole juoksevaa vett\u00e4, vaan erilliset pesu- ja wc-tilat ovat leirint\u00e4alueen yleisess\u00e4 huoltorakennuksessa.<br \/>Aitassa on s\u00e4hk\u00f6t, ja sielt\u00e4 l\u00f6ytyykin j\u00e4\u00e4kaappi, kahvin- ja vedenkeitin sek\u00e4 mikroaaltouuni. Lis\u00e4ksi l\u00f6ytyy perusastiasto. Viile\u00e4mmill\u00e4 ilmoilla aitan saa my\u00f6s l\u00e4mpim\u00e4ksi l\u00e4mmityspattereiden avulla.\u00a0<\/p>\n<p>Iisakki Village alueella on tulipaikkoja ja vesiharrastusmahdollisuuksia (sup-lautailu, kanoottimelonta ja soutuveneily), jotka sis\u00e4ltyv\u00e4t majoituksen hintaan.<\/p>\n<p><span>Hintaan kuuluvat my\u00f6s yleiset saunavuorot (naiset ja miehet erikseen) tai lis\u00e4hinnasta oma privaatti saunavuoro. Lue saunojen aukioloista ja mahdollisista poikkeuksista\u00a0<\/span><a href=\"https:\/\/davas.site\/rukasafaris\/iisakki-village-leirintaalue\/\">leirint\u00e4alue<\/a><span>-sivullamme.<\/span><\/p>\n<p>Lemmikit sallittuja lis\u00e4maksusta 10 \u20ac\/viipym\u00e4.<\/p>\n<\/div>\n<ul>\n<li>\n<p>        <img decoding=\"async\" src=\"\/wp-content\/uploads\/2022\/07\/luhtiaitta-ulko.jpg\" alt=\"\"><\/p>\n<h3>luhtiaitta ulko<\/h3>\n<\/li>\n<li>\n<p>        <img decoding=\"async\" src=\"\/wp-content\/uploads\/2024\/06\/Luhtiaitta_5-kopio.jpeg\" alt=\"\"><\/p>\n<h3>Luhtiaitta<\/h3>\n<\/li>\n<li>\n<p>        <img decoding=\"async\" src=\"\/wp-content\/uploads\/2022\/07\/luhtiaitta-ylakerta.jpg\" alt=\"\"><\/p>\n<h3>luhtiaitta yliset<\/h3>\n<\/li>\n<li>\n<p>        <img decoding=\"async\" src=\"\/wp-content\/uploads\/2024\/06\/Luhtiaitta_3-kopio-scaled.jpeg\" alt=\"\"><\/p>\n<h3>Luhtiaitta_ruokailu<\/h3>\n<\/li>\n<li>\n<p>        <img decoding=\"async\" src=\"\/wp-content\/uploads\/2024\/06\/Luhtiaitta_2-kopio-scaled.jpeg\" alt=\"\"><\/p>\n<h3>Luhtiaitta_keitti\u00f6<\/h3>\n<\/li>\n<\/ul>\n<h3>Varaa online<\/h3>\n<div>\n<p><script id=\"travius-widget-script\" type=\"text\/javascript\" src=\"https:\/\/widget.travius.eu\/travius-widget.js?key=2b24d495052a8ce66358eb576b8912c8&#038;s=1&#038;pid=69712&#038;type=accommodation&#038;lang=fi&#038;layout=slim\"><\/script> <\/p>\n<div class=\"container\">\n  <iframe class=\"responsive-iframe\" id=\"travius-widget\" ><\/iframe>\n<\/div>\n<\/div>\n<p><!--more--><br \/>\n<!-- {\"children\":[{\"type\":\"section\",\"props\":{\"header_transparent\":false,\"header_transparent_noplaceholder\":true,\"header_transparent_text_color\":\"light\",\"height\":\"viewport\",\"height_offset_top\":true,\"height_viewport\":80,\"image\":\"https:\\\/\\\/davas.site\\\/rukasafaris\\\/wp-content\\\/uploads\\\/2022\\\/03\\\/Luhtiaitta-kesa.jpg\",\"image_height\":\"1100\",\"image_position\":\"center-center\",\"image_size\":\"cover\",\"image_width\":\"2200\",\"media_overlay\":\"rgba(0, 0, 0, 0.25)\",\"style\":\"default\",\"text_color\":\"light\",\"title_breakpoint\":\"xl\",\"title_position\":\"top-left\",\"title_rotation\":\"left\",\"vertical_align\":\"middle\",\"video_width\":\"2560\",\"width\":\"xlarge\"},\"children\":[{\"type\":\"row\",\"props\":{\"margin\":\"remove-vertical\"},\"children\":[{\"type\":\"column\",\"props\":{\"image_position\":\"center-center\",\"position_sticky_breakpoint\":\"m\",\"width_medium\":\"1-1\"},\"children\":[{\"type\":\"headline\",\"props\":{\"block_align\":\"center\",\"content\":\"Iisakki Village\",\"margin\":\"small\",\"text_align\":\"center\",\"title_decoration\":\"line\",\"title_element\":\"div\",\"title_font_family\":\"tertiary\",\"title_style\":\"h3\"}},{\"type\":\"headline\",\"props\":{\"block_align\":\"center\",\"content\":\"\n\n<p>Luhtiaitta<\\\/p>\",\"margin_remove_top\":true,\"text_align\":\"center\",\"title_element\":\"h1\",\"title_style\":\"heading-large\"}},{\"type\":\"button\",\"props\":{\"grid_column_gap\":\"small\",\"grid_row_gap\":\"small\",\"margin\":\"default\",\"position_bottom\":\"-50\",\"position_left\":\"70\",\"text_align\":\"center\"},\"children\":[{\"type\":\"button_item\",\"props\":{\"button_style\":\"primary\",\"content\":\"Varaa online\",\"icon\":\"\",\"icon_align\":\"left\",\"link\":\"#varaus\",\"link_title\":\"Varaa online\"}}]}]}]}],\"name\":\"Hero\"},{\"type\":\"section\",\"props\":{\"image_position\":\"center-center\",\"padding_remove_top\":false,\"style\":\"default\",\"title_breakpoint\":\"xl\",\"title_position\":\"center-left\",\"title_rotation\":\"left\",\"vertical_align\":\"\",\"width\":\"small\"},\"children\":[{\"type\":\"row\",\"children\":[{\"type\":\"column\",\"props\":{\"image_position\":\"center-center\",\"position_sticky_breakpoint\":\"m\",\"width_medium\":\"1-1\"},\"children\":[{\"type\":\"grid\",\"props\":{\"animation\":true,\"content_column_breakpoint\":\"m\",\"content_margin\":\"remove\",\"content_style\":\"text-meta\",\"filter_align\":\"left\",\"filter_all\":true,\"filter_grid_breakpoint\":\"m\",\"filter_grid_width\":\"auto\",\"filter_position\":\"top\",\"filter_style\":\"tab\",\"grid_column_align\":true,\"grid_column_gap\":\"collapse\",\"grid_default\":\"2\",\"grid_medium\":\"5\",\"grid_row_align\":false,\"grid_row_gap\":\"small\",\"grid_small\":\"5\",\"icon_width\":\"25\",\"image_align\":\"top\",\"image_grid_breakpoint\":\"\",\"image_grid_column_gap\":\"small\",\"image_grid_width\":\"auto\",\"image_height\":\"25\",\"image_loading\":true,\"image_svg_color\":\"emphasis\",\"image_svg_inline\":true,\"image_width\":\"25\",\"item_animation\":true,\"link_style\":\"default\",\"link_text\":\"Read more\",\"margin\":\"default\",\"meta_align\":\"below-title\",\"meta_color\":\"primary\",\"meta_element\":\"div\",\"meta_margin\":\"remove\",\"meta_style\":\"h6\",\"panel_padding\":\"small\",\"parallax_easing\":\"1\",\"show_content\":true,\"show_image\":true,\"show_link\":true,\"show_meta\":true,\"show_title\":true,\"text_align\":\"center\",\"title_align\":\"top\",\"title_element\":\"h4\",\"title_grid_breakpoint\":\"m\",\"title_grid_width\":\"small\",\"title_hover_style\":\"reset\",\"title_margin\":\"remove\",\"title_style\":\"h5\"},\"children\":[{\"type\":\"grid_item\",\"props\":{\"_condition\":true,\"content\":\"\n\n<p><\\\/p>\\n\n\n<p>Kaksi vuodetta \\\/ kerros<\\\/p>\",\"image\":\"wp-content\\\/uploads\\\/icon-guests.svg\",\"meta\":\"2+2 Henkil\\u00f6\\u00e4\"}},{\"type\":\"grid_item\",\"props\":{\"_condition\":true,\"content\":\"\n\n<p><\\\/p>\\n\n\n<p>Liinavaatteet sis\\u00e4ltyv\\u00e4t hintaan. Pyyheliina 5 \\u20ac \\\/ henkil\\u00f6.\\u00a0<\\\/p>\",\"image\":\"wp-content\\\/uploads\\\/icon-double-bed.svg\",\"meta\":\"4 Vuodetta\"}},{\"type\":\"grid_item\",\"props\":{\"_condition\":true,\"content\":\"\n\n<p><\\\/p>\\n\n\n<p><span>Ei juoksevaa vett\\u00e4, erilliset pesu- ja wc-tilat leirint\\u00e4alueen yleisess\\u00e4 huoltorakennuksessa.<\\\/span><\\\/p>\",\"image\":\"https:\\\/\\\/davas.site\\\/rukasafaris\\\/wp-content\\\/uploads\\\/2022\\\/03\\\/vessa3.svg\",\"meta\":\"EI KYLPYHUONETTA\"}},{\"type\":\"grid_item\",\"props\":{\"content\":\"\n\n<p><\\\/p>\\n\n\n<p>lis\\u00e4maksusta 10 \\u20ac\\\/viipym\\u00e4<\\\/p>\",\"image\":\"https:\\\/\\\/davas.site\\\/rukasafaris\\\/wp-content\\\/uploads\\\/icon-pets-welcome.svg\",\"meta\":\"LEMMIKIT\",\"title\":\"\"}}]},{\"type\":\"text\",\"props\":{\"column_breakpoint\":\"m\",\"content\":\"\n\n<p>Iisakki Villagen tunnelmallisiin kes\\u00e4kauden majoituksiin kuuluva Luhtiaitta tarjoaa edullista majoitusta yksin tai matkakumppaneiden kanssa matkustavalle. Perushintaan sis\\u00e4ltyy kaksi henkil\\u00f6\\u00e4. Lis\\u00e4henkil\\u00f6t 10 \\u20ac \\\/ henkil\\u00f6 \\\/ vrk.\\u00a0<\\\/p>\\n\n\n<p>Aitassa ei ole juoksevaa vett\\u00e4, vaan erilliset pesu- ja wc-tilat ovat leirint\\u00e4alueen yleisess\\u00e4 huoltorakennuksessa.<br \\\/>Aitassa on s\\u00e4hk\\u00f6t, ja sielt\\u00e4 l\\u00f6ytyykin j\\u00e4\\u00e4kaappi, kahvin- ja vedenkeitin sek\\u00e4 mikroaaltouuni. Lis\\u00e4ksi l\\u00f6ytyy perusastiasto. Viile\\u00e4mmill\\u00e4 ilmoilla aitan saa my\\u00f6s l\\u00e4mpim\\u00e4ksi l\\u00e4mmityspattereiden avulla.\\u00a0<\\\/p>\\n\n\n<p>Iisakki Village alueella on tulipaikkoja ja vesiharrastusmahdollisuuksia (sup-lautailu, kanoottimelonta ja soutuveneily), jotka sis\\u00e4ltyv\\u00e4t majoituksen hintaan.<\\\/p>\\n\n\n<p><span>Hintaan kuuluvat my\\u00f6s yleiset saunavuorot (naiset ja miehet erikseen) tai lis\\u00e4hinnasta oma privaatti saunavuoro. Lue saunojen aukioloista ja mahdollisista poikkeuksista\\u00a0<\\\/span><a href=\\\"https:\\\/\\\/davas.site\\\/rukasafaris\\\/iisakki-village-leirintaalue\\\/\\\">leirint\\u00e4alue<\\\/a><span>-sivullamme.<\\\/span><\\\/p>\\n\n\n<p>Lemmikit sallittuja lis\\u00e4maksusta 10 \\u20ac\\\/viipym\\u00e4.<\\\/p>\",\"margin\":\"medium\"}},{\"type\":\"overlay-slider\",\"props\":{\"container_padding_remove\":true,\"image_height\":\"400\",\"image_width\":\"600\",\"link_style\":\"default\",\"link_text\":\"\",\"margin\":\"default\",\"meta_align\":\"below-title\",\"meta_element\":\"div\",\"meta_style\":\"text-meta\",\"nav\":\"\",\"nav_align\":\"left\",\"nav_breakpoint\":\"s\",\"overlay_link\":true,\"overlay_mode\":\"cover\",\"overlay_position\":\"center\",\"overlay_transition\":\"fade\",\"show_content\":true,\"show_hover_image\":true,\"show_hover_video\":true,\"show_link\":true,\"show_meta\":true,\"show_title\":false,\"slidenav\":\"default\",\"slidenav_breakpoint\":\"s\",\"slidenav_large\":true,\"slidenav_margin\":\"small\",\"slidenav_outside_breakpoint\":\"xl\",\"slider_autoplay\":true,\"slider_autoplay_pause\":true,\"slider_center\":false,\"slider_finite\":false,\"slider_gap\":\"small\",\"slider_width\":\"\",\"slider_width_default\":\"1-1\",\"slider_width_medium\":\"1-3\",\"text_align\":\"center\",\"title_element\":\"h3\",\"title_hover_style\":\"reset\"},\"children\":[{\"type\":\"overlay-slider_item\",\"props\":{\"image\":\"wp-content\\\/uploads\\\/2022\\\/07\\\/luhtiaitta-ulko.jpg\",\"title\":\"luhtiaitta ulko\"}},{\"type\":\"overlay-slider_item\",\"props\":{\"image\":\"wp-content\\\/uploads\\\/2024\\\/06\\\/Luhtiaitta_5-kopio.jpeg\",\"title\":\"Luhtiaitta\"}},{\"type\":\"overlay-slider_item\",\"props\":{\"image\":\"wp-content\\\/uploads\\\/2022\\\/07\\\/luhtiaitta-ylakerta.jpg\",\"title\":\"luhtiaitta yliset\"}},{\"type\":\"overlay-slider_item\",\"props\":{\"image\":\"wp-content\\\/uploads\\\/2024\\\/06\\\/Luhtiaitta_3-kopio-scaled.jpeg\",\"title\":\"Luhtiaitta_ruokailu\"}},{\"type\":\"overlay-slider_item\",\"props\":{\"image\":\"wp-content\\\/uploads\\\/2024\\\/06\\\/Luhtiaitta_2-kopio-scaled.jpeg\",\"title\":\"Luhtiaitta_keitti\\u00f6\"}}]},{\"type\":\"button\",\"props\":{\"grid_column_gap\":\"small\",\"grid_row_gap\":\"small\",\"margin\":\"default\",\"position_bottom\":\"-50\",\"position_left\":\"70\",\"status\":\"disabled\",\"text_align\":\"center\"},\"children\":[{\"type\":\"button_item\",\"props\":{\"button_style\":\"primary\",\"content\":\"pohjapiirros\",\"icon\":\"\",\"icon_align\":\"left\",\"lightbox_height\":\"600\",\"lightbox_width\":\"900\",\"link\":\"wp-content\\\/uploads\\\/2022\\\/03\\\/pohjakerros.pdf\",\"link_target\":\"modal\",\"link_title\":\"pohjapiirros\"}}]}]}]}],\"name\":\"Activities\"},{\"type\":\"section\",\"props\":{\"id\":\"varaus\",\"image_position\":\"center-center\",\"style\":\"default\",\"title_breakpoint\":\"xl\",\"title_position\":\"top-left\",\"title_rotation\":\"left\",\"vertical_align\":\"\",\"width\":\"\"},\"children\":[{\"type\":\"row\",\"children\":[{\"type\":\"column\",\"props\":{\"image_position\":\"center-center\",\"position_sticky_breakpoint\":\"m\",\"width_medium\":\"1-1\"},\"children\":[{\"type\":\"headline\",\"props\":{\"content\":\"Varaa online\",\"text_align\":\"center\",\"title_element\":\"h3\",\"title_style\":\"h3\"}},{\"type\":\"text\",\"props\":{\"column_breakpoint\":\"m\",\"content\":\"\n\n<p><script id=\\\"travius-widget-script\\\" type=\\\"text\\\/javascript\\\" src=\\\"https:\\\/\\\/widget.travius.eu\\\/travius-widget.js?key=2b24d495052a8ce66358eb576b8912c8&s=1&pid=69712&type=accommodation&lang=fi&layout=slim\\\"><\\\/script> <\\\/p>\\n\n\n<div class=\\\"container\\\"> \\n  <iframe class=\\\"responsive-iframe\\\" id=\\\"travius-widget\\\" ><\\\/iframe>\\n<\\\/div>\",\"margin\":\"default\"}}]}]}]}],\"type\":\"layout\",\"version\":\"4.4.4\"} --><\/p>\n","protected":false},"excerpt":{"rendered":"<p>Iisakki Village Luhtiaitta Varaa online 2+2 Henkil\u00f6\u00e4 Kaksi vuodetta \/ kerros 4 Vuodetta Liinavaatteet sis\u00e4ltyv\u00e4t hintaan. Pyyheliina 5 \u20ac \/ henkil\u00f6.\u00a0 EI KYLPYHUONETTA Ei juoksevaa vett\u00e4, erilliset pesu- ja wc-tilat leirint\u00e4alueen yleisess\u00e4 huoltorakennuksessa. LEMMIKIT lis\u00e4maksusta 10 \u20ac\/viipym\u00e4 Iisakki Villagen tunnelmallisiin kes\u00e4kauden majoituksiin kuuluva Luhtiaitta tarjoaa edullista majoitusta yksin tai matkakumppaneiden kanssa matkustavalle. Perushintaan sis\u00e4ltyy kaksi [&hellip;]<\/p>\n","protected":false},"author":1,"featured_media":190,"parent":550,"menu_order":0,"comment_status":"closed","ping_status":"closed","template":"","meta":{"cybocfi_hide_featured_image":"","footnotes":""},"class_list":["post-750","page","type-page","status-publish","has-post-thumbnail","hentry"],"yoast_head":"<!-- This site is optimized with the Yoast SEO Premium plugin v25.1 (Yoast SEO v25.3) - https:\/\/yoast.com\/wordpress\/plugins\/seo\/ -->\n<title>Luhtiaitta - Ruka Safaris, Kuusamo, Finland<\/title>\n<meta name=\"description\" content=\"Edullista kes\u00e4majoitusta kahdelle hengelle Rukalla. Erilliset pesu- ja wc-tilat leirint\u00e4alueen yleisess\u00e4 huoltorakennuksessa.\" \/>\n<meta name=\"robots\" content=\"index, follow, max-snippet:-1, max-image-preview:large, max-video-preview:-1\" \/>\n<link rel=\"canonical\" href=\"https:\/\/davas.site\/rukasafaris\/majoitus\/iisakki-villagen-mokit-ja-huoneistot\/luhtiaitta\/\" \/>\n<meta property=\"og:locale\" content=\"fi_FI\" \/>\n<meta property=\"og:type\" content=\"article\" \/>\n<meta property=\"og:title\" content=\"Luhtiaitta\" \/>\n<meta property=\"og:description\" content=\"Edullista kes\u00e4majoitusta kahdelle hengelle Rukalla. Erilliset pesu- ja wc-tilat leirint\u00e4alueen yleisess\u00e4 huoltorakennuksessa.\" \/>\n<meta property=\"og:url\" content=\"https:\/\/davas.site\/rukasafaris\/majoitus\/iisakki-villagen-mokit-ja-huoneistot\/luhtiaitta\/\" \/>\n<meta property=\"og:site_name\" content=\"Ruka Safaris, Kuusamo, Finland\" \/>\n<meta property=\"article:publisher\" content=\"https:\/\/www.facebook.com\/rukasafaris\" \/>\n<meta property=\"article:modified_time\" content=\"2025-05-26T10:43:28+00:00\" \/>\n<meta property=\"og:image\" content=\"https:\/\/davas.site\/rukasafaris\/wp-content\/uploads\/2020\/04\/rs-camping-luhtiaitta.jpg\" \/>\n\t<meta property=\"og:image:width\" content=\"800\" \/>\n\t<meta property=\"og:image:height\" content=\"600\" \/>\n\t<meta property=\"og:image:type\" content=\"image\/jpeg\" \/>\n<meta name=\"twitter:card\" content=\"summary_large_image\" \/>\n<meta name=\"twitter:label1\" content=\"Arvioitu lukuaika\" \/>\n\t<meta name=\"twitter:data1\" content=\"1 minuutti\" \/>\n<script type=\"application\/ld+json\" class=\"yoast-schema-graph\">{\"@context\":\"https:\/\/schema.org\",\"@graph\":[{\"@type\":\"WebPage\",\"@id\":\"https:\/\/davas.site\/rukasafaris\/majoitus\/iisakki-villagen-mokit-ja-huoneistot\/luhtiaitta\/\",\"url\":\"https:\/\/davas.site\/rukasafaris\/majoitus\/iisakki-villagen-mokit-ja-huoneistot\/luhtiaitta\/\",\"name\":\"Luhtiaitta - Ruka Safaris, Kuusamo, Finland\",\"isPartOf\":{\"@id\":\"https:\/\/davas.site\/rukasafaris\/#website\"},\"primaryImageOfPage\":{\"@id\":\"https:\/\/davas.site\/rukasafaris\/majoitus\/iisakki-villagen-mokit-ja-huoneistot\/luhtiaitta\/#primaryimage\"},\"image\":{\"@id\":\"https:\/\/davas.site\/rukasafaris\/majoitus\/iisakki-villagen-mokit-ja-huoneistot\/luhtiaitta\/#primaryimage\"},\"thumbnailUrl\":\"https:\/\/davas.site\/rukasafaris\/wp-content\/uploads\/2020\/04\/rs-camping-luhtiaitta.jpg\",\"datePublished\":\"2022-03-25T10:16:01+00:00\",\"dateModified\":\"2025-05-26T10:43:28+00:00\",\"description\":\"Edullista kes\u00e4majoitusta kahdelle hengelle Rukalla. Erilliset pesu- ja wc-tilat leirint\u00e4alueen yleisess\u00e4 huoltorakennuksessa.\",\"breadcrumb\":{\"@id\":\"https:\/\/davas.site\/rukasafaris\/majoitus\/iisakki-villagen-mokit-ja-huoneistot\/luhtiaitta\/#breadcrumb\"},\"inLanguage\":\"fi\",\"potentialAction\":[{\"@type\":\"ReadAction\",\"target\":[\"https:\/\/davas.site\/rukasafaris\/majoitus\/iisakki-villagen-mokit-ja-huoneistot\/luhtiaitta\/\"]}]},{\"@type\":\"ImageObject\",\"inLanguage\":\"fi\",\"@id\":\"https:\/\/davas.site\/rukasafaris\/majoitus\/iisakki-villagen-mokit-ja-huoneistot\/luhtiaitta\/#primaryimage\",\"url\":\"https:\/\/davas.site\/rukasafaris\/wp-content\/uploads\/2020\/04\/rs-camping-luhtiaitta.jpg\",\"contentUrl\":\"https:\/\/davas.site\/rukasafaris\/wp-content\/uploads\/2020\/04\/rs-camping-luhtiaitta.jpg\",\"width\":800,\"height\":600},{\"@type\":\"BreadcrumbList\",\"@id\":\"https:\/\/davas.site\/rukasafaris\/majoitus\/iisakki-villagen-mokit-ja-huoneistot\/luhtiaitta\/#breadcrumb\",\"itemListElement\":[{\"@type\":\"ListItem\",\"position\":1,\"name\":\"Home\",\"item\":\"https:\/\/davas.site\/rukasafaris\/\"},{\"@type\":\"ListItem\",\"position\":2,\"name\":\"Majoitusta 1-112 hengelle\",\"item\":\"https:\/\/davas.site\/rukasafaris\/majoitus\/\"},{\"@type\":\"ListItem\",\"position\":3,\"name\":\"Iisakki Villagen m\u00f6kit ja huoneistot\",\"item\":\"https:\/\/davas.site\/rukasafaris\/majoitus\/iisakki-villagen-mokit-ja-huoneistot\/\"},{\"@type\":\"ListItem\",\"position\":4,\"name\":\"Luhtiaitta\"}]},{\"@type\":\"WebSite\",\"@id\":\"https:\/\/davas.site\/rukasafaris\/#website\",\"url\":\"https:\/\/davas.site\/rukasafaris\/\",\"name\":\"Ruka Safaris, Kuusamo\",\"description\":\"Adventure Travel Since 1988\",\"publisher\":{\"@id\":\"https:\/\/davas.site\/rukasafaris\/#organization\"},\"potentialAction\":[{\"@type\":\"SearchAction\",\"target\":{\"@type\":\"EntryPoint\",\"urlTemplate\":\"https:\/\/davas.site\/rukasafaris\/?s={search_term_string}\"},\"query-input\":{\"@type\":\"PropertyValueSpecification\",\"valueRequired\":true,\"valueName\":\"search_term_string\"}}],\"inLanguage\":\"fi\"},{\"@type\":\"Organization\",\"@id\":\"https:\/\/davas.site\/rukasafaris\/#organization\",\"name\":\"Ruka Safaris\",\"url\":\"https:\/\/davas.site\/rukasafaris\/\",\"logo\":{\"@type\":\"ImageObject\",\"inLanguage\":\"fi\",\"@id\":\"https:\/\/davas.site\/rukasafaris\/#\/schema\/logo\/image\/\",\"url\":\"https:\/\/davas.site\/rukasafaris\/wp-content\/uploads\/2022\/03\/ruka-safaris-logo.png\",\"contentUrl\":\"https:\/\/davas.site\/rukasafaris\/wp-content\/uploads\/2022\/03\/ruka-safaris-logo.png\",\"width\":500,\"height\":500,\"caption\":\"Ruka Safaris\"},\"image\":{\"@id\":\"https:\/\/davas.site\/rukasafaris\/#\/schema\/logo\/image\/\"},\"sameAs\":[\"https:\/\/www.facebook.com\/rukasafaris\",\"https:\/\/www.instagram.com\/rukasafaris\",\"https:\/\/www.youtube.com\/user\/rukasafaris\"]}]}<\/script>\n<!-- \/ Yoast SEO Premium plugin. -->","yoast_head_json":{"title":"Luhtiaitta - Ruka Safaris, Kuusamo, Finland","description":"Edullista kes\u00e4majoitusta kahdelle hengelle Rukalla. Erilliset pesu- ja wc-tilat leirint\u00e4alueen yleisess\u00e4 huoltorakennuksessa.","robots":{"index":"index","follow":"follow","max-snippet":"max-snippet:-1","max-image-preview":"max-image-preview:large","max-video-preview":"max-video-preview:-1"},"canonical":"https:\/\/davas.site\/rukasafaris\/majoitus\/iisakki-villagen-mokit-ja-huoneistot\/luhtiaitta\/","og_locale":"fi_FI","og_type":"article","og_title":"Luhtiaitta","og_description":"Edullista kes\u00e4majoitusta kahdelle hengelle Rukalla. Erilliset pesu- ja wc-tilat leirint\u00e4alueen yleisess\u00e4 huoltorakennuksessa.","og_url":"https:\/\/davas.site\/rukasafaris\/majoitus\/iisakki-villagen-mokit-ja-huoneistot\/luhtiaitta\/","og_site_name":"Ruka Safaris, Kuusamo, Finland","article_publisher":"https:\/\/www.facebook.com\/rukasafaris","article_modified_time":"2025-05-26T10:43:28+00:00","og_image":[{"width":800,"height":600,"url":"https:\/\/davas.site\/rukasafaris\/wp-content\/uploads\/2020\/04\/rs-camping-luhtiaitta.jpg","type":"image\/jpeg"}],"twitter_card":"summary_large_image","twitter_misc":{"Arvioitu lukuaika":"1 minuutti"},"schema":{"@context":"https:\/\/schema.org","@graph":[{"@type":"WebPage","@id":"https:\/\/davas.site\/rukasafaris\/majoitus\/iisakki-villagen-mokit-ja-huoneistot\/luhtiaitta\/","url":"https:\/\/davas.site\/rukasafaris\/majoitus\/iisakki-villagen-mokit-ja-huoneistot\/luhtiaitta\/","name":"Luhtiaitta - Ruka Safaris, Kuusamo, Finland","isPartOf":{"@id":"https:\/\/davas.site\/rukasafaris\/#website"},"primaryImageOfPage":{"@id":"https:\/\/davas.site\/rukasafaris\/majoitus\/iisakki-villagen-mokit-ja-huoneistot\/luhtiaitta\/#primaryimage"},"image":{"@id":"https:\/\/davas.site\/rukasafaris\/majoitus\/iisakki-villagen-mokit-ja-huoneistot\/luhtiaitta\/#primaryimage"},"thumbnailUrl":"https:\/\/davas.site\/rukasafaris\/wp-content\/uploads\/2020\/04\/rs-camping-luhtiaitta.jpg","datePublished":"2022-03-25T10:16:01+00:00","dateModified":"2025-05-26T10:43:28+00:00","description":"Edullista kes\u00e4majoitusta kahdelle hengelle Rukalla. Erilliset pesu- ja wc-tilat leirint\u00e4alueen yleisess\u00e4 huoltorakennuksessa.","breadcrumb":{"@id":"https:\/\/davas.site\/rukasafaris\/majoitus\/iisakki-villagen-mokit-ja-huoneistot\/luhtiaitta\/#breadcrumb"},"inLanguage":"fi","potentialAction":[{"@type":"ReadAction","target":["https:\/\/davas.site\/rukasafaris\/majoitus\/iisakki-villagen-mokit-ja-huoneistot\/luhtiaitta\/"]}]},{"@type":"ImageObject","inLanguage":"fi","@id":"https:\/\/davas.site\/rukasafaris\/majoitus\/iisakki-villagen-mokit-ja-huoneistot\/luhtiaitta\/#primaryimage","url":"https:\/\/davas.site\/rukasafaris\/wp-content\/uploads\/2020\/04\/rs-camping-luhtiaitta.jpg","contentUrl":"https:\/\/davas.site\/rukasafaris\/wp-content\/uploads\/2020\/04\/rs-camping-luhtiaitta.jpg","width":800,"height":600},{"@type":"BreadcrumbList","@id":"https:\/\/davas.site\/rukasafaris\/majoitus\/iisakki-villagen-mokit-ja-huoneistot\/luhtiaitta\/#breadcrumb","itemListElement":[{"@type":"ListItem","position":1,"name":"Home","item":"https:\/\/davas.site\/rukasafaris\/"},{"@type":"ListItem","position":2,"name":"Majoitusta 1-112 hengelle","item":"https:\/\/davas.site\/rukasafaris\/majoitus\/"},{"@type":"ListItem","position":3,"name":"Iisakki Villagen m\u00f6kit ja huoneistot","item":"https:\/\/davas.site\/rukasafaris\/majoitus\/iisakki-villagen-mokit-ja-huoneistot\/"},{"@type":"ListItem","position":4,"name":"Luhtiaitta"}]},{"@type":"WebSite","@id":"https:\/\/davas.site\/rukasafaris\/#website","url":"https:\/\/davas.site\/rukasafaris\/","name":"Ruka Safaris, Kuusamo","description":"Adventure Travel Since 1988","publisher":{"@id":"https:\/\/davas.site\/rukasafaris\/#organization"},"potentialAction":[{"@type":"SearchAction","target":{"@type":"EntryPoint","urlTemplate":"https:\/\/davas.site\/rukasafaris\/?s={search_term_string}"},"query-input":{"@type":"PropertyValueSpecification","valueRequired":true,"valueName":"search_term_string"}}],"inLanguage":"fi"},{"@type":"Organization","@id":"https:\/\/davas.site\/rukasafaris\/#organization","name":"Ruka Safaris","url":"https:\/\/davas.site\/rukasafaris\/","logo":{"@type":"ImageObject","inLanguage":"fi","@id":"https:\/\/davas.site\/rukasafaris\/#\/schema\/logo\/image\/","url":"https:\/\/davas.site\/rukasafaris\/wp-content\/uploads\/2022\/03\/ruka-safaris-logo.png","contentUrl":"https:\/\/davas.site\/rukasafaris\/wp-content\/uploads\/2022\/03\/ruka-safaris-logo.png","width":500,"height":500,"caption":"Ruka Safaris"},"image":{"@id":"https:\/\/davas.site\/rukasafaris\/#\/schema\/logo\/image\/"},"sameAs":["https:\/\/www.facebook.com\/rukasafaris","https:\/\/www.instagram.com\/rukasafaris","https:\/\/www.youtube.com\/user\/rukasafaris"]}]}},"_links":{"self":[{"href":"https:\/\/davas.site\/rukasafaris\/wp-json\/wp\/v2\/pages\/750","targetHints":{"allow":["GET"]}}],"collection":[{"href":"https:\/\/davas.site\/rukasafaris\/wp-json\/wp\/v2\/pages"}],"about":[{"href":"https:\/\/davas.site\/rukasafaris\/wp-json\/wp\/v2\/types\/page"}],"author":[{"embeddable":true,"href":"https:\/\/davas.site\/rukasafaris\/wp-json\/wp\/v2\/users\/1"}],"replies":[{"embeddable":true,"href":"https:\/\/davas.site\/rukasafaris\/wp-json\/wp\/v2\/comments?post=750"}],"version-history":[{"count":25,"href":"https:\/\/davas.site\/rukasafaris\/wp-json\/wp\/v2\/pages\/750\/revisions"}],"predecessor-version":[{"id":7821,"href":"https:\/\/davas.site\/rukasafaris\/wp-json\/wp\/v2\/pages\/750\/revisions\/7821"}],"up":[{"embeddable":true,"href":"https:\/\/davas.site\/rukasafaris\/wp-json\/wp\/v2\/pages\/550"}],"wp:featuredmedia":[{"embeddable":true,"href":"https:\/\/davas.site\/rukasafaris\/wp-json\/wp\/v2\/media\/190"}],"wp:attachment":[{"href":"https:\/\/davas.site\/rukasafaris\/wp-json\/wp\/v2\/media?parent=750"}],"curies":[{"name":"wp","href":"https:\/\/api.w.org\/{rel}","templated":true}]}}