{"id":7605,"date":"2024-06-10T11:32:09","date_gmt":"2024-06-10T08:32:09","guid":{"rendered":"https:\/\/davas.site\/rukasafaris\/?page_id=7605"},"modified":"2025-07-10T15:28:27","modified_gmt":"2025-07-10T12:28:27","slug":"oivangin-lomakartano","status":"publish","type":"page","link":"https:\/\/davas.site\/rukasafaris\/majoitus\/oivangin-lomakartano\/","title":{"rendered":"Oivangin lomakartano"},"content":{"rendered":"<div>Kuusamo, Ruka<\/div>\n<h1>Oivangin lomakartano<\/h1>\n<p><img decoding=\"async\" src=\"\/rukasafaris\/wp-content\/uploads\/2024\/06\/oivangin_lomakartano-ukonkivi.jpg\" alt=\"Ravintola ukonkivi\"><\/p>\n<div>\n<h2>El\u00e4myksellist\u00e4 majoitusta upeissa huviloissa<\/h2>\n<div>\n<p>Oivangin lomakartano sijaitsee 15 minuutin ajomatkan p\u00e4\u00e4ss\u00e4 Rukalta ja Kuusamosta. Oivangin lomakartanon alueella sijaitsee kuusi erilaista huvilaa ja alue tarjoaa majoitustilaa yhteens\u00e4 66 henkil\u00f6lle. Jyhke\u00e4t kelo- ja hirsihuvilat seisovat luonnonkauniissa harjumaisemassa j\u00e4rvien ymp\u00e4r\u00f6im\u00e4n\u00e4. Alue tarjoaa todellisen unelmakohteen rentoutumiselle, virkistymiselle, inspiroiville kokouksille ja lomailulle.\u00a0<\/p>\n<p><span>Olipa tilaisuutesi syy ty\u00f6 tai huvi, <a href=\"https:\/\/davas.site\/rukasafaris\/tilausravintola-ukonkivi\/\">tilausravintola Ukonkivi<\/a> ja jylh\u00e4t hirsim\u00f6kit tarjoavat sinulle ja seurueellesi oivat puitteet el\u00e4m\u00e4si t\u00e4rkeisiin hetkiin.\u00a0<\/span><\/p>\n<p>Modernit hirsihuvilat Aurora sek\u00e4 Saaga 1 &amp; 2 soveltuvat vaativampiin tarpeisiin, sill\u00e4 jokaisesta makuuhuoneesta l\u00f6ytyy oma kylpyhuone. Perinteiset kelohonkaiset Singer, Junga ja Pikku-Junga soveltuvat isoillekin ryhmille.\u00a0<\/p>\n<\/div>\n<\/div>\n<p><img decoding=\"async\" src=\"\/rukasafaris\/wp-content\/uploads\/2024\/10\/RUKASAFARIS_kartat_oivanginlomakartano.jpg\" alt=\"\"><\/p>\n<ul>\n<li>\n<p>        <img decoding=\"async\" src=\"\/rukasafaris\/wp-content\/uploads\/2024\/06\/saaga-kesa-takaa.jpg\" alt=\"Saaga 1\"><\/p>\n<h3>Saaga 1<\/h3>\n<p>6 hl\u00f6\u00e4<\/p>\n<p><a href=\"\/rukasafaris\/majoitus\/oivangin-lomakartano\/saaga-1-2\/\"><\/a><\/p>\n<\/li>\n<li>\n<p>        <img decoding=\"async\" src=\"\/rukasafaris\/wp-content\/uploads\/2024\/06\/saaga-kesa-takaa.jpg\" alt=\"Saaga 2\"><\/p>\n<h3>Saaga 2<\/h3>\n<p>6 hl\u00f6\u00e4<\/p>\n<p><a href=\"\/rukasafaris\/majoitus\/oivangin-lomakartano\/saaga-2\/\"><\/a><\/p>\n<\/li>\n<li>\n<p>        <img decoding=\"async\" src=\"\/rukasafaris\/wp-content\/uploads\/2024\/06\/pikkujunga-ulkokuva-kesa.jpg\" alt=\"Pikku-Junga\"><\/p>\n<h3>Pikku-Junga<\/h3>\n<p>8 hl\u00f6\u00e4<\/p>\n<p><a href=\"\/rukasafaris\/majoitus\/oivangin-lomakartano\/pikku-junga\/\"><\/a><\/p>\n<\/li>\n<li>\n<p>        <img decoding=\"async\" src=\"\/rukasafaris\/wp-content\/uploads\/2024\/06\/aurora-ylakerta.jpg\" alt=\"Aurora\"><\/p>\n<h3>Aurora<\/h3>\n<p>10 hl\u00f6\u00e4<\/p>\n<p><a href=\"\/rukasafaris\/majoitus\/oivangin-lomakartano\/aurora\/\"><\/a><\/p>\n<\/li>\n<li>\n<p>        <img decoding=\"async\" src=\"\/rukasafaris\/wp-content\/uploads\/2024\/06\/junga-ulkokuva-kesa.jpg\" alt=\"Junga\"><\/p>\n<h3>Junga<\/h3>\n<p>18 hl\u00f6\u00e4<\/p>\n<p><a href=\"\/rukasafaris\/majoitus\/oivangin-lomakartano\/junga\/\"><\/a><\/p>\n<\/li>\n<li>\n<p>        <img decoding=\"async\" src=\"\/rukasafaris\/wp-content\/uploads\/2024\/06\/singer-kesa-ulkokuva.jpg\" alt=\"Singer\"><\/p>\n<h3>Singer<\/h3>\n<p>19 hl\u00f6\u00e4<\/p>\n<p><a href=\"\/rukasafaris\/majoitus\/oivangin-lomakartano\/singer\/\"><\/a><\/p>\n<\/li>\n<\/ul>\n<p><!--more--><br \/>\n<!-- {\"type\":\"layout\",\"children\":[{\"name\":\"Hero\",\"type\":\"section\",\"props\":{\"height\":\"viewport\",\"height_offset_top\":true,\"image\":\"wp-content\\\/uploads\\\/2024\\\/06\\\/saaga-kesa-takaa.jpg\",\"image_effect\":\"parallax\",\"image_parallax_bgy\":\"-200,0\",\"image_parallax_breakpoint\":\"m\",\"image_parallax_easing\":\"1\",\"image_position\":\"top-center\",\"image_size\":\"cover\",\"image_width\":\"2560\",\"overlap\":false,\"padding\":\"large\",\"style\":\"default\",\"text_color\":\"light\",\"title_breakpoint\":\"xl\",\"title_position\":\"top-left\",\"title_rotation\":\"left\",\"vertical_align\":\"middle\",\"width\":\"large\"},\"children\":[{\"type\":\"row\",\"children\":[{\"type\":\"column\",\"props\":{\"image_position\":\"center-center\",\"position_sticky_breakpoint\":\"m\",\"width_medium\":\"1-1\"},\"children\":[{\"type\":\"headline\",\"props\":{\"content\":\"Kuusamo, Ruka\",\"title_color\":\"primary\",\"title_element\":\"div\",\"title_style\":\"h3\"}},{\"type\":\"headline\",\"props\":{\"content\":\"Oivangin lomakartano\",\"margin_remove_top\":true,\"maxwidth\":\"2xlarge\",\"title_element\":\"h1\",\"title_style\":\"heading-xlarge\"}},{\"type\":\"button\",\"props\":{\"grid_column_gap\":\"small\",\"grid_row_gap\":\"small\",\"margin\":\"default\",\"status\":\"disabled\"},\"children\":[{\"type\":\"button_item\",\"props\":{\"button_style\":\"primary\",\"content\":\"Hinnasto\",\"dialog_layout\":\"modal\",\"dialog_offcanvas_flip\":true,\"icon_align\":\"left\",\"link\":\"#hinnat\"}},{\"type\":\"button_item\",\"props\":{\"button_style\":\"primary\",\"content\":\"Palvelut\",\"dialog_layout\":\"modal\",\"dialog_offcanvas_flip\":true,\"icon_align\":\"left\",\"link\":\"#palvelut\"}},{\"type\":\"button_item\",\"props\":{\"button_style\":\"primary\",\"content\":\"M\\u00f6kit ja huoneistot\",\"dialog_layout\":\"modal\",\"dialog_offcanvas_flip\":true,\"icon_align\":\"left\",\"link\":\"#mokit\"}}]}]}]}]},{\"name\":\"About\",\"type\":\"section\",\"props\":{\"image_position\":\"center-center\",\"overlap\":false,\"padding_remove_bottom\":false,\"padding_remove_top\":false,\"style\":\"default\",\"title_breakpoint\":\"xl\",\"title_position\":\"center-right\",\"title_rotation\":\"left\",\"vertical_align\":\"\",\"width\":\"xlarge\"},\"children\":[{\"type\":\"row\",\"props\":{\"column_gap\":\"collapse\",\"layout\":\"1-2,1-2\",\"row_gap\":\"collapse\"},\"children\":[{\"type\":\"column\",\"props\":{\"image_position\":\"center-center\",\"position_sticky_breakpoint\":\"m\",\"vertical_align\":\"middle\",\"width_medium\":\"1-2\"},\"children\":[{\"type\":\"image\",\"props\":{\"animation\":\"parallax\",\"block_align\":\"right\",\"image\":\"wp-content\\\/uploads\\\/2024\\\/06\\\/oivangin_lomakartano-ukonkivi.jpg\",\"image_alt\":\"Ravintola ukonkivi\",\"image_box_decoration\":\"default\",\"image_svg_color\":\"emphasis\",\"image_width\":\"600\",\"margin\":\"default\",\"maxwidth\":\"xlarge\",\"parallax_breakpoint\":\"m\",\"parallax_easing\":\"1\",\"parallax_y\":\"-100,-240\",\"text_align\":\"right\",\"visibility\":\"m\"}}]},{\"type\":\"column\",\"props\":{\"image_position\":\"center-center\",\"position_sticky_breakpoint\":\"m\",\"width_medium\":\"1-2\"},\"children\":[{\"type\":\"panel\",\"props\":{\"animation\":\"parallax\",\"content\":\"\n\n<p>Oivangin lomakartano sijaitsee 15 minuutin ajomatkan p\\u00e4\\u00e4ss\\u00e4 Rukalta ja Kuusamosta. Oivangin lomakartanon alueella sijaitsee kuusi erilaista huvilaa ja alue tarjoaa majoitustilaa yhteens\\u00e4 66 henkil\\u00f6lle. Jyhke\\u00e4t kelo- ja hirsihuvilat seisovat luonnonkauniissa harjumaisemassa j\\u00e4rvien ymp\\u00e4r\\u00f6im\\u00e4n\\u00e4. Alue tarjoaa todellisen unelmakohteen rentoutumiselle, virkistymiselle, inspiroiville kokouksille ja lomailulle.\\u00a0<\\\/p>\\n\n\n<p><span>Olipa tilaisuutesi syy ty\\u00f6 tai huvi, <a href=\\\"https:\\\/\\\/davas.site\\\/rukasafaris\\\/tilausravintola-ukonkivi\\\/\\\">tilausravintola Ukonkivi<\\\/a> ja jylh\\u00e4t hirsim\\u00f6kit tarjoavat sinulle ja seurueellesi oivat puitteet el\\u00e4m\\u00e4si t\\u00e4rkeisiin hetkiin.\\u00a0<\\\/span><\\\/p>\\n\n\n<p>Modernit hirsihuvilat Aurora sek\\u00e4 Saaga 1 &amp; 2 soveltuvat vaativampiin tarpeisiin, sill\\u00e4 jokaisesta makuuhuoneesta l\\u00f6ytyy oma kylpyhuone. Perinteiset kelohonkaiset Singer, Junga ja Pikku-Junga soveltuvat isoillekin ryhmille.\\u00a0<\\\/p>\",\"content_column_breakpoint\":\"m\",\"css\":\"@media (max-width: 959px) {\\n    .el-element { position: static !important; }\\n}\",\"icon_width\":80,\"image_align\":\"top\",\"image_grid_breakpoint\":\"m\",\"image_grid_width\":\"1-2\",\"image_svg_color\":\"emphasis\",\"link_style\":\"text\",\"link_target\":true,\"link_text\":\"Aluekartta\",\"margin\":\"\",\"maxwidth\":\"xlarge\",\"maxwidth_breakpoint\":\"l\",\"meta_align\":\"below-title\",\"meta_element\":\"div\",\"meta_style\":\"text-meta\",\"panel_padding\":\"large\",\"panel_style\":\"card-default\",\"parallax_breakpoint\":\"m\",\"parallax_easing\":\"1\",\"parallax_y\":\"-200,0\",\"position\":\"relative\",\"position_left\":\"-50\",\"text_align\":\"left\",\"title\":\"El\\u00e4myksellist\\u00e4 majoitusta upeissa huviloissa\",\"title_align\":\"top\",\"title_element\":\"h2\",\"title_grid_breakpoint\":\"m\",\"title_grid_width\":\"1-2\",\"title_hover_style\":\"reset\",\"title_style\":\"h2\"}}]}]},{\"type\":\"row\",\"children\":[{\"type\":\"column\",\"props\":{\"image_position\":\"center-center\",\"position_sticky_breakpoint\":\"m\",\"width_medium\":\"1-1\"},\"children\":[{\"type\":\"image\",\"props\":{\"image\":\"wp-content\\\/uploads\\\/2024\\\/10\\\/RUKASAFARIS_kartat_oivanginlomakartano.jpg\",\"image_svg_color\":\"emphasis\",\"margin\":\"default\"}},{\"type\":\"gallery\",\"props\":{\"animation\":true,\"filter\":false,\"filter_align\":\"left\",\"filter_all\":true,\"filter_grid_breakpoint\":\"m\",\"filter_grid_width\":\"auto\",\"filter_position\":\"top\",\"filter_style\":\"tab\",\"grid_default\":\"1\",\"grid_medium\":\"4\",\"grid_small\":\"3\",\"id\":\"oivanki\",\"image_height\":\"500\",\"image_transition\":\"scale-up\",\"image_width\":\"400\",\"item_animation\":true,\"lightbox_bg_close\":true,\"link_style\":\"default\",\"link_text\":\"\",\"margin\":\"default\",\"meta_align\":\"below-title\",\"meta_element\":\"div\",\"meta_margin\":\"remove\",\"meta_style\":\"\",\"overlay_hover\":false,\"overlay_link\":true,\"overlay_maxwidth\":\"xlarge\",\"overlay_mode\":\"caption\",\"overlay_padding\":\"small\",\"overlay_position\":\"bottom-center\",\"overlay_style\":\"tile-default\",\"overlay_transition\":\"fade\",\"parallax_easing\":\"1\",\"show_content\":true,\"show_hover_image\":true,\"show_hover_video\":true,\"show_link\":true,\"show_meta\":true,\"show_title\":true,\"text_align\":\"center\",\"text_color\":\"light\",\"title_element\":\"h3\",\"title_hover_style\":\"reset\",\"title_link\":true,\"title_style\":\"text-lead\"},\"children\":[{\"type\":\"gallery_item\",\"props\":{\"image\":\"wp-content\\\/uploads\\\/2024\\\/06\\\/saaga-kesa-takaa.jpg\",\"image_alt\":\"Saaga 1\",\"link\":\"majoitus\\\/oivangin-lomakartano\\\/saaga-1-2\\\/\",\"link_aria_label\":\"Saaga 1\",\"meta\":\"6 hl\\u00f6\\u00e4\",\"title\":\"Saaga 1\"}},{\"type\":\"gallery_item\",\"props\":{\"image\":\"wp-content\\\/uploads\\\/2024\\\/06\\\/saaga-kesa-takaa.jpg\",\"image_alt\":\"Saaga 2\",\"link\":\"majoitus\\\/oivangin-lomakartano\\\/saaga-2\\\/\",\"link_aria_label\":\"Saaga 2\",\"meta\":\"6 hl\\u00f6\\u00e4\",\"title\":\"Saaga 2\"}},{\"type\":\"gallery_item\",\"props\":{\"image\":\"wp-content\\\/uploads\\\/2024\\\/06\\\/pikkujunga-ulkokuva-kesa.jpg\",\"image_alt\":\"Pikku-Junga\",\"link\":\"majoitus\\\/oivangin-lomakartano\\\/pikku-junga\\\/\",\"link_aria_label\":\"Pikku-Junga\",\"meta\":\"8 hl\\u00f6\\u00e4\",\"title\":\"Pikku-Junga\"}},{\"type\":\"gallery_item\",\"props\":{\"image\":\"wp-content\\\/uploads\\\/2024\\\/06\\\/aurora-ylakerta.jpg\",\"image_alt\":\"Aurora\",\"link\":\"majoitus\\\/oivangin-lomakartano\\\/aurora\\\/\",\"link_aria_label\":\"Aurora\",\"meta\":\"10 hl\\u00f6\\u00e4\",\"title\":\"Aurora\"}},{\"type\":\"gallery_item\",\"props\":{\"image\":\"wp-content\\\/uploads\\\/2024\\\/06\\\/junga-ulkokuva-kesa.jpg\",\"image_alt\":\"Junga\",\"link\":\"majoitus\\\/oivangin-lomakartano\\\/junga\\\/\",\"link_aria_label\":\"Junga\",\"meta\":\"18 hl\\u00f6\\u00e4\",\"title\":\"Junga\"}},{\"type\":\"gallery_item\",\"props\":{\"image\":\"wp-content\\\/uploads\\\/2024\\\/06\\\/singer-kesa-ulkokuva.jpg\",\"image_alt\":\"Singer\",\"link\":\"majoitus\\\/oivangin-lomakartano\\\/singer\\\/\",\"link_aria_label\":\"Singer\",\"meta\":\"19 hl\\u00f6\\u00e4\",\"title\":\"Singer\"}}],\"name\":\"oivangin lomakartano fi\"}]}]}]}],\"version\":\"4.5.16\"} --><\/p>\n","protected":false},"excerpt":{"rendered":"<p>Kuusamo, Ruka Oivangin lomakartano El\u00e4myksellist\u00e4 majoitusta upeissa huviloissa Oivangin lomakartano sijaitsee 15 minuutin ajomatkan p\u00e4\u00e4ss\u00e4 Rukalta ja Kuusamosta. Oivangin lomakartanon alueella sijaitsee kuusi erilaista huvilaa ja alue tarjoaa majoitustilaa yhteens\u00e4 66 henkil\u00f6lle. Jyhke\u00e4t kelo- ja hirsihuvilat seisovat luonnonkauniissa harjumaisemassa j\u00e4rvien ymp\u00e4r\u00f6im\u00e4n\u00e4. Alue tarjoaa todellisen unelmakohteen rentoutumiselle, virkistymiselle, inspiroiville kokouksille ja lomailulle.\u00a0 Olipa tilaisuutesi syy ty\u00f6 [&hellip;]<\/p>\n","protected":false},"author":1,"featured_media":0,"parent":517,"menu_order":0,"comment_status":"closed","ping_status":"closed","template":"","meta":{"cybocfi_hide_featured_image":"","footnotes":""},"class_list":["post-7605","page","type-page","status-publish","hentry"],"yoast_head":"<!-- This site is optimized with the Yoast SEO Premium plugin v25.1 (Yoast SEO v25.3) - https:\/\/yoast.com\/wordpress\/plugins\/seo\/ -->\n<title>Oivangin lomakartano - Ruka Safaris, Kuusamo, Finland<\/title>\n<meta name=\"robots\" content=\"index, follow, max-snippet:-1, max-image-preview:large, max-video-preview:-1\" \/>\n<link rel=\"canonical\" href=\"https:\/\/davas.site\/rukasafaris\/majoitus\/oivangin-lomakartano\/\" \/>\n<meta property=\"og:locale\" content=\"fi_FI\" \/>\n<meta property=\"og:type\" content=\"article\" \/>\n<meta property=\"og:title\" content=\"Oivangin lomakartano\" \/>\n<meta property=\"og:description\" content=\"Kuusamo, Ruka Oivangin lomakartano El\u00e4myksellist\u00e4 majoitusta upeissa huviloissa Oivangin lomakartano sijaitsee 15 minuutin ajomatkan p\u00e4\u00e4ss\u00e4 Rukalta ja Kuusamosta. Oivangin lomakartanon alueella sijaitsee kuusi erilaista huvilaa ja alue tarjoaa majoitustilaa yhteens\u00e4 66 henkil\u00f6lle. Jyhke\u00e4t kelo- ja hirsihuvilat seisovat luonnonkauniissa harjumaisemassa j\u00e4rvien ymp\u00e4r\u00f6im\u00e4n\u00e4. Alue tarjoaa todellisen unelmakohteen rentoutumiselle, virkistymiselle, inspiroiville kokouksille ja lomailulle.\u00a0 Olipa tilaisuutesi syy ty\u00f6 [&hellip;]\" \/>\n<meta property=\"og:url\" content=\"https:\/\/davas.site\/rukasafaris\/majoitus\/oivangin-lomakartano\/\" \/>\n<meta property=\"og:site_name\" content=\"Ruka Safaris, Kuusamo, Finland\" \/>\n<meta property=\"article:publisher\" content=\"https:\/\/www.facebook.com\/rukasafaris\" \/>\n<meta property=\"article:modified_time\" content=\"2025-07-10T12:28:27+00:00\" \/>\n<meta property=\"og:image\" content=\"https:\/\/davas.site\/rukasafaris\/wp-content\/uploads\/2025\/01\/Ruka-Safaris-Logo-vaaka.png\" \/>\n\t<meta property=\"og:image:width\" content=\"709\" \/>\n\t<meta property=\"og:image:height\" content=\"425\" \/>\n\t<meta property=\"og:image:type\" content=\"image\/png\" \/>\n<meta name=\"twitter:card\" content=\"summary_large_image\" \/>\n<script type=\"application\/ld+json\" class=\"yoast-schema-graph\">{\"@context\":\"https:\/\/schema.org\",\"@graph\":[{\"@type\":\"WebPage\",\"@id\":\"https:\/\/davas.site\/rukasafaris\/majoitus\/oivangin-lomakartano\/\",\"url\":\"https:\/\/davas.site\/rukasafaris\/majoitus\/oivangin-lomakartano\/\",\"name\":\"Oivangin lomakartano - Ruka Safaris, Kuusamo, Finland\",\"isPartOf\":{\"@id\":\"https:\/\/davas.site\/rukasafaris\/#website\"},\"datePublished\":\"2024-06-10T08:32:09+00:00\",\"dateModified\":\"2025-07-10T12:28:27+00:00\",\"breadcrumb\":{\"@id\":\"https:\/\/davas.site\/rukasafaris\/majoitus\/oivangin-lomakartano\/#breadcrumb\"},\"inLanguage\":\"fi\",\"potentialAction\":[{\"@type\":\"ReadAction\",\"target\":[\"https:\/\/davas.site\/rukasafaris\/majoitus\/oivangin-lomakartano\/\"]}]},{\"@type\":\"BreadcrumbList\",\"@id\":\"https:\/\/davas.site\/rukasafaris\/majoitus\/oivangin-lomakartano\/#breadcrumb\",\"itemListElement\":[{\"@type\":\"ListItem\",\"position\":1,\"name\":\"Home\",\"item\":\"https:\/\/davas.site\/rukasafaris\/\"},{\"@type\":\"ListItem\",\"position\":2,\"name\":\"Majoitusta 1-112 hengelle\",\"item\":\"https:\/\/davas.site\/rukasafaris\/majoitus\/\"},{\"@type\":\"ListItem\",\"position\":3,\"name\":\"Oivangin lomakartano\"}]},{\"@type\":\"WebSite\",\"@id\":\"https:\/\/davas.site\/rukasafaris\/#website\",\"url\":\"https:\/\/davas.site\/rukasafaris\/\",\"name\":\"Ruka Safaris, Kuusamo\",\"description\":\"Adventure Travel Since 1988\",\"publisher\":{\"@id\":\"https:\/\/davas.site\/rukasafaris\/#organization\"},\"potentialAction\":[{\"@type\":\"SearchAction\",\"target\":{\"@type\":\"EntryPoint\",\"urlTemplate\":\"https:\/\/davas.site\/rukasafaris\/?s={search_term_string}\"},\"query-input\":{\"@type\":\"PropertyValueSpecification\",\"valueRequired\":true,\"valueName\":\"search_term_string\"}}],\"inLanguage\":\"fi\"},{\"@type\":\"Organization\",\"@id\":\"https:\/\/davas.site\/rukasafaris\/#organization\",\"name\":\"Ruka Safaris\",\"url\":\"https:\/\/davas.site\/rukasafaris\/\",\"logo\":{\"@type\":\"ImageObject\",\"inLanguage\":\"fi\",\"@id\":\"https:\/\/davas.site\/rukasafaris\/#\/schema\/logo\/image\/\",\"url\":\"https:\/\/davas.site\/rukasafaris\/wp-content\/uploads\/2022\/03\/ruka-safaris-logo.png\",\"contentUrl\":\"https:\/\/davas.site\/rukasafaris\/wp-content\/uploads\/2022\/03\/ruka-safaris-logo.png\",\"width\":500,\"height\":500,\"caption\":\"Ruka Safaris\"},\"image\":{\"@id\":\"https:\/\/davas.site\/rukasafaris\/#\/schema\/logo\/image\/\"},\"sameAs\":[\"https:\/\/www.facebook.com\/rukasafaris\",\"https:\/\/www.instagram.com\/rukasafaris\",\"https:\/\/www.youtube.com\/user\/rukasafaris\"]}]}<\/script>\n<!-- \/ Yoast SEO Premium plugin. -->","yoast_head_json":{"title":"Oivangin lomakartano - Ruka Safaris, Kuusamo, Finland","robots":{"index":"index","follow":"follow","max-snippet":"max-snippet:-1","max-image-preview":"max-image-preview:large","max-video-preview":"max-video-preview:-1"},"canonical":"https:\/\/davas.site\/rukasafaris\/majoitus\/oivangin-lomakartano\/","og_locale":"fi_FI","og_type":"article","og_title":"Oivangin lomakartano","og_description":"Kuusamo, Ruka Oivangin lomakartano El\u00e4myksellist\u00e4 majoitusta upeissa huviloissa Oivangin lomakartano sijaitsee 15 minuutin ajomatkan p\u00e4\u00e4ss\u00e4 Rukalta ja Kuusamosta. Oivangin lomakartanon alueella sijaitsee kuusi erilaista huvilaa ja alue tarjoaa majoitustilaa yhteens\u00e4 66 henkil\u00f6lle. Jyhke\u00e4t kelo- ja hirsihuvilat seisovat luonnonkauniissa harjumaisemassa j\u00e4rvien ymp\u00e4r\u00f6im\u00e4n\u00e4. Alue tarjoaa todellisen unelmakohteen rentoutumiselle, virkistymiselle, inspiroiville kokouksille ja lomailulle.\u00a0 Olipa tilaisuutesi syy ty\u00f6 [&hellip;]","og_url":"https:\/\/davas.site\/rukasafaris\/majoitus\/oivangin-lomakartano\/","og_site_name":"Ruka Safaris, Kuusamo, Finland","article_publisher":"https:\/\/www.facebook.com\/rukasafaris","article_modified_time":"2025-07-10T12:28:27+00:00","og_image":[{"width":709,"height":425,"url":"https:\/\/davas.site\/rukasafaris\/wp-content\/uploads\/2025\/01\/Ruka-Safaris-Logo-vaaka.png","type":"image\/png"}],"twitter_card":"summary_large_image","schema":{"@context":"https:\/\/schema.org","@graph":[{"@type":"WebPage","@id":"https:\/\/davas.site\/rukasafaris\/majoitus\/oivangin-lomakartano\/","url":"https:\/\/davas.site\/rukasafaris\/majoitus\/oivangin-lomakartano\/","name":"Oivangin lomakartano - Ruka Safaris, Kuusamo, Finland","isPartOf":{"@id":"https:\/\/davas.site\/rukasafaris\/#website"},"datePublished":"2024-06-10T08:32:09+00:00","dateModified":"2025-07-10T12:28:27+00:00","breadcrumb":{"@id":"https:\/\/davas.site\/rukasafaris\/majoitus\/oivangin-lomakartano\/#breadcrumb"},"inLanguage":"fi","potentialAction":[{"@type":"ReadAction","target":["https:\/\/davas.site\/rukasafaris\/majoitus\/oivangin-lomakartano\/"]}]},{"@type":"BreadcrumbList","@id":"https:\/\/davas.site\/rukasafaris\/majoitus\/oivangin-lomakartano\/#breadcrumb","itemListElement":[{"@type":"ListItem","position":1,"name":"Home","item":"https:\/\/davas.site\/rukasafaris\/"},{"@type":"ListItem","position":2,"name":"Majoitusta 1-112 hengelle","item":"https:\/\/davas.site\/rukasafaris\/majoitus\/"},{"@type":"ListItem","position":3,"name":"Oivangin lomakartano"}]},{"@type":"WebSite","@id":"https:\/\/davas.site\/rukasafaris\/#website","url":"https:\/\/davas.site\/rukasafaris\/","name":"Ruka Safaris, Kuusamo","description":"Adventure Travel Since 1988","publisher":{"@id":"https:\/\/davas.site\/rukasafaris\/#organization"},"potentialAction":[{"@type":"SearchAction","target":{"@type":"EntryPoint","urlTemplate":"https:\/\/davas.site\/rukasafaris\/?s={search_term_string}"},"query-input":{"@type":"PropertyValueSpecification","valueRequired":true,"valueName":"search_term_string"}}],"inLanguage":"fi"},{"@type":"Organization","@id":"https:\/\/davas.site\/rukasafaris\/#organization","name":"Ruka Safaris","url":"https:\/\/davas.site\/rukasafaris\/","logo":{"@type":"ImageObject","inLanguage":"fi","@id":"https:\/\/davas.site\/rukasafaris\/#\/schema\/logo\/image\/","url":"https:\/\/davas.site\/rukasafaris\/wp-content\/uploads\/2022\/03\/ruka-safaris-logo.png","contentUrl":"https:\/\/davas.site\/rukasafaris\/wp-content\/uploads\/2022\/03\/ruka-safaris-logo.png","width":500,"height":500,"caption":"Ruka Safaris"},"image":{"@id":"https:\/\/davas.site\/rukasafaris\/#\/schema\/logo\/image\/"},"sameAs":["https:\/\/www.facebook.com\/rukasafaris","https:\/\/www.instagram.com\/rukasafaris","https:\/\/www.youtube.com\/user\/rukasafaris"]}]}},"_links":{"self":[{"href":"https:\/\/davas.site\/rukasafaris\/wp-json\/wp\/v2\/pages\/7605","targetHints":{"allow":["GET"]}}],"collection":[{"href":"https:\/\/davas.site\/rukasafaris\/wp-json\/wp\/v2\/pages"}],"about":[{"href":"https:\/\/davas.site\/rukasafaris\/wp-json\/wp\/v2\/types\/page"}],"author":[{"embeddable":true,"href":"https:\/\/davas.site\/rukasafaris\/wp-json\/wp\/v2\/users\/1"}],"replies":[{"embeddable":true,"href":"https:\/\/davas.site\/rukasafaris\/wp-json\/wp\/v2\/comments?post=7605"}],"version-history":[{"count":23,"href":"https:\/\/davas.site\/rukasafaris\/wp-json\/wp\/v2\/pages\/7605\/revisions"}],"predecessor-version":[{"id":12394,"href":"https:\/\/davas.site\/rukasafaris\/wp-json\/wp\/v2\/pages\/7605\/revisions\/12394"}],"up":[{"embeddable":true,"href":"https:\/\/davas.site\/rukasafaris\/wp-json\/wp\/v2\/pages\/517"}],"wp:attachment":[{"href":"https:\/\/davas.site\/rukasafaris\/wp-json\/wp\/v2\/media?parent=7605"}],"curies":[{"name":"wp","href":"https:\/\/api.w.org\/{rel}","templated":true}]}}