{"id":7730,"date":"2024-06-10T12:53:13","date_gmt":"2024-06-10T09:53:13","guid":{"rendered":"https:\/\/davas.site\/rukasafaris\/?p=7730"},"modified":"2025-06-02T15:06:58","modified_gmt":"2025-06-02T12:06:58","slug":"tilausravintola-ukonkivi","status":"publish","type":"page","link":"https:\/\/davas.site\/rukasafaris\/ravintolat\/tilausravintola-ukonkivi\/","title":{"rendered":"Tilausravintola Ukonkivi"},"content":{"rendered":"<div>Oivangin lomakartano<\/div>\n<div>\n<p><strong>Kelohongasta perinteiseen tyyliin rakennettu tilausravintola Ukonkivi sijaitsee Oivangin lomakartanon alueella, noin 25 minuutin ajomatkan p\u00e4\u00e4ss\u00e4 Rukalta ja 15 minuutin p\u00e4\u00e4ss\u00e4 Kuusamosta. Ukonkivi tarjoaa tunnelmalliset tilat el\u00e4m\u00e4si t\u00e4rkeimpiin hetkiin. Oli tilaisuutesi syy sitten ty\u00f6 tai huvi, Ukonkivess\u00e4 j\u00e4rjest\u00e4t niin perhejuhlat, p\u00e4iv\u00e4lliset kuin ty\u00f6el\u00e4m\u00e4n kokoukset ja koulutukset. Ikkunoista avautuva pohjoinen maisema el\u00e4\u00e4 vuodenaikojen mukana, hurmaten sinut yh\u00e4 uudelleen ja uudelleen.\u00a0<\/strong><\/p>\n<div>Ukonkiven 100 hengen sali mahdollistaa suurienkin juhlien j\u00e4rjest\u00e4misen. Suuri, kynttil\u00f6in valaistu liuskekivitakka luo tilaan l\u00e4mmint\u00e4 tunnelmaa ja terassilta voit ihailla ymp\u00e4ri vuoden upeaa j\u00e4rvimaisemaa. Erityisen ylpeit\u00e4 olemme aidosta vanhasta nuottaveneest\u00e4mme, johon katamme vieraillemme upean noutop\u00f6yd\u00e4n.<\/div>\n<p>Ravintolamme keitti\u00f6n salaisuus on rakkaus menneiden sukupolvien ruokaperinteit\u00e4 kohtaan, joille olemme antaneet modernin tuulahduksen. Maittavat ruokamme ovat alusta loppuun asti valmistettu keitti\u00f6mme omilla resepteill\u00e4, pohjoisen luonnon puhtaita ja raikkaita raaka-aineita k\u00e4ytt\u00e4en. Valmistamme tilaisuuteesi sopivat tarjottavat aina pikkusuolaisista juhlaviin a la carte- illallisiin.\u00a0<\/p>\n<p>Kysy tarjous unohtumattomiin tilaisuuksiisi <a href=\"mailto:sales@rukasafaris.fi\">myyntipalvelustamme<\/a>.\u00a0<\/p>\n<\/div>\n<div>\n<p>        <img decoding=\"async\" src=\"\/wp-content\/uploads\/2024\/06\/aurora-mh3.jpg\" alt=\"Sauna\"><\/p>\n<h4>Majoitus<\/h4>\n<div>\n<p><span>Oivangin lomakartanon tunnelmallisissa kelohuviloissa ja moderneissa villoissa majoittuu suurempikin ryhm\u00e4. Majoitustilaa l\u00f6ytyy yhteens\u00e4 66 henkil\u00f6lle. Hyvin nukutun y\u00f6n j\u00e4lkeen herkullinen aamiainen odottaa katettuna ravintolasalissamme.<\/span><\/p>\n<\/div>\n<\/div>\n<ul>\n<li>\n<p>        <img decoding=\"async\" src=\"\/wp-content\/uploads\/2024\/06\/ulkonkivi-talvi.jpg\" alt=\"\"><\/p>\n<h3>ulkonkivi-talvi<\/h3>\n<\/li>\n<li>\n<p>        <img decoding=\"async\" src=\"\/wp-content\/uploads\/2024\/06\/ukonkivi-kala-ateria.jpg\" alt=\"\"><\/p>\n<h3>ukonkivi-kala-ateria<\/h3>\n<\/li>\n<li>\n<p>        <img decoding=\"async\" src=\"\/wp-content\/uploads\/2024\/06\/ukonkivi-kattaus.jpg\" alt=\"\"><\/p>\n<h3>ukonkivi-kattaus<\/h3>\n<\/li>\n<li>\n<p>        <img decoding=\"async\" src=\"\/wp-content\/uploads\/2024\/06\/ukonkivi-sisafile.jpg\" alt=\"\"><\/p>\n<h3>ukonkivi-sisafile<\/h3>\n<\/li>\n<li>\n<p>        <img decoding=\"async\" src=\"\/wp-content\/uploads\/2024\/06\/ukonkivi-letut.jpeg\" alt=\"\"><\/p>\n<h3>ukonkivi-letut<\/h3>\n<\/li>\n<li>\n<p>        <img decoding=\"async\" src=\"\/wp-content\/uploads\/2024\/06\/ukonkivi-lohirulla.jpg\" alt=\"\"><\/p>\n<h3>ukonkivi-lohirulla<\/h3>\n<\/li>\n<li>\n<p>        <img decoding=\"async\" src=\"\/wp-content\/uploads\/2024\/06\/leipajuusto.jpg\" alt=\"\"><\/p>\n<h3>leipajuusto<\/h3>\n<\/li>\n<li>\n<p>        <img decoding=\"async\" src=\"\/wp-content\/uploads\/2024\/06\/ukonkivi-vene.jpeg\" alt=\"\"><\/p>\n<h3>ukonkivi-vene<\/h3>\n<\/li>\n<\/ul>\n<p><!--more--><br \/>\n<!-- {\"type\":\"layout\",\"children\":[{\"type\":\"section\",\"props\":{\"header_transparent\":false,\"header_transparent_noplaceholder\":false,\"header_transparent_text_color\":\"light\",\"height\":\"viewport\",\"height_offset_top\":true,\"height_viewport\":80,\"image_position\":\"center-center\",\"image_size\":\"cover\",\"media_overlay\":\"rgba(0, 0, 0, 0.25)\",\"style\":\"default\",\"text_color\":\"light\",\"title_breakpoint\":\"xl\",\"title_position\":\"top-left\",\"title_rotation\":\"left\",\"vertical_align\":\"middle\",\"video_width\":\"2560\",\"width\":\"xlarge\"},\"children\":[{\"type\":\"row\",\"props\":{\"margin\":\"remove-vertical\"},\"children\":[{\"type\":\"column\",\"props\":{\"image_position\":\"center-center\",\"position_sticky_breakpoint\":\"m\",\"width_medium\":\"1-1\"},\"children\":[{\"type\":\"headline\",\"props\":{\"block_align\":\"center\",\"content\":\"Oivangin lomakartano\",\"margin\":\"small\",\"text_align\":\"center\",\"title_decoration\":\"line\",\"title_element\":\"div\",\"title_font_family\":\"tertiary\",\"title_style\":\"h3\"}},{\"type\":\"headline\",\"props\":{\"block_align\":\"center\",\"margin_remove_top\":true,\"text_align\":\"center\",\"title_element\":\"h1\",\"title_style\":\"heading-large\"},\"source\":{\"query\":{\"name\":\"posts.singlePost\"},\"props\":{\"content\":{\"filters\":{\"search\":\"\"},\"name\":\"title\"}}}}]}]}],\"name\":\"Hero\",\"source\":{\"query\":{\"name\":\"posts.singlePost\"},\"props\":{\"image\":{\"filters\":{\"search\":\"\"},\"name\":\"featuredImage.url\"}}}},{\"type\":\"section\",\"props\":{\"image_position\":\"center-center\",\"padding_remove_top\":false,\"style\":\"default\",\"title_breakpoint\":\"xl\",\"title_position\":\"center-left\",\"title_rotation\":\"left\",\"vertical_align\":\"\",\"width\":\"small\"},\"children\":[{\"type\":\"row\",\"children\":[{\"type\":\"column\",\"props\":{\"image_position\":\"center-center\",\"position_sticky_breakpoint\":\"m\",\"width_medium\":\"2-3\",\"width_small\":\"2-3\"},\"children\":[{\"type\":\"text\",\"props\":{\"column_breakpoint\":\"m\",\"content\":\"\n\n<p><strong>Kelohongasta perinteiseen tyyliin rakennettu tilausravintola Ukonkivi sijaitsee Oivangin lomakartanon alueella, noin 25 minuutin ajomatkan p\\u00e4\\u00e4ss\\u00e4 Rukalta ja 15 minuutin p\\u00e4\\u00e4ss\\u00e4 Kuusamosta. Ukonkivi tarjoaa tunnelmalliset tilat el\\u00e4m\\u00e4si t\\u00e4rkeimpiin hetkiin. Oli tilaisuutesi syy sitten ty\\u00f6 tai huvi, Ukonkivess\\u00e4 j\\u00e4rjest\\u00e4t niin perhejuhlat, p\\u00e4iv\\u00e4lliset kuin ty\\u00f6el\\u00e4m\\u00e4n kokoukset ja koulutukset. Ikkunoista avautuva pohjoinen maisema el\\u00e4\\u00e4 vuodenaikojen mukana, hurmaten sinut yh\\u00e4 uudelleen ja uudelleen.\\u00a0<\\\/strong><\\\/p>\\n\n\n<div>Ukonkiven 100 hengen sali mahdollistaa suurienkin juhlien j\\u00e4rjest\\u00e4misen. Suuri, kynttil\\u00f6in valaistu liuskekivitakka luo tilaan l\\u00e4mmint\\u00e4 tunnelmaa ja terassilta voit ihailla ymp\\u00e4ri vuoden upeaa j\\u00e4rvimaisemaa. Erityisen ylpeit\\u00e4 olemme aidosta vanhasta nuottaveneest\\u00e4mme, johon katamme vieraillemme upean noutop\\u00f6yd\\u00e4n.<\\\/div>\\n\n\n<p>Ravintolamme keitti\\u00f6n salaisuus on rakkaus menneiden sukupolvien ruokaperinteit\\u00e4 kohtaan, joille olemme antaneet modernin tuulahduksen. Maittavat ruokamme ovat alusta loppuun asti valmistettu keitti\\u00f6mme omilla resepteill\\u00e4, pohjoisen luonnon puhtaita ja raikkaita raaka-aineita k\\u00e4ytt\\u00e4en. Valmistamme tilaisuuteesi sopivat tarjottavat aina pikkusuolaisista juhlaviin a la carte- illallisiin.\\u00a0<\\\/p>\\n\n\n<p>Kysy tarjous unohtumattomiin tilaisuuksiisi <a href=\\\"mailto:sales@rukasafaris.fi\\\">myyntipalvelustamme<\\\/a>.\\u00a0<\\\/p>\",\"margin\":\"medium\"}}]},{\"type\":\"column\",\"props\":{\"image_position\":\"center-center\",\"position_sticky_breakpoint\":\"m\",\"width_medium\":\"1-3\",\"width_small\":\"1-3\"},\"children\":[{\"type\":\"panel\",\"props\":{\"content\":\"\n\n<p><span>Oivangin lomakartanon tunnelmallisissa kelohuviloissa ja moderneissa villoissa majoittuu suurempikin ryhm\\u00e4. Majoitustilaa l\\u00f6ytyy yhteens\\u00e4 66 henkil\\u00f6lle. Hyvin nukutun y\\u00f6n j\\u00e4lkeen herkullinen aamiainen odottaa katettuna ravintolasalissamme.<\\\/span><\\\/p>\",\"content_column_breakpoint\":\"m\",\"icon_width\":80,\"image\":\"wp-content\\\/uploads\\\/2024\\\/06\\\/aurora-mh3.jpg\",\"image_align\":\"top\",\"image_alt\":\"Sauna\",\"image_grid_breakpoint\":\"m\",\"image_grid_width\":\"1-2\",\"image_link\":true,\"image_svg_color\":\"emphasis\",\"link_margin\":\"remove\",\"link_style\":\"text\",\"link_target\":true,\"link_text\":\"Lue lis\\u00e4\\u00e4\",\"margin\":\"default\",\"meta_align\":\"below-title\",\"meta_element\":\"div\",\"meta_style\":\"text-meta\",\"panel_image_no_padding\":true,\"panel_link\":true,\"panel_padding\":\"small\",\"panel_style\":\"card-default\",\"text_align\":\"center\",\"title\":\"Majoitus\",\"title_align\":\"top\",\"title_element\":\"h4\",\"title_grid_breakpoint\":\"m\",\"title_grid_width\":\"1-2\",\"title_hover_style\":\"reset\",\"title_link\":true,\"title_style\":\"h4\"}}]}],\"props\":{\"layout\":\"2-3,1-3\"}},{\"type\":\"row\",\"children\":[{\"type\":\"column\",\"props\":{\"image_position\":\"center-center\",\"position_sticky_breakpoint\":\"m\",\"width_medium\":\"1-1\"},\"children\":[{\"type\":\"overlay-slider\",\"props\":{\"container_padding_remove\":true,\"image_height\":\"400\",\"image_width\":\"600\",\"link_style\":\"default\",\"link_text\":\"\",\"margin\":\"default\",\"meta_align\":\"below-title\",\"meta_element\":\"div\",\"meta_style\":\"text-meta\",\"nav\":\"\",\"nav_align\":\"left\",\"nav_breakpoint\":\"s\",\"overlay_link\":true,\"overlay_mode\":\"cover\",\"overlay_position\":\"center\",\"overlay_transition\":\"fade\",\"show_content\":true,\"show_hover_image\":true,\"show_hover_video\":true,\"show_link\":true,\"show_meta\":true,\"show_title\":false,\"slidenav\":\"default\",\"slidenav_breakpoint\":\"s\",\"slidenav_large\":true,\"slidenav_margin\":\"small\",\"slidenav_outside_breakpoint\":\"xl\",\"slider_autoplay\":true,\"slider_autoplay_pause\":true,\"slider_center\":false,\"slider_finite\":false,\"slider_gap\":\"small\",\"slider_width\":\"\",\"slider_width_default\":\"1-1\",\"slider_width_medium\":\"1-3\",\"text_align\":\"center\",\"title_element\":\"h3\",\"title_hover_style\":\"reset\"},\"children\":[{\"type\":\"overlay-slider_item\",\"props\":{\"image\":\"wp-content\\\/uploads\\\/2024\\\/06\\\/ulkonkivi-talvi.jpg\",\"title\":\"ulkonkivi-talvi\"}},{\"type\":\"overlay-slider_item\",\"props\":{\"image\":\"wp-content\\\/uploads\\\/2024\\\/06\\\/ukonkivi-kala-ateria.jpg\",\"title\":\"ukonkivi-kala-ateria\"}},{\"type\":\"overlay-slider_item\",\"props\":{\"image\":\"wp-content\\\/uploads\\\/2024\\\/06\\\/ukonkivi-kattaus.jpg\",\"title\":\"ukonkivi-kattaus\"}},{\"type\":\"overlay-slider_item\",\"props\":{\"image\":\"wp-content\\\/uploads\\\/2024\\\/06\\\/ukonkivi-sisafile.jpg\",\"title\":\"ukonkivi-sisafile\"}},{\"type\":\"overlay-slider_item\",\"props\":{\"image\":\"wp-content\\\/uploads\\\/2024\\\/06\\\/ukonkivi-letut.jpeg\",\"title\":\"ukonkivi-letut\"}},{\"type\":\"overlay-slider_item\",\"props\":{\"image\":\"wp-content\\\/uploads\\\/2024\\\/06\\\/ukonkivi-lohirulla.jpg\",\"title\":\"ukonkivi-lohirulla\"}},{\"type\":\"overlay-slider_item\",\"props\":{\"image\":\"wp-content\\\/uploads\\\/2024\\\/06\\\/leipajuusto.jpg\",\"title\":\"leipajuusto\"}},{\"type\":\"overlay-slider_item\",\"props\":{\"image\":\"wp-content\\\/uploads\\\/2024\\\/06\\\/ukonkivi-vene.jpeg\",\"title\":\"ukonkivi-vene\"}}]}]}]}],\"name\":\"Activities\"}],\"version\":\"4.4.8\"} --><\/p>\n","protected":false},"excerpt":{"rendered":"<p>Oivangin lomakartano Kelohongasta perinteiseen tyyliin rakennettu tilausravintola Ukonkivi sijaitsee Oivangin lomakartanon alueella, noin 25 minuutin ajomatkan p\u00e4\u00e4ss\u00e4 Rukalta ja 15 minuutin p\u00e4\u00e4ss\u00e4 Kuusamosta. Ukonkivi tarjoaa tunnelmalliset tilat el\u00e4m\u00e4si t\u00e4rkeimpiin hetkiin. Oli tilaisuutesi syy sitten ty\u00f6 tai huvi, Ukonkivess\u00e4 j\u00e4rjest\u00e4t niin perhejuhlat, p\u00e4iv\u00e4lliset kuin ty\u00f6el\u00e4m\u00e4n kokoukset ja koulutukset. Ikkunoista avautuva pohjoinen maisema el\u00e4\u00e4 vuodenaikojen mukana, hurmaten [&hellip;]<\/p>\n","protected":false},"author":1,"featured_media":7731,"parent":1182,"menu_order":0,"comment_status":"closed","ping_status":"closed","template":"","meta":{"cybocfi_hide_featured_image":"","footnotes":""},"class_list":["post-7730","page","type-page","status-publish","has-post-thumbnail","hentry"],"yoast_head":"<!-- This site is optimized with the Yoast SEO Premium plugin v25.1 (Yoast SEO v25.3) - https:\/\/yoast.com\/wordpress\/plugins\/seo\/ -->\n<title>Tilausravintola Ukonkivi - Ruka Safaris, Kuusamo, Finland<\/title>\n<meta name=\"robots\" content=\"index, follow, max-snippet:-1, max-image-preview:large, max-video-preview:-1\" \/>\n<link rel=\"canonical\" href=\"https:\/\/davas.site\/rukasafaris\/ravintolat\/tilausravintola-ukonkivi\/\" \/>\n<meta property=\"og:locale\" content=\"fi_FI\" \/>\n<meta property=\"og:type\" content=\"article\" \/>\n<meta property=\"og:title\" content=\"Tilausravintola Ukonkivi\" \/>\n<meta property=\"og:description\" content=\"Oivangin lomakartano Kelohongasta perinteiseen tyyliin rakennettu tilausravintola Ukonkivi sijaitsee Oivangin lomakartanon alueella, noin 25 minuutin ajomatkan p\u00e4\u00e4ss\u00e4 Rukalta ja 15 minuutin p\u00e4\u00e4ss\u00e4 Kuusamosta. Ukonkivi tarjoaa tunnelmalliset tilat el\u00e4m\u00e4si t\u00e4rkeimpiin hetkiin. Oli tilaisuutesi syy sitten ty\u00f6 tai huvi, Ukonkivess\u00e4 j\u00e4rjest\u00e4t niin perhejuhlat, p\u00e4iv\u00e4lliset kuin ty\u00f6el\u00e4m\u00e4n kokoukset ja koulutukset. Ikkunoista avautuva pohjoinen maisema el\u00e4\u00e4 vuodenaikojen mukana, hurmaten [&hellip;]\" \/>\n<meta property=\"og:url\" content=\"https:\/\/davas.site\/rukasafaris\/ravintolat\/tilausravintola-ukonkivi\/\" \/>\n<meta property=\"og:site_name\" content=\"Ruka Safaris, Kuusamo, Finland\" \/>\n<meta property=\"article:publisher\" content=\"https:\/\/www.facebook.com\/rukasafaris\" \/>\n<meta property=\"article:modified_time\" content=\"2025-06-02T12:06:58+00:00\" \/>\n<meta property=\"og:image\" content=\"https:\/\/davas.site\/rukasafaris\/wp-content\/uploads\/2024\/06\/ravintola-ukonkivi-sali.jpg\" \/>\n\t<meta property=\"og:image:width\" content=\"2000\" \/>\n\t<meta property=\"og:image:height\" content=\"1335\" \/>\n\t<meta property=\"og:image:type\" content=\"image\/jpeg\" \/>\n<meta name=\"twitter:card\" content=\"summary_large_image\" \/>\n<meta name=\"twitter:label1\" content=\"Arvioitu lukuaika\" \/>\n\t<meta name=\"twitter:data1\" content=\"4 minuuttia\" \/>\n<script type=\"application\/ld+json\" class=\"yoast-schema-graph\">{\"@context\":\"https:\/\/schema.org\",\"@graph\":[{\"@type\":\"WebPage\",\"@id\":\"https:\/\/davas.site\/rukasafaris\/ravintolat\/tilausravintola-ukonkivi\/\",\"url\":\"https:\/\/davas.site\/rukasafaris\/ravintolat\/tilausravintola-ukonkivi\/\",\"name\":\"Tilausravintola Ukonkivi - Ruka Safaris, Kuusamo, Finland\",\"isPartOf\":{\"@id\":\"https:\/\/davas.site\/rukasafaris\/#website\"},\"primaryImageOfPage\":{\"@id\":\"https:\/\/davas.site\/rukasafaris\/ravintolat\/tilausravintola-ukonkivi\/#primaryimage\"},\"image\":{\"@id\":\"https:\/\/davas.site\/rukasafaris\/ravintolat\/tilausravintola-ukonkivi\/#primaryimage\"},\"thumbnailUrl\":\"https:\/\/davas.site\/rukasafaris\/wp-content\/uploads\/2024\/06\/ravintola-ukonkivi-sali.jpg\",\"datePublished\":\"2024-06-10T09:53:13+00:00\",\"dateModified\":\"2025-06-02T12:06:58+00:00\",\"breadcrumb\":{\"@id\":\"https:\/\/davas.site\/rukasafaris\/ravintolat\/tilausravintola-ukonkivi\/#breadcrumb\"},\"inLanguage\":\"fi\",\"potentialAction\":[{\"@type\":\"ReadAction\",\"target\":[\"https:\/\/davas.site\/rukasafaris\/ravintolat\/tilausravintola-ukonkivi\/\"]}]},{\"@type\":\"ImageObject\",\"inLanguage\":\"fi\",\"@id\":\"https:\/\/davas.site\/rukasafaris\/ravintolat\/tilausravintola-ukonkivi\/#primaryimage\",\"url\":\"https:\/\/davas.site\/rukasafaris\/wp-content\/uploads\/2024\/06\/ravintola-ukonkivi-sali.jpg\",\"contentUrl\":\"https:\/\/davas.site\/rukasafaris\/wp-content\/uploads\/2024\/06\/ravintola-ukonkivi-sali.jpg\",\"width\":2000,\"height\":1335},{\"@type\":\"BreadcrumbList\",\"@id\":\"https:\/\/davas.site\/rukasafaris\/ravintolat\/tilausravintola-ukonkivi\/#breadcrumb\",\"itemListElement\":[{\"@type\":\"ListItem\",\"position\":1,\"name\":\"Home\",\"item\":\"https:\/\/davas.site\/rukasafaris\/\"},{\"@type\":\"ListItem\",\"position\":2,\"name\":\"Ravintolat\",\"item\":\"https:\/\/davas.site\/rukasafaris\/ravintolat\/\"},{\"@type\":\"ListItem\",\"position\":3,\"name\":\"Tilausravintola Ukonkivi\"}]},{\"@type\":\"WebSite\",\"@id\":\"https:\/\/davas.site\/rukasafaris\/#website\",\"url\":\"https:\/\/davas.site\/rukasafaris\/\",\"name\":\"Ruka Safaris, Kuusamo\",\"description\":\"Adventure Travel Since 1988\",\"publisher\":{\"@id\":\"https:\/\/davas.site\/rukasafaris\/#organization\"},\"potentialAction\":[{\"@type\":\"SearchAction\",\"target\":{\"@type\":\"EntryPoint\",\"urlTemplate\":\"https:\/\/davas.site\/rukasafaris\/?s={search_term_string}\"},\"query-input\":{\"@type\":\"PropertyValueSpecification\",\"valueRequired\":true,\"valueName\":\"search_term_string\"}}],\"inLanguage\":\"fi\"},{\"@type\":\"Organization\",\"@id\":\"https:\/\/davas.site\/rukasafaris\/#organization\",\"name\":\"Ruka Safaris\",\"url\":\"https:\/\/davas.site\/rukasafaris\/\",\"logo\":{\"@type\":\"ImageObject\",\"inLanguage\":\"fi\",\"@id\":\"https:\/\/davas.site\/rukasafaris\/#\/schema\/logo\/image\/\",\"url\":\"https:\/\/davas.site\/rukasafaris\/wp-content\/uploads\/2022\/03\/ruka-safaris-logo.png\",\"contentUrl\":\"https:\/\/davas.site\/rukasafaris\/wp-content\/uploads\/2022\/03\/ruka-safaris-logo.png\",\"width\":500,\"height\":500,\"caption\":\"Ruka Safaris\"},\"image\":{\"@id\":\"https:\/\/davas.site\/rukasafaris\/#\/schema\/logo\/image\/\"},\"sameAs\":[\"https:\/\/www.facebook.com\/rukasafaris\",\"https:\/\/www.instagram.com\/rukasafaris\",\"https:\/\/www.youtube.com\/user\/rukasafaris\"]}]}<\/script>\n<!-- \/ Yoast SEO Premium plugin. -->","yoast_head_json":{"title":"Tilausravintola Ukonkivi - Ruka Safaris, Kuusamo, Finland","robots":{"index":"index","follow":"follow","max-snippet":"max-snippet:-1","max-image-preview":"max-image-preview:large","max-video-preview":"max-video-preview:-1"},"canonical":"https:\/\/davas.site\/rukasafaris\/ravintolat\/tilausravintola-ukonkivi\/","og_locale":"fi_FI","og_type":"article","og_title":"Tilausravintola Ukonkivi","og_description":"Oivangin lomakartano Kelohongasta perinteiseen tyyliin rakennettu tilausravintola Ukonkivi sijaitsee Oivangin lomakartanon alueella, noin 25 minuutin ajomatkan p\u00e4\u00e4ss\u00e4 Rukalta ja 15 minuutin p\u00e4\u00e4ss\u00e4 Kuusamosta. Ukonkivi tarjoaa tunnelmalliset tilat el\u00e4m\u00e4si t\u00e4rkeimpiin hetkiin. Oli tilaisuutesi syy sitten ty\u00f6 tai huvi, Ukonkivess\u00e4 j\u00e4rjest\u00e4t niin perhejuhlat, p\u00e4iv\u00e4lliset kuin ty\u00f6el\u00e4m\u00e4n kokoukset ja koulutukset. Ikkunoista avautuva pohjoinen maisema el\u00e4\u00e4 vuodenaikojen mukana, hurmaten [&hellip;]","og_url":"https:\/\/davas.site\/rukasafaris\/ravintolat\/tilausravintola-ukonkivi\/","og_site_name":"Ruka Safaris, Kuusamo, Finland","article_publisher":"https:\/\/www.facebook.com\/rukasafaris","article_modified_time":"2025-06-02T12:06:58+00:00","og_image":[{"width":2000,"height":1335,"url":"https:\/\/davas.site\/rukasafaris\/wp-content\/uploads\/2024\/06\/ravintola-ukonkivi-sali.jpg","type":"image\/jpeg"}],"twitter_card":"summary_large_image","twitter_misc":{"Arvioitu lukuaika":"4 minuuttia"},"schema":{"@context":"https:\/\/schema.org","@graph":[{"@type":"WebPage","@id":"https:\/\/davas.site\/rukasafaris\/ravintolat\/tilausravintola-ukonkivi\/","url":"https:\/\/davas.site\/rukasafaris\/ravintolat\/tilausravintola-ukonkivi\/","name":"Tilausravintola Ukonkivi - Ruka Safaris, Kuusamo, Finland","isPartOf":{"@id":"https:\/\/davas.site\/rukasafaris\/#website"},"primaryImageOfPage":{"@id":"https:\/\/davas.site\/rukasafaris\/ravintolat\/tilausravintola-ukonkivi\/#primaryimage"},"image":{"@id":"https:\/\/davas.site\/rukasafaris\/ravintolat\/tilausravintola-ukonkivi\/#primaryimage"},"thumbnailUrl":"https:\/\/davas.site\/rukasafaris\/wp-content\/uploads\/2024\/06\/ravintola-ukonkivi-sali.jpg","datePublished":"2024-06-10T09:53:13+00:00","dateModified":"2025-06-02T12:06:58+00:00","breadcrumb":{"@id":"https:\/\/davas.site\/rukasafaris\/ravintolat\/tilausravintola-ukonkivi\/#breadcrumb"},"inLanguage":"fi","potentialAction":[{"@type":"ReadAction","target":["https:\/\/davas.site\/rukasafaris\/ravintolat\/tilausravintola-ukonkivi\/"]}]},{"@type":"ImageObject","inLanguage":"fi","@id":"https:\/\/davas.site\/rukasafaris\/ravintolat\/tilausravintola-ukonkivi\/#primaryimage","url":"https:\/\/davas.site\/rukasafaris\/wp-content\/uploads\/2024\/06\/ravintola-ukonkivi-sali.jpg","contentUrl":"https:\/\/davas.site\/rukasafaris\/wp-content\/uploads\/2024\/06\/ravintola-ukonkivi-sali.jpg","width":2000,"height":1335},{"@type":"BreadcrumbList","@id":"https:\/\/davas.site\/rukasafaris\/ravintolat\/tilausravintola-ukonkivi\/#breadcrumb","itemListElement":[{"@type":"ListItem","position":1,"name":"Home","item":"https:\/\/davas.site\/rukasafaris\/"},{"@type":"ListItem","position":2,"name":"Ravintolat","item":"https:\/\/davas.site\/rukasafaris\/ravintolat\/"},{"@type":"ListItem","position":3,"name":"Tilausravintola Ukonkivi"}]},{"@type":"WebSite","@id":"https:\/\/davas.site\/rukasafaris\/#website","url":"https:\/\/davas.site\/rukasafaris\/","name":"Ruka Safaris, Kuusamo","description":"Adventure Travel Since 1988","publisher":{"@id":"https:\/\/davas.site\/rukasafaris\/#organization"},"potentialAction":[{"@type":"SearchAction","target":{"@type":"EntryPoint","urlTemplate":"https:\/\/davas.site\/rukasafaris\/?s={search_term_string}"},"query-input":{"@type":"PropertyValueSpecification","valueRequired":true,"valueName":"search_term_string"}}],"inLanguage":"fi"},{"@type":"Organization","@id":"https:\/\/davas.site\/rukasafaris\/#organization","name":"Ruka Safaris","url":"https:\/\/davas.site\/rukasafaris\/","logo":{"@type":"ImageObject","inLanguage":"fi","@id":"https:\/\/davas.site\/rukasafaris\/#\/schema\/logo\/image\/","url":"https:\/\/davas.site\/rukasafaris\/wp-content\/uploads\/2022\/03\/ruka-safaris-logo.png","contentUrl":"https:\/\/davas.site\/rukasafaris\/wp-content\/uploads\/2022\/03\/ruka-safaris-logo.png","width":500,"height":500,"caption":"Ruka Safaris"},"image":{"@id":"https:\/\/davas.site\/rukasafaris\/#\/schema\/logo\/image\/"},"sameAs":["https:\/\/www.facebook.com\/rukasafaris","https:\/\/www.instagram.com\/rukasafaris","https:\/\/www.youtube.com\/user\/rukasafaris"]}]}},"_links":{"self":[{"href":"https:\/\/davas.site\/rukasafaris\/wp-json\/wp\/v2\/pages\/7730","targetHints":{"allow":["GET"]}}],"collection":[{"href":"https:\/\/davas.site\/rukasafaris\/wp-json\/wp\/v2\/pages"}],"about":[{"href":"https:\/\/davas.site\/rukasafaris\/wp-json\/wp\/v2\/types\/page"}],"author":[{"embeddable":true,"href":"https:\/\/davas.site\/rukasafaris\/wp-json\/wp\/v2\/users\/1"}],"replies":[{"embeddable":true,"href":"https:\/\/davas.site\/rukasafaris\/wp-json\/wp\/v2\/comments?post=7730"}],"version-history":[{"count":21,"href":"https:\/\/davas.site\/rukasafaris\/wp-json\/wp\/v2\/pages\/7730\/revisions"}],"predecessor-version":[{"id":9015,"href":"https:\/\/davas.site\/rukasafaris\/wp-json\/wp\/v2\/pages\/7730\/revisions\/9015"}],"up":[{"embeddable":true,"href":"https:\/\/davas.site\/rukasafaris\/wp-json\/wp\/v2\/pages\/1182"}],"wp:featuredmedia":[{"embeddable":true,"href":"https:\/\/davas.site\/rukasafaris\/wp-json\/wp\/v2\/media\/7731"}],"wp:attachment":[{"href":"https:\/\/davas.site\/rukasafaris\/wp-json\/wp\/v2\/media?parent=7730"}],"curies":[{"name":"wp","href":"https:\/\/api.w.org\/{rel}","templated":true}]}}