{"id":8153,"date":"2024-06-19T12:20:48","date_gmt":"2024-06-19T09:20:48","guid":{"rendered":"https:\/\/davas.site\/rukasafaris\/?p=8153"},"modified":"2025-05-26T13:44:21","modified_gmt":"2025-05-26T10:44:21","slug":"saaga-2","status":"publish","type":"page","link":"https:\/\/davas.site\/rukasafaris\/majoitus\/oivangin-lomakartano\/saaga-2\/","title":{"rendered":"Saaga 2"},"content":{"rendered":"<div>Oivangin lomakartano<\/div>\n<h1>Saaga 2<\/h1>\n<p><p>\n        <a href=\"#varaus\">Varaa online<\/a>\n    <\/p>\n<\/p>\n<ul>\n<li>\n<p>        <img decoding=\"async\" src=\"\/wp-content\/uploads\/icon-guests.svg\" alt=\"\"><\/p>\n<p>6 henkil\u00f6\u00e4<\/p>\n<\/li>\n<li>\n<p>        <img decoding=\"async\" src=\"\/wp-content\/uploads\/icon-double-bed.svg\" alt=\"\"><\/p>\n<p>3 makuuhuonetta<\/p>\n<div>\n<p>sis. liinavaatteet ja loppusiivous<\/p>\n<\/div>\n<\/li>\n<li>\n<p>        <img decoding=\"async\" src=\"https:\/\/davas.site\/rukasafaris\/wp-content\/uploads\/2022\/03\/vessa3.svg\" alt=\"\"><\/p>\n<p>4 kylpyhuonetta<\/p>\n<\/li>\n<li>\n<p>        <img decoding=\"async\" src=\"https:\/\/davas.site\/rukasafaris\/wp-content\/uploads\/icon-pets-welcome.svg\" alt=\"\"><\/p>\n<p>lemmikit<\/p>\n<div>ei sallittu<\/div>\n<\/li>\n<\/ul>\n<div>\n<div class=\"links\">\n<div class=\"col\">\n<div class=\"svg-icon\">\n<div class=\"uk-panel uk-margin-medium\" data-id=\"page#1-0-0-1\" data-element=\"\">\n<p>Laadukas ja korkeatasoinen Saaga sopii mainiosti pienempien ryhmien tunnelmalliseksi juhla- ja lomanviettopaikaksi. Luonnonkivitakka ja huiman korkea kivisein\u00e4 takaavat tunnelmallisen majoituksen. Tuvan suuret ikkunat avautuvat Junga-j\u00e4rvelle, joten p\u00e4\u00e4set nauttimaan my\u00f6s upeista maisemista. Kohteessa on kolme makuuhuonetta ja jokaisessa oma kylpyhuone.<\/p>\n<\/div>\n<ul>\n<li>Ruuanlaittov\u00e4lineet<\/li>\n<li>Sauna<\/li>\n<li>55\u2033 TV ja Soundbar<\/li>\n<li>Internet<\/li>\n<li>Grilli<\/li>\n<li>j\u00e4rvin\u00e4kym\u00e4<\/li>\n<\/ul>\n<\/div>\n<\/div>\n<\/div>\n<\/div>\n<p><p>\n        <a href=\"https:\/\/my.matterport.com\/show\/?m=H2EaaUGzw7W\">3D-esittely<\/a>\n    <\/p>\n<\/p>\n<ul>\n<li>\n<p>        <img decoding=\"async\" src=\"\/wp-content\/uploads\/2024\/06\/Saaga-oh.jpg\" alt=\"\"><\/p>\n<h3>Saaga-oh<\/h3>\n<\/li>\n<li>\n<p>        <img decoding=\"async\" src=\"\/wp-content\/uploads\/2024\/06\/Saaga-oh3.jpg\" alt=\"\"><\/p>\n<h3>Saaga-oh3<\/h3>\n<\/li>\n<li>\n<p>        <img decoding=\"async\" src=\"\/wp-content\/uploads\/2024\/06\/Saaga-keittio.jpg\" alt=\"\"><\/p>\n<h3>Saaga-keittio<\/h3>\n<\/li>\n<li>\n<p>        <img decoding=\"async\" src=\"\/wp-content\/uploads\/2024\/06\/Saaga-keittio2.jpg\" alt=\"\"><\/p>\n<h3>Saaga-keittio2<\/h3>\n<\/li>\n<li>\n<p>        <img decoding=\"async\" src=\"\/wp-content\/uploads\/2024\/06\/Saaga-ruokailu.jpg\" alt=\"\"><\/p>\n<h3>Saaga-ruokailu<\/h3>\n<\/li>\n<li>\n<p>        <img decoding=\"async\" src=\"\/wp-content\/uploads\/2024\/06\/Saaga-takka.jpg\" alt=\"\"><\/p>\n<h3>Saaga-takka<\/h3>\n<\/li>\n<li>\n<p>        <img decoding=\"async\" src=\"\/wp-content\/uploads\/2024\/06\/Saaga-mh1.jpg\" alt=\"\"><\/p>\n<h3>Saaga-mh1<\/h3>\n<\/li>\n<li>\n<p>        <img decoding=\"async\" src=\"\/wp-content\/uploads\/2024\/06\/Saaga-kylpyhuone2.jpg\" alt=\"\"><\/p>\n<h3>Saaga-kylpyhuone2<\/h3>\n<\/li>\n<li>\n<p>        <img decoding=\"async\" src=\"\/wp-content\/uploads\/2024\/06\/Saaga-kylpyhuone.jpg\" alt=\"\"><\/p>\n<h3>Saaga-kylpyhuone<\/h3>\n<\/li>\n<li>\n<p>        <img decoding=\"async\" src=\"\/wp-content\/uploads\/2024\/06\/Saaga2Sauna.jpg\" alt=\"\"><\/p>\n<h3>Saaga2Sauna<\/h3>\n<\/li>\n<li>\n<p>        <img decoding=\"async\" src=\"\/wp-content\/uploads\/2024\/06\/Saaga-terassi.jpg\" alt=\"\"><\/p>\n<h3>Saaga-terassi<\/h3>\n<\/li>\n<\/ul>\n<h3>Varaa online<\/h3>\n<div>\n<p><script src=\"https:\/\/widget.travius.eu\/travius-widget.js?key=2b24d495052a8ce66358eb576b8912c8&#038;s=1&#038;pid=77809&#038;type=accommodation&#038;lang=fi&#038;layout=slim\" type=\"text\/javascript\" id=\"travius-widget-script\"><\/script><\/p>\n<div class=\"container\"><iframe class=\"responsive-iframe\" id=\"travius-widget\"><\/iframe><\/div>\n<\/div>\n<p><!--more--><br \/>\n<!-- {\"type\":\"layout\",\"children\":[{\"type\":\"section\",\"props\":{\"header_transparent\":false,\"header_transparent_noplaceholder\":true,\"height\":\"viewport\",\"height_offset_top\":true,\"height_viewport\":80,\"image\":\"wp-content\\\/uploads\\\/2024\\\/06\\\/saaga-kesa-takaa.jpg\",\"image_height\":\"1100\",\"image_loading\":true,\"image_position\":\"center-center\",\"image_size\":\"cover\",\"image_width\":\"2200\",\"media_overlay\":\"rgba(0, 0, 0, 0.25)\",\"style\":\"default\",\"text_color\":\"light\",\"title_breakpoint\":\"xl\",\"title_position\":\"top-left\",\"title_rotation\":\"left\",\"vertical_align\":\"middle\",\"video_width\":\"2560\",\"width\":\"xlarge\"},\"children\":[{\"type\":\"row\",\"props\":{\"margin\":\"remove-vertical\"},\"children\":[{\"type\":\"column\",\"props\":{\"image_position\":\"center-center\",\"position_sticky_breakpoint\":\"m\",\"width_medium\":\"1-1\"},\"children\":[{\"type\":\"headline\",\"props\":{\"block_align\":\"center\",\"content\":\"Oivangin lomakartano\",\"margin\":\"small\",\"text_align\":\"center\",\"title_decoration\":\"line\",\"title_element\":\"div\",\"title_font_family\":\"tertiary\",\"title_style\":\"h3\"}},{\"type\":\"headline\",\"props\":{\"block_align\":\"center\",\"content\":\"Saaga 2\",\"margin_remove_top\":true,\"text_align\":\"center\",\"title_element\":\"h1\",\"title_style\":\"heading-large\"}},{\"type\":\"button\",\"props\":{\"grid_column_gap\":\"small\",\"grid_row_gap\":\"small\",\"margin\":\"default\",\"position_bottom\":\"-50\",\"position_left\":\"70\",\"text_align\":\"center\"},\"children\":[{\"type\":\"button_item\",\"props\":{\"button_style\":\"primary\",\"content\":\"Varaa online\",\"dialog_layout\":\"modal\",\"dialog_offcanvas_flip\":true,\"icon\":\"\",\"icon_align\":\"left\",\"link\":\"#varaus\",\"link_title\":\"Varaa online\"}}]}]}]}],\"name\":\"Hero\"},{\"type\":\"section\",\"props\":{\"image_position\":\"center-center\",\"padding_remove_top\":false,\"style\":\"default\",\"title_breakpoint\":\"xl\",\"title_position\":\"center-left\",\"title_rotation\":\"left\",\"vertical_align\":\"\",\"width\":\"small\"},\"children\":[{\"type\":\"row\",\"children\":[{\"type\":\"column\",\"props\":{\"image_position\":\"center-center\",\"position_sticky_breakpoint\":\"m\",\"width_medium\":\"1-1\"},\"children\":[{\"type\":\"grid\",\"props\":{\"animation\":true,\"content_column_breakpoint\":\"m\",\"content_margin\":\"remove\",\"content_style\":\"text-meta\",\"filter_align\":\"left\",\"filter_all\":true,\"filter_grid_breakpoint\":\"m\",\"filter_grid_width\":\"auto\",\"filter_position\":\"top\",\"filter_style\":\"tab\",\"grid_column_align\":true,\"grid_column_gap\":\"collapse\",\"grid_default\":\"2\",\"grid_medium\":\"5\",\"grid_row_align\":false,\"grid_row_gap\":\"small\",\"grid_small\":\"5\",\"icon_width\":\"25\",\"image_align\":\"top\",\"image_grid_breakpoint\":\"\",\"image_grid_column_gap\":\"small\",\"image_grid_width\":\"auto\",\"image_height\":\"25\",\"image_loading\":true,\"image_svg_color\":\"emphasis\",\"image_svg_inline\":true,\"image_width\":\"25\",\"item_animation\":true,\"lightbox_bg_close\":true,\"link_style\":\"default\",\"link_text\":\"Read more\",\"margin\":\"default\",\"meta_align\":\"below-title\",\"meta_color\":\"primary\",\"meta_element\":\"div\",\"meta_margin\":\"remove\",\"meta_style\":\"h6\",\"panel_padding\":\"small\",\"parallax_easing\":\"1\",\"show_content\":true,\"show_hover_image\":true,\"show_hover_video\":true,\"show_image\":true,\"show_link\":true,\"show_meta\":true,\"show_title\":true,\"show_video\":true,\"text_align\":\"center\",\"title_align\":\"top\",\"title_element\":\"h4\",\"title_grid_breakpoint\":\"m\",\"title_grid_width\":\"small\",\"title_hover_style\":\"reset\",\"title_margin\":\"remove\",\"title_style\":\"h5\"},\"children\":[{\"type\":\"grid_item\",\"props\":{\"_condition\":true,\"content\":\"\",\"image\":\"wp-content\\\/uploads\\\/icon-guests.svg\",\"meta\":\"6 henkil\\u00f6\\u00e4\"}},{\"type\":\"grid_item\",\"props\":{\"_condition\":true,\"content\":\"\n\n<p>sis. liinavaatteet ja loppusiivous<\\\/p>\",\"image\":\"wp-content\\\/uploads\\\/icon-double-bed.svg\",\"meta\":\"3 makuuhuonetta\"}},{\"type\":\"grid_item\",\"props\":{\"_condition\":true,\"content\":\"\",\"image\":\"https:\\\/\\\/davas.site\\\/rukasafaris\\\/wp-content\\\/uploads\\\/2022\\\/03\\\/vessa3.svg\",\"meta\":\"4 kylpyhuonetta\"}},{\"type\":\"grid_item\",\"props\":{\"content\":\"ei sallittu\",\"image\":\"https:\\\/\\\/davas.site\\\/rukasafaris\\\/wp-content\\\/uploads\\\/icon-pets-welcome.svg\",\"meta\":\"lemmikit\",\"title\":\"\"}}]},{\"type\":\"text\",\"props\":{\"column_breakpoint\":\"m\",\"content\":\"\n\n<div class=\\\"links\\\">\\n\n\n<div class=\\\"col\\\">\\n\n\n<div class=\\\"svg-icon\\\">\\n\n\n<div class=\\\"uk-panel uk-margin-medium\\\" data-id=\\\"page#1-0-0-1\\\" data-element=\\\"\\\">\\n\n\n<p>Laadukas ja korkeatasoinen Saaga sopii mainiosti pienempien ryhmien tunnelmalliseksi juhla- ja lomanviettopaikaksi. Luonnonkivitakka ja huiman korkea kivisein\\u00e4 takaavat tunnelmallisen majoituksen. Tuvan suuret ikkunat avautuvat Junga-j\\u00e4rvelle, joten p\\u00e4\\u00e4set nauttimaan my\\u00f6s upeista maisemista. Kohteessa on kolme makuuhuonetta ja jokaisessa oma kylpyhuone.<\\\/p>\\n<\\\/div>\\n\n\n<ul>\\n\n\n<li>Ruuanlaittov\\u00e4lineet<\\\/li>\\n\n\n<li>Sauna<\\\/li>\\n\n\n<li>55\\u2033 TV ja Soundbar<\\\/li>\\n\n\n<li>Internet<\\\/li>\\n\n\n<li>Grilli<\\\/li>\\n\n\n<li>j\\u00e4rvin\\u00e4kym\\u00e4<\\\/li>\\n<\\\/ul>\\n<\\\/div>\\n<\\\/div>\\n<\\\/div>\",\"margin\":\"medium\"}},{\"type\":\"button\",\"props\":{\"grid_column_gap\":\"small\",\"grid_row_gap\":\"small\",\"margin\":\"default\"},\"children\":[{\"type\":\"button_item\",\"props\":{\"button_style\":\"text\",\"content\":\"3D-esittely\",\"dialog_layout\":\"modal\",\"dialog_offcanvas_flip\":true,\"icon_align\":\"left\",\"link\":\"https:\\\/\\\/my.matterport.com\\\/show\\\/?m=H2EaaUGzw7W\",\"link_aria_label\":\"3D-esittely\"}}]},{\"type\":\"overlay-slider\",\"props\":{\"container_padding_remove\":true,\"image_height\":\"400\",\"image_width\":\"600\",\"link_style\":\"default\",\"link_text\":\"\",\"margin\":\"default\",\"meta_align\":\"below-title\",\"meta_element\":\"div\",\"meta_style\":\"text-meta\",\"nav\":\"\",\"nav_align\":\"left\",\"nav_below\":true,\"nav_breakpoint\":\"s\",\"nav_position\":\"bottom-center\",\"nav_position_margin\":\"medium\",\"overlay_link\":true,\"overlay_mode\":\"cover\",\"overlay_position\":\"center\",\"overlay_transition\":\"fade\",\"show_content\":true,\"show_hover_image\":true,\"show_hover_video\":true,\"show_link\":true,\"show_meta\":true,\"show_title\":false,\"slidenav\":\"default\",\"slidenav_breakpoint\":\"s\",\"slidenav_large\":true,\"slidenav_margin\":\"small\",\"slidenav_outside_breakpoint\":\"xl\",\"slider_autoplay\":true,\"slider_autoplay_pause\":true,\"slider_center\":false,\"slider_finite\":false,\"slider_gap\":\"small\",\"slider_width\":\"\",\"slider_width_default\":\"1-1\",\"slider_width_medium\":\"1-3\",\"text_align\":\"center\",\"title_element\":\"h3\",\"title_hover_style\":\"reset\"},\"children\":[{\"type\":\"overlay-slider_item\",\"props\":{\"image\":\"wp-content\\\/uploads\\\/2024\\\/06\\\/Saaga-oh.jpg\",\"title\":\"Saaga-oh\"}},{\"type\":\"overlay-slider_item\",\"props\":{\"image\":\"wp-content\\\/uploads\\\/2024\\\/06\\\/Saaga-oh3.jpg\",\"title\":\"Saaga-oh3\"}},{\"type\":\"overlay-slider_item\",\"props\":{\"image\":\"wp-content\\\/uploads\\\/2024\\\/06\\\/Saaga-keittio.jpg\",\"title\":\"Saaga-keittio\"}},{\"type\":\"overlay-slider_item\",\"props\":{\"image\":\"wp-content\\\/uploads\\\/2024\\\/06\\\/Saaga-keittio2.jpg\",\"title\":\"Saaga-keittio2\"}},{\"type\":\"overlay-slider_item\",\"props\":{\"image\":\"wp-content\\\/uploads\\\/2024\\\/06\\\/Saaga-ruokailu.jpg\",\"title\":\"Saaga-ruokailu\"}},{\"type\":\"overlay-slider_item\",\"props\":{\"image\":\"wp-content\\\/uploads\\\/2024\\\/06\\\/Saaga-takka.jpg\",\"title\":\"Saaga-takka\"}},{\"type\":\"overlay-slider_item\",\"props\":{\"image\":\"wp-content\\\/uploads\\\/2024\\\/06\\\/Saaga-mh1.jpg\",\"title\":\"Saaga-mh1\"}},{\"type\":\"overlay-slider_item\",\"props\":{\"image\":\"wp-content\\\/uploads\\\/2024\\\/06\\\/Saaga-kylpyhuone2.jpg\",\"title\":\"Saaga-kylpyhuone2\"}},{\"type\":\"overlay-slider_item\",\"props\":{\"image\":\"wp-content\\\/uploads\\\/2024\\\/06\\\/Saaga-kylpyhuone.jpg\",\"title\":\"Saaga-kylpyhuone\"}},{\"type\":\"overlay-slider_item\",\"props\":{\"image\":\"wp-content\\\/uploads\\\/2024\\\/06\\\/Saaga2Sauna.jpg\",\"title\":\"Saaga2Sauna\"}},{\"type\":\"overlay-slider_item\",\"props\":{\"image\":\"wp-content\\\/uploads\\\/2024\\\/06\\\/Saaga-terassi.jpg\",\"title\":\"Saaga-terassi\"}}]},{\"type\":\"button\",\"props\":{\"grid_column_gap\":\"small\",\"grid_row_gap\":\"small\",\"margin\":\"default\",\"position_bottom\":\"-50\",\"position_left\":\"70\",\"status\":\"disabled\",\"text_align\":\"center\"},\"children\":[{\"type\":\"button_item\",\"props\":{\"button_style\":\"primary\",\"content\":\"pohjapiirros\",\"dialog_layout\":\"modal\",\"dialog_offcanvas_flip\":true,\"icon\":\"\",\"icon_align\":\"left\",\"image_height\":\"600\",\"image_width\":\"900\",\"link\":\"wp-content\\\/uploads\\\/2022\\\/03\\\/pohjakerros.pdf\",\"link_target\":\"modal\",\"link_title\":\"pohjapiirros\"}}]}]}]}],\"name\":\"Activities\"},{\"type\":\"section\",\"props\":{\"id\":\"varaus\",\"image_position\":\"center-center\",\"style\":\"default\",\"title_breakpoint\":\"xl\",\"title_position\":\"top-left\",\"title_rotation\":\"left\",\"vertical_align\":\"\",\"width\":\"expand\"},\"children\":[{\"type\":\"row\",\"children\":[{\"type\":\"column\",\"props\":{\"image_position\":\"center-center\",\"position_sticky_breakpoint\":\"m\",\"width_medium\":\"1-1\"},\"children\":[{\"type\":\"headline\",\"props\":{\"content\":\"Varaa online\",\"text_align\":\"center\",\"title_element\":\"h3\",\"title_style\":\"h3\"}},{\"type\":\"text\",\"props\":{\"column_breakpoint\":\"m\",\"content\":\"\n\n<p><script src=\\\"https:\\\/\\\/widget.travius.eu\\\/travius-widget.js?key=2b24d495052a8ce66358eb576b8912c8&s=1&pid=77809&type=accommodation&lang=fi&layout=slim\\\" type=\\\"text\\\/javascript\\\" id=\\\"travius-widget-script\\\"><\\\/script><\\\/p>\\n\n\n<div class=\\\"container\\\"><iframe class=\\\"responsive-iframe\\\" id=\\\"travius-widget\\\"><\\\/iframe><\\\/div>\",\"margin\":\"default\"}}]}]}]}],\"version\":\"4.5.4\"} --><\/p>\n","protected":false},"excerpt":{"rendered":"<p>Oivangin lomakartano Saaga 2 Varaa online 6 henkil\u00f6\u00e4 3 makuuhuonetta sis. liinavaatteet ja loppusiivous 4 kylpyhuonetta lemmikit ei sallittu Laadukas ja korkeatasoinen Saaga sopii mainiosti pienempien ryhmien tunnelmalliseksi juhla- ja lomanviettopaikaksi. Luonnonkivitakka ja huiman korkea kivisein\u00e4 takaavat tunnelmallisen majoituksen. Tuvan suuret ikkunat avautuvat Junga-j\u00e4rvelle, joten p\u00e4\u00e4set nauttimaan my\u00f6s upeista maisemista. Kohteessa on kolme makuuhuonetta ja [&hellip;]<\/p>\n","protected":false},"author":2,"featured_media":7542,"parent":7605,"menu_order":0,"comment_status":"closed","ping_status":"closed","template":"","meta":{"cybocfi_hide_featured_image":"","footnotes":""},"class_list":["post-8153","page","type-page","status-publish","has-post-thumbnail","hentry"],"yoast_head":"<!-- This site is optimized with the Yoast SEO Premium plugin v25.1 (Yoast SEO v25.3) - https:\/\/yoast.com\/wordpress\/plugins\/seo\/ -->\n<title>Saaga 2 - Ruka Safaris, Kuusamo, Finland<\/title>\n<meta name=\"description\" content=\"Laadukas ja korkeatasoinen Saaga sopii mainiosti pienempien ryhmien tunnelmalliseksi juhla- ja lomanviettopaikaksi.\" \/>\n<meta name=\"robots\" content=\"index, follow, max-snippet:-1, max-image-preview:large, max-video-preview:-1\" \/>\n<link rel=\"canonical\" href=\"https:\/\/davas.site\/rukasafaris\/majoitus\/oivangin-lomakartano\/saaga-2\/\" \/>\n<meta property=\"og:locale\" content=\"fi_FI\" \/>\n<meta property=\"og:type\" content=\"article\" \/>\n<meta property=\"og:title\" content=\"Saaga 2\" \/>\n<meta property=\"og:description\" content=\"Laadukas ja korkeatasoinen Saaga sopii mainiosti pienempien ryhmien tunnelmalliseksi juhla- ja lomanviettopaikaksi.\" \/>\n<meta property=\"og:url\" content=\"https:\/\/davas.site\/rukasafaris\/majoitus\/oivangin-lomakartano\/saaga-2\/\" \/>\n<meta property=\"og:site_name\" content=\"Ruka Safaris, Kuusamo, Finland\" \/>\n<meta property=\"article:publisher\" content=\"https:\/\/www.facebook.com\/rukasafaris\" \/>\n<meta property=\"article:modified_time\" content=\"2025-05-26T10:44:21+00:00\" \/>\n<meta property=\"og:image\" content=\"https:\/\/davas.site\/rukasafaris\/wp-content\/uploads\/2024\/06\/saaga-kesa-takaa.jpg\" \/>\n\t<meta property=\"og:image:width\" content=\"2100\" \/>\n\t<meta property=\"og:image:height\" content=\"1222\" \/>\n\t<meta property=\"og:image:type\" content=\"image\/jpeg\" \/>\n<meta name=\"twitter:card\" content=\"summary_large_image\" \/>\n<meta name=\"twitter:label1\" content=\"Arvioitu lukuaika\" \/>\n\t<meta name=\"twitter:data1\" content=\"4 minuuttia\" \/>\n<script type=\"application\/ld+json\" class=\"yoast-schema-graph\">{\"@context\":\"https:\/\/schema.org\",\"@graph\":[{\"@type\":\"WebPage\",\"@id\":\"https:\/\/davas.site\/rukasafaris\/majoitus\/oivangin-lomakartano\/saaga-2\/\",\"url\":\"https:\/\/davas.site\/rukasafaris\/majoitus\/oivangin-lomakartano\/saaga-2\/\",\"name\":\"Saaga 2 - Ruka Safaris, Kuusamo, Finland\",\"isPartOf\":{\"@id\":\"https:\/\/davas.site\/rukasafaris\/#website\"},\"primaryImageOfPage\":{\"@id\":\"https:\/\/davas.site\/rukasafaris\/majoitus\/oivangin-lomakartano\/saaga-2\/#primaryimage\"},\"image\":{\"@id\":\"https:\/\/davas.site\/rukasafaris\/majoitus\/oivangin-lomakartano\/saaga-2\/#primaryimage\"},\"thumbnailUrl\":\"https:\/\/davas.site\/rukasafaris\/wp-content\/uploads\/2024\/06\/saaga-kesa-takaa.jpg\",\"datePublished\":\"2024-06-19T09:20:48+00:00\",\"dateModified\":\"2025-05-26T10:44:21+00:00\",\"description\":\"Laadukas ja korkeatasoinen Saaga sopii mainiosti pienempien ryhmien tunnelmalliseksi juhla- ja lomanviettopaikaksi.\",\"breadcrumb\":{\"@id\":\"https:\/\/davas.site\/rukasafaris\/majoitus\/oivangin-lomakartano\/saaga-2\/#breadcrumb\"},\"inLanguage\":\"fi\",\"potentialAction\":[{\"@type\":\"ReadAction\",\"target\":[\"https:\/\/davas.site\/rukasafaris\/majoitus\/oivangin-lomakartano\/saaga-2\/\"]}]},{\"@type\":\"ImageObject\",\"inLanguage\":\"fi\",\"@id\":\"https:\/\/davas.site\/rukasafaris\/majoitus\/oivangin-lomakartano\/saaga-2\/#primaryimage\",\"url\":\"https:\/\/davas.site\/rukasafaris\/wp-content\/uploads\/2024\/06\/saaga-kesa-takaa.jpg\",\"contentUrl\":\"https:\/\/davas.site\/rukasafaris\/wp-content\/uploads\/2024\/06\/saaga-kesa-takaa.jpg\",\"width\":2100,\"height\":1222},{\"@type\":\"BreadcrumbList\",\"@id\":\"https:\/\/davas.site\/rukasafaris\/majoitus\/oivangin-lomakartano\/saaga-2\/#breadcrumb\",\"itemListElement\":[{\"@type\":\"ListItem\",\"position\":1,\"name\":\"Home\",\"item\":\"https:\/\/davas.site\/rukasafaris\/\"},{\"@type\":\"ListItem\",\"position\":2,\"name\":\"Majoitusta 1-112 hengelle\",\"item\":\"https:\/\/davas.site\/rukasafaris\/majoitus\/\"},{\"@type\":\"ListItem\",\"position\":3,\"name\":\"Oivangin lomakartano\",\"item\":\"https:\/\/davas.site\/rukasafaris\/majoitus\/oivangin-lomakartano\/\"},{\"@type\":\"ListItem\",\"position\":4,\"name\":\"Saaga 2\"}]},{\"@type\":\"WebSite\",\"@id\":\"https:\/\/davas.site\/rukasafaris\/#website\",\"url\":\"https:\/\/davas.site\/rukasafaris\/\",\"name\":\"Ruka Safaris, Kuusamo\",\"description\":\"Adventure Travel Since 1988\",\"publisher\":{\"@id\":\"https:\/\/davas.site\/rukasafaris\/#organization\"},\"potentialAction\":[{\"@type\":\"SearchAction\",\"target\":{\"@type\":\"EntryPoint\",\"urlTemplate\":\"https:\/\/davas.site\/rukasafaris\/?s={search_term_string}\"},\"query-input\":{\"@type\":\"PropertyValueSpecification\",\"valueRequired\":true,\"valueName\":\"search_term_string\"}}],\"inLanguage\":\"fi\"},{\"@type\":\"Organization\",\"@id\":\"https:\/\/davas.site\/rukasafaris\/#organization\",\"name\":\"Ruka Safaris\",\"url\":\"https:\/\/davas.site\/rukasafaris\/\",\"logo\":{\"@type\":\"ImageObject\",\"inLanguage\":\"fi\",\"@id\":\"https:\/\/davas.site\/rukasafaris\/#\/schema\/logo\/image\/\",\"url\":\"https:\/\/davas.site\/rukasafaris\/wp-content\/uploads\/2022\/03\/ruka-safaris-logo.png\",\"contentUrl\":\"https:\/\/davas.site\/rukasafaris\/wp-content\/uploads\/2022\/03\/ruka-safaris-logo.png\",\"width\":500,\"height\":500,\"caption\":\"Ruka Safaris\"},\"image\":{\"@id\":\"https:\/\/davas.site\/rukasafaris\/#\/schema\/logo\/image\/\"},\"sameAs\":[\"https:\/\/www.facebook.com\/rukasafaris\",\"https:\/\/www.instagram.com\/rukasafaris\",\"https:\/\/www.youtube.com\/user\/rukasafaris\"]}]}<\/script>\n<!-- \/ Yoast SEO Premium plugin. -->","yoast_head_json":{"title":"Saaga 2 - Ruka Safaris, Kuusamo, Finland","description":"Laadukas ja korkeatasoinen Saaga sopii mainiosti pienempien ryhmien tunnelmalliseksi juhla- ja lomanviettopaikaksi.","robots":{"index":"index","follow":"follow","max-snippet":"max-snippet:-1","max-image-preview":"max-image-preview:large","max-video-preview":"max-video-preview:-1"},"canonical":"https:\/\/davas.site\/rukasafaris\/majoitus\/oivangin-lomakartano\/saaga-2\/","og_locale":"fi_FI","og_type":"article","og_title":"Saaga 2","og_description":"Laadukas ja korkeatasoinen Saaga sopii mainiosti pienempien ryhmien tunnelmalliseksi juhla- ja lomanviettopaikaksi.","og_url":"https:\/\/davas.site\/rukasafaris\/majoitus\/oivangin-lomakartano\/saaga-2\/","og_site_name":"Ruka Safaris, Kuusamo, Finland","article_publisher":"https:\/\/www.facebook.com\/rukasafaris","article_modified_time":"2025-05-26T10:44:21+00:00","og_image":[{"width":2100,"height":1222,"url":"https:\/\/davas.site\/rukasafaris\/wp-content\/uploads\/2024\/06\/saaga-kesa-takaa.jpg","type":"image\/jpeg"}],"twitter_card":"summary_large_image","twitter_misc":{"Arvioitu lukuaika":"4 minuuttia"},"schema":{"@context":"https:\/\/schema.org","@graph":[{"@type":"WebPage","@id":"https:\/\/davas.site\/rukasafaris\/majoitus\/oivangin-lomakartano\/saaga-2\/","url":"https:\/\/davas.site\/rukasafaris\/majoitus\/oivangin-lomakartano\/saaga-2\/","name":"Saaga 2 - Ruka Safaris, Kuusamo, Finland","isPartOf":{"@id":"https:\/\/davas.site\/rukasafaris\/#website"},"primaryImageOfPage":{"@id":"https:\/\/davas.site\/rukasafaris\/majoitus\/oivangin-lomakartano\/saaga-2\/#primaryimage"},"image":{"@id":"https:\/\/davas.site\/rukasafaris\/majoitus\/oivangin-lomakartano\/saaga-2\/#primaryimage"},"thumbnailUrl":"https:\/\/davas.site\/rukasafaris\/wp-content\/uploads\/2024\/06\/saaga-kesa-takaa.jpg","datePublished":"2024-06-19T09:20:48+00:00","dateModified":"2025-05-26T10:44:21+00:00","description":"Laadukas ja korkeatasoinen Saaga sopii mainiosti pienempien ryhmien tunnelmalliseksi juhla- ja lomanviettopaikaksi.","breadcrumb":{"@id":"https:\/\/davas.site\/rukasafaris\/majoitus\/oivangin-lomakartano\/saaga-2\/#breadcrumb"},"inLanguage":"fi","potentialAction":[{"@type":"ReadAction","target":["https:\/\/davas.site\/rukasafaris\/majoitus\/oivangin-lomakartano\/saaga-2\/"]}]},{"@type":"ImageObject","inLanguage":"fi","@id":"https:\/\/davas.site\/rukasafaris\/majoitus\/oivangin-lomakartano\/saaga-2\/#primaryimage","url":"https:\/\/davas.site\/rukasafaris\/wp-content\/uploads\/2024\/06\/saaga-kesa-takaa.jpg","contentUrl":"https:\/\/davas.site\/rukasafaris\/wp-content\/uploads\/2024\/06\/saaga-kesa-takaa.jpg","width":2100,"height":1222},{"@type":"BreadcrumbList","@id":"https:\/\/davas.site\/rukasafaris\/majoitus\/oivangin-lomakartano\/saaga-2\/#breadcrumb","itemListElement":[{"@type":"ListItem","position":1,"name":"Home","item":"https:\/\/davas.site\/rukasafaris\/"},{"@type":"ListItem","position":2,"name":"Majoitusta 1-112 hengelle","item":"https:\/\/davas.site\/rukasafaris\/majoitus\/"},{"@type":"ListItem","position":3,"name":"Oivangin lomakartano","item":"https:\/\/davas.site\/rukasafaris\/majoitus\/oivangin-lomakartano\/"},{"@type":"ListItem","position":4,"name":"Saaga 2"}]},{"@type":"WebSite","@id":"https:\/\/davas.site\/rukasafaris\/#website","url":"https:\/\/davas.site\/rukasafaris\/","name":"Ruka Safaris, Kuusamo","description":"Adventure Travel Since 1988","publisher":{"@id":"https:\/\/davas.site\/rukasafaris\/#organization"},"potentialAction":[{"@type":"SearchAction","target":{"@type":"EntryPoint","urlTemplate":"https:\/\/davas.site\/rukasafaris\/?s={search_term_string}"},"query-input":{"@type":"PropertyValueSpecification","valueRequired":true,"valueName":"search_term_string"}}],"inLanguage":"fi"},{"@type":"Organization","@id":"https:\/\/davas.site\/rukasafaris\/#organization","name":"Ruka Safaris","url":"https:\/\/davas.site\/rukasafaris\/","logo":{"@type":"ImageObject","inLanguage":"fi","@id":"https:\/\/davas.site\/rukasafaris\/#\/schema\/logo\/image\/","url":"https:\/\/davas.site\/rukasafaris\/wp-content\/uploads\/2022\/03\/ruka-safaris-logo.png","contentUrl":"https:\/\/davas.site\/rukasafaris\/wp-content\/uploads\/2022\/03\/ruka-safaris-logo.png","width":500,"height":500,"caption":"Ruka Safaris"},"image":{"@id":"https:\/\/davas.site\/rukasafaris\/#\/schema\/logo\/image\/"},"sameAs":["https:\/\/www.facebook.com\/rukasafaris","https:\/\/www.instagram.com\/rukasafaris","https:\/\/www.youtube.com\/user\/rukasafaris"]}]}},"_links":{"self":[{"href":"https:\/\/davas.site\/rukasafaris\/wp-json\/wp\/v2\/pages\/8153","targetHints":{"allow":["GET"]}}],"collection":[{"href":"https:\/\/davas.site\/rukasafaris\/wp-json\/wp\/v2\/pages"}],"about":[{"href":"https:\/\/davas.site\/rukasafaris\/wp-json\/wp\/v2\/types\/page"}],"author":[{"embeddable":true,"href":"https:\/\/davas.site\/rukasafaris\/wp-json\/wp\/v2\/users\/2"}],"replies":[{"embeddable":true,"href":"https:\/\/davas.site\/rukasafaris\/wp-json\/wp\/v2\/comments?post=8153"}],"version-history":[{"count":15,"href":"https:\/\/davas.site\/rukasafaris\/wp-json\/wp\/v2\/pages\/8153\/revisions"}],"predecessor-version":[{"id":10171,"href":"https:\/\/davas.site\/rukasafaris\/wp-json\/wp\/v2\/pages\/8153\/revisions\/10171"}],"up":[{"embeddable":true,"href":"https:\/\/davas.site\/rukasafaris\/wp-json\/wp\/v2\/pages\/7605"}],"wp:featuredmedia":[{"embeddable":true,"href":"https:\/\/davas.site\/rukasafaris\/wp-json\/wp\/v2\/media\/7542"}],"wp:attachment":[{"href":"https:\/\/davas.site\/rukasafaris\/wp-json\/wp\/v2\/media?parent=8153"}],"curies":[{"name":"wp","href":"https:\/\/api.w.org\/{rel}","templated":true}]}}